{"id":960,"date":"2024-07-18T12:35:44","date_gmt":"2024-07-18T17:35:44","guid":{"rendered":"http:\/\/estrategia.ufac.br\/?page_id=960"},"modified":"2026-04-23T22:08:48","modified_gmt":"2026-04-24T03:08:48","slug":"projetos-estrategicos","status":"publish","type":"page","link":"https:\/\/estrategia.ufac.br\/?page_id=960","title":{"rendered":"Projetos Estrat\u00e9gicos"},"content":{"rendered":"\n<p><span class=\"OYPEnA text-decoration-none text-strikethrough-none\">Os projetos estrat\u00e9gicos contribuem diretamente para o alcance dos objetivos estrat\u00e9gicos, uma vez<\/span> <span class=\"OYPEnA text-decoration-none text-strikethrough-none\">que organizam as a\u00e7\u00f5es com foco nos resultados voltados<\/span> <span class=\"OYPEnA text-decoration-none text-strikethrough-none\">para o sucesso do planejamento<\/span>.<\/p>\n\n\n\n<p><span class=\"OYPEnA text-decoration-none text-strikethrough-none\">O Portf\u00f3lio de Projetos Estrat\u00e9gicos para o ciclo 2024-2033 \u00e9 composto inicialmente por 1 (um) programa e 21 (vinte e um) projetos.<\/span>&nbsp;<\/p>\n\n\n\n<p>Atualmente, est\u00e3o em andamento 17 Projetos Estrat\u00e9gicos e o Programa Ufac20.<\/p>\n\n\n\n<p>Clique sobre o programa ou projeto para visualizar mais detalhes.<\/p>\n\n\n\n<div class=\"wp-block-group is-layout-grid wp-container-core-group-is-layout-1 wp-block-group-is-layout-grid\">\n<figure class=\"wp-block-gallery has-nested-images columns-default is-cropped wp-block-gallery-1 is-layout-flex wp-block-gallery-is-layout-flex\">\n<figure class=\"wp-block-image size-full\"><a href=\"https:\/\/estrategia.ufac.br\/?page_id=1122\"><img fetchpriority=\"high\" decoding=\"async\" width=\"755\" height=\"575\" src=\"https:\/\/estrategia.ufac.br\/wp-content\/uploads\/2024\/07\/C\u00f3pia-de-Portif\u00f3lioo-2.png\" alt=\"\" class=\"wp-image-984\" srcset=\"https:\/\/estrategia.ufac.br\/wp-content\/uploads\/2024\/07\/C\u00f3pia-de-Portif\u00f3lioo-2.png 755w, https:\/\/estrategia.ufac.br\/wp-content\/uploads\/2024\/07\/C\u00f3pia-de-Portif\u00f3lioo-2-300x228.png 300w, https:\/\/estrategia.ufac.br\/wp-content\/uploads\/2024\/07\/C\u00f3pia-de-Portif\u00f3lioo-2-600x457.png 600w\" sizes=\"(max-width: 755px) 100vw, 755px\" \/><\/a><\/figure>\n<\/figure>\n\n\n\n<figure class=\"wp-block-gallery has-nested-images columns-default is-cropped wp-block-gallery-2 is-layout-flex wp-block-gallery-is-layout-flex\">\n<figure class=\"wp-block-image size-full\"><a href=\"https:\/\/estrategia.ufac.br\/?page_id=1138\"><img decoding=\"async\" width=\"775\" height=\"575\" src=\"https:\/\/estrategia.ufac.br\/wp-content\/uploads\/2024\/07\/C\u00f3pia-de-Portif\u00f3lioo-1-1.png\" alt=\"\" class=\"wp-image-991\" srcset=\"https:\/\/estrategia.ufac.br\/wp-content\/uploads\/2024\/07\/C\u00f3pia-de-Portif\u00f3lioo-1-1.png 775w, https:\/\/estrategia.ufac.br\/wp-content\/uploads\/2024\/07\/C\u00f3pia-de-Portif\u00f3lioo-1-1-300x223.png 300w, https:\/\/estrategia.ufac.br\/wp-content\/uploads\/2024\/07\/C\u00f3pia-de-Portif\u00f3lioo-1-1-768x570.png 768w, https:\/\/estrategia.ufac.br\/wp-content\/uploads\/2024\/07\/C\u00f3pia-de-Portif\u00f3lioo-1-1-600x445.png 600w\" sizes=\"(max-width: 775px) 100vw, 775px\" \/><\/a><\/figure>\n<\/figure>\n\n\n\n<figure class=\"wp-block-gallery has-nested-images columns-default is-cropped wp-block-gallery-3 is-layout-flex wp-block-gallery-is-layout-flex\">\n<figure class=\"wp-block-image size-full\"><a href=\"https:\/\/estrategia.ufac.br\/?page_id=1142\"><img decoding=\"async\" width=\"755\" height=\"575\" src=\"https:\/\/estrategia.ufac.br\/wp-content\/uploads\/2024\/07\/C\u00f3pia-de-Portif\u00f3lioo-2-1.png\" alt=\"\" class=\"wp-image-996\" srcset=\"https:\/\/estrategia.ufac.br\/wp-content\/uploads\/2024\/07\/C\u00f3pia-de-Portif\u00f3lioo-2-1.png 755w, https:\/\/estrategia.ufac.br\/wp-content\/uploads\/2024\/07\/C\u00f3pia-de-Portif\u00f3lioo-2-1-300x228.png 300w, https:\/\/estrategia.ufac.br\/wp-content\/uploads\/2024\/07\/C\u00f3pia-de-Portif\u00f3lioo-2-1-600x457.png 600w\" sizes=\"(max-width: 755px) 100vw, 755px\" \/><\/a><\/figure>\n<\/figure>\n\n\n\n<figure class=\"wp-block-gallery has-nested-images columns-default is-cropped wp-block-gallery-4 is-layout-flex wp-block-gallery-is-layout-flex\">\n<figure class=\"wp-block-image size-full\"><a href=\"https:\/\/estrategia.ufac.br\/?page_id=1146\"><img loading=\"lazy\" decoding=\"async\" width=\"755\" height=\"575\" src=\"https:\/\/estrategia.ufac.br\/wp-content\/uploads\/2024\/07\/C\u00f3pia-de-Portif\u00f3lioo-1-2.png\" alt=\"\" class=\"wp-image-1002\" srcset=\"https:\/\/estrategia.ufac.br\/wp-content\/uploads\/2024\/07\/C\u00f3pia-de-Portif\u00f3lioo-1-2.png 755w, https:\/\/estrategia.ufac.br\/wp-content\/uploads\/2024\/07\/C\u00f3pia-de-Portif\u00f3lioo-1-2-300x228.png 300w, https:\/\/estrategia.ufac.br\/wp-content\/uploads\/2024\/07\/C\u00f3pia-de-Portif\u00f3lioo-1-2-600x457.png 600w\" sizes=\"(max-width: 755px) 100vw, 755px\" \/><\/a><\/figure>\n<\/figure>\n\n\n\n<figure class=\"wp-block-gallery has-nested-images columns-default is-cropped wp-block-gallery-5 is-layout-flex wp-block-gallery-is-layout-flex\">\n<figure class=\"wp-block-image size-full\"><a href=\"https:\/\/estrategia.ufac.br\/?page_id=1182\"><img loading=\"lazy\" decoding=\"async\" width=\"755\" height=\"575\" src=\"https:\/\/estrategia.ufac.br\/wp-content\/uploads\/2024\/07\/C\u00f3pia-de-Portif\u00f3lioo-3-1.png\" alt=\"\" class=\"wp-image-1010\" srcset=\"https:\/\/estrategia.ufac.br\/wp-content\/uploads\/2024\/07\/C\u00f3pia-de-Portif\u00f3lioo-3-1.png 755w, https:\/\/estrategia.ufac.br\/wp-content\/uploads\/2024\/07\/C\u00f3pia-de-Portif\u00f3lioo-3-1-300x228.png 300w, https:\/\/estrategia.ufac.br\/wp-content\/uploads\/2024\/07\/C\u00f3pia-de-Portif\u00f3lioo-3-1-600x457.png 600w\" sizes=\"(max-width: 755px) 100vw, 755px\" \/><\/a><\/figure>\n<\/figure>\n\n\n\n<figure class=\"wp-block-gallery has-nested-images columns-default is-cropped wp-block-gallery-6 is-layout-flex wp-block-gallery-is-layout-flex\">\n<figure class=\"wp-block-image size-full\"><a href=\"https:\/\/estrategia.ufac.br\/?page_id=1185\"><img loading=\"lazy\" decoding=\"async\" width=\"755\" height=\"575\" src=\"https:\/\/estrategia.ufac.br\/wp-content\/uploads\/2024\/07\/C\u00f3pia-de-Portif\u00f3lioo-1-2-1.png\" alt=\"\" class=\"wp-image-1013\" srcset=\"https:\/\/estrategia.ufac.br\/wp-content\/uploads\/2024\/07\/C\u00f3pia-de-Portif\u00f3lioo-1-2-1.png 755w, https:\/\/estrategia.ufac.br\/wp-content\/uploads\/2024\/07\/C\u00f3pia-de-Portif\u00f3lioo-1-2-1-300x228.png 300w, https:\/\/estrategia.ufac.br\/wp-content\/uploads\/2024\/07\/C\u00f3pia-de-Portif\u00f3lioo-1-2-1-600x457.png 600w\" sizes=\"(max-width: 755px) 100vw, 755px\" \/><\/a><\/figure>\n<\/figure>\n\n\n\n<figure class=\"wp-block-gallery has-nested-images columns-default is-cropped wp-block-gallery-7 is-layout-flex wp-block-gallery-is-layout-flex\">\n<figure class=\"wp-block-image size-full\"><a href=\"https:\/\/estrategia.ufac.br\/?page_id=1188\"><img loading=\"lazy\" decoding=\"async\" width=\"755\" height=\"575\" src=\"https:\/\/estrategia.ufac.br\/wp-content\/uploads\/2024\/07\/C\u00f3pia-de-Portif\u00f3lioo-4-1.png\" alt=\"\" class=\"wp-image-1021\" srcset=\"https:\/\/estrategia.ufac.br\/wp-content\/uploads\/2024\/07\/C\u00f3pia-de-Portif\u00f3lioo-4-1.png 755w, https:\/\/estrategia.ufac.br\/wp-content\/uploads\/2024\/07\/C\u00f3pia-de-Portif\u00f3lioo-4-1-300x228.png 300w, https:\/\/estrategia.ufac.br\/wp-content\/uploads\/2024\/07\/C\u00f3pia-de-Portif\u00f3lioo-4-1-600x457.png 600w\" sizes=\"(max-width: 755px) 100vw, 755px\" \/><\/a><\/figure>\n<\/figure>\n\n\n\n<figure class=\"wp-block-gallery has-nested-images columns-default is-cropped wp-block-gallery-8 is-layout-flex wp-block-gallery-is-layout-flex\">\n<figure class=\"wp-block-image size-full\"><a href=\"https:\/\/estrategia.ufac.br\/?page_id=1191\"><img loading=\"lazy\" decoding=\"async\" width=\"755\" height=\"575\" src=\"https:\/\/estrategia.ufac.br\/wp-content\/uploads\/2024\/07\/C\u00f3pia-de-Portif\u00f3lioo-5-1.png\" alt=\"\" class=\"wp-image-1025\" srcset=\"https:\/\/estrategia.ufac.br\/wp-content\/uploads\/2024\/07\/C\u00f3pia-de-Portif\u00f3lioo-5-1.png 755w, https:\/\/estrategia.ufac.br\/wp-content\/uploads\/2024\/07\/C\u00f3pia-de-Portif\u00f3lioo-5-1-300x228.png 300w, https:\/\/estrategia.ufac.br\/wp-content\/uploads\/2024\/07\/C\u00f3pia-de-Portif\u00f3lioo-5-1-600x457.png 600w\" sizes=\"(max-width: 755px) 100vw, 755px\" \/><\/a><\/figure>\n<\/figure>\n\n\n\n<figure class=\"wp-block-gallery has-nested-images columns-default is-cropped wp-block-gallery-9 is-layout-flex wp-block-gallery-is-layout-flex\">\n<figure class=\"wp-block-image size-full\"><a href=\"https:\/\/estrategia.ufac.br\/?page_id=1207\"><img loading=\"lazy\" decoding=\"async\" width=\"755\" height=\"575\" src=\"https:\/\/estrategia.ufac.br\/wp-content\/uploads\/2024\/07\/C\u00f3pia-de-Portif\u00f3lioo-6-1.png\" alt=\"\" class=\"wp-image-1030\" srcset=\"https:\/\/estrategia.ufac.br\/wp-content\/uploads\/2024\/07\/C\u00f3pia-de-Portif\u00f3lioo-6-1.png 755w, https:\/\/estrategia.ufac.br\/wp-content\/uploads\/2024\/07\/C\u00f3pia-de-Portif\u00f3lioo-6-1-300x228.png 300w, https:\/\/estrategia.ufac.br\/wp-content\/uploads\/2024\/07\/C\u00f3pia-de-Portif\u00f3lioo-6-1-600x457.png 600w\" sizes=\"(max-width: 755px) 100vw, 755px\" \/><\/a><\/figure>\n<\/figure>\n\n\n\n<figure class=\"wp-block-gallery has-nested-images columns-default is-cropped wp-block-gallery-10 is-layout-flex wp-block-gallery-is-layout-flex\">\n<figure class=\"wp-block-image size-full\"><a href=\"https:\/\/estrategia.ufac.br\/?page_id=1216\"><img loading=\"lazy\" decoding=\"async\" width=\"755\" height=\"575\" src=\"https:\/\/estrategia.ufac.br\/wp-content\/uploads\/2024\/07\/C\u00f3pia-de-Portif\u00f3lioo-1-2-2.png\" alt=\"\" class=\"wp-image-1034\" srcset=\"https:\/\/estrategia.ufac.br\/wp-content\/uploads\/2024\/07\/C\u00f3pia-de-Portif\u00f3lioo-1-2-2.png 755w, https:\/\/estrategia.ufac.br\/wp-content\/uploads\/2024\/07\/C\u00f3pia-de-Portif\u00f3lioo-1-2-2-300x228.png 300w, https:\/\/estrategia.ufac.br\/wp-content\/uploads\/2024\/07\/C\u00f3pia-de-Portif\u00f3lioo-1-2-2-600x457.png 600w\" sizes=\"(max-width: 755px) 100vw, 755px\" \/><\/a><\/figure>\n<\/figure>\n\n\n\n<figure class=\"wp-block-gallery has-nested-images columns-default is-cropped wp-block-gallery-11 is-layout-flex wp-block-gallery-is-layout-flex\">\n<figure class=\"wp-block-image size-full\"><a href=\"https:\/\/estrategia.ufac.br\/?page_id=1220\"><img loading=\"lazy\" decoding=\"async\" width=\"755\" height=\"575\" src=\"https:\/\/estrategia.ufac.br\/wp-content\/uploads\/2024\/07\/C\u00f3pia-de-Portif\u00f3lioo-3-1-1.png\" alt=\"\" class=\"wp-image-1041\" srcset=\"https:\/\/estrategia.ufac.br\/wp-content\/uploads\/2024\/07\/C\u00f3pia-de-Portif\u00f3lioo-3-1-1.png 755w, https:\/\/estrategia.ufac.br\/wp-content\/uploads\/2024\/07\/C\u00f3pia-de-Portif\u00f3lioo-3-1-1-300x228.png 300w, https:\/\/estrategia.ufac.br\/wp-content\/uploads\/2024\/07\/C\u00f3pia-de-Portif\u00f3lioo-3-1-1-600x457.png 600w\" sizes=\"(max-width: 755px) 100vw, 755px\" \/><\/a><\/figure>\n<\/figure>\n\n\n\n<figure class=\"wp-block-gallery has-nested-images columns-default is-cropped wp-block-gallery-12 is-layout-flex wp-block-gallery-is-layout-flex\">\n<figure class=\"wp-block-image size-full\"><a href=\"https:\/\/estrategia.ufac.br\/?page_id=1223\"><img loading=\"lazy\" decoding=\"async\" width=\"755\" height=\"575\" src=\"https:\/\/estrategia.ufac.br\/wp-content\/uploads\/2024\/07\/C\u00f3pia-de-Portif\u00f3lioo-1-2-3.png\" alt=\"\" class=\"wp-image-1044\" srcset=\"https:\/\/estrategia.ufac.br\/wp-content\/uploads\/2024\/07\/C\u00f3pia-de-Portif\u00f3lioo-1-2-3.png 755w, https:\/\/estrategia.ufac.br\/wp-content\/uploads\/2024\/07\/C\u00f3pia-de-Portif\u00f3lioo-1-2-3-300x228.png 300w, https:\/\/estrategia.ufac.br\/wp-content\/uploads\/2024\/07\/C\u00f3pia-de-Portif\u00f3lioo-1-2-3-600x457.png 600w\" sizes=\"(max-width: 755px) 100vw, 755px\" \/><\/a><\/figure>\n<\/figure>\n\n\n\n<figure class=\"wp-block-gallery has-nested-images columns-default is-cropped wp-block-gallery-13 is-layout-flex wp-block-gallery-is-layout-flex\">\n<figure class=\"wp-block-image size-full\"><a href=\"https:\/\/estrategia.ufac.br\/?page_id=1234\"><img loading=\"lazy\" decoding=\"async\" width=\"755\" height=\"575\" src=\"https:\/\/estrategia.ufac.br\/wp-content\/uploads\/2024\/07\/C\u00f3pia-de-Portif\u00f3lioo-3-2.png\" alt=\"\" class=\"wp-image-1056\" srcset=\"https:\/\/estrategia.ufac.br\/wp-content\/uploads\/2024\/07\/C\u00f3pia-de-Portif\u00f3lioo-3-2.png 755w, https:\/\/estrategia.ufac.br\/wp-content\/uploads\/2024\/07\/C\u00f3pia-de-Portif\u00f3lioo-3-2-300x228.png 300w, https:\/\/estrategia.ufac.br\/wp-content\/uploads\/2024\/07\/C\u00f3pia-de-Portif\u00f3lioo-3-2-600x457.png 600w\" sizes=\"(max-width: 755px) 100vw, 755px\" \/><\/a><\/figure>\n<\/figure>\n\n\n\n<figure class=\"wp-block-gallery has-nested-images columns-default is-cropped wp-block-gallery-14 is-layout-flex wp-block-gallery-is-layout-flex\">\n<figure class=\"wp-block-image size-full\"><a href=\"https:\/\/estrategia.ufac.br\/?page_id=1240\"><img loading=\"lazy\" decoding=\"async\" width=\"755\" height=\"575\" src=\"https:\/\/estrategia.ufac.br\/wp-content\/uploads\/2024\/07\/C\u00f3pia-de-Portif\u00f3lioo-4-1-1.png\" alt=\"\" class=\"wp-image-1058\" srcset=\"https:\/\/estrategia.ufac.br\/wp-content\/uploads\/2024\/07\/C\u00f3pia-de-Portif\u00f3lioo-4-1-1.png 755w, https:\/\/estrategia.ufac.br\/wp-content\/uploads\/2024\/07\/C\u00f3pia-de-Portif\u00f3lioo-4-1-1-300x228.png 300w, https:\/\/estrategia.ufac.br\/wp-content\/uploads\/2024\/07\/C\u00f3pia-de-Portif\u00f3lioo-4-1-1-600x457.png 600w\" sizes=\"(max-width: 755px) 100vw, 755px\" \/><\/a><\/figure>\n<\/figure>\n\n\n\n<figure class=\"wp-block-gallery has-nested-images columns-default is-cropped wp-block-gallery-15 is-layout-flex wp-block-gallery-is-layout-flex\">\n<figure class=\"wp-block-image size-full\"><a href=\"https:\/\/estrategia.ufac.br\/?page_id=1243\"><img loading=\"lazy\" decoding=\"async\" width=\"755\" height=\"575\" src=\"https:\/\/estrategia.ufac.br\/wp-content\/uploads\/2024\/07\/C\u00f3pia-de-Portif\u00f3lioo-1-2-4.png\" alt=\"\" class=\"wp-image-1060\" srcset=\"https:\/\/estrategia.ufac.br\/wp-content\/uploads\/2024\/07\/C\u00f3pia-de-Portif\u00f3lioo-1-2-4.png 755w, https:\/\/estrategia.ufac.br\/wp-content\/uploads\/2024\/07\/C\u00f3pia-de-Portif\u00f3lioo-1-2-4-300x228.png 300w, https:\/\/estrategia.ufac.br\/wp-content\/uploads\/2024\/07\/C\u00f3pia-de-Portif\u00f3lioo-1-2-4-600x457.png 600w\" sizes=\"(max-width: 755px) 100vw, 755px\" \/><\/a><\/figure>\n<\/figure>\n\n\n\n<figure class=\"wp-block-gallery has-nested-images columns-default is-cropped wp-block-gallery-16 is-layout-flex wp-block-gallery-is-layout-flex\">\n<figure class=\"wp-block-image size-full\"><a href=\"https:\/\/estrategia.ufac.br\/?page_id=1246\"><img loading=\"lazy\" decoding=\"async\" width=\"755\" height=\"575\" src=\"https:\/\/estrategia.ufac.br\/wp-content\/uploads\/2024\/07\/C\u00f3pia-de-Portif\u00f3lioo-3-1-2.png\" alt=\"\" class=\"wp-image-1062\" srcset=\"https:\/\/estrategia.ufac.br\/wp-content\/uploads\/2024\/07\/C\u00f3pia-de-Portif\u00f3lioo-3-1-2.png 755w, https:\/\/estrategia.ufac.br\/wp-content\/uploads\/2024\/07\/C\u00f3pia-de-Portif\u00f3lioo-3-1-2-300x228.png 300w, https:\/\/estrategia.ufac.br\/wp-content\/uploads\/2024\/07\/C\u00f3pia-de-Portif\u00f3lioo-3-1-2-600x457.png 600w\" sizes=\"(max-width: 755px) 100vw, 755px\" \/><\/a><\/figure>\n<\/figure>\n\n\n\n<figure class=\"wp-block-gallery has-nested-images columns-default is-cropped wp-block-gallery-17 is-layout-flex wp-block-gallery-is-layout-flex\">\n<figure class=\"wp-block-image size-full\"><a href=\"https:\/\/estrategia.ufac.br\/?page_id=1249\"><img loading=\"lazy\" decoding=\"async\" width=\"755\" height=\"575\" src=\"https:\/\/estrategia.ufac.br\/wp-content\/uploads\/2024\/07\/C\u00f3pia-de-Portif\u00f3lioo-1.png\" alt=\"\" class=\"wp-image-1064\" srcset=\"https:\/\/estrategia.ufac.br\/wp-content\/uploads\/2024\/07\/C\u00f3pia-de-Portif\u00f3lioo-1.png 755w, https:\/\/estrategia.ufac.br\/wp-content\/uploads\/2024\/07\/C\u00f3pia-de-Portif\u00f3lioo-1-300x228.png 300w, https:\/\/estrategia.ufac.br\/wp-content\/uploads\/2024\/07\/C\u00f3pia-de-Portif\u00f3lioo-1-600x457.png 600w\" sizes=\"(max-width: 755px) 100vw, 755px\" \/><\/a><\/figure>\n<\/figure>\n\n\n\n<figure class=\"wp-block-gallery has-nested-images columns-default is-cropped wp-block-gallery-18 is-layout-flex wp-block-gallery-is-layout-flex\">\n<figure class=\"wp-block-image size-full\"><a href=\"https:\/\/estrategia.ufac.br\/?page_id=1252\"><img loading=\"lazy\" decoding=\"async\" width=\"755\" height=\"575\" src=\"https:\/\/estrategia.ufac.br\/wp-content\/uploads\/2024\/07\/C\u00f3pia-de-Portif\u00f3lioo-2-1-1.png\" alt=\"\" class=\"wp-image-1067\" srcset=\"https:\/\/estrategia.ufac.br\/wp-content\/uploads\/2024\/07\/C\u00f3pia-de-Portif\u00f3lioo-2-1-1.png 755w, https:\/\/estrategia.ufac.br\/wp-content\/uploads\/2024\/07\/C\u00f3pia-de-Portif\u00f3lioo-2-1-1-300x228.png 300w, https:\/\/estrategia.ufac.br\/wp-content\/uploads\/2024\/07\/C\u00f3pia-de-Portif\u00f3lioo-2-1-1-600x457.png 600w\" sizes=\"(max-width: 755px) 100vw, 755px\" \/><\/a><\/figure>\n<\/figure>\n\n\n\n<figure class=\"wp-block-gallery has-nested-images columns-default is-cropped wp-block-gallery-19 is-layout-flex wp-block-gallery-is-layout-flex\">\n<figure class=\"wp-block-image size-full\"><a href=\"https:\/\/estrategia.ufac.br\/?page_id=1256\"><img loading=\"lazy\" decoding=\"async\" width=\"755\" height=\"575\" src=\"https:\/\/estrategia.ufac.br\/wp-content\/uploads\/2024\/07\/C\u00f3pia-de-Portif\u00f3lioo-3-1-3.png\" alt=\"\" class=\"wp-image-1069\" srcset=\"https:\/\/estrategia.ufac.br\/wp-content\/uploads\/2024\/07\/C\u00f3pia-de-Portif\u00f3lioo-3-1-3.png 755w, https:\/\/estrategia.ufac.br\/wp-content\/uploads\/2024\/07\/C\u00f3pia-de-Portif\u00f3lioo-3-1-3-300x228.png 300w, https:\/\/estrategia.ufac.br\/wp-content\/uploads\/2024\/07\/C\u00f3pia-de-Portif\u00f3lioo-3-1-3-600x457.png 600w\" sizes=\"(max-width: 755px) 100vw, 755px\" \/><\/a><\/figure>\n<\/figure>\n\n\n\n<figure class=\"wp-block-gallery has-nested-images columns-default is-cropped wp-block-gallery-20 is-layout-flex wp-block-gallery-is-layout-flex\">\n<figure class=\"wp-block-image size-full\"><a href=\"https:\/\/estrategia.ufac.br\/?page_id=1259\"><img loading=\"lazy\" decoding=\"async\" width=\"755\" height=\"575\" src=\"https:\/\/estrategia.ufac.br\/wp-content\/uploads\/2024\/07\/C\u00f3pia-de-Portif\u00f3lioo-4-1-2.png\" alt=\"\" class=\"wp-image-1072\" srcset=\"https:\/\/estrategia.ufac.br\/wp-content\/uploads\/2024\/07\/C\u00f3pia-de-Portif\u00f3lioo-4-1-2.png 755w, https:\/\/estrategia.ufac.br\/wp-content\/uploads\/2024\/07\/C\u00f3pia-de-Portif\u00f3lioo-4-1-2-300x228.png 300w, https:\/\/estrategia.ufac.br\/wp-content\/uploads\/2024\/07\/C\u00f3pia-de-Portif\u00f3lioo-4-1-2-600x457.png 600w\" sizes=\"(max-width: 755px) 100vw, 755px\" \/><\/a><\/figure>\n<\/figure>\n\n\n\n<figure class=\"wp-block-gallery has-nested-images columns-default is-cropped wp-block-gallery-21 is-layout-flex wp-block-gallery-is-layout-flex\">\n<figure class=\"wp-block-image size-full\"><a href=\"https:\/\/estrategia.ufac.br\/?page_id=1262\"><img loading=\"lazy\" decoding=\"async\" width=\"755\" height=\"575\" src=\"https:\/\/estrategia.ufac.br\/wp-content\/uploads\/2024\/07\/C\u00f3pia-de-Portif\u00f3lioo-5-1-1.png\" alt=\"\" class=\"wp-image-1076\" srcset=\"https:\/\/estrategia.ufac.br\/wp-content\/uploads\/2024\/07\/C\u00f3pia-de-Portif\u00f3lioo-5-1-1.png 755w, https:\/\/estrategia.ufac.br\/wp-content\/uploads\/2024\/07\/C\u00f3pia-de-Portif\u00f3lioo-5-1-1-300x228.png 300w, https:\/\/estrategia.ufac.br\/wp-content\/uploads\/2024\/07\/C\u00f3pia-de-Portif\u00f3lioo-5-1-1-600x457.png 600w\" sizes=\"(max-width: 755px) 100vw, 755px\" \/><\/a><\/figure>\n<\/figure>\n\n\n\n<figure class=\"wp-block-gallery has-nested-images columns-default is-cropped wp-block-gallery-22 is-layout-flex wp-block-gallery-is-layout-flex\">\n<figure class=\"wp-block-image size-full\"><a href=\"https:\/\/estrategia.ufac.br\/?page_id=1265\"><img loading=\"lazy\" decoding=\"async\" width=\"755\" height=\"575\" src=\"https:\/\/estrategia.ufac.br\/wp-content\/uploads\/2024\/07\/C\u00f3pia-de-Portif\u00f3lioo-6-1-2.png\" alt=\"\" class=\"wp-image-1079\" srcset=\"https:\/\/estrategia.ufac.br\/wp-content\/uploads\/2024\/07\/C\u00f3pia-de-Portif\u00f3lioo-6-1-2.png 755w, https:\/\/estrategia.ufac.br\/wp-content\/uploads\/2024\/07\/C\u00f3pia-de-Portif\u00f3lioo-6-1-2-300x228.png 300w, https:\/\/estrategia.ufac.br\/wp-content\/uploads\/2024\/07\/C\u00f3pia-de-Portif\u00f3lioo-6-1-2-600x457.png 600w\" sizes=\"(max-width: 755px) 100vw, 755px\" \/><\/a><\/figure>\n<\/figure>\n\n\n\n<h1 class=\"wp-block-heading\"><\/h1>\n\n\n\n<p><\/p>\n<\/div>\n\n\n\n<h1 class=\"wp-block-heading\" style=\"line-height:3.7\">Evolu\u00e7\u00e3o do Portf\u00f3lio de Projetos<\/h1>\n\n\n\n<figure class=\"wp-block-image alignleft size-full is-resized\"><a href=\"https:\/\/estrategia.ufac.br\/wp-content\/uploads\/2026\/04\/1a-REUNIAO-DE-AVALIACAO-DA-ESTRATEGIA-RAE-1.png\"><img loading=\"lazy\" decoding=\"async\" width=\"460\" height=\"230\" src=\"https:\/\/estrategia.ufac.br\/wp-content\/uploads\/2026\/04\/1a-REUNIAO-DE-AVALIACAO-DA-ESTRATEGIA-RAE-1.png\" alt=\"\" class=\"wp-image-2378\" style=\"width:316px;height:auto\" srcset=\"https:\/\/estrategia.ufac.br\/wp-content\/uploads\/2026\/04\/1a-REUNIAO-DE-AVALIACAO-DA-ESTRATEGIA-RAE-1.png 460w, https:\/\/estrategia.ufac.br\/wp-content\/uploads\/2026\/04\/1a-REUNIAO-DE-AVALIACAO-DA-ESTRATEGIA-RAE-1-300x150.png 300w\" sizes=\"(max-width: 460px) 100vw, 460px\" \/><\/a><figcaption class=\"wp-element-caption\"><strong>\u00daltima Atualiza\u00e7\u00e3o:<\/strong> 31\/03\/2026<\/figcaption><\/figure>\n\n\n\n<p><\/p>\n","protected":false},"excerpt":{"rendered":"<p>Os projetos estrat\u00e9gicos contribuem diretamente para o alcance dos objetivos estrat\u00e9gicos, uma vez que organizam as a\u00e7\u00f5es com foco nos resultados voltados para o sucesso do planejamento. O Portf\u00f3lio de Projetos Estrat\u00e9gicos para o ciclo 2024-2033 \u00e9 composto inicialmente por 1 (um) programa e 21 (vinte e um) projetos.&nbsp; Atualmente, est\u00e3o em andamento 17 Projetos&hellip; <a class=\"more-link\" href=\"https:\/\/estrategia.ufac.br\/?page_id=960\">Continue lendo <span class=\"screen-reader-text\">Projetos Estrat\u00e9gicos<\/span><\/a><\/p>\n","protected":false},"author":1,"featured_media":0,"parent":0,"menu_order":0,"comment_status":"closed","ping_status":"closed","template":"","meta":{"footnotes":""},"class_list":["post-960","page","type-page","status-publish","hentry","entry"],"_links":{"self":[{"href":"https:\/\/estrategia.ufac.br\/index.php?rest_route=\/wp\/v2\/pages\/960"}],"collection":[{"href":"https:\/\/estrategia.ufac.br\/index.php?rest_route=\/wp\/v2\/pages"}],"about":[{"href":"https:\/\/estrategia.ufac.br\/index.php?rest_route=\/wp\/v2\/types\/page"}],"author":[{"embeddable":true,"href":"https:\/\/estrategia.ufac.br\/index.php?rest_route=\/wp\/v2\/users\/1"}],"replies":[{"embeddable":true,"href":"https:\/\/estrategia.ufac.br\/index.php?rest_route=%2Fwp%2Fv2%2Fcomments&post=960"}],"version-history":[{"count":181,"href":"https:\/\/estrategia.ufac.br\/index.php?rest_route=\/wp\/v2\/pages\/960\/revisions"}],"predecessor-version":[{"id":2442,"href":"https:\/\/estrategia.ufac.br\/index.php?rest_route=\/wp\/v2\/pages\/960\/revisions\/2442"}],"wp:attachment":[{"href":"https:\/\/estrategia.ufac.br\/index.php?rest_route=%2Fwp%2Fv2%2Fmedia&parent=960"}],"curies":[{"name":"wp","href":"https:\/\/api.w.org\/{rel}","templated":true}]}}