{"id":943,"date":"2024-10-21T16:56:50","date_gmt":"2024-10-21T21:56:50","guid":{"rendered":"http:\/\/estrategia.ufac.br\/?page_id=943"},"modified":"2024-10-22T11:48:41","modified_gmt":"2024-10-22T16:48:41","slug":"o-pe-da-ufac","status":"publish","type":"page","link":"https:\/\/estrategia.ufac.br\/?page_id=943","title":{"rendered":"O PE da UFAC"},"content":{"rendered":"\n<p class=\"cvGsUA direction-ltr align-justify para-style-body\"><span class=\"OYPEnA text-decoration-none text-strikethrough-none\">O Planejamento e Gest\u00e3o Estrat\u00e9gica Ufac 2024-2033 \u00e9 o instrumento que organiza os objetivos da universidade para o longo prazo, visando a melhoria da qualidade, a efici\u00eancia e a efetividade dos servi\u00e7os prestados \u00e0 sociedade.<\/span><\/p>\n\n\n\n<p><span class=\"OYPEnA text-decoration-none text-strikethrough-none\">O PGE apresenta a miss\u00e3o, vis\u00e3o, valores, objetivos e seus indicadores, os projetos estrat\u00e9gicos e o modelo de gest\u00e3o escolhidos pela Ufac para os pr\u00f3ximos 10 anos, fornecendo a dire\u00e7\u00e3o estrat\u00e9gica a ser seguida por seus gestores e colaboradores e, ao mesmo tempo, informando a sociedade sobre a atua\u00e7\u00e3o da institui\u00e7\u00e3o.<\/span><\/p>\n\n\n\n<p class=\"cvGsUA direction-ltr align-justify para-style-body\"><span class=\"OYPEnA text-decoration-none text-strikethrough-none\">O processo de elabora\u00e7\u00e3o do Planejamento e Gest\u00e3o Estrat\u00e9gica Ufac 2024-2033 foi din\u00e2mico e participativo, com in\u00edcio em abril de 2023 e t\u00e9rmino em mar\u00e7o de 2024. <\/span><\/p>\n\n\n\n<p>A constru\u00e7\u00e3o do plano contou com o apoio da empresa de consultoria Steinbeis Sibe do Brasil e, al\u00e9m disso, foram institu\u00eddas duas equipes respons\u00e1veis pela condu\u00e7\u00e3o dos trabalhos: equipe de desenvolvimento e equipe de valida\u00e7\u00e3o. A <a href=\"https:\/\/sei.ufac.br\/sei\/publicacoes\/controlador_publicacoes.php?acao=publicacao_visualizar&amp;id_documento=1105307&amp;id_orgao_publicacao=0\"><u>equipe de desenvolvimento<\/u>,<\/a> institu\u00edda pela Portaria n\u00ba 2.884\/2023, foi respons\u00e1vel pela constru\u00e7\u00e3o do documento, participando dos treinamentos ofertados e das oficinas de trabalho realizadas. A <a href=\"https:\/\/sei.ufac.br\/sei\/publicacoes\/controlador_publicacoes.php?acao=publicacao_visualizar&amp;id_documento=1105264&amp;id_orgao_publicacao=0\"><u>equipe de valida\u00e7\u00e3o<\/u><\/a>, institu\u00edda pela Portaria n\u00ba 2.878\/2023, foi respons\u00e1vel pela valida\u00e7\u00e3o das etapas 7, 8 e 9 do processo de elabora\u00e7\u00e3o.<\/p>\n\n\n\n<p><\/p>\n","protected":false},"excerpt":{"rendered":"<p>O Planejamento e Gest\u00e3o Estrat\u00e9gica Ufac 2024-2033 \u00e9 o instrumento que organiza os objetivos da universidade para o longo prazo, visando a melhoria da qualidade, a efici\u00eancia e a efetividade dos servi\u00e7os prestados \u00e0 sociedade. O PGE apresenta a miss\u00e3o, vis\u00e3o, valores, objetivos e seus indicadores, os projetos estrat\u00e9gicos e o modelo de gest\u00e3o escolhidos&hellip; <a class=\"more-link\" href=\"https:\/\/estrategia.ufac.br\/?page_id=943\">Continue lendo <span class=\"screen-reader-text\">O PE da UFAC<\/span><\/a><\/p>\n","protected":false},"author":1,"featured_media":0,"parent":0,"menu_order":0,"comment_status":"closed","ping_status":"closed","template":"","meta":{"footnotes":""},"class_list":["post-943","page","type-page","status-publish","hentry","entry"],"_links":{"self":[{"href":"https:\/\/estrategia.ufac.br\/index.php?rest_route=\/wp\/v2\/pages\/943"}],"collection":[{"href":"https:\/\/estrategia.ufac.br\/index.php?rest_route=\/wp\/v2\/pages"}],"about":[{"href":"https:\/\/estrategia.ufac.br\/index.php?rest_route=\/wp\/v2\/types\/page"}],"author":[{"embeddable":true,"href":"https:\/\/estrategia.ufac.br\/index.php?rest_route=\/wp\/v2\/users\/1"}],"replies":[{"embeddable":true,"href":"https:\/\/estrategia.ufac.br\/index.php?rest_route=%2Fwp%2Fv2%2Fcomments&post=943"}],"version-history":[{"count":28,"href":"https:\/\/estrategia.ufac.br\/index.php?rest_route=\/wp\/v2\/pages\/943\/revisions"}],"predecessor-version":[{"id":2399,"href":"https:\/\/estrategia.ufac.br\/index.php?rest_route=\/wp\/v2\/pages\/943\/revisions\/2399"}],"wp:attachment":[{"href":"https:\/\/estrategia.ufac.br\/index.php?rest_route=%2Fwp%2Fv2%2Fmedia&parent=943"}],"curies":[{"name":"wp","href":"https:\/\/api.w.org\/{rel}","templated":true}]}}