{"id":912,"date":"2024-10-21T09:23:14","date_gmt":"2024-10-21T14:23:14","guid":{"rendered":"http:\/\/estrategia.ufac.br\/?page_id=912"},"modified":"2024-11-12T17:34:33","modified_gmt":"2024-11-12T22:34:33","slug":"inicio","status":"publish","type":"page","link":"https:\/\/estrategia.ufac.br\/","title":{"rendered":"In\u00edcio"},"content":{"rendered":"<h1 style=\"text-align: center;\"><span style=\"color: #000080;\">Planejamento Estrat\u00e9gico<\/span><\/h1>\n<p style=\"text-align: justify;\">O Planejamento Estrat\u00e9gico \u00e9 um processo din\u00e2mico e participativo, por meio do qual s\u00e3o definidos os caminhos que a institui\u00e7\u00e3o dever\u00e1 trilhar a partir de um comportamento pr\u00f3-ativo, levando em considera\u00e7\u00e3o a an\u00e1lise de seu ambiente e em conson\u00e2ncia com a sua raz\u00e3o de existir, a fim de construir o futuro desejado.<\/p>\n<p style=\"text-align: justify;\">A cada dec\u00eanio inicia-se um novo ciclo de planejamento estrat\u00e9gico na Ufac, momento em que se faz uma reflex\u00e3o e an\u00e1lise de todos os avan\u00e7os e conquistas realizadas, bem como dos desafios para continuar promovendo excel\u00eancia em benef\u00edcio da sociedade.<\/p>\n<p>O Planejamento e Gest\u00e3o Estrat\u00e9gica Ufac 2024-2033 inicia o segundo ciclo de planejamento estrat\u00e9gico na Institui\u00e7\u00e3o, estabelecendo 18 objetivos estrat\u00e9gicos e 30 indicadores com as respectivas metas a serem alcan\u00e7adas.<\/p>\n<p>O Mapa Estrat\u00e9gico validado apresenta a miss\u00e3o, a vis\u00e3o, os valores e os 18 objetivos estrat\u00e9gicos definidos para os pr\u00f3ximos dez anos.<\/p>\n<p><a href=\"https:\/\/estrategia.ufac.br\/wp-content\/uploads\/2014\/11\/mapa_17.10.png\"><img loading=\"lazy\" decoding=\"async\" class=\"aligncenter wp-image-847 size-large\" src=\"https:\/\/estrategia.ufac.br\/wp-content\/uploads\/2014\/11\/mapa_17.10-1024x725.png\" alt=\"\" width=\"1024\" height=\"725\" srcset=\"https:\/\/estrategia.ufac.br\/wp-content\/uploads\/2014\/11\/mapa_17.10-1024x725.png 1024w, https:\/\/estrategia.ufac.br\/wp-content\/uploads\/2014\/11\/mapa_17.10-300x212.png 300w, https:\/\/estrategia.ufac.br\/wp-content\/uploads\/2014\/11\/mapa_17.10-768x543.png 768w, https:\/\/estrategia.ufac.br\/wp-content\/uploads\/2014\/11\/mapa_17.10-600x425.png 600w, https:\/\/estrategia.ufac.br\/wp-content\/uploads\/2014\/11\/mapa_17.10-940x665.png 940w\" sizes=\"(max-width: 1024px) 100vw, 1024px\" \/><\/a><\/p>\n<p>Esse novo ciclo de planejamento \u00e9 pautado por temas de atua\u00e7\u00e3o considerados priorit\u00e1rios, visto as demandas atuais e as perspectivas futuras estabelecidas pela ONU, representando o compromisso social presente na atua\u00e7\u00e3o da universidade. Os temas s\u00e3o:<\/p>\n<figure id=\"attachment_1324\" aria-describedby=\"caption-attachment-1324\" style=\"width: 700px\" class=\"wp-caption aligncenter\"><a href=\"https:\/\/estrategia.ufac.br\/wp-content\/uploads\/2024\/10\/Caderno-Planejamento-Estrategico-2024-2033-versao-atualizada.pdf-2-3-e1729530452369.png\"><img loading=\"lazy\" decoding=\"async\" class=\"wp-image-1324\" src=\"https:\/\/estrategia.ufac.br\/wp-content\/uploads\/2024\/10\/Caderno-Planejamento-Estrategico-2024-2033-versao-atualizada.pdf-2-3-e1729530452369-1024x413.png\" alt=\"\" width=\"700\" height=\"282\" srcset=\"https:\/\/estrategia.ufac.br\/wp-content\/uploads\/2024\/10\/Caderno-Planejamento-Estrategico-2024-2033-versao-atualizada.pdf-2-3-e1729530452369-1024x413.png 1024w, https:\/\/estrategia.ufac.br\/wp-content\/uploads\/2024\/10\/Caderno-Planejamento-Estrategico-2024-2033-versao-atualizada.pdf-2-3-e1729530452369-300x121.png 300w, https:\/\/estrategia.ufac.br\/wp-content\/uploads\/2024\/10\/Caderno-Planejamento-Estrategico-2024-2033-versao-atualizada.pdf-2-3-e1729530452369-768x310.png 768w, https:\/\/estrategia.ufac.br\/wp-content\/uploads\/2024\/10\/Caderno-Planejamento-Estrategico-2024-2033-versao-atualizada.pdf-2-3-e1729530452369-1536x620.png 1536w, https:\/\/estrategia.ufac.br\/wp-content\/uploads\/2024\/10\/Caderno-Planejamento-Estrategico-2024-2033-versao-atualizada.pdf-2-3-e1729530452369-1568x633.png 1568w, https:\/\/estrategia.ufac.br\/wp-content\/uploads\/2024\/10\/Caderno-Planejamento-Estrategico-2024-2033-versao-atualizada.pdf-2-3-e1729530452369.png 1983w\" sizes=\"(max-width: 700px) 100vw, 700px\" \/><\/a><figcaption id=\"caption-attachment-1324\" class=\"wp-caption-text\">Temas priorit\u00e1rios<\/figcaption><\/figure>\n<p style=\"text-align: justify;\"><span class=\"OYPEnA text-decoration-none text-strikethrough-none\">Na defini\u00e7\u00e3o das prioridades, foi considerada a Agenda 2030 da ONU, a qual prev\u00ea 17 Objetivos do Desenvolvimento Sustent\u00e1vel (ODS) e 169 metas a serem alcan\u00e7adas pelos pa\u00edses aderentes.<\/span><\/p>\n<figure id=\"attachment_938\" aria-describedby=\"caption-attachment-938\" style=\"width: 700px\" class=\"wp-caption aligncenter\"><a href=\"https:\/\/estrategia.ufac.br\/wp-content\/uploads\/2024\/07\/imagem_2024-07-17_143059051.png\"><img loading=\"lazy\" decoding=\"async\" class=\"wp-image-938\" src=\"https:\/\/estrategia.ufac.br\/wp-content\/uploads\/2024\/07\/imagem_2024-07-17_143059051-1024x505.png\" alt=\"\" width=\"700\" height=\"346\" srcset=\"https:\/\/estrategia.ufac.br\/wp-content\/uploads\/2024\/07\/imagem_2024-07-17_143059051-1024x505.png 1024w, https:\/\/estrategia.ufac.br\/wp-content\/uploads\/2024\/07\/imagem_2024-07-17_143059051-300x148.png 300w, https:\/\/estrategia.ufac.br\/wp-content\/uploads\/2024\/07\/imagem_2024-07-17_143059051-768x379.png 768w, https:\/\/estrategia.ufac.br\/wp-content\/uploads\/2024\/07\/imagem_2024-07-17_143059051-600x296.png 600w, https:\/\/estrategia.ufac.br\/wp-content\/uploads\/2024\/07\/imagem_2024-07-17_143059051-940x464.png 940w, https:\/\/estrategia.ufac.br\/wp-content\/uploads\/2024\/07\/imagem_2024-07-17_143059051.png 1331w\" sizes=\"(max-width: 700px) 100vw, 700px\" \/><\/a><figcaption id=\"caption-attachment-938\" class=\"wp-caption-text\">Objetivos de Desenvolvimento Sustent\u00e1vel da ONU &#8211; Agenda 2030<\/figcaption><\/figure>\n<p style=\"text-align: justify;\">\n\n\n<p>Navegue pelo site utilizando o menu no canto superior \u00e0 esquerda para mais informa\u00e7\u00f5es sobre o Planejamento Estrat\u00e9gico.<\/p>\n\n\n\n<p><\/p>\n","protected":false},"excerpt":{"rendered":"<p>Planejamento Estrat\u00e9gico O Planejamento Estrat\u00e9gico \u00e9 um processo din\u00e2mico e participativo, por meio do qual s\u00e3o definidos os caminhos que a institui\u00e7\u00e3o dever\u00e1 trilhar a partir de um comportamento pr\u00f3-ativo, levando em considera\u00e7\u00e3o a an\u00e1lise de seu ambiente e em conson\u00e2ncia com a sua raz\u00e3o de existir, a fim de construir o futuro desejado. A&hellip; <a class=\"more-link\" href=\"https:\/\/estrategia.ufac.br\/\">Continue lendo <span class=\"screen-reader-text\">In\u00edcio<\/span><\/a><\/p>\n","protected":false},"author":1,"featured_media":0,"parent":0,"menu_order":0,"comment_status":"closed","ping_status":"closed","template":"","meta":{"footnotes":""},"class_list":["post-912","page","type-page","status-publish","hentry","entry"],"_links":{"self":[{"href":"https:\/\/estrategia.ufac.br\/index.php?rest_route=\/wp\/v2\/pages\/912"}],"collection":[{"href":"https:\/\/estrategia.ufac.br\/index.php?rest_route=\/wp\/v2\/pages"}],"about":[{"href":"https:\/\/estrategia.ufac.br\/index.php?rest_route=\/wp\/v2\/types\/page"}],"author":[{"embeddable":true,"href":"https:\/\/estrategia.ufac.br\/index.php?rest_route=\/wp\/v2\/users\/1"}],"replies":[{"embeddable":true,"href":"https:\/\/estrategia.ufac.br\/index.php?rest_route=%2Fwp%2Fv2%2Fcomments&post=912"}],"version-history":[{"count":54,"href":"https:\/\/estrategia.ufac.br\/index.php?rest_route=\/wp\/v2\/pages\/912\/revisions"}],"predecessor-version":[{"id":1810,"href":"https:\/\/estrategia.ufac.br\/index.php?rest_route=\/wp\/v2\/pages\/912\/revisions\/1810"}],"wp:attachment":[{"href":"https:\/\/estrategia.ufac.br\/index.php?rest_route=%2Fwp%2Fv2%2Fmedia&parent=912"}],"curies":[{"name":"wp","href":"https:\/\/api.w.org\/{rel}","templated":true}]}}