{"id":3038,"date":"2026-05-11T11:18:27","date_gmt":"2026-05-11T16:18:27","guid":{"rendered":"https:\/\/estrategia.ufac.br\/?page_id=3038"},"modified":"2026-05-11T11:19:14","modified_gmt":"2026-05-11T16:19:14","slug":"organizacao-de-eventos-como-feiras-de-ciencias-competicoes-academicas-e-exposicoes-culturais-para-engajar-alunos-e-a-comunidade","status":"publish","type":"page","link":"https:\/\/estrategia.ufac.br\/?page_id=3038","title":{"rendered":"Organiza\u00e7\u00e3o de eventos como feiras de ci\u00eancias, competi\u00e7\u00f5es acad\u00eamicas e exposi\u00e7\u00f5es culturais para engajar alunos e a comunidade"},"content":{"rendered":"\t\t<div data-elementor-type=\"wp-page\" data-elementor-id=\"3038\" class=\"elementor elementor-3038\">\n\t\t\t\t<div class=\"elementor-element elementor-element-aa27817 e-flex e-con-boxed e-con e-parent\" data-id=\"aa27817\" data-element_type=\"container\" data-e-type=\"container\">\n\t\t\t\t\t<div class=\"e-con-inner\">\n\t\t\t\t<div class=\"elementor-element elementor-element-3b453ac elementor-widget elementor-widget-heading\" data-id=\"3b453ac\" data-element_type=\"widget\" data-e-type=\"widget\" data-widget_type=\"heading.default\">\n\t\t\t\t<div class=\"elementor-widget-container\">\n\t\t\t\t\t<h2 class=\"elementor-heading-title elementor-size-default\">Unidade Respons\u00e1vel<\/h2>\t\t\t\t<\/div>\n\t\t\t\t<\/div>\n\t\t\t\t<div class=\"elementor-element elementor-element-1c25c8c elementor-widget elementor-widget-text-editor\" data-id=\"1c25c8c\" data-element_type=\"widget\" data-e-type=\"widget\" data-widget_type=\"text-editor.default\">\n\t\t\t\t<div class=\"elementor-widget-container\">\n\t\t\t\t\t\t\t\t\t<p>Col\u00e9gio de Aplica\u00e7\u00e3o<\/p>\t\t\t\t\t\t\t\t<\/div>\n\t\t\t\t<\/div>\n\t\t\t\t<div class=\"elementor-element elementor-element-5eb968f elementor-widget elementor-widget-heading\" data-id=\"5eb968f\" data-element_type=\"widget\" data-e-type=\"widget\" data-widget_type=\"heading.default\">\n\t\t\t\t<div class=\"elementor-widget-container\">\n\t\t\t\t\t<h2 class=\"elementor-heading-title elementor-size-default\">Organiza\u00e7\u00e3o de eventos como feiras de ci\u00eancias, competi\u00e7\u00f5es acad\u00eamicas\ne exposi\u00e7\u00f5es culturais para engajar alunos e a comunidade<\/h2>\t\t\t\t<\/div>\n\t\t\t\t<\/div>\n\t\t\t\t<div class=\"elementor-element elementor-element-e9f6910 elementor-widget elementor-widget-text-editor\" data-id=\"e9f6910\" data-element_type=\"widget\" data-e-type=\"widget\" data-widget_type=\"text-editor.default\">\n\t\t\t\t<div class=\"elementor-widget-container\">\n\t\t\t\t\t\t\t\t\t<p>Para essa iniciativa, planejamos e executamos, em 2025, a\u00e7\u00f5es voltadas \u00e0 ci\u00eancia, \u00e0 cultura e ao engajamento com a comunidade. Os projetos de extens\u00e3o desenvolvidos pelos professores do CAp tamb\u00e9m foram de suma import\u00e2ncia para o avan\u00e7o da iniciativa em quest\u00e3o.<\/p>\t\t\t\t\t\t\t\t<\/div>\n\t\t\t\t<\/div>\n\t\t\t\t\t<\/div>\n\t\t\t\t<\/div>\n\t\t<div class=\"elementor-element elementor-element-719e7c9 e-grid e-con-boxed e-con e-parent\" data-id=\"719e7c9\" data-element_type=\"container\" data-e-type=\"container\">\n\t\t\t\t\t<div class=\"e-con-inner\">\n\t\t<div class=\"elementor-element elementor-element-930fbe7 e-con-full e-flex e-con e-child\" data-id=\"930fbe7\" data-element_type=\"container\" data-e-type=\"container\">\n\t\t\t\t<div class=\"elementor-element elementor-element-3388dc2 elementor-widget elementor-widget-heading\" data-id=\"3388dc2\" data-element_type=\"widget\" data-e-type=\"widget\" data-widget_type=\"heading.default\">\n\t\t\t\t<div class=\"elementor-widget-container\">\n\t\t\t\t\t<h2 class=\"elementor-heading-title elementor-size-default\">Respons\u00e1vel pelo preenchimento <\/h2>\t\t\t\t<\/div>\n\t\t\t\t<\/div>\n\t\t\t\t<div class=\"elementor-element elementor-element-c0abbcc elementor-widget elementor-widget-text-editor\" data-id=\"c0abbcc\" data-element_type=\"widget\" data-e-type=\"widget\" data-widget_type=\"text-editor.default\">\n\t\t\t\t<div class=\"elementor-widget-container\">\n\t\t\t\t\t\t\t\t\t<p>Cleilton Fran\u00e7a dos Santos<\/p>\t\t\t\t\t\t\t\t<\/div>\n\t\t\t\t<\/div>\n\t\t\t\t<\/div>\n\t\t<div class=\"elementor-element elementor-element-fb3bf11 e-con-full e-flex e-con e-child\" data-id=\"fb3bf11\" data-element_type=\"container\" data-e-type=\"container\">\n\t\t\t\t<div class=\"elementor-element elementor-element-b522311 elementor-widget elementor-widget-heading\" data-id=\"b522311\" data-element_type=\"widget\" data-e-type=\"widget\" data-widget_type=\"heading.default\">\n\t\t\t\t<div class=\"elementor-widget-container\">\n\t\t\t\t\t<h2 class=\"elementor-heading-title elementor-size-default\">Data preenchimento<\/h2>\t\t\t\t<\/div>\n\t\t\t\t<\/div>\n\t\t\t\t<div class=\"elementor-element elementor-element-4e9a58f elementor-widget elementor-widget-text-editor\" data-id=\"4e9a58f\" data-element_type=\"widget\" data-e-type=\"widget\" data-widget_type=\"text-editor.default\">\n\t\t\t\t<div class=\"elementor-widget-container\">\n\t\t\t\t\t\t\t\t\t<p>09\/03\/2026<\/p>\t\t\t\t\t\t\t\t<\/div>\n\t\t\t\t<\/div>\n\t\t\t\t<\/div>\n\t\t\t\t\t<\/div>\n\t\t\t\t<\/div>\n\t\t<div class=\"elementor-element elementor-element-c6990d6 e-flex e-con-boxed e-con e-parent\" data-id=\"c6990d6\" data-element_type=\"container\" data-e-type=\"container\">\n\t\t\t\t\t<div class=\"e-con-inner\">\n\t\t\t\t<div class=\"elementor-element elementor-element-1cbbdf9 elementor-widget elementor-widget-heading\" data-id=\"1cbbdf9\" data-element_type=\"widget\" data-e-type=\"widget\" data-widget_type=\"heading.default\">\n\t\t\t\t<div class=\"elementor-widget-container\">\n\t\t\t\t\t<h2 class=\"elementor-heading-title elementor-size-default\">A\u00e7\u00f5es Realizadas em 2025<\/h2>\t\t\t\t<\/div>\n\t\t\t\t<\/div>\n\t\t\t\t\t<\/div>\n\t\t\t\t<\/div>\n\t\t<div class=\"elementor-element elementor-element-d8aa17b e-flex e-con-boxed e-con e-parent\" data-id=\"d8aa17b\" data-element_type=\"container\" data-e-type=\"container\">\n\t\t\t\t\t<div class=\"e-con-inner\">\n\t\t\t\t<div class=\"elementor-element elementor-element-ac3a661 elementor-widget elementor-widget-html\" data-id=\"ac3a661\" data-element_type=\"widget\" data-e-type=\"widget\" data-widget_type=\"html.default\">\n\t\t\t\t<div class=\"elementor-widget-container\">\n\t\t\t\t\t<style>\r\n    table {\r\n        border-collapse: collapse;\r\n        width: 100%;\r\n        color: #333;\r\n        font-size: 14px;\r\n        text-align: left;\r\n    }\r\n\r\n    th {\r\n        font-weight: 600;\r\n        text-transform: uppercase;\r\n        letter-spacing: 0.05em;\r\n        border-bottom: 2px solid #eee;\r\n        padding: 12px 15px;\r\n    }\r\n\r\n    td {\r\n        padding: 12px 15px;\r\n        border-bottom: 1px solid #f0f0f0;\r\n    }\r\n\r\n    tr:last-child td {\r\n        border-bottom: none;\r\n    }\r\n\r\n    tr:hover {\r\n        background-color: #fafafa;\r\n    }\r\n<\/style>\r\n\r\n<table>\r\n    <thead>\r\n        <tr>\r\n            <th><b>A\u00c7\u00c3O<\/b><\/th>\r\n            <th><b>PRAZO IN\u00cdCIO<\/b><\/th>\r\n            <th><b>PRAZO FIM<\/b><\/th>\r\n            <th><b>CUSTO (R$)<\/b><\/th>\r\n            <th><b>STATUS<\/b><\/th>\r\n        <\/tr>\r\n    <\/thead>\r\n    <tbody>\r\n        <tr>\r\n            <td>Planejamento e execu\u00e7\u00e3o do Projeto \u201cFeira Cultural Cap na Ro\u00e7a\u201d<\/td>\r\n            <td>09\/05\/2025<\/td>\r\n            <td>16\/08\/2025<\/td>\r\n            <td>-<\/td>\r\n            <td><i>Conclu\u00eddo<\/i><\/td>\r\n        <\/tr>\r\n        <tr>\r\n            <td>Planejamento e execu\u00e7\u00e3o do Projeto \u201cMARACAp\u201d<\/td>\r\n            <td>06\/06\/2025<\/td>\r\n            <td>25\/10\/2025<\/td>\r\n            <td>-<\/td>\r\n            <td><i>Conclu\u00eddo<\/i><\/td>\r\n        <\/tr>\r\n        <tr>\r\n            <td>Planejamento e execu\u00e7\u00e3o do Projeto \u201cConsci\u00eancia Negra\u201d<\/td>\r\n            <td>06\/06\/2025<\/td>\r\n            <td>20\/11\/2025<\/td>\r\n            <td>-<\/td>\r\n            <td><i>Conclu\u00eddo<\/i><\/td>\r\n        <\/tr>\r\n    <\/tbody>\r\n<\/table>\t\t\t\t<\/div>\n\t\t\t\t<\/div>\n\t\t\t\t<div class=\"elementor-element elementor-element-0aba899 elementor-widget elementor-widget-spacer\" data-id=\"0aba899\" data-element_type=\"widget\" data-e-type=\"widget\" data-widget_type=\"spacer.default\">\n\t\t\t\t<div class=\"elementor-widget-container\">\n\t\t\t\t\t\t\t<div class=\"elementor-spacer\">\n\t\t\t<div class=\"elementor-spacer-inner\"><\/div>\n\t\t<\/div>\n\t\t\t\t\t\t<\/div>\n\t\t\t\t<\/div>\n\t\t\t\t\t<\/div>\n\t\t\t\t<\/div>\n\t\t<div class=\"elementor-element elementor-element-5f4b6a8 e-flex e-con-boxed e-con e-parent\" data-id=\"5f4b6a8\" data-element_type=\"container\" data-e-type=\"container\">\n\t\t\t\t\t<div class=\"e-con-inner\">\n\t\t\t\t<div class=\"elementor-element elementor-element-bda76ee elementor-widget elementor-widget-html\" data-id=\"bda76ee\" data-element_type=\"widget\" data-e-type=\"widget\" data-widget_type=\"html.default\">\n\t\t\t\t<div class=\"elementor-widget-container\">\n\t\t\t\t\t<style>\r\n\r\n        .cartao {\r\n            background: #fff;\r\n            padding: 20px;\r\n            border-radius: 12px;\r\n            width: 400px;\r\n            box-shadow: 0 4px 15px rgba(0,0,0,0.3);\r\n        }\r\n\r\n        .titulo {\r\n            font-weight: bold;\r\n            font-size: 14px;\r\n            color: #333;\r\n            margin-bottom: 5px;\r\n            display: block;\r\n        }\r\n\r\n\r\n        .fundo-barra {\r\n            background: #eee;\r\n            height: 10px;\r\n            border-radius: 5px;\r\n            overflow: hidden;\r\n            margin-bottom: 10px;\r\n        }\r\n\r\n        .progresso {\r\n            background: #000080;\r\n            height: 100%;\r\n            width: 50%; \r\n            animation: carregar 1.5s ease-out;\r\n        }\r\n\r\n        .valor {\r\n            text-align: right;\r\n            font-size: 24px;\r\n            font-weight: 800;\r\n            color: #000080;\r\n        }\r\n\r\n        @keyframes carregar {\r\n            from { width: 0; }\r\n        }\r\n    <\/style>\r\n\r\n<div>\r\n\r\n    <div class=\"cartao\">\r\n        <div class=\"titulo\">EVOLU\u00c7\u00c3O DA INICIATIVA<\/div>\r\n        <div class=\"fundo-barra\">\r\n            <div class=\"progresso\"><\/div>\r\n        <\/div>\r\n\r\n        <div class=\"valor\">50%<\/div>\r\n    <\/div>\r\n\r\n<\/div>\t\t\t\t<\/div>\n\t\t\t\t<\/div>\n\t\t\t\t\t<\/div>\n\t\t\t\t<\/div>\n\t\t\t\t<\/div>\n\t\t","protected":false},"excerpt":{"rendered":"<p>Unidade Respons\u00e1vel Col\u00e9gio de Aplica\u00e7\u00e3o Organiza\u00e7\u00e3o de eventos como feiras de ci\u00eancias, competi\u00e7\u00f5es acad\u00eamicas e exposi\u00e7\u00f5es culturais para engajar alunos e a comunidade Para essa iniciativa, planejamos e executamos, em 2025, a\u00e7\u00f5es voltadas \u00e0 ci\u00eancia, \u00e0 cultura e ao engajamento com a comunidade. Os projetos de extens\u00e3o desenvolvidos pelos professores do CAp tamb\u00e9m foram de&hellip; <a class=\"more-link\" href=\"https:\/\/estrategia.ufac.br\/?page_id=3038\">Continue lendo <span class=\"screen-reader-text\">Organiza\u00e7\u00e3o de eventos como feiras de ci\u00eancias, competi\u00e7\u00f5es acad\u00eamicas e exposi\u00e7\u00f5es culturais para engajar alunos e a comunidade<\/span><\/a><\/p>\n","protected":false},"author":1,"featured_media":0,"parent":0,"menu_order":0,"comment_status":"closed","ping_status":"closed","template":"","meta":{"footnotes":""},"class_list":["post-3038","page","type-page","status-publish","hentry","entry"],"_links":{"self":[{"href":"https:\/\/estrategia.ufac.br\/index.php?rest_route=\/wp\/v2\/pages\/3038"}],"collection":[{"href":"https:\/\/estrategia.ufac.br\/index.php?rest_route=\/wp\/v2\/pages"}],"about":[{"href":"https:\/\/estrategia.ufac.br\/index.php?rest_route=\/wp\/v2\/types\/page"}],"author":[{"embeddable":true,"href":"https:\/\/estrategia.ufac.br\/index.php?rest_route=\/wp\/v2\/users\/1"}],"replies":[{"embeddable":true,"href":"https:\/\/estrategia.ufac.br\/index.php?rest_route=%2Fwp%2Fv2%2Fcomments&post=3038"}],"version-history":[{"count":4,"href":"https:\/\/estrategia.ufac.br\/index.php?rest_route=\/wp\/v2\/pages\/3038\/revisions"}],"predecessor-version":[{"id":3045,"href":"https:\/\/estrategia.ufac.br\/index.php?rest_route=\/wp\/v2\/pages\/3038\/revisions\/3045"}],"wp:attachment":[{"href":"https:\/\/estrategia.ufac.br\/index.php?rest_route=%2Fwp%2Fv2%2Fmedia&parent=3038"}],"curies":[{"name":"wp","href":"https:\/\/api.w.org\/{rel}","templated":true}]}}