{"id":3030,"date":"2026-05-11T11:08:06","date_gmt":"2026-05-11T16:08:06","guid":{"rendered":"https:\/\/estrategia.ufac.br\/?page_id=3030"},"modified":"2026-05-11T11:11:38","modified_gmt":"2026-05-11T16:11:38","slug":"revisao-e-atualizacao-do-curriculo-para-incorporar-metodologias-ativas-e-abordagens-interdisciplinares-com-foco-no-enem","status":"publish","type":"page","link":"https:\/\/estrategia.ufac.br\/?page_id=3030","title":{"rendered":"Revis\u00e3o e atualiza\u00e7\u00e3o do curr\u00edculo para incorporar metodologias ativas e abordagens interdisciplinares com foco no Enem"},"content":{"rendered":"\t\t<div data-elementor-type=\"wp-page\" data-elementor-id=\"3030\" class=\"elementor elementor-3030\">\n\t\t\t\t<div class=\"elementor-element elementor-element-250e265 e-flex e-con-boxed e-con e-parent\" data-id=\"250e265\" data-element_type=\"container\" data-e-type=\"container\">\n\t\t\t\t\t<div class=\"e-con-inner\">\n\t\t\t\t<div class=\"elementor-element elementor-element-1d0d42d elementor-widget elementor-widget-heading\" data-id=\"1d0d42d\" data-element_type=\"widget\" data-e-type=\"widget\" data-widget_type=\"heading.default\">\n\t\t\t\t<div class=\"elementor-widget-container\">\n\t\t\t\t\t<h2 class=\"elementor-heading-title elementor-size-default\">Unidade Respons\u00e1vel<\/h2>\t\t\t\t<\/div>\n\t\t\t\t<\/div>\n\t\t\t\t<div class=\"elementor-element elementor-element-1c67504 elementor-widget elementor-widget-text-editor\" data-id=\"1c67504\" data-element_type=\"widget\" data-e-type=\"widget\" data-widget_type=\"text-editor.default\">\n\t\t\t\t<div class=\"elementor-widget-container\">\n\t\t\t\t\t\t\t\t\t<p>Col\u00e9gio de Aplica\u00e7\u00e3o<\/p>\t\t\t\t\t\t\t\t<\/div>\n\t\t\t\t<\/div>\n\t\t\t\t<div class=\"elementor-element elementor-element-2d20aca elementor-widget elementor-widget-heading\" data-id=\"2d20aca\" data-element_type=\"widget\" data-e-type=\"widget\" data-widget_type=\"heading.default\">\n\t\t\t\t<div class=\"elementor-widget-container\">\n\t\t\t\t\t<h2 class=\"elementor-heading-title elementor-size-default\">Revis\u00e3o e atualiza\u00e7\u00e3o do curr\u00edculo para incorporar metodologias\nativas e abordagens interdisciplinares com foco no Enem<\/h2>\t\t\t\t<\/div>\n\t\t\t\t<\/div>\n\t\t\t\t<div class=\"elementor-element elementor-element-121eea0 elementor-widget elementor-widget-text-editor\" data-id=\"121eea0\" data-element_type=\"widget\" data-e-type=\"widget\" data-widget_type=\"text-editor.default\">\n\t\t\t\t<div class=\"elementor-widget-container\">\n\t\t\t\t\t\t\t\t\t<p>Em 2025, a Comiss\u00e3o iniciou os estudos e debates com a participa\u00e7\u00e3o de todas as \u00e1reas do conhecimento e, na assembleia do CAp realizada em 12 de dezembro de 2025, foi aprovado o Relat\u00f3rio Parcial da Comiss\u00e3o.<\/p>\t\t\t\t\t\t\t\t<\/div>\n\t\t\t\t<\/div>\n\t\t\t\t\t<\/div>\n\t\t\t\t<\/div>\n\t\t<div class=\"elementor-element elementor-element-e867189 e-grid e-con-boxed e-con e-parent\" data-id=\"e867189\" data-element_type=\"container\" data-e-type=\"container\">\n\t\t\t\t\t<div class=\"e-con-inner\">\n\t\t<div class=\"elementor-element elementor-element-742ba99 e-con-full e-flex e-con e-child\" data-id=\"742ba99\" data-element_type=\"container\" data-e-type=\"container\">\n\t\t\t\t<div class=\"elementor-element elementor-element-7149c1c elementor-widget elementor-widget-heading\" data-id=\"7149c1c\" data-element_type=\"widget\" data-e-type=\"widget\" data-widget_type=\"heading.default\">\n\t\t\t\t<div class=\"elementor-widget-container\">\n\t\t\t\t\t<h2 class=\"elementor-heading-title elementor-size-default\">Respons\u00e1vel pelo preenchimento <\/h2>\t\t\t\t<\/div>\n\t\t\t\t<\/div>\n\t\t\t\t<div class=\"elementor-element elementor-element-cace54a elementor-widget elementor-widget-text-editor\" data-id=\"cace54a\" data-element_type=\"widget\" data-e-type=\"widget\" data-widget_type=\"text-editor.default\">\n\t\t\t\t<div class=\"elementor-widget-container\">\n\t\t\t\t\t\t\t\t\t<p>Cleilton Fran\u00e7a dos Santos<\/p>\t\t\t\t\t\t\t\t<\/div>\n\t\t\t\t<\/div>\n\t\t\t\t<\/div>\n\t\t<div class=\"elementor-element elementor-element-fb9f15d e-con-full e-flex e-con e-child\" data-id=\"fb9f15d\" data-element_type=\"container\" data-e-type=\"container\">\n\t\t\t\t<div class=\"elementor-element elementor-element-d03ac8d elementor-widget elementor-widget-heading\" data-id=\"d03ac8d\" data-element_type=\"widget\" data-e-type=\"widget\" data-widget_type=\"heading.default\">\n\t\t\t\t<div class=\"elementor-widget-container\">\n\t\t\t\t\t<h2 class=\"elementor-heading-title elementor-size-default\">Data preenchimento<\/h2>\t\t\t\t<\/div>\n\t\t\t\t<\/div>\n\t\t\t\t<div class=\"elementor-element elementor-element-2ec309c elementor-widget elementor-widget-text-editor\" data-id=\"2ec309c\" data-element_type=\"widget\" data-e-type=\"widget\" data-widget_type=\"text-editor.default\">\n\t\t\t\t<div class=\"elementor-widget-container\">\n\t\t\t\t\t\t\t\t\t<p>09\/03\/2026<\/p>\t\t\t\t\t\t\t\t<\/div>\n\t\t\t\t<\/div>\n\t\t\t\t<\/div>\n\t\t\t\t\t<\/div>\n\t\t\t\t<\/div>\n\t\t<div class=\"elementor-element elementor-element-65533c2 e-flex e-con-boxed e-con e-parent\" data-id=\"65533c2\" data-element_type=\"container\" data-e-type=\"container\">\n\t\t\t\t\t<div class=\"e-con-inner\">\n\t\t\t\t<div class=\"elementor-element elementor-element-883bbd7 elementor-widget elementor-widget-heading\" data-id=\"883bbd7\" data-element_type=\"widget\" data-e-type=\"widget\" data-widget_type=\"heading.default\">\n\t\t\t\t<div class=\"elementor-widget-container\">\n\t\t\t\t\t<h2 class=\"elementor-heading-title elementor-size-default\">A\u00e7\u00f5es Realizadas em 2025<\/h2>\t\t\t\t<\/div>\n\t\t\t\t<\/div>\n\t\t\t\t\t<\/div>\n\t\t\t\t<\/div>\n\t\t<div class=\"elementor-element elementor-element-b8932a2 e-flex e-con-boxed e-con e-parent\" data-id=\"b8932a2\" data-element_type=\"container\" data-e-type=\"container\">\n\t\t\t\t\t<div class=\"e-con-inner\">\n\t\t\t\t<div class=\"elementor-element elementor-element-cbebf14 elementor-widget elementor-widget-html\" data-id=\"cbebf14\" data-element_type=\"widget\" data-e-type=\"widget\" data-widget_type=\"html.default\">\n\t\t\t\t<div class=\"elementor-widget-container\">\n\t\t\t\t\t<style>\r\n    table {\r\n        border-collapse: collapse;\r\n        width: 100%;\r\n        color: #333;\r\n        font-size: 14px;\r\n        text-align: left;\r\n    }\r\n\r\n    th {\r\n        font-weight: 600;\r\n        text-transform: uppercase;\r\n        letter-spacing: 0.05em;\r\n        border-bottom: 2px solid #eee;\r\n        padding: 12px 15px;\r\n    }\r\n\r\n    td {\r\n        padding: 12px 15px;\r\n        border-bottom: 1px solid #f0f0f0;\r\n    }\r\n\r\n    tr:last-child td {\r\n        border-bottom: none;\r\n    }\r\n\r\n    tr:hover {\r\n        background-color: #fafafa;\r\n    }\r\n<\/style>\r\n\r\n<table>\r\n    <thead>\r\n        <tr>\r\n            <th><b>A\u00c7\u00c3O<\/b><\/th>\r\n            <th><b>PRAZO IN\u00cdCIO<\/b><\/th>\r\n            <th><b>PRAZO FIM<\/b><\/th>\r\n            <th><b>CUSTO (R$)<\/b><\/th>\r\n            <th><b>STATUS<\/b><\/th>\r\n        <\/tr>\r\n    <\/thead>\r\n    <tbody>\r\n        <tr>\r\n            <td>Agenda de planejamento da Comiss\u00e3o de Elabora\u00e7\u00e3o do Curr\u00edculo do Ensino M\u00e9dio<\/td>\r\n            <td>09\/05\/2025<\/td>\r\n            <td>-<\/td>\r\n            <td>-<\/td>\r\n            <td><i>Conclu\u00eddo<\/i><\/td>\r\n        <\/tr>\r\n        <tr>\r\n            <td>Reuni\u00f5es com a Comiss\u00e3o e as \u00c1reas para elabora\u00e7\u00e3o da proposta<\/td>\r\n            <td>15\/05\/2025<\/td>\r\n            <td>12\/12\/2025<\/td>\r\n            <td>-<\/td>\r\n            <td><i>Conclu\u00eddo<\/i><\/td>\r\n        <\/tr>\r\n        <tr>\r\n            <td>Aprova\u00e7\u00e3o do Relat\u00f3rio Parcial do Curr\u00edculo do Ensino M\u00e9dio<\/td>\r\n            <td>12\/12\/2025<\/td>\r\n            <td>-<\/td>\r\n            <td>-<\/td>\r\n            <td><i>Conclu\u00eddo<\/i><\/td>\r\n        <\/tr>\r\n    <\/tbody>\r\n<\/table>\t\t\t\t<\/div>\n\t\t\t\t<\/div>\n\t\t\t\t<div class=\"elementor-element elementor-element-879d54e elementor-widget elementor-widget-spacer\" data-id=\"879d54e\" data-element_type=\"widget\" data-e-type=\"widget\" data-widget_type=\"spacer.default\">\n\t\t\t\t<div class=\"elementor-widget-container\">\n\t\t\t\t\t\t\t<div class=\"elementor-spacer\">\n\t\t\t<div class=\"elementor-spacer-inner\"><\/div>\n\t\t<\/div>\n\t\t\t\t\t\t<\/div>\n\t\t\t\t<\/div>\n\t\t\t\t\t<\/div>\n\t\t\t\t<\/div>\n\t\t<div class=\"elementor-element elementor-element-3578354 e-flex e-con-boxed e-con e-parent\" data-id=\"3578354\" data-element_type=\"container\" data-e-type=\"container\">\n\t\t\t\t\t<div class=\"e-con-inner\">\n\t\t\t\t<div class=\"elementor-element elementor-element-27fd810 elementor-widget elementor-widget-html\" data-id=\"27fd810\" data-element_type=\"widget\" data-e-type=\"widget\" data-widget_type=\"html.default\">\n\t\t\t\t<div class=\"elementor-widget-container\">\n\t\t\t\t\t<style>\r\n\r\n        .cartao {\r\n            background: #fff;\r\n            padding: 20px;\r\n            border-radius: 12px;\r\n            width: 400px;\r\n            box-shadow: 0 4px 15px rgba(0,0,0,0.3);\r\n        }\r\n\r\n        .titulo {\r\n            font-weight: bold;\r\n            font-size: 14px;\r\n            color: #333;\r\n            margin-bottom: 5px;\r\n            display: block;\r\n        }\r\n\r\n\r\n        .fundo-barra {\r\n            background: #eee;\r\n            height: 10px;\r\n            border-radius: 5px;\r\n            overflow: hidden;\r\n            margin-bottom: 10px;\r\n        }\r\n\r\n        .progresso {\r\n            background: #000080;\r\n            height: 100%;\r\n            width: 50%; \r\n            animation: carregar 1.5s ease-out;\r\n        }\r\n\r\n        .valor {\r\n            text-align: right;\r\n            font-size: 24px;\r\n            font-weight: 800;\r\n            color: #000080;\r\n        }\r\n\r\n        @keyframes carregar {\r\n            from { width: 0; }\r\n        }\r\n    <\/style>\r\n\r\n<div>\r\n\r\n    <div class=\"cartao\">\r\n        <div class=\"titulo\">EVOLU\u00c7\u00c3O DA INICIATIVA<\/div>\r\n        <div class=\"fundo-barra\">\r\n            <div class=\"progresso\"><\/div>\r\n        <\/div>\r\n\r\n        <div class=\"valor\">50%<\/div>\r\n    <\/div>\r\n\r\n<\/div>\t\t\t\t<\/div>\n\t\t\t\t<\/div>\n\t\t\t\t\t<\/div>\n\t\t\t\t<\/div>\n\t\t\t\t<\/div>\n\t\t","protected":false},"excerpt":{"rendered":"<p>Unidade Respons\u00e1vel Col\u00e9gio de Aplica\u00e7\u00e3o Revis\u00e3o e atualiza\u00e7\u00e3o do curr\u00edculo para incorporar metodologias ativas e abordagens interdisciplinares com foco no Enem Em 2025, a Comiss\u00e3o iniciou os estudos e debates com a participa\u00e7\u00e3o de todas as \u00e1reas do conhecimento e, na assembleia do CAp realizada em 12 de dezembro de 2025, foi aprovado o Relat\u00f3rio&hellip; <a class=\"more-link\" href=\"https:\/\/estrategia.ufac.br\/?page_id=3030\">Continue lendo <span class=\"screen-reader-text\">Revis\u00e3o e atualiza\u00e7\u00e3o do curr\u00edculo para incorporar metodologias ativas e abordagens interdisciplinares com foco no Enem<\/span><\/a><\/p>\n","protected":false},"author":1,"featured_media":0,"parent":0,"menu_order":0,"comment_status":"closed","ping_status":"closed","template":"","meta":{"footnotes":""},"class_list":["post-3030","page","type-page","status-publish","hentry","entry"],"_links":{"self":[{"href":"https:\/\/estrategia.ufac.br\/index.php?rest_route=\/wp\/v2\/pages\/3030"}],"collection":[{"href":"https:\/\/estrategia.ufac.br\/index.php?rest_route=\/wp\/v2\/pages"}],"about":[{"href":"https:\/\/estrategia.ufac.br\/index.php?rest_route=\/wp\/v2\/types\/page"}],"author":[{"embeddable":true,"href":"https:\/\/estrategia.ufac.br\/index.php?rest_route=\/wp\/v2\/users\/1"}],"replies":[{"embeddable":true,"href":"https:\/\/estrategia.ufac.br\/index.php?rest_route=%2Fwp%2Fv2%2Fcomments&post=3030"}],"version-history":[{"count":4,"href":"https:\/\/estrategia.ufac.br\/index.php?rest_route=\/wp\/v2\/pages\/3030\/revisions"}],"predecessor-version":[{"id":3037,"href":"https:\/\/estrategia.ufac.br\/index.php?rest_route=\/wp\/v2\/pages\/3030\/revisions\/3037"}],"wp:attachment":[{"href":"https:\/\/estrategia.ufac.br\/index.php?rest_route=%2Fwp%2Fv2%2Fmedia&parent=3030"}],"curies":[{"name":"wp","href":"https:\/\/api.w.org\/{rel}","templated":true}]}}