{"id":3000,"date":"2026-05-11T10:44:59","date_gmt":"2026-05-11T15:44:59","guid":{"rendered":"https:\/\/estrategia.ufac.br\/?page_id=3000"},"modified":"2026-05-11T10:46:56","modified_gmt":"2026-05-11T15:46:56","slug":"transformacao-da-unidade-de-ensino-e-pesquisa-em-medicina-veterinaria-dr-mario-alves-ribeiro-em-hospital-veterinario","status":"publish","type":"page","link":"https:\/\/estrategia.ufac.br\/?page_id=3000","title":{"rendered":"Transforma\u00e7\u00e3o da Unidade de Ensino e Pesquisa em Medicina Veterin\u00e1ria Dr. M\u00e1rio Alves Ribeiro em Hospital Veterin\u00e1rio"},"content":{"rendered":"\t\t<div data-elementor-type=\"wp-page\" data-elementor-id=\"3000\" class=\"elementor elementor-3000\">\n\t\t\t\t<div class=\"elementor-element elementor-element-1649a03 e-flex e-con-boxed e-con e-parent\" data-id=\"1649a03\" data-element_type=\"container\" data-e-type=\"container\">\n\t\t\t\t\t<div class=\"e-con-inner\">\n\t\t\t\t<div class=\"elementor-element elementor-element-46c156f elementor-widget elementor-widget-heading\" data-id=\"46c156f\" data-element_type=\"widget\" data-e-type=\"widget\" data-widget_type=\"heading.default\">\n\t\t\t\t<div class=\"elementor-widget-container\">\n\t\t\t\t\t<h2 class=\"elementor-heading-title elementor-size-default\">Unidade Respons\u00e1vel<\/h2>\t\t\t\t<\/div>\n\t\t\t\t<\/div>\n\t\t\t\t<div class=\"elementor-element elementor-element-6bb9b69 elementor-widget elementor-widget-text-editor\" data-id=\"6bb9b69\" data-element_type=\"widget\" data-e-type=\"widget\" data-widget_type=\"text-editor.default\">\n\t\t\t\t<div class=\"elementor-widget-container\">\n\t\t\t\t\t\t\t\t\t<p>UEPMV &#8211; Unidade de Ensino e Pesquisa em Medicina Veterin\u00e1ria<\/p>\t\t\t\t\t\t\t\t<\/div>\n\t\t\t\t<\/div>\n\t\t\t\t<div class=\"elementor-element elementor-element-ddf6477 elementor-widget elementor-widget-heading\" data-id=\"ddf6477\" data-element_type=\"widget\" data-e-type=\"widget\" data-widget_type=\"heading.default\">\n\t\t\t\t<div class=\"elementor-widget-container\">\n\t\t\t\t\t<h2 class=\"elementor-heading-title elementor-size-default\">Transforma\u00e7\u00e3o da Unidade de Ensino e Pesquisa em\nMedicina Veterin\u00e1ria Dr.<\/h2>\t\t\t\t<\/div>\n\t\t\t\t<\/div>\n\t\t\t\t<div class=\"elementor-element elementor-element-45fe995 elementor-widget elementor-widget-text-editor\" data-id=\"45fe995\" data-element_type=\"widget\" data-e-type=\"widget\" data-widget_type=\"text-editor.default\">\n\t\t\t\t<div class=\"elementor-widget-container\">\n\t\t\t\t\t\t\t\t\t<p>A a\u00e7\u00e3o 1 \u2013 foi iniciada por meio da contrata\u00e7\u00e3o de 3 m\u00e9dicos veterinparios por meio de emenda parlamentar executada na fundape. N\u00e3o houve novas contrata\u00e7\u00f5es pela Universidade. A a\u00e7\u00e3o 2 \u2013 Possui solicita\u00e7\u00f5es cont\u00ednuas, conforme desgate de equipamentos, necessidade de manuten\u00e7\u00e3o preventiva e corretiva dos equipamentos, assim como do pr\u00e9dio. A Ufac destinou recurso de 700 mil em 2025 para aquisi\u00e7\u00e3o de equipamentos para a UEPMV.\u00a0<span style=\"font-size: 16.8px;\">A a\u00e7\u00e3o 3 \u2013 Esta sendo realizado por meio de um projeto de extens\u00e3o \u2013 Por meio da Propeg-Ufac-\u00a0<\/span><span style=\"font-size: 16.8px;\">Fundape \u2013 Emenda parlamentar destinada pela Senador Alan Rick \u2013 que envolve contrata\u00e7\u00e3o de\u00a0<\/span><span style=\"font-size: 16.8px;\">m\u00e9dicos veterin\u00e1rios, aquisi\u00e7\u00e3o de materiais de consumo para manuten\u00e7\u00e3o de atendimentos\u00a0<\/span><span style=\"font-size: 16.8px;\">gratuitos \u00e0 popula\u00e7\u00e3o,\u00a0<\/span><span style=\"font-size: 16.8px;\">A a\u00e7\u00e3o 4 e 5 \u2013 Foi realizado em conjunto com a Prefcan Projeto de amplia\u00e7\u00e3o da UEPMV,\u00a0<\/span><span style=\"font-size: 16.8px;\">estamos aguardando recurso financeiro para a execu\u00e7\u00e3o da obra.\u00a0<\/span><span style=\"font-size: 16.8px;\">A a\u00e7\u00e3o 6 \u2013 ser\u00e1 desenvolvida anualmente em conjunto com protetores e em conjunto com os\u00a0<\/span><span style=\"font-size: 16.8px;\">programas que desenvolvemos em parceria com pol\u00edticos \u2013 Projeto Frente Animal e Projeto\u00a0<\/span><span style=\"font-size: 16.8px;\">Cuidar \u2013 que proporciona atendimento gratuito a c\u00e3es e gatos da popula\u00e7\u00e3o em vulnerabilidade\u00a0<\/span><span style=\"font-size: 16.8px;\">social e protetores independentes e Ong\u2019s.<\/span><\/p>\t\t\t\t\t\t\t\t<\/div>\n\t\t\t\t<\/div>\n\t\t\t\t\t<\/div>\n\t\t\t\t<\/div>\n\t\t<div class=\"elementor-element elementor-element-52947de e-grid e-con-boxed e-con e-parent\" data-id=\"52947de\" data-element_type=\"container\" data-e-type=\"container\">\n\t\t\t\t\t<div class=\"e-con-inner\">\n\t\t<div class=\"elementor-element elementor-element-10234d5 e-con-full e-flex e-con e-child\" data-id=\"10234d5\" data-element_type=\"container\" data-e-type=\"container\">\n\t\t\t\t<div class=\"elementor-element elementor-element-b73ee44 elementor-widget elementor-widget-heading\" data-id=\"b73ee44\" data-element_type=\"widget\" data-e-type=\"widget\" data-widget_type=\"heading.default\">\n\t\t\t\t<div class=\"elementor-widget-container\">\n\t\t\t\t\t<h2 class=\"elementor-heading-title elementor-size-default\">Respons\u00e1vel pelo preenchimento <\/h2>\t\t\t\t<\/div>\n\t\t\t\t<\/div>\n\t\t\t\t<div class=\"elementor-element elementor-element-ef59ae9 elementor-widget elementor-widget-text-editor\" data-id=\"ef59ae9\" data-element_type=\"widget\" data-e-type=\"widget\" data-widget_type=\"text-editor.default\">\n\t\t\t\t<div class=\"elementor-widget-container\">\n\t\t\t\t\t\t\t\t\t<p>Gleice Kelly Carvalho Bento<\/p>\t\t\t\t\t\t\t\t<\/div>\n\t\t\t\t<\/div>\n\t\t\t\t<\/div>\n\t\t<div class=\"elementor-element elementor-element-67f9a36 e-con-full e-flex e-con e-child\" data-id=\"67f9a36\" data-element_type=\"container\" data-e-type=\"container\">\n\t\t\t\t<div class=\"elementor-element elementor-element-06d6370 elementor-widget elementor-widget-heading\" data-id=\"06d6370\" data-element_type=\"widget\" data-e-type=\"widget\" data-widget_type=\"heading.default\">\n\t\t\t\t<div class=\"elementor-widget-container\">\n\t\t\t\t\t<h2 class=\"elementor-heading-title elementor-size-default\">Data preenchimento<\/h2>\t\t\t\t<\/div>\n\t\t\t\t<\/div>\n\t\t\t\t<div class=\"elementor-element elementor-element-e07aeb6 elementor-widget elementor-widget-text-editor\" data-id=\"e07aeb6\" data-element_type=\"widget\" data-e-type=\"widget\" data-widget_type=\"text-editor.default\">\n\t\t\t\t<div class=\"elementor-widget-container\">\n\t\t\t\t\t\t\t\t\t<p>13\/02\/2026<\/p>\t\t\t\t\t\t\t\t<\/div>\n\t\t\t\t<\/div>\n\t\t\t\t<\/div>\n\t\t\t\t\t<\/div>\n\t\t\t\t<\/div>\n\t\t<div class=\"elementor-element elementor-element-b5ed138 e-flex e-con-boxed e-con e-parent\" data-id=\"b5ed138\" data-element_type=\"container\" data-e-type=\"container\">\n\t\t\t\t\t<div class=\"e-con-inner\">\n\t\t\t\t<div class=\"elementor-element elementor-element-b2e4a5a elementor-widget elementor-widget-heading\" data-id=\"b2e4a5a\" data-element_type=\"widget\" data-e-type=\"widget\" data-widget_type=\"heading.default\">\n\t\t\t\t<div class=\"elementor-widget-container\">\n\t\t\t\t\t<h2 class=\"elementor-heading-title elementor-size-default\">A\u00e7\u00f5es Realizadas em 2025<\/h2>\t\t\t\t<\/div>\n\t\t\t\t<\/div>\n\t\t\t\t\t<\/div>\n\t\t\t\t<\/div>\n\t\t<div class=\"elementor-element elementor-element-84e33d8 e-flex e-con-boxed e-con e-parent\" data-id=\"84e33d8\" data-element_type=\"container\" data-e-type=\"container\">\n\t\t\t\t\t<div class=\"e-con-inner\">\n\t\t\t\t<div class=\"elementor-element elementor-element-e282375 elementor-widget elementor-widget-html\" data-id=\"e282375\" data-element_type=\"widget\" data-e-type=\"widget\" data-widget_type=\"html.default\">\n\t\t\t\t<div class=\"elementor-widget-container\">\n\t\t\t\t\t<style>\r\n    table {\r\n        border-collapse: collapse;\r\n        width: 100%;\r\n        color: #333;\r\n        font-size: 14px;\r\n        text-align: left;\r\n    }\r\n\r\n    th {\r\n        font-weight: 600;\r\n        text-transform: uppercase;\r\n        letter-spacing: 0.05em;\r\n        border-bottom: 2px solid #eee;\r\n        padding: 12px 15px;\r\n    }\r\n\r\n    td {\r\n        padding: 12px 15px;\r\n        border-bottom: 1px solid #f0f0f0;\r\n    }\r\n\r\n    tr:last-child td {\r\n        border-bottom: none;\r\n    }\r\n\r\n    tr:hover {\r\n        background-color: #fafafa;\r\n    }\r\n<\/style>\r\n\r\n<table>\r\n    <thead>\r\n        <tr>\r\n            <th><b>A\u00c7\u00c3O<\/b><\/th>\r\n            <th><b>PRAZO IN\u00cdCIO<\/b><\/th>\r\n            <th><b>PRAZO FIM<\/b><\/th>\r\n            <th><b>CUSTO (R$)<\/b><\/th>\r\n            <th><b>STATUS<\/b><\/th>\r\n        <\/tr>\r\n    <\/thead>\r\n    <tbody>\r\n        <tr>\r\n            <td>A\u00e7\u00e3o 1- Contrata\u00e7\u00e3o de TAE's (t\u00e9cnico de laborat\u00f3rio, t\u00e9cnico agr\u00edcola, auxiliar em enfermagem, t\u00e9cnico administrativo, t\u00e9cnico em Radiologia, M\u00e9dicos Veterin\u00e1rios, Administrador, Assistente Social, Farmac\u00eautico) que auxiliem na Manuten\u00e7\u00e3o e gest\u00e3o do Hospital Veterin\u00e1rio.<\/td>\r\n            <td>2025<\/td>\r\n            <td>2026<\/td>\r\n            <td>180.000,00<\/td>\r\n            <td><i>Em execu\u00e7\u00e3o<\/i><\/td>\r\n        <\/tr>\r\n        <tr>\r\n            <td>A\u00e7\u00e3o 2- Apoio financeiro para manuten\u00e7\u00e3o predial e de equipamentos<\/td>\r\n            <td>2025<\/td>\r\n            <td>2030<\/td>\r\n            <td>700.000,00<\/td>\r\n            <td><i>Em execu\u00e7\u00e3o<\/i><\/td>\r\n        <\/tr>\r\n        <tr>\r\n            <td>A\u00e7\u00e3o 3- Apoio financeiro para a manuten\u00e7\u00e3o do Programa de Aprimoramento em Pr\u00e1ticas Hospitalares e Contrata\u00e7\u00e3o de funcion\u00e1rios terceirizados.<\/td>\r\n            <td>2025<\/td>\r\n            <td>2027<\/td>\r\n            <td>2 milh\u00f5es<\/td>\r\n            <td><i>Em execu\u00e7\u00e3o<\/i><\/td>\r\n        <\/tr>\r\n        <tr>\r\n            <td>A\u00e7\u00e3o 4- Aux\u00edlio para a transforma\u00e7\u00e3o de a\u00e7\u00f5es conjuntas da PRAD, PROPLAN, PREFCAM, PRAD, Or\u00e7amento<\/td>\r\n            <td>2025<\/td>\r\n            <td>2030<\/td>\r\n            <td>5 milhoes<\/td>\r\n            <td><i>Em execu\u00e7\u00e3o<\/i><\/td>\r\n        <\/tr>\r\n        <tr>\r\n            <td>A\u00e7\u00e3o 5- Manuten\u00e7\u00e3o, moderniza\u00e7\u00e3o, amplia\u00e7\u00e3o das salas de atendimento, assim como a inclus\u00e3o de novas \u00e1reas de atendimento como as de Grandes Animais e Animais Silvestres.<\/td>\r\n            <td>2025<\/td>\r\n            <td>2030<\/td>\r\n            <td>-<\/td>\r\n            <td><i>N\u00e3o iniciada<\/i><\/td>\r\n        <\/tr>\r\n        <tr>\r\n            <td>A\u00e7\u00e3o 6- Promover campanhas de castra\u00e7\u00e3o, ado\u00e7\u00e3o e conscientiza\u00e7\u00e3o sobre a posse respons\u00e1vel de c\u00e3es e gatos.<\/td>\r\n            <td>2025<\/td>\r\n            <td>2030<\/td>\r\n            <td>-<\/td>\r\n            <td><i>Em execu\u00e7\u00e3o<\/i><\/td>\r\n        <\/tr>\r\n    <\/tbody>\r\n<\/table>\t\t\t\t<\/div>\n\t\t\t\t<\/div>\n\t\t\t\t<div class=\"elementor-element elementor-element-b63e544 elementor-widget elementor-widget-spacer\" data-id=\"b63e544\" data-element_type=\"widget\" data-e-type=\"widget\" data-widget_type=\"spacer.default\">\n\t\t\t\t<div class=\"elementor-widget-container\">\n\t\t\t\t\t\t\t<div class=\"elementor-spacer\">\n\t\t\t<div class=\"elementor-spacer-inner\"><\/div>\n\t\t<\/div>\n\t\t\t\t\t\t<\/div>\n\t\t\t\t<\/div>\n\t\t\t\t\t<\/div>\n\t\t\t\t<\/div>\n\t\t<div class=\"elementor-element elementor-element-e8f05fb e-flex e-con-boxed e-con e-parent\" data-id=\"e8f05fb\" data-element_type=\"container\" data-e-type=\"container\">\n\t\t\t\t\t<div class=\"e-con-inner\">\n\t\t\t\t<div class=\"elementor-element elementor-element-44b0b31 elementor-widget elementor-widget-html\" data-id=\"44b0b31\" data-element_type=\"widget\" data-e-type=\"widget\" data-widget_type=\"html.default\">\n\t\t\t\t<div class=\"elementor-widget-container\">\n\t\t\t\t\t<style>\r\n\r\n        .cartao {\r\n            background: #fff;\r\n            padding: 20px;\r\n            border-radius: 12px;\r\n            width: 400px;\r\n            box-shadow: 0 4px 15px rgba(0,0,0,0.3);\r\n        }\r\n\r\n        .titulo {\r\n            font-weight: bold;\r\n            font-size: 14px;\r\n            color: #333;\r\n            margin-bottom: 5px;\r\n            display: block;\r\n        }\r\n\r\n\r\n        .fundo-barra {\r\n            background: #eee;\r\n            height: 10px;\r\n            border-radius: 5px;\r\n            overflow: hidden;\r\n            margin-bottom: 10px;\r\n        }\r\n\r\n        .progresso {\r\n            background: #000080;\r\n            height: 100%;\r\n            width: 30%; \r\n            animation: carregar 1.5s ease-out;\r\n        }\r\n\r\n        .valor {\r\n            text-align: right;\r\n            font-size: 24px;\r\n            font-weight: 800;\r\n            color: #000080;\r\n        }\r\n\r\n        @keyframes carregar {\r\n            from { width: 0; }\r\n        }\r\n    <\/style>\r\n\r\n<div>\r\n\r\n    <div class=\"cartao\">\r\n        <div class=\"titulo\">EVOLU\u00c7\u00c3O DA INICIATIVA<\/div>\r\n        <div class=\"fundo-barra\">\r\n            <div class=\"progresso\"><\/div>\r\n        <\/div>\r\n\r\n        <div class=\"valor\">30%<\/div>\r\n    <\/div>\r\n\r\n<\/div>\t\t\t\t<\/div>\n\t\t\t\t<\/div>\n\t\t\t\t\t<\/div>\n\t\t\t\t<\/div>\n\t\t\t\t<\/div>\n\t\t","protected":false},"excerpt":{"rendered":"<p>Unidade Respons\u00e1vel UEPMV &#8211; Unidade de Ensino e Pesquisa em Medicina Veterin\u00e1ria Transforma\u00e7\u00e3o da Unidade de Ensino e Pesquisa em Medicina Veterin\u00e1ria Dr. A a\u00e7\u00e3o 1 \u2013 foi iniciada por meio da contrata\u00e7\u00e3o de 3 m\u00e9dicos veterinparios por meio de emenda parlamentar executada na fundape. N\u00e3o houve novas contrata\u00e7\u00f5es pela Universidade. A a\u00e7\u00e3o 2 \u2013&hellip; <a class=\"more-link\" href=\"https:\/\/estrategia.ufac.br\/?page_id=3000\">Continue lendo <span class=\"screen-reader-text\">Transforma\u00e7\u00e3o da Unidade de Ensino e Pesquisa em Medicina Veterin\u00e1ria Dr. M\u00e1rio Alves Ribeiro em Hospital Veterin\u00e1rio<\/span><\/a><\/p>\n","protected":false},"author":1,"featured_media":0,"parent":0,"menu_order":0,"comment_status":"closed","ping_status":"closed","template":"","meta":{"footnotes":""},"class_list":["post-3000","page","type-page","status-publish","hentry","entry"],"_links":{"self":[{"href":"https:\/\/estrategia.ufac.br\/index.php?rest_route=\/wp\/v2\/pages\/3000"}],"collection":[{"href":"https:\/\/estrategia.ufac.br\/index.php?rest_route=\/wp\/v2\/pages"}],"about":[{"href":"https:\/\/estrategia.ufac.br\/index.php?rest_route=\/wp\/v2\/types\/page"}],"author":[{"embeddable":true,"href":"https:\/\/estrategia.ufac.br\/index.php?rest_route=\/wp\/v2\/users\/1"}],"replies":[{"embeddable":true,"href":"https:\/\/estrategia.ufac.br\/index.php?rest_route=%2Fwp%2Fv2%2Fcomments&post=3000"}],"version-history":[{"count":4,"href":"https:\/\/estrategia.ufac.br\/index.php?rest_route=\/wp\/v2\/pages\/3000\/revisions"}],"predecessor-version":[{"id":3004,"href":"https:\/\/estrategia.ufac.br\/index.php?rest_route=\/wp\/v2\/pages\/3000\/revisions\/3004"}],"wp:attachment":[{"href":"https:\/\/estrategia.ufac.br\/index.php?rest_route=%2Fwp%2Fv2%2Fmedia&parent=3000"}],"curies":[{"name":"wp","href":"https:\/\/api.w.org\/{rel}","templated":true}]}}