{"id":2992,"date":"2026-05-11T10:39:00","date_gmt":"2026-05-11T15:39:00","guid":{"rendered":"https:\/\/estrategia.ufac.br\/?page_id=2992"},"modified":"2026-05-11T10:39:42","modified_gmt":"2026-05-11T15:39:42","slug":"execucao-de-acoes-anuais-para-consolidar-as-atividades-de-ensino-pesquisa-e-extensao-na-graduacao-e-pos-graduacao","status":"publish","type":"page","link":"https:\/\/estrategia.ufac.br\/?page_id=2992","title":{"rendered":"Execu\u00e7\u00e3o de a\u00e7\u00f5es anuais para consolidar as atividades de ensino, pesquisa e extens\u00e3o na gradua\u00e7\u00e3o e p\u00f3s-gradua\u00e7\u00e3o"},"content":{"rendered":"\t\t<div data-elementor-type=\"wp-page\" data-elementor-id=\"2992\" class=\"elementor elementor-2992\">\n\t\t\t\t<div class=\"elementor-element elementor-element-bce63c5 e-flex e-con-boxed e-con e-parent\" data-id=\"bce63c5\" data-element_type=\"container\" data-e-type=\"container\">\n\t\t\t\t\t<div class=\"e-con-inner\">\n\t\t\t\t<div class=\"elementor-element elementor-element-ed3f931 elementor-widget elementor-widget-heading\" data-id=\"ed3f931\" data-element_type=\"widget\" data-e-type=\"widget\" data-widget_type=\"heading.default\">\n\t\t\t\t<div class=\"elementor-widget-container\">\n\t\t\t\t\t<h2 class=\"elementor-heading-title elementor-size-default\">Unidade Respons\u00e1vel<\/h2>\t\t\t\t<\/div>\n\t\t\t\t<\/div>\n\t\t\t\t<div class=\"elementor-element elementor-element-c593254 elementor-widget elementor-widget-text-editor\" data-id=\"c593254\" data-element_type=\"widget\" data-e-type=\"widget\" data-widget_type=\"text-editor.default\">\n\t\t\t\t<div class=\"elementor-widget-container\">\n\t\t\t\t\t\t\t\t\t<p>UEPMV &#8211; Unidade de Ensino e Pesquisa em Medicina Veterin\u00e1ria<\/p>\t\t\t\t\t\t\t\t<\/div>\n\t\t\t\t<\/div>\n\t\t\t\t<div class=\"elementor-element elementor-element-95f2a57 elementor-widget elementor-widget-heading\" data-id=\"95f2a57\" data-element_type=\"widget\" data-e-type=\"widget\" data-widget_type=\"heading.default\">\n\t\t\t\t<div class=\"elementor-widget-container\">\n\t\t\t\t\t<h2 class=\"elementor-heading-title elementor-size-default\">Execu\u00e7\u00e3o de a\u00e7\u00f5es anuais para consolidar as\natividades de ensino, pesquisa e extens\u00e3o na\ngradua\u00e7\u00e3o e p\u00f3s-gradua\u00e7\u00e3o<\/h2>\t\t\t\t<\/div>\n\t\t\t\t<\/div>\n\t\t\t\t<div class=\"elementor-element elementor-element-2d7a04b elementor-widget elementor-widget-text-editor\" data-id=\"2d7a04b\" data-element_type=\"widget\" data-e-type=\"widget\" data-widget_type=\"text-editor.default\">\n\t\t\t\t<div class=\"elementor-widget-container\">\n\t\t\t\t\t\t\t\t\t<p>Possu\u00edmos o projeto de extens\u00e3o em pr\u00e1ticas hospitalares \u2013 que oferta est\u00e1gio aos alunos de Medicina Veterin\u00e1ria na UEPMV- onde os alunos fazem a viv\u00eancia pr\u00e1tica. Possu\u00edmos tamb\u00e9m o Grupo de estudos em pequenos animais, onde realizamos palestras mensais de interesse dos alunos e realizamos cursos, como o de suturas.<\/p>\t\t\t\t\t\t\t\t<\/div>\n\t\t\t\t<\/div>\n\t\t\t\t\t<\/div>\n\t\t\t\t<\/div>\n\t\t<div class=\"elementor-element elementor-element-c9fcaee e-grid e-con-boxed e-con e-parent\" data-id=\"c9fcaee\" data-element_type=\"container\" data-e-type=\"container\">\n\t\t\t\t\t<div class=\"e-con-inner\">\n\t\t<div class=\"elementor-element elementor-element-b16e19e e-con-full e-flex e-con e-child\" data-id=\"b16e19e\" data-element_type=\"container\" data-e-type=\"container\">\n\t\t\t\t<div class=\"elementor-element elementor-element-4b781b3 elementor-widget elementor-widget-heading\" data-id=\"4b781b3\" data-element_type=\"widget\" data-e-type=\"widget\" data-widget_type=\"heading.default\">\n\t\t\t\t<div class=\"elementor-widget-container\">\n\t\t\t\t\t<h2 class=\"elementor-heading-title elementor-size-default\">Respons\u00e1vel pelo preenchimento <\/h2>\t\t\t\t<\/div>\n\t\t\t\t<\/div>\n\t\t\t\t<div class=\"elementor-element elementor-element-dc9bd58 elementor-widget elementor-widget-text-editor\" data-id=\"dc9bd58\" data-element_type=\"widget\" data-e-type=\"widget\" data-widget_type=\"text-editor.default\">\n\t\t\t\t<div class=\"elementor-widget-container\">\n\t\t\t\t\t\t\t\t\t<p>Gleice Kelly Carvalho Bento<\/p>\t\t\t\t\t\t\t\t<\/div>\n\t\t\t\t<\/div>\n\t\t\t\t<\/div>\n\t\t<div class=\"elementor-element elementor-element-9149440 e-con-full e-flex e-con e-child\" data-id=\"9149440\" data-element_type=\"container\" data-e-type=\"container\">\n\t\t\t\t<div class=\"elementor-element elementor-element-b204b5f elementor-widget elementor-widget-heading\" data-id=\"b204b5f\" data-element_type=\"widget\" data-e-type=\"widget\" data-widget_type=\"heading.default\">\n\t\t\t\t<div class=\"elementor-widget-container\">\n\t\t\t\t\t<h2 class=\"elementor-heading-title elementor-size-default\">Data preenchimento<\/h2>\t\t\t\t<\/div>\n\t\t\t\t<\/div>\n\t\t\t\t<div class=\"elementor-element elementor-element-a2ab070 elementor-widget elementor-widget-text-editor\" data-id=\"a2ab070\" data-element_type=\"widget\" data-e-type=\"widget\" data-widget_type=\"text-editor.default\">\n\t\t\t\t<div class=\"elementor-widget-container\">\n\t\t\t\t\t\t\t\t\t<p>13\/02\/2026<\/p>\t\t\t\t\t\t\t\t<\/div>\n\t\t\t\t<\/div>\n\t\t\t\t<\/div>\n\t\t\t\t\t<\/div>\n\t\t\t\t<\/div>\n\t\t<div class=\"elementor-element elementor-element-227cd7e e-flex e-con-boxed e-con e-parent\" data-id=\"227cd7e\" data-element_type=\"container\" data-e-type=\"container\">\n\t\t\t\t\t<div class=\"e-con-inner\">\n\t\t\t\t<div class=\"elementor-element elementor-element-5c0503f elementor-widget elementor-widget-heading\" data-id=\"5c0503f\" data-element_type=\"widget\" data-e-type=\"widget\" data-widget_type=\"heading.default\">\n\t\t\t\t<div class=\"elementor-widget-container\">\n\t\t\t\t\t<h2 class=\"elementor-heading-title elementor-size-default\">A\u00e7\u00f5es Realizadas em 2025<\/h2>\t\t\t\t<\/div>\n\t\t\t\t<\/div>\n\t\t\t\t\t<\/div>\n\t\t\t\t<\/div>\n\t\t<div class=\"elementor-element elementor-element-dbd3069 e-flex e-con-boxed e-con e-parent\" data-id=\"dbd3069\" data-element_type=\"container\" data-e-type=\"container\">\n\t\t\t\t\t<div class=\"e-con-inner\">\n\t\t\t\t<div class=\"elementor-element elementor-element-028aa13 elementor-widget elementor-widget-html\" data-id=\"028aa13\" data-element_type=\"widget\" data-e-type=\"widget\" data-widget_type=\"html.default\">\n\t\t\t\t<div class=\"elementor-widget-container\">\n\t\t\t\t\t<style>\r\n    table {\r\n        border-collapse: collapse;\r\n        width: 100%;\r\n        color: #333;\r\n        font-size: 14px;\r\n        text-align: left;\r\n    }\r\n\r\n    th {\r\n        font-weight: 600;\r\n        text-transform: uppercase;\r\n        letter-spacing: 0.05em;\r\n        border-bottom: 2px solid #eee;\r\n        padding: 12px 15px;\r\n    }\r\n\r\n    td {\r\n        padding: 12px 15px;\r\n        border-bottom: 1px solid #f0f0f0;\r\n    }\r\n\r\n    tr:last-child td {\r\n        border-bottom: none;\r\n    }\r\n\r\n    tr:hover {\r\n        background-color: #fafafa;\r\n    }\r\n<\/style>\r\n\r\n<table>\r\n    <thead>\r\n        <tr>\r\n            <th><b>A\u00c7\u00c3O<\/b><\/th>\r\n            <th><b>PRAZO IN\u00cdCIO<\/b><\/th>\r\n            <th><b>PRAZO FIM<\/b><\/th>\r\n            <th><b>CUSTO (R$)<\/b><\/th>\r\n            <th><b>STATUS<\/b><\/th>\r\n        <\/tr>\r\n    <\/thead>\r\n    <tbody>\r\n        <tr>\r\n            <td>A\u00e7\u00e3o 1- Cria\u00e7\u00e3o de projetos de extens\u00e3o promovendo a perman\u00eancia dos alunos de gradua\u00e7\u00e3o e p\u00f3s-gradua\u00e7\u00e3o aos atendimentos realizados pela UV \u2013 Projeto de extens\u00e3o pr\u00e1ticas hospitalares.<\/td>\r\n            <td>2024<\/td>\r\n            <td>Fluxo cont\u00ednuo<\/td>\r\n            <td>0<\/td>\r\n            <td><i>Em execu\u00e7\u00e3o<\/i><\/td>\r\n        <\/tr>\r\n        <tr>\r\n            <td>A\u00e7\u00e3o 2- Realiza\u00e7\u00e3o de cursos \u2013 Minicurso de suturas (GEPA)<\/td>\r\n            <td>2025<\/td>\r\n            <td>2025<\/td>\r\n            <td>0<\/td>\r\n            <td><i>Conclu\u00edda<\/i><\/td>\r\n        <\/tr>\r\n        <tr>\r\n            <td>A\u00e7\u00e3o 3- Promo\u00e7\u00e3o de campanhas de castra\u00e7\u00e3o de c\u00e3es e gatos; Promo\u00e7\u00e3o de atividades de conscientiza\u00e7\u00e3o acerca da posse respons\u00e1vel de animais.<\/td>\r\n            <td>05\/05\/2026<\/td>\r\n            <td>2026<\/td>\r\n            <td>0<\/td>\r\n            <td><i>N\u00e3o iniciada<\/i><\/td>\r\n        <\/tr>\r\n    <\/tbody>\r\n<\/table>\t\t\t\t<\/div>\n\t\t\t\t<\/div>\n\t\t\t\t<div class=\"elementor-element elementor-element-537fc75 elementor-widget elementor-widget-spacer\" data-id=\"537fc75\" data-element_type=\"widget\" data-e-type=\"widget\" data-widget_type=\"spacer.default\">\n\t\t\t\t<div class=\"elementor-widget-container\">\n\t\t\t\t\t\t\t<div class=\"elementor-spacer\">\n\t\t\t<div class=\"elementor-spacer-inner\"><\/div>\n\t\t<\/div>\n\t\t\t\t\t\t<\/div>\n\t\t\t\t<\/div>\n\t\t\t\t\t<\/div>\n\t\t\t\t<\/div>\n\t\t<div class=\"elementor-element elementor-element-0ce5fc1 e-flex e-con-boxed e-con e-parent\" data-id=\"0ce5fc1\" data-element_type=\"container\" data-e-type=\"container\">\n\t\t\t\t\t<div class=\"e-con-inner\">\n\t\t\t\t<div class=\"elementor-element elementor-element-2bdb643 elementor-widget elementor-widget-html\" data-id=\"2bdb643\" data-element_type=\"widget\" data-e-type=\"widget\" data-widget_type=\"html.default\">\n\t\t\t\t<div class=\"elementor-widget-container\">\n\t\t\t\t\t<style>\r\n\r\n        .cartao {\r\n            background: #fff;\r\n            padding: 20px;\r\n            border-radius: 12px;\r\n            width: 400px;\r\n            box-shadow: 0 4px 15px rgba(0,0,0,0.3);\r\n        }\r\n\r\n        .titulo {\r\n            font-weight: bold;\r\n            font-size: 14px;\r\n            color: #333;\r\n            margin-bottom: 5px;\r\n            display: block;\r\n        }\r\n\r\n\r\n        .fundo-barra {\r\n            background: #eee;\r\n            height: 10px;\r\n            border-radius: 5px;\r\n            overflow: hidden;\r\n            margin-bottom: 10px;\r\n        }\r\n\r\n        .progresso {\r\n            background: #000080;\r\n            height: 100%;\r\n            width: 40%; \r\n            animation: carregar 1.5s ease-out;\r\n        }\r\n\r\n        .valor {\r\n            text-align: right;\r\n            font-size: 24px;\r\n            font-weight: 800;\r\n            color: #000080;\r\n        }\r\n\r\n        @keyframes carregar {\r\n            from { width: 0; }\r\n        }\r\n    <\/style>\r\n\r\n<div>\r\n\r\n    <div class=\"cartao\">\r\n        <div class=\"titulo\">EVOLU\u00c7\u00c3O DA INICIATIVA<\/div>\r\n        <div class=\"fundo-barra\">\r\n            <div class=\"progresso\"><\/div>\r\n        <\/div>\r\n\r\n        <div class=\"valor\">40%<\/div>\r\n    <\/div>\r\n\r\n<\/div>\t\t\t\t<\/div>\n\t\t\t\t<\/div>\n\t\t\t\t\t<\/div>\n\t\t\t\t<\/div>\n\t\t\t\t<\/div>\n\t\t","protected":false},"excerpt":{"rendered":"<p>Unidade Respons\u00e1vel UEPMV &#8211; Unidade de Ensino e Pesquisa em Medicina Veterin\u00e1ria Execu\u00e7\u00e3o de a\u00e7\u00f5es anuais para consolidar as atividades de ensino, pesquisa e extens\u00e3o na gradua\u00e7\u00e3o e p\u00f3s-gradua\u00e7\u00e3o Possu\u00edmos o projeto de extens\u00e3o em pr\u00e1ticas hospitalares \u2013 que oferta est\u00e1gio aos alunos de Medicina Veterin\u00e1ria na UEPMV- onde os alunos fazem a viv\u00eancia pr\u00e1tica.&hellip; <a class=\"more-link\" href=\"https:\/\/estrategia.ufac.br\/?page_id=2992\">Continue lendo <span class=\"screen-reader-text\">Execu\u00e7\u00e3o de a\u00e7\u00f5es anuais para consolidar as atividades de ensino, pesquisa e extens\u00e3o na gradua\u00e7\u00e3o e p\u00f3s-gradua\u00e7\u00e3o<\/span><\/a><\/p>\n","protected":false},"author":1,"featured_media":0,"parent":0,"menu_order":0,"comment_status":"closed","ping_status":"closed","template":"","meta":{"footnotes":""},"class_list":["post-2992","page","type-page","status-publish","hentry","entry"],"_links":{"self":[{"href":"https:\/\/estrategia.ufac.br\/index.php?rest_route=\/wp\/v2\/pages\/2992"}],"collection":[{"href":"https:\/\/estrategia.ufac.br\/index.php?rest_route=\/wp\/v2\/pages"}],"about":[{"href":"https:\/\/estrategia.ufac.br\/index.php?rest_route=\/wp\/v2\/types\/page"}],"author":[{"embeddable":true,"href":"https:\/\/estrategia.ufac.br\/index.php?rest_route=\/wp\/v2\/users\/1"}],"replies":[{"embeddable":true,"href":"https:\/\/estrategia.ufac.br\/index.php?rest_route=%2Fwp%2Fv2%2Fcomments&post=2992"}],"version-history":[{"count":4,"href":"https:\/\/estrategia.ufac.br\/index.php?rest_route=\/wp\/v2\/pages\/2992\/revisions"}],"predecessor-version":[{"id":2996,"href":"https:\/\/estrategia.ufac.br\/index.php?rest_route=\/wp\/v2\/pages\/2992\/revisions\/2996"}],"wp:attachment":[{"href":"https:\/\/estrategia.ufac.br\/index.php?rest_route=%2Fwp%2Fv2%2Fmedia&parent=2992"}],"curies":[{"name":"wp","href":"https:\/\/api.w.org\/{rel}","templated":true}]}}