{"id":2976,"date":"2026-05-11T10:28:50","date_gmt":"2026-05-11T15:28:50","guid":{"rendered":"https:\/\/estrategia.ufac.br\/?page_id=2976"},"modified":"2026-05-11T10:30:17","modified_gmt":"2026-05-11T15:30:17","slug":"ampliacao-do-numero-de-egressos-do-programa-de-aprimoramento-em-praticas-hospitalares","status":"publish","type":"page","link":"https:\/\/estrategia.ufac.br\/?page_id=2976","title":{"rendered":"Amplia\u00e7\u00e3o do n\u00famero de egressos do Programa de Aprimoramento em pr\u00e1ticas Hospitalares"},"content":{"rendered":"\t\t<div data-elementor-type=\"wp-page\" data-elementor-id=\"2976\" class=\"elementor elementor-2976\">\n\t\t\t\t<div class=\"elementor-element elementor-element-6686912 e-flex e-con-boxed e-con e-parent\" data-id=\"6686912\" data-element_type=\"container\" data-e-type=\"container\">\n\t\t\t\t\t<div class=\"e-con-inner\">\n\t\t\t\t<div class=\"elementor-element elementor-element-6ba82cc elementor-widget elementor-widget-heading\" data-id=\"6ba82cc\" data-element_type=\"widget\" data-e-type=\"widget\" data-widget_type=\"heading.default\">\n\t\t\t\t<div class=\"elementor-widget-container\">\n\t\t\t\t\t<h2 class=\"elementor-heading-title elementor-size-default\">Unidade Respons\u00e1vel<\/h2>\t\t\t\t<\/div>\n\t\t\t\t<\/div>\n\t\t\t\t<div class=\"elementor-element elementor-element-178f3c1 elementor-widget elementor-widget-text-editor\" data-id=\"178f3c1\" data-element_type=\"widget\" data-e-type=\"widget\" data-widget_type=\"text-editor.default\">\n\t\t\t\t<div class=\"elementor-widget-container\">\n\t\t\t\t\t\t\t\t\t<p>UEPMV &#8211; Unidade de Ensino e Pesquisa em Medicina Veterin\u00e1ria<\/p>\t\t\t\t\t\t\t\t<\/div>\n\t\t\t\t<\/div>\n\t\t\t\t<div class=\"elementor-element elementor-element-1a64d58 elementor-widget elementor-widget-heading\" data-id=\"1a64d58\" data-element_type=\"widget\" data-e-type=\"widget\" data-widget_type=\"heading.default\">\n\t\t\t\t<div class=\"elementor-widget-container\">\n\t\t\t\t\t<h2 class=\"elementor-heading-title elementor-size-default\">Amplia\u00e7\u00e3o do n\u00famero de egressos do Programa de\nAprimoramento em pr\u00e1ticas Hospitalares<\/h2>\t\t\t\t<\/div>\n\t\t\t\t<\/div>\n\t\t\t\t<div class=\"elementor-element elementor-element-a3f7313 elementor-widget elementor-widget-spacer\" data-id=\"a3f7313\" data-element_type=\"widget\" data-e-type=\"widget\" data-widget_type=\"spacer.default\">\n\t\t\t\t<div class=\"elementor-widget-container\">\n\t\t\t\t\t\t\t<div class=\"elementor-spacer\">\n\t\t\t<div class=\"elementor-spacer-inner\"><\/div>\n\t\t<\/div>\n\t\t\t\t\t\t<\/div>\n\t\t\t\t<\/div>\n\t\t\t\t\t<\/div>\n\t\t\t\t<\/div>\n\t\t<div class=\"elementor-element elementor-element-ee0402f e-grid e-con-boxed e-con e-parent\" data-id=\"ee0402f\" data-element_type=\"container\" data-e-type=\"container\">\n\t\t\t\t\t<div class=\"e-con-inner\">\n\t\t<div class=\"elementor-element elementor-element-37dc339 e-con-full e-flex e-con e-child\" data-id=\"37dc339\" data-element_type=\"container\" data-e-type=\"container\">\n\t\t\t\t<div class=\"elementor-element elementor-element-91a78c5 elementor-widget elementor-widget-heading\" data-id=\"91a78c5\" data-element_type=\"widget\" data-e-type=\"widget\" data-widget_type=\"heading.default\">\n\t\t\t\t<div class=\"elementor-widget-container\">\n\t\t\t\t\t<h2 class=\"elementor-heading-title elementor-size-default\">Respons\u00e1vel pelo preenchimento <\/h2>\t\t\t\t<\/div>\n\t\t\t\t<\/div>\n\t\t\t\t<div class=\"elementor-element elementor-element-2bf25c6 elementor-widget elementor-widget-text-editor\" data-id=\"2bf25c6\" data-element_type=\"widget\" data-e-type=\"widget\" data-widget_type=\"text-editor.default\">\n\t\t\t\t<div class=\"elementor-widget-container\">\n\t\t\t\t\t\t\t\t\t<p>Gleice Kelly Carvalho Bento<\/p>\t\t\t\t\t\t\t\t<\/div>\n\t\t\t\t<\/div>\n\t\t\t\t<\/div>\n\t\t<div class=\"elementor-element elementor-element-4b56b65 e-con-full e-flex e-con e-child\" data-id=\"4b56b65\" data-element_type=\"container\" data-e-type=\"container\">\n\t\t\t\t<div class=\"elementor-element elementor-element-e3d4914 elementor-widget elementor-widget-heading\" data-id=\"e3d4914\" data-element_type=\"widget\" data-e-type=\"widget\" data-widget_type=\"heading.default\">\n\t\t\t\t<div class=\"elementor-widget-container\">\n\t\t\t\t\t<h2 class=\"elementor-heading-title elementor-size-default\">Data preenchimento<\/h2>\t\t\t\t<\/div>\n\t\t\t\t<\/div>\n\t\t\t\t<div class=\"elementor-element elementor-element-1ee024e elementor-widget elementor-widget-text-editor\" data-id=\"1ee024e\" data-element_type=\"widget\" data-e-type=\"widget\" data-widget_type=\"text-editor.default\">\n\t\t\t\t<div class=\"elementor-widget-container\">\n\t\t\t\t\t\t\t\t\t<p>13\/02\/2026<\/p>\t\t\t\t\t\t\t\t<\/div>\n\t\t\t\t<\/div>\n\t\t\t\t<\/div>\n\t\t\t\t\t<\/div>\n\t\t\t\t<\/div>\n\t\t<div class=\"elementor-element elementor-element-fdb2e71 e-flex e-con-boxed e-con e-parent\" data-id=\"fdb2e71\" data-element_type=\"container\" data-e-type=\"container\">\n\t\t\t\t\t<div class=\"e-con-inner\">\n\t\t\t\t<div class=\"elementor-element elementor-element-f0f14fb elementor-widget elementor-widget-heading\" data-id=\"f0f14fb\" data-element_type=\"widget\" data-e-type=\"widget\" data-widget_type=\"heading.default\">\n\t\t\t\t<div class=\"elementor-widget-container\">\n\t\t\t\t\t<h2 class=\"elementor-heading-title elementor-size-default\">A\u00e7\u00f5es Realizadas em 2025<\/h2>\t\t\t\t<\/div>\n\t\t\t\t<\/div>\n\t\t\t\t\t<\/div>\n\t\t\t\t<\/div>\n\t\t<div class=\"elementor-element elementor-element-039e6dc e-flex e-con-boxed e-con e-parent\" data-id=\"039e6dc\" data-element_type=\"container\" data-e-type=\"container\">\n\t\t\t\t\t<div class=\"e-con-inner\">\n\t\t\t\t<div class=\"elementor-element elementor-element-c28398b elementor-widget elementor-widget-html\" data-id=\"c28398b\" data-element_type=\"widget\" data-e-type=\"widget\" data-widget_type=\"html.default\">\n\t\t\t\t<div class=\"elementor-widget-container\">\n\t\t\t\t\t<style>\r\n    table {\r\n        border-collapse: collapse;\r\n        width: 100%;\r\n        color: #333;\r\n        font-size: 14px;\r\n        text-align: left;\r\n    }\r\n\r\n    th {\r\n        font-weight: 600;\r\n        text-transform: uppercase;\r\n        letter-spacing: 0.05em;\r\n        border-bottom: 2px solid #eee;\r\n        padding: 12px 15px;\r\n    }\r\n\r\n    td {\r\n        padding: 12px 15px;\r\n        border-bottom: 1px solid #f0f0f0;\r\n    }\r\n\r\n    tr:last-child td {\r\n        border-bottom: none;\r\n    }\r\n\r\n    tr:hover {\r\n        background-color: #fafafa;\r\n    }\r\n<\/style>\r\n\r\n<table>\r\n    <thead>\r\n        <tr>\r\n            <th><b>A\u00c7\u00c3O<\/b><\/th>\r\n            <th><b>PRAZO IN\u00cdCIO<\/b><\/th>\r\n            <th><b>PRAZO FIM<\/b><\/th>\r\n            <th><b>CUSTO (R$)<\/b><\/th>\r\n            <th><b>STATUS<\/b><\/th>\r\n        <\/tr>\r\n    <\/thead>\r\n    <tbody>\r\n        <tr>\r\n            <td>A\u00e7\u00e3o 1- Amplia\u00e7\u00e3o das especialidades ofertadas no programa de Aprimoramento em pr\u00e1ticas Hospitalares \u2013 Aprimoramento em Silvestres<\/td>\r\n            <td>01\/03\/2025<\/td>\r\n            <td>Cont\u00ednuo<\/td>\r\n            <td>24.000 ao ano<\/td>\r\n            <td><i>Em execu\u00e7\u00e3o<\/i><\/td>\r\n        <\/tr>\r\n        <tr>\r\n            <td>A\u00e7\u00e3o 2- Aumento do n\u00famero de atendimentos \u00e0s diferentes especialidades \u2013 Inclus\u00e3o dos atendimentos cl\u00ednicos na \u00e1rea de pets n\u00e3o convencionais e equinos<\/td>\r\n            <td>Iniciado em 2025<\/td>\r\n            <td>Cont\u00ednuo<\/td>\r\n            <td>Aquisi\u00e7\u00e3o de equipamentos e insumos hospitalares<\/td>\r\n            <td><i>Em execu\u00e7\u00e3o<\/i><\/td>\r\n        <\/tr>\r\n        <tr>\r\n            <td>A\u00e7\u00e3o 3- Provimento de bolsa de estudos pela Universidade para a manuten\u00e7\u00e3o do Programa \u2013 Hoje a manuten\u00e7\u00e3o do programa \u00e9 realizada por meio de emenda parlamentar<\/td>\r\n            <td>N\u00e3o realizado<\/td>\r\n            <td>2 anos<\/td>\r\n            <td>Valor da bolsa\/anual \u2013 24.000<\/td>\r\n            <td><i>N\u00e3o iniciada<\/i><\/td>\r\n        <\/tr>\r\n        <tr>\r\n            <td>A\u00e7\u00e3o 4- Provimento de bolsa de estudos pelo Munic\u00edpio. - Hoje a manuten\u00e7\u00e3o do programa \u00e9 realizada por meio de emenda parlamentar.<\/td>\r\n            <td>N\u00e3o realizado<\/td>\r\n            <td>2 anos<\/td>\r\n            <td>Valor da bolsa\/anual \u2013 24.000<\/td>\r\n            <td><i>N\u00e3o iniciada<\/i><\/td>\r\n        <\/tr>\r\n    <\/tbody>\r\n<\/table>\t\t\t\t<\/div>\n\t\t\t\t<\/div>\n\t\t\t\t<div class=\"elementor-element elementor-element-5e2f5bc elementor-widget elementor-widget-spacer\" data-id=\"5e2f5bc\" data-element_type=\"widget\" data-e-type=\"widget\" data-widget_type=\"spacer.default\">\n\t\t\t\t<div class=\"elementor-widget-container\">\n\t\t\t\t\t\t\t<div class=\"elementor-spacer\">\n\t\t\t<div class=\"elementor-spacer-inner\"><\/div>\n\t\t<\/div>\n\t\t\t\t\t\t<\/div>\n\t\t\t\t<\/div>\n\t\t\t\t\t<\/div>\n\t\t\t\t<\/div>\n\t\t<div class=\"elementor-element elementor-element-61a3f2e e-flex e-con-boxed e-con e-parent\" data-id=\"61a3f2e\" data-element_type=\"container\" data-e-type=\"container\">\n\t\t\t\t\t<div class=\"e-con-inner\">\n\t\t\t\t<div class=\"elementor-element elementor-element-a06ce8f elementor-widget elementor-widget-html\" data-id=\"a06ce8f\" data-element_type=\"widget\" data-e-type=\"widget\" data-widget_type=\"html.default\">\n\t\t\t\t<div class=\"elementor-widget-container\">\n\t\t\t\t\t<style>\r\n\r\n        .cartao {\r\n            background: #fff;\r\n            padding: 20px;\r\n            border-radius: 12px;\r\n            width: 400px;\r\n            box-shadow: 0 4px 15px rgba(0,0,0,0.3);\r\n        }\r\n\r\n        .titulo {\r\n            font-weight: bold;\r\n            font-size: 14px;\r\n            color: #333;\r\n            margin-bottom: 5px;\r\n            display: block;\r\n        }\r\n\r\n\r\n        .fundo-barra {\r\n            background: #eee;\r\n            height: 10px;\r\n            border-radius: 5px;\r\n            overflow: hidden;\r\n            margin-bottom: 10px;\r\n        }\r\n\r\n        .progresso {\r\n            background: #000080;\r\n            height: 100%;\r\n            width: 20%; \r\n            animation: carregar 1.5s ease-out;\r\n        }\r\n\r\n        .valor {\r\n            text-align: right;\r\n            font-size: 24px;\r\n            font-weight: 800;\r\n            color: #000080;\r\n        }\r\n\r\n        @keyframes carregar {\r\n            from { width: 0; }\r\n        }\r\n    <\/style>\r\n\r\n<div>\r\n\r\n    <div class=\"cartao\">\r\n        <div class=\"titulo\">EVOLU\u00c7\u00c3O DA INICIATIVA<\/div>\r\n        <div class=\"fundo-barra\">\r\n            <div class=\"progresso\"><\/div>\r\n        <\/div>\r\n\r\n        <div class=\"valor\">20%<\/div>\r\n    <\/div>\r\n\r\n<\/div>\t\t\t\t<\/div>\n\t\t\t\t<\/div>\n\t\t\t\t\t<\/div>\n\t\t\t\t<\/div>\n\t\t\t\t<\/div>\n\t\t","protected":false},"excerpt":{"rendered":"<p>Unidade Respons\u00e1vel UEPMV &#8211; Unidade de Ensino e Pesquisa em Medicina Veterin\u00e1ria Amplia\u00e7\u00e3o do n\u00famero de egressos do Programa de Aprimoramento em pr\u00e1ticas Hospitalares Respons\u00e1vel pelo preenchimento Gleice Kelly Carvalho Bento Data preenchimento 13\/02\/2026 A\u00e7\u00f5es Realizadas em 2025 A\u00c7\u00c3O PRAZO IN\u00cdCIO PRAZO FIM CUSTO (R$) STATUS A\u00e7\u00e3o 1- Amplia\u00e7\u00e3o das especialidades ofertadas no programa de&hellip; <a class=\"more-link\" href=\"https:\/\/estrategia.ufac.br\/?page_id=2976\">Continue lendo <span class=\"screen-reader-text\">Amplia\u00e7\u00e3o do n\u00famero de egressos do Programa de Aprimoramento em pr\u00e1ticas Hospitalares<\/span><\/a><\/p>\n","protected":false},"author":1,"featured_media":0,"parent":0,"menu_order":0,"comment_status":"closed","ping_status":"closed","template":"","meta":{"footnotes":""},"class_list":["post-2976","page","type-page","status-publish","hentry","entry"],"_links":{"self":[{"href":"https:\/\/estrategia.ufac.br\/index.php?rest_route=\/wp\/v2\/pages\/2976"}],"collection":[{"href":"https:\/\/estrategia.ufac.br\/index.php?rest_route=\/wp\/v2\/pages"}],"about":[{"href":"https:\/\/estrategia.ufac.br\/index.php?rest_route=\/wp\/v2\/types\/page"}],"author":[{"embeddable":true,"href":"https:\/\/estrategia.ufac.br\/index.php?rest_route=\/wp\/v2\/users\/1"}],"replies":[{"embeddable":true,"href":"https:\/\/estrategia.ufac.br\/index.php?rest_route=%2Fwp%2Fv2%2Fcomments&post=2976"}],"version-history":[{"count":4,"href":"https:\/\/estrategia.ufac.br\/index.php?rest_route=\/wp\/v2\/pages\/2976\/revisions"}],"predecessor-version":[{"id":2980,"href":"https:\/\/estrategia.ufac.br\/index.php?rest_route=\/wp\/v2\/pages\/2976\/revisions\/2980"}],"wp:attachment":[{"href":"https:\/\/estrategia.ufac.br\/index.php?rest_route=%2Fwp%2Fv2%2Fmedia&parent=2976"}],"curies":[{"name":"wp","href":"https:\/\/api.w.org\/{rel}","templated":true}]}}