{"id":2962,"date":"2026-05-11T10:18:45","date_gmt":"2026-05-11T15:18:45","guid":{"rendered":"https:\/\/estrategia.ufac.br\/?page_id=2962"},"modified":"2026-05-11T10:24:10","modified_gmt":"2026-05-11T15:24:10","slug":"ampliacao-em-20-dos-atendimentos-da-uepmv","status":"publish","type":"page","link":"https:\/\/estrategia.ufac.br\/?page_id=2962","title":{"rendered":"Amplia\u00e7\u00e3o em 20% dos atendimentos da UEPMV"},"content":{"rendered":"\t\t<div data-elementor-type=\"wp-page\" data-elementor-id=\"2962\" class=\"elementor elementor-2962\">\n\t\t\t\t<div class=\"elementor-element elementor-element-79a0534 e-flex e-con-boxed e-con e-parent\" data-id=\"79a0534\" data-element_type=\"container\" data-e-type=\"container\">\n\t\t\t\t\t<div class=\"e-con-inner\">\n\t\t\t\t<div class=\"elementor-element elementor-element-5c86233 elementor-widget elementor-widget-heading\" data-id=\"5c86233\" data-element_type=\"widget\" data-e-type=\"widget\" data-widget_type=\"heading.default\">\n\t\t\t\t<div class=\"elementor-widget-container\">\n\t\t\t\t\t<h2 class=\"elementor-heading-title elementor-size-default\">Unidade Respons\u00e1vel<\/h2>\t\t\t\t<\/div>\n\t\t\t\t<\/div>\n\t\t\t\t<div class=\"elementor-element elementor-element-3e2b84b elementor-widget elementor-widget-text-editor\" data-id=\"3e2b84b\" data-element_type=\"widget\" data-e-type=\"widget\" data-widget_type=\"text-editor.default\">\n\t\t\t\t<div class=\"elementor-widget-container\">\n\t\t\t\t\t\t\t\t\t<p>UEPMV &#8211; Unidade de Ensino e Pesquisa em Medicina Veterin\u00e1ria<\/p>\t\t\t\t\t\t\t\t<\/div>\n\t\t\t\t<\/div>\n\t\t\t\t<div class=\"elementor-element elementor-element-8ab1dea elementor-widget elementor-widget-heading\" data-id=\"8ab1dea\" data-element_type=\"widget\" data-e-type=\"widget\" data-widget_type=\"heading.default\">\n\t\t\t\t<div class=\"elementor-widget-container\">\n\t\t\t\t\t<h2 class=\"elementor-heading-title elementor-size-default\">Amplia\u00e7\u00e3o em 20% dos atendimentos da UEPMV<\/h2>\t\t\t\t<\/div>\n\t\t\t\t<\/div>\n\t\t\t\t<div class=\"elementor-element elementor-element-30c69ea elementor-widget elementor-widget-spacer\" data-id=\"30c69ea\" data-element_type=\"widget\" data-e-type=\"widget\" data-widget_type=\"spacer.default\">\n\t\t\t\t<div class=\"elementor-widget-container\">\n\t\t\t\t\t\t\t<div class=\"elementor-spacer\">\n\t\t\t<div class=\"elementor-spacer-inner\"><\/div>\n\t\t<\/div>\n\t\t\t\t\t\t<\/div>\n\t\t\t\t<\/div>\n\t\t\t\t\t<\/div>\n\t\t\t\t<\/div>\n\t\t<div class=\"elementor-element elementor-element-c0eaca4 e-grid e-con-boxed e-con e-parent\" data-id=\"c0eaca4\" data-element_type=\"container\" data-e-type=\"container\">\n\t\t\t\t\t<div class=\"e-con-inner\">\n\t\t<div class=\"elementor-element elementor-element-a45d332 e-con-full e-flex e-con e-child\" data-id=\"a45d332\" data-element_type=\"container\" data-e-type=\"container\">\n\t\t\t\t<div class=\"elementor-element elementor-element-77aeb6e elementor-widget elementor-widget-heading\" data-id=\"77aeb6e\" data-element_type=\"widget\" data-e-type=\"widget\" data-widget_type=\"heading.default\">\n\t\t\t\t<div class=\"elementor-widget-container\">\n\t\t\t\t\t<h2 class=\"elementor-heading-title elementor-size-default\">Respons\u00e1vel pelo preenchimento <\/h2>\t\t\t\t<\/div>\n\t\t\t\t<\/div>\n\t\t\t\t<div class=\"elementor-element elementor-element-1a158c8 elementor-widget elementor-widget-text-editor\" data-id=\"1a158c8\" data-element_type=\"widget\" data-e-type=\"widget\" data-widget_type=\"text-editor.default\">\n\t\t\t\t<div class=\"elementor-widget-container\">\n\t\t\t\t\t\t\t\t\t<p>Gleice Kelly Carvalho Bento<\/p>\t\t\t\t\t\t\t\t<\/div>\n\t\t\t\t<\/div>\n\t\t\t\t<\/div>\n\t\t<div class=\"elementor-element elementor-element-4a5474c e-con-full e-flex e-con e-child\" data-id=\"4a5474c\" data-element_type=\"container\" data-e-type=\"container\">\n\t\t\t\t<div class=\"elementor-element elementor-element-673a13b elementor-widget elementor-widget-heading\" data-id=\"673a13b\" data-element_type=\"widget\" data-e-type=\"widget\" data-widget_type=\"heading.default\">\n\t\t\t\t<div class=\"elementor-widget-container\">\n\t\t\t\t\t<h2 class=\"elementor-heading-title elementor-size-default\">Data preenchimento<\/h2>\t\t\t\t<\/div>\n\t\t\t\t<\/div>\n\t\t\t\t<div class=\"elementor-element elementor-element-3ff4d03 elementor-widget elementor-widget-text-editor\" data-id=\"3ff4d03\" data-element_type=\"widget\" data-e-type=\"widget\" data-widget_type=\"text-editor.default\">\n\t\t\t\t<div class=\"elementor-widget-container\">\n\t\t\t\t\t\t\t\t\t<p>13\/02\/2026<\/p>\t\t\t\t\t\t\t\t<\/div>\n\t\t\t\t<\/div>\n\t\t\t\t<\/div>\n\t\t\t\t\t<\/div>\n\t\t\t\t<\/div>\n\t\t<div class=\"elementor-element elementor-element-e98400d e-flex e-con-boxed e-con e-parent\" data-id=\"e98400d\" data-element_type=\"container\" data-e-type=\"container\">\n\t\t\t\t\t<div class=\"e-con-inner\">\n\t\t\t\t<div class=\"elementor-element elementor-element-a34554b elementor-widget elementor-widget-heading\" data-id=\"a34554b\" data-element_type=\"widget\" data-e-type=\"widget\" data-widget_type=\"heading.default\">\n\t\t\t\t<div class=\"elementor-widget-container\">\n\t\t\t\t\t<h2 class=\"elementor-heading-title elementor-size-default\">A\u00e7\u00f5es Realizadas em 2025<\/h2>\t\t\t\t<\/div>\n\t\t\t\t<\/div>\n\t\t\t\t\t<\/div>\n\t\t\t\t<\/div>\n\t\t<div class=\"elementor-element elementor-element-f66cf96 e-flex e-con-boxed e-con e-parent\" data-id=\"f66cf96\" data-element_type=\"container\" data-e-type=\"container\">\n\t\t\t\t\t<div class=\"e-con-inner\">\n\t\t\t\t<div class=\"elementor-element elementor-element-f77b0b3 elementor-widget elementor-widget-html\" data-id=\"f77b0b3\" data-element_type=\"widget\" data-e-type=\"widget\" data-widget_type=\"html.default\">\n\t\t\t\t<div class=\"elementor-widget-container\">\n\t\t\t\t\t<style>\r\n    table {\r\n        border-collapse: collapse;\r\n        width: 100%;\r\n        color: #333;\r\n        font-size: 14px;\r\n        text-align: left;\r\n    }\r\n\r\n    th {\r\n        font-weight: 600;\r\n        text-transform: uppercase;\r\n        letter-spacing: 0.05em;\r\n        border-bottom: 2px solid #eee;\r\n        padding: 12px 15px;\r\n    }\r\n\r\n    td {\r\n        padding: 12px 15px;\r\n        border-bottom: 1px solid #f0f0f0;\r\n    }\r\n\r\n    tr:last-child td {\r\n        border-bottom: none;\r\n    }\r\n\r\n    tr:hover {\r\n        background-color: #fafafa;\r\n    }\r\n<\/style>\r\n\r\n<table>\r\n    <thead>\r\n        <tr>\r\n            <th><b>A\u00c7\u00c3O<\/b><\/th>\r\n            <th><b>PRAZO IN\u00cdCIO<\/b><\/th>\r\n            <th><b>PRAZO FIM<\/b><\/th>\r\n            <th><b>CUSTO (R$)<\/b><\/th>\r\n            <th><b>STATUS<\/b><\/th>\r\n        <\/tr>\r\n    <\/thead>\r\n    <tbody>\r\n        <tr>\r\n            <td>A\u00e7\u00e3o 1- Implanta\u00e7\u00e3o da Resid\u00eancia Mec<\/td>\r\n            <td>01\/03\/2026<\/td>\r\n            <td>Cont\u00ednuo<\/td>\r\n            <td>0<\/td>\r\n            <td><i>Em execu\u00e7\u00e3o<\/i><\/td>\r\n        <\/tr>\r\n        <tr>\r\n            <td>A\u00e7\u00e3o 2- Manuten\u00e7\u00e3o da gest\u00e3o financeira junto \u00e0 Funda\u00e7\u00e3o de apoio \u2013 FUNDAPE;<\/td>\r\n            <td>2024<\/td>\r\n            <td>2034<\/td>\r\n            <td>10% da arrecada\u00e7\u00e3o<\/td>\r\n            <td><i>Em execu\u00e7\u00e3o<\/i><\/td>\r\n        <\/tr>\r\n        <tr>\r\n            <td>A\u00e7\u00e3o 3- Amplia\u00e7\u00e3o das \u00e1reas de atua\u00e7\u00e3o profissional em Medicina Veterin\u00e1ria;<\/td>\r\n            <td>2025<\/td>\r\n            <td>Cont\u00ednuo<\/td>\r\n            <td>Aquisi\u00e7\u00e3o de equipamentos\/vari\u00e1vel<\/td>\r\n            <td><i>Em execu\u00e7\u00e3o<\/i><\/td>\r\n        <\/tr>\r\n        <tr>\r\n            <td>A\u00e7\u00e3o 4- Novo PCC da Medicina Veterin\u00e1ria.<\/td>\r\n            <td>2025<\/td>\r\n            <td>Sem prazo<\/td>\r\n            <td>0<\/td>\r\n            <td><i>Em execu\u00e7\u00e3o<\/i><\/td>\r\n        <\/tr>\r\n    <\/tbody>\r\n<\/table>\t\t\t\t<\/div>\n\t\t\t\t<\/div>\n\t\t\t\t<div class=\"elementor-element elementor-element-85430b1 elementor-widget elementor-widget-spacer\" data-id=\"85430b1\" data-element_type=\"widget\" data-e-type=\"widget\" data-widget_type=\"spacer.default\">\n\t\t\t\t<div class=\"elementor-widget-container\">\n\t\t\t\t\t\t\t<div class=\"elementor-spacer\">\n\t\t\t<div class=\"elementor-spacer-inner\"><\/div>\n\t\t<\/div>\n\t\t\t\t\t\t<\/div>\n\t\t\t\t<\/div>\n\t\t\t\t\t<\/div>\n\t\t\t\t<\/div>\n\t\t<div class=\"elementor-element elementor-element-4d87ccd e-flex e-con-boxed e-con e-parent\" data-id=\"4d87ccd\" data-element_type=\"container\" data-e-type=\"container\">\n\t\t\t\t\t<div class=\"e-con-inner\">\n\t\t\t\t<div class=\"elementor-element elementor-element-19fec9e elementor-widget elementor-widget-html\" data-id=\"19fec9e\" data-element_type=\"widget\" data-e-type=\"widget\" data-widget_type=\"html.default\">\n\t\t\t\t<div class=\"elementor-widget-container\">\n\t\t\t\t\t<style>\r\n\r\n        .cartao {\r\n            background: #fff;\r\n            padding: 20px;\r\n            border-radius: 12px;\r\n            width: 400px;\r\n            box-shadow: 0 4px 15px rgba(0,0,0,0.3);\r\n        }\r\n\r\n        .titulo {\r\n            font-weight: bold;\r\n            font-size: 14px;\r\n            color: #333;\r\n            margin-bottom: 5px;\r\n            display: block;\r\n        }\r\n\r\n\r\n        .fundo-barra {\r\n            background: #eee;\r\n            height: 10px;\r\n            border-radius: 5px;\r\n            overflow: hidden;\r\n            margin-bottom: 10px;\r\n        }\r\n\r\n        .progresso {\r\n            background: #000080;\r\n            height: 100%;\r\n            width: 60%; \r\n            animation: carregar 1.5s ease-out;\r\n        }\r\n\r\n        .valor {\r\n            text-align: right;\r\n            font-size: 24px;\r\n            font-weight: 800;\r\n            color: #000080;\r\n        }\r\n\r\n        @keyframes carregar {\r\n            from { width: 0; }\r\n        }\r\n    <\/style>\r\n\r\n<div>\r\n\r\n    <div class=\"cartao\">\r\n        <div class=\"titulo\">EVOLU\u00c7\u00c3O DA INICIATIVA<\/div>\r\n        <div class=\"fundo-barra\">\r\n            <div class=\"progresso\"><\/div>\r\n        <\/div>\r\n\r\n        <div class=\"valor\">60%<\/div>\r\n    <\/div>\r\n\r\n<\/div>\t\t\t\t<\/div>\n\t\t\t\t<\/div>\n\t\t\t\t\t<\/div>\n\t\t\t\t<\/div>\n\t\t\t\t<\/div>\n\t\t","protected":false},"excerpt":{"rendered":"<p>Unidade Respons\u00e1vel UEPMV &#8211; Unidade de Ensino e Pesquisa em Medicina Veterin\u00e1ria Amplia\u00e7\u00e3o em 20% dos atendimentos da UEPMV Respons\u00e1vel pelo preenchimento Gleice Kelly Carvalho Bento Data preenchimento 13\/02\/2026 A\u00e7\u00f5es Realizadas em 2025 A\u00c7\u00c3O PRAZO IN\u00cdCIO PRAZO FIM CUSTO (R$) STATUS A\u00e7\u00e3o 1- Implanta\u00e7\u00e3o da Resid\u00eancia Mec 01\/03\/2026 Cont\u00ednuo 0 Em execu\u00e7\u00e3o A\u00e7\u00e3o 2- Manuten\u00e7\u00e3o&hellip; <a class=\"more-link\" href=\"https:\/\/estrategia.ufac.br\/?page_id=2962\">Continue lendo <span class=\"screen-reader-text\">Amplia\u00e7\u00e3o em 20% dos atendimentos da UEPMV<\/span><\/a><\/p>\n","protected":false},"author":1,"featured_media":0,"parent":0,"menu_order":0,"comment_status":"closed","ping_status":"closed","template":"","meta":{"footnotes":""},"class_list":["post-2962","page","type-page","status-publish","hentry","entry"],"_links":{"self":[{"href":"https:\/\/estrategia.ufac.br\/index.php?rest_route=\/wp\/v2\/pages\/2962"}],"collection":[{"href":"https:\/\/estrategia.ufac.br\/index.php?rest_route=\/wp\/v2\/pages"}],"about":[{"href":"https:\/\/estrategia.ufac.br\/index.php?rest_route=\/wp\/v2\/types\/page"}],"author":[{"embeddable":true,"href":"https:\/\/estrategia.ufac.br\/index.php?rest_route=\/wp\/v2\/users\/1"}],"replies":[{"embeddable":true,"href":"https:\/\/estrategia.ufac.br\/index.php?rest_route=%2Fwp%2Fv2%2Fcomments&post=2962"}],"version-history":[{"count":4,"href":"https:\/\/estrategia.ufac.br\/index.php?rest_route=\/wp\/v2\/pages\/2962\/revisions"}],"predecessor-version":[{"id":2966,"href":"https:\/\/estrategia.ufac.br\/index.php?rest_route=\/wp\/v2\/pages\/2962\/revisions\/2966"}],"wp:attachment":[{"href":"https:\/\/estrategia.ufac.br\/index.php?rest_route=%2Fwp%2Fv2%2Fmedia&parent=2962"}],"curies":[{"name":"wp","href":"https:\/\/api.w.org\/{rel}","templated":true}]}}