{"id":2933,"date":"2026-05-08T15:03:24","date_gmt":"2026-05-08T20:03:24","guid":{"rendered":"https:\/\/estrategia.ufac.br\/?page_id=2933"},"modified":"2026-05-08T15:18:37","modified_gmt":"2026-05-08T20:18:37","slug":"utal-iniciativas-estrategicas","status":"publish","type":"page","link":"https:\/\/estrategia.ufac.br\/?page_id=2933","title":{"rendered":"Utal &#8211; Iniciativas Estrat\u00e9gicas"},"content":{"rendered":"\t\t<div data-elementor-type=\"wp-page\" data-elementor-id=\"2933\" class=\"elementor elementor-2933\">\n\t\t\t\t<div class=\"elementor-element elementor-element-0ea9701 e-flex e-con-boxed e-con e-parent\" data-id=\"0ea9701\" data-element_type=\"container\" data-e-type=\"container\">\n\t\t\t\t\t<div class=\"e-con-inner\">\n\t\t\t\t<div class=\"elementor-element elementor-element-bd127f7 elementor-widget__width-inherit elementor-widget elementor-widget-heading\" data-id=\"bd127f7\" data-element_type=\"widget\" data-e-type=\"widget\" data-widget_type=\"heading.default\">\n\t\t\t\t<div class=\"elementor-widget-container\">\n\t\t\t\t\t<h2 class=\"elementor-heading-title elementor-size-default\">Utal - Iniciativas Estrat\u00e9gicas<\/h2>\t\t\t\t<\/div>\n\t\t\t\t<\/div>\n\t\t\t\t<div class=\"elementor-element elementor-element-271d2ef elementor-widget elementor-widget-spacer\" data-id=\"271d2ef\" data-element_type=\"widget\" data-e-type=\"widget\" data-widget_type=\"spacer.default\">\n\t\t\t\t<div class=\"elementor-widget-container\">\n\t\t\t\t\t\t\t<div class=\"elementor-spacer\">\n\t\t\t<div class=\"elementor-spacer-inner\"><\/div>\n\t\t<\/div>\n\t\t\t\t\t\t<\/div>\n\t\t\t\t<\/div>\n\t\t\t\t\t<\/div>\n\t\t\t\t<\/div>\n\t\t<div class=\"elementor-element elementor-element-53fc5ef e-flex e-con-boxed e-con e-parent\" data-id=\"53fc5ef\" data-element_type=\"container\" data-e-type=\"container\">\n\t\t\t\t\t<div class=\"e-con-inner\">\n\t\t\t\t<div class=\"elementor-element elementor-element-373e913 elementor-widget elementor-widget-html\" data-id=\"373e913\" data-element_type=\"widget\" data-e-type=\"widget\" data-widget_type=\"html.default\">\n\t\t\t\t<div class=\"elementor-widget-container\">\n\t\t\t\t\t<style>\n    :root {\n        --cor-borda-fina: #e0e0e0;\n        --cor-texto-principal: #333;\n        --cor-texto-secundario: #999;\n        --cor-azul-destaque: #000080;\n        --cor-fundo-barra: #f0f0f0;\n    }\n\n    .container-indicador {\n        background-color: #fff;\n        width: 100%;\n        border: 1px solid var(--cor-borda-fina);\n        border-radius: 8px;\n        padding: 20px 25px;\n        margin-bottom: 15px;\n        display: flex;\n        align-items: center;\n        position: relative;\n        box-shadow: 0 2px 4px rgba(0,0,0,0.05);\n        font-family: Rawline, Raleway, sans-serif;\n        transition: transform 0.3s ease, box-shadow 0.3s ease;\n    }\n    .container-indicador:hover {\n    transform: scale(1.02); \n    box-shadow: 0 8px 16px rgba(0,0,0,0.1);\n    z-index: 10; \n}\n\n    \/* A linha azul lateral na esquerda *\/\n    .container-indicador::before {\n        content: \"\";\n        position: absolute;\n        left: 0;\n        height: 100%;\n        width: 4px;\n        background-color: var(--cor-azul-destaque);\n        border-radius: 0 4px 4px 0;\n    }\n\n    .codigo-item {\n        color: var(--cor-texto-secundario);\n        font-size: 14px;\n        margin-right: 20px;\n        min-width: 30px;\n    }\n\n    .titulo-item {\n        flex-grow: 1;\n        color: var(--cor-texto-principal);\n        font-weight: 600;\n        font-size: 16px;\n    }\n\n    .secao-progresso {\n        display: flex;\n        align-items: center;\n        gap: 15px;\n        min-width: 200px;\n    }\n\n    .barra-fundo {\n        width: 100px;\n        height: 8px;\n        background-color: var(--cor-fundo-barra);\n        border-radius: 4px;\n        overflow: hidden;\n    }\n\n    .barra-preenchimento {\n        height: 100%;\n        background-color: var(--cor-azul-destaque);\n        border-radius: 4px;\n    }\n\n    .porcentagem {\n        color: var(--cor-texto-secundario);\n        font-size: 14px;\n        width: 35px;\n        text-align: right;\n    }\n\n    .icone-seta {\n        color: var(--cor-texto-secundario);\n        margin-left: 15px;\n        cursor: pointer;\n        font-size: 12px;\n        transition: transform 0.3s;\n    }\n\n    .icone-seta:hover {\n        transform: translateY(2px);\n    }\n    a{text-decoration:none;}\n<\/style>\n<a href=\"https:\/\/estrategia.ufac.br\/?page_id=2941\" style=\"text-decoration:none;\">\n    <div class=\"container-indicador\">\n        <span class=\"codigo-item\">IE1<\/span>\n        <div class=\"titulo-item\">Fomento ao desenvolvimento de projetos de\npesquisas<\/div>\n                                \n        <div class=\"secao-progresso\">\n            <div class=\"barra-fundo\">\n                <div class=\"barra-preenchimento\" style=\"width: 20%;\"><\/div>\n            <\/div>\n            <span class=\"porcentagem\">20%<\/span>\n        <\/div>\n    <\/div>\n<\/a>\n\n<a href=\"https:\/\/estrategia.ufac.br\/?page_id=2949\" style=\"text-decoration:none;\">\n    <div class=\"container-indicador\">\n        <span class=\"codigo-item\">IE2<\/span>\n        <div class=\"titulo-item\">Estabelecer parcerias com Institui\u00e7\u00f5es p\u00fablicas e\nprivadas visando ampliar a oferta de servi\u00e7os\nt\u00e9cnicos e o aporte de recursos para Utal<\/div>\n                                \n        <div class=\"secao-progresso\">\n            <div class=\"barra-fundo\">\n                <div class=\"barra-preenchimento\" style=\"width: 100%;\"><\/div>\n            <\/div>\n            <span class=\"porcentagem\">100%<\/span>\n        <\/div>\n    <\/div>\n<\/a>\n \t\t\t\t<\/div>\n\t\t\t\t<\/div>\n\t\t\t\t\t<\/div>\n\t\t\t\t<\/div>\n\t\t\t\t<\/div>\n\t\t","protected":false},"excerpt":{"rendered":"<p>Utal &#8211; Iniciativas Estrat\u00e9gicas IE1 Fomento ao desenvolvimento de projetos de pesquisas 20% IE2 Estabelecer parcerias com Institui\u00e7\u00f5es p\u00fablicas e privadas visando ampliar a oferta de servi\u00e7os t\u00e9cnicos e o aporte de recursos para Utal 100%<\/p>\n","protected":false},"author":1,"featured_media":0,"parent":0,"menu_order":0,"comment_status":"closed","ping_status":"closed","template":"","meta":{"footnotes":""},"class_list":["post-2933","page","type-page","status-publish","hentry","entry"],"_links":{"self":[{"href":"https:\/\/estrategia.ufac.br\/index.php?rest_route=\/wp\/v2\/pages\/2933"}],"collection":[{"href":"https:\/\/estrategia.ufac.br\/index.php?rest_route=\/wp\/v2\/pages"}],"about":[{"href":"https:\/\/estrategia.ufac.br\/index.php?rest_route=\/wp\/v2\/types\/page"}],"author":[{"embeddable":true,"href":"https:\/\/estrategia.ufac.br\/index.php?rest_route=\/wp\/v2\/users\/1"}],"replies":[{"embeddable":true,"href":"https:\/\/estrategia.ufac.br\/index.php?rest_route=%2Fwp%2Fv2%2Fcomments&post=2933"}],"version-history":[{"count":10,"href":"https:\/\/estrategia.ufac.br\/index.php?rest_route=\/wp\/v2\/pages\/2933\/revisions"}],"predecessor-version":[{"id":2956,"href":"https:\/\/estrategia.ufac.br\/index.php?rest_route=\/wp\/v2\/pages\/2933\/revisions\/2956"}],"wp:attachment":[{"href":"https:\/\/estrategia.ufac.br\/index.php?rest_route=%2Fwp%2Fv2%2Fmedia&parent=2933"}],"curies":[{"name":"wp","href":"https:\/\/api.w.org\/{rel}","templated":true}]}}