{"id":2903,"date":"2026-05-08T14:40:06","date_gmt":"2026-05-08T19:40:06","guid":{"rendered":"https:\/\/estrategia.ufac.br\/?page_id=2903"},"modified":"2026-05-08T14:42:11","modified_gmt":"2026-05-08T19:42:11","slug":"atualizacao-de-normativa-resolucao-institucional-dispondo-sobre-a-avaliacao-de-desempenho-do-quadro-de-taes-alinhada-as-dinamicas-de-trabalho-pgd-e-legislacao","status":"publish","type":"page","link":"https:\/\/estrategia.ufac.br\/?page_id=2903","title":{"rendered":"Atualiza\u00e7\u00e3o de (Normativa\/Resolu\u00e7\u00e3o) institucional dispondo sobre a avalia\u00e7\u00e3o de desempenho do quadro de TAES alinhada \u00e0s din\u00e2micas de trabalho PGD e legisla\u00e7\u00e3o"},"content":{"rendered":"\t\t<div data-elementor-type=\"wp-page\" data-elementor-id=\"2903\" class=\"elementor elementor-2903\">\n\t\t\t\t<div class=\"elementor-element elementor-element-42d6c6e e-flex e-con-boxed e-con e-parent\" data-id=\"42d6c6e\" data-element_type=\"container\" data-e-type=\"container\">\n\t\t\t\t\t<div class=\"e-con-inner\">\n\t\t\t\t<div class=\"elementor-element elementor-element-ec3de54 elementor-widget elementor-widget-heading\" data-id=\"ec3de54\" data-element_type=\"widget\" data-e-type=\"widget\" data-widget_type=\"heading.default\">\n\t\t\t\t<div class=\"elementor-widget-container\">\n\t\t\t\t\t<h2 class=\"elementor-heading-title elementor-size-default\">Unidade Respons\u00e1vel<\/h2>\t\t\t\t<\/div>\n\t\t\t\t<\/div>\n\t\t\t\t<div class=\"elementor-element elementor-element-1582a89 elementor-widget elementor-widget-text-editor\" data-id=\"1582a89\" data-element_type=\"widget\" data-e-type=\"widget\" data-widget_type=\"text-editor.default\">\n\t\t\t\t<div class=\"elementor-widget-container\">\n\t\t\t\t\t\t\t\t\t<p>Prodgep &#8211; Pr\u00f3-Reitoria de Desenvolvimento e Gest\u00e3o de Pessoas<\/p>\t\t\t\t\t\t\t\t<\/div>\n\t\t\t\t<\/div>\n\t\t\t\t<div class=\"elementor-element elementor-element-4387c39 elementor-widget elementor-widget-heading\" data-id=\"4387c39\" data-element_type=\"widget\" data-e-type=\"widget\" data-widget_type=\"heading.default\">\n\t\t\t\t<div class=\"elementor-widget-container\">\n\t\t\t\t\t<h2 class=\"elementor-heading-title elementor-size-default\">Atualiza\u00e7\u00e3o de (Normativa\/Resolu\u00e7\u00e3o) institucional\ndispondo sobre a avalia\u00e7\u00e3o de desempenho do\nquadro de TAES alinhada \u00e0s din\u00e2micas de trabalho\nPGD e legisla\u00e7\u00e3o<\/h2>\t\t\t\t<\/div>\n\t\t\t\t<\/div>\n\t\t\t\t<div class=\"elementor-element elementor-element-56529bb elementor-widget elementor-widget-text-editor\" data-id=\"56529bb\" data-element_type=\"widget\" data-e-type=\"widget\" data-widget_type=\"text-editor.default\">\n\t\t\t\t<div class=\"elementor-widget-container\">\n\t\t\t\t\t\t\t\t\t<p>N\u00e3o iniciado ainda em virtude das demandas que surgiram em virtude do Decreto no 12.374, de 6 de fevereiro de 2025 (Disp\u00f5e sobre os crit\u00e9rios e os procedimentos a serem observados pelos \u00f3rg\u00e3os e pelas entidades integrantes do Sistema de Pessoal Civil da Administra\u00e7\u00e3o Federal, para avalia\u00e7\u00e3o de desempenho de servidores ocupantes de cargo p\u00fablico efetivo durante o est\u00e1gio probat\u00f3rio previsto no art. 20 da Lei no 8.112, de 11 de dezembro de 1990).<\/p>\t\t\t\t\t\t\t\t<\/div>\n\t\t\t\t<\/div>\n\t\t\t\t\t<\/div>\n\t\t\t\t<\/div>\n\t\t<div class=\"elementor-element elementor-element-b9db5e9 e-grid e-con-boxed e-con e-parent\" data-id=\"b9db5e9\" data-element_type=\"container\" data-e-type=\"container\">\n\t\t\t\t\t<div class=\"e-con-inner\">\n\t\t<div class=\"elementor-element elementor-element-06eacc9 e-con-full e-flex e-con e-child\" data-id=\"06eacc9\" data-element_type=\"container\" data-e-type=\"container\">\n\t\t\t\t<div class=\"elementor-element elementor-element-f180bb3 elementor-widget elementor-widget-heading\" data-id=\"f180bb3\" data-element_type=\"widget\" data-e-type=\"widget\" data-widget_type=\"heading.default\">\n\t\t\t\t<div class=\"elementor-widget-container\">\n\t\t\t\t\t<h2 class=\"elementor-heading-title elementor-size-default\">Respons\u00e1vel pelo preenchimento <\/h2>\t\t\t\t<\/div>\n\t\t\t\t<\/div>\n\t\t\t\t<div class=\"elementor-element elementor-element-d25ba7f elementor-widget elementor-widget-text-editor\" data-id=\"d25ba7f\" data-element_type=\"widget\" data-e-type=\"widget\" data-widget_type=\"text-editor.default\">\n\t\t\t\t<div class=\"elementor-widget-container\">\n\t\t\t\t\t\t\t\t\t<p>K\u00e1rytha Krystyny Melo da Silva<\/p>\t\t\t\t\t\t\t\t<\/div>\n\t\t\t\t<\/div>\n\t\t\t\t<\/div>\n\t\t<div class=\"elementor-element elementor-element-eaac523 e-con-full e-flex e-con e-child\" data-id=\"eaac523\" data-element_type=\"container\" data-e-type=\"container\">\n\t\t\t\t<div class=\"elementor-element elementor-element-056afc4 elementor-widget elementor-widget-heading\" data-id=\"056afc4\" data-element_type=\"widget\" data-e-type=\"widget\" data-widget_type=\"heading.default\">\n\t\t\t\t<div class=\"elementor-widget-container\">\n\t\t\t\t\t<h2 class=\"elementor-heading-title elementor-size-default\">Data preenchimento<\/h2>\t\t\t\t<\/div>\n\t\t\t\t<\/div>\n\t\t\t\t<div class=\"elementor-element elementor-element-ddb0c07 elementor-widget elementor-widget-text-editor\" data-id=\"ddb0c07\" data-element_type=\"widget\" data-e-type=\"widget\" data-widget_type=\"text-editor.default\">\n\t\t\t\t<div class=\"elementor-widget-container\">\n\t\t\t\t\t\t\t\t\t<p>19\/03\/2026<\/p>\t\t\t\t\t\t\t\t<\/div>\n\t\t\t\t<\/div>\n\t\t\t\t<\/div>\n\t\t\t\t\t<\/div>\n\t\t\t\t<\/div>\n\t\t<div class=\"elementor-element elementor-element-8c172bc e-flex e-con-boxed e-con e-parent\" data-id=\"8c172bc\" data-element_type=\"container\" data-e-type=\"container\">\n\t\t\t\t\t<div class=\"e-con-inner\">\n\t\t\t\t<div class=\"elementor-element elementor-element-407e73e elementor-widget elementor-widget-heading\" data-id=\"407e73e\" data-element_type=\"widget\" data-e-type=\"widget\" data-widget_type=\"heading.default\">\n\t\t\t\t<div class=\"elementor-widget-container\">\n\t\t\t\t\t<h2 class=\"elementor-heading-title elementor-size-default\">A\u00e7\u00f5es Realizadas em 2025<\/h2>\t\t\t\t<\/div>\n\t\t\t\t<\/div>\n\t\t\t\t\t<\/div>\n\t\t\t\t<\/div>\n\t\t<div class=\"elementor-element elementor-element-9038b42 e-flex e-con-boxed e-con e-parent\" data-id=\"9038b42\" data-element_type=\"container\" data-e-type=\"container\">\n\t\t\t\t\t<div class=\"e-con-inner\">\n\t\t\t\t<div class=\"elementor-element elementor-element-1ae067e elementor-widget elementor-widget-html\" data-id=\"1ae067e\" data-element_type=\"widget\" data-e-type=\"widget\" data-widget_type=\"html.default\">\n\t\t\t\t<div class=\"elementor-widget-container\">\n\t\t\t\t\t<style>\r\n    table {\r\n        border-collapse: collapse;\r\n        width: 100%;\r\n        color: #333;\r\n        font-size: 14px;\r\n        text-align: left;\r\n    }\r\n\r\n    th {\r\n        font-weight: 600;\r\n        text-transform: uppercase;\r\n        letter-spacing: 0.05em;\r\n        border-bottom: 2px solid #eee;\r\n        padding: 12px 15px;\r\n    }\r\n\r\n    td {\r\n        padding: 12px 15px;\r\n        border-bottom: 1px solid #f0f0f0;\r\n    }\r\n\r\n    tr:last-child td {\r\n        border-bottom: none;\r\n    }\r\n\r\n    tr:hover {\r\n        background-color: #fafafa;\r\n    }\r\n<\/style>\r\n\r\n<table>\r\n    <thead>\r\n        <tr>\r\n            <th><b>A\u00c7\u00c3O<\/b><\/th>\r\n            <th><b>PRAZO IN\u00cdCIO<\/b><\/th>\r\n            <th><b>PRAZO FIM<\/b><\/th>\r\n            <th><b>CUSTO (R$)<\/b><\/th>\r\n            <th><b>STATUS<\/b><\/th>\r\n        <\/tr>\r\n    <\/thead>\r\n    <tbody>\r\n        <tr>\r\n            <td><i>Designa\u00e7\u00e3o de Comiss\u00e3o<\/i><\/td>\r\n            <td>01\/05\/2026<\/td>\r\n            <td>30\/05\/2026<\/td>\r\n            <td>-<\/td>\r\n            <td>N\u00e3o iniciado<\/td>\r\n        <\/tr>\r\n        <tr>\r\n            <td><i>Elabora\u00e7\u00e3o da Esbo\u00e7o da Resolu\u00e7\u00e3o<\/i><\/td>\r\n            <td>01\/06\/2026<\/td>\r\n            <td>01\/10\/2026<\/td>\r\n            <td>-<\/td>\r\n            <td>N\u00e3o iniciado<\/td>\r\n        <\/tr>\r\n        <tr>\r\n            <td><i>Aprova\u00e7\u00e3o em Instancia correspondente<\/i><\/td>\r\n            <td>01\/10\/2026<\/td>\r\n            <td>01\/12\/2026<\/td>\r\n            <td>-<\/td>\r\n            <td>N\u00e3o iniciado<\/td>\r\n        <\/tr>\r\n        <tr>\r\n            <td><i>Divulga\u00e7\u00e3o<\/i><\/td>\r\n            <td>01\/12\/2026<\/td>\r\n            <td>01\/01\/2027<\/td>\r\n            <td>-<\/td>\r\n            <td>N\u00e3o iniciado<\/td>\r\n        <\/tr>\r\n    <\/tbody>\r\n<\/table>\t\t\t\t<\/div>\n\t\t\t\t<\/div>\n\t\t\t\t<div class=\"elementor-element elementor-element-8f4e000 elementor-widget elementor-widget-spacer\" data-id=\"8f4e000\" data-element_type=\"widget\" data-e-type=\"widget\" data-widget_type=\"spacer.default\">\n\t\t\t\t<div class=\"elementor-widget-container\">\n\t\t\t\t\t\t\t<div class=\"elementor-spacer\">\n\t\t\t<div class=\"elementor-spacer-inner\"><\/div>\n\t\t<\/div>\n\t\t\t\t\t\t<\/div>\n\t\t\t\t<\/div>\n\t\t\t\t\t<\/div>\n\t\t\t\t<\/div>\n\t\t<div class=\"elementor-element elementor-element-8a5d5e7 e-flex e-con-boxed e-con e-parent\" data-id=\"8a5d5e7\" data-element_type=\"container\" data-e-type=\"container\">\n\t\t\t\t\t<div class=\"e-con-inner\">\n\t\t\t\t<div class=\"elementor-element elementor-element-f6e83fa elementor-widget elementor-widget-html\" data-id=\"f6e83fa\" data-element_type=\"widget\" data-e-type=\"widget\" data-widget_type=\"html.default\">\n\t\t\t\t<div class=\"elementor-widget-container\">\n\t\t\t\t\t<style>\r\n\r\n        .cartao {\r\n            background: #fff;\r\n            padding: 20px;\r\n            border-radius: 12px;\r\n            width: 400px;\r\n            box-shadow: 0 4px 15px rgba(0,0,0,0.3);\r\n        }\r\n\r\n        .titulo {\r\n            font-weight: bold;\r\n            font-size: 14px;\r\n            color: #333;\r\n            margin-bottom: 5px;\r\n            display: block;\r\n        }\r\n\r\n\r\n        .fundo-barra {\r\n            background: #eee;\r\n            height: 10px;\r\n            border-radius: 5px;\r\n            overflow: hidden;\r\n            margin-bottom: 10px;\r\n        }\r\n\r\n        .progresso {\r\n            background: #000080;\r\n            height: 100%;\r\n            width: 0%; \r\n            animation: carregar 1.5s ease-out;\r\n        }\r\n\r\n        .valor {\r\n            text-align: right;\r\n            font-size: 24px;\r\n            font-weight: 800;\r\n            color: #000080;\r\n        }\r\n\r\n        @keyframes carregar {\r\n            from { width: 0; }\r\n        }\r\n    <\/style>\r\n\r\n<div>\r\n\r\n    <div class=\"cartao\">\r\n        <div class=\"titulo\">EVOLU\u00c7\u00c3O DA INICIATIVA<\/div>\r\n        <div class=\"fundo-barra\">\r\n            <div class=\"progresso\"><\/div>\r\n        <\/div>\r\n\r\n        <div class=\"valor\">0%<\/div>\r\n    <\/div>\r\n\r\n<\/div>\t\t\t\t<\/div>\n\t\t\t\t<\/div>\n\t\t\t\t\t<\/div>\n\t\t\t\t<\/div>\n\t\t\t\t<\/div>\n\t\t","protected":false},"excerpt":{"rendered":"<p>Unidade Respons\u00e1vel Prodgep &#8211; Pr\u00f3-Reitoria de Desenvolvimento e Gest\u00e3o de Pessoas Atualiza\u00e7\u00e3o de (Normativa\/Resolu\u00e7\u00e3o) institucional dispondo sobre a avalia\u00e7\u00e3o de desempenho do quadro de TAES alinhada \u00e0s din\u00e2micas de trabalho PGD e legisla\u00e7\u00e3o N\u00e3o iniciado ainda em virtude das demandas que surgiram em virtude do Decreto no 12.374, de 6 de fevereiro de 2025 (Disp\u00f5e&hellip; <a class=\"more-link\" href=\"https:\/\/estrategia.ufac.br\/?page_id=2903\">Continue lendo <span class=\"screen-reader-text\">Atualiza\u00e7\u00e3o de (Normativa\/Resolu\u00e7\u00e3o) institucional dispondo sobre a avalia\u00e7\u00e3o de desempenho do quadro de TAES alinhada \u00e0s din\u00e2micas de trabalho PGD e legisla\u00e7\u00e3o<\/span><\/a><\/p>\n","protected":false},"author":1,"featured_media":0,"parent":0,"menu_order":0,"comment_status":"closed","ping_status":"closed","template":"","meta":{"footnotes":""},"class_list":["post-2903","page","type-page","status-publish","hentry","entry"],"_links":{"self":[{"href":"https:\/\/estrategia.ufac.br\/index.php?rest_route=\/wp\/v2\/pages\/2903"}],"collection":[{"href":"https:\/\/estrategia.ufac.br\/index.php?rest_route=\/wp\/v2\/pages"}],"about":[{"href":"https:\/\/estrategia.ufac.br\/index.php?rest_route=\/wp\/v2\/types\/page"}],"author":[{"embeddable":true,"href":"https:\/\/estrategia.ufac.br\/index.php?rest_route=\/wp\/v2\/users\/1"}],"replies":[{"embeddable":true,"href":"https:\/\/estrategia.ufac.br\/index.php?rest_route=%2Fwp%2Fv2%2Fcomments&post=2903"}],"version-history":[{"count":4,"href":"https:\/\/estrategia.ufac.br\/index.php?rest_route=\/wp\/v2\/pages\/2903\/revisions"}],"predecessor-version":[{"id":2907,"href":"https:\/\/estrategia.ufac.br\/index.php?rest_route=\/wp\/v2\/pages\/2903\/revisions\/2907"}],"wp:attachment":[{"href":"https:\/\/estrategia.ufac.br\/index.php?rest_route=%2Fwp%2Fv2%2Fmedia&parent=2903"}],"curies":[{"name":"wp","href":"https:\/\/api.w.org\/{rel}","templated":true}]}}