{"id":2883,"date":"2026-05-08T14:23:47","date_gmt":"2026-05-08T19:23:47","guid":{"rendered":"https:\/\/estrategia.ufac.br\/?page_id=2883"},"modified":"2026-05-08T14:24:48","modified_gmt":"2026-05-08T19:24:48","slug":"implementacao-do-programa-de-gestao-de-desempenho-pgd","status":"publish","type":"page","link":"https:\/\/estrategia.ufac.br\/?page_id=2883","title":{"rendered":"Implementa\u00e7\u00e3o do Programa de Gest\u00e3o de Desempenho (PGD)"},"content":{"rendered":"\t\t<div data-elementor-type=\"wp-page\" data-elementor-id=\"2883\" class=\"elementor elementor-2883\">\n\t\t\t\t<div class=\"elementor-element elementor-element-ee76f86 e-flex e-con-boxed e-con e-parent\" data-id=\"ee76f86\" data-element_type=\"container\" data-e-type=\"container\">\n\t\t\t\t\t<div class=\"e-con-inner\">\n\t\t\t\t<div class=\"elementor-element elementor-element-96f8cde elementor-widget elementor-widget-heading\" data-id=\"96f8cde\" data-element_type=\"widget\" data-e-type=\"widget\" data-widget_type=\"heading.default\">\n\t\t\t\t<div class=\"elementor-widget-container\">\n\t\t\t\t\t<h2 class=\"elementor-heading-title elementor-size-default\">Unidade Respons\u00e1vel<\/h2>\t\t\t\t<\/div>\n\t\t\t\t<\/div>\n\t\t\t\t<div class=\"elementor-element elementor-element-d798ae1 elementor-widget elementor-widget-text-editor\" data-id=\"d798ae1\" data-element_type=\"widget\" data-e-type=\"widget\" data-widget_type=\"text-editor.default\">\n\t\t\t\t<div class=\"elementor-widget-container\">\n\t\t\t\t\t\t\t\t\t<p>Prodgep &#8211; Pr\u00f3-Reitoria de Desenvolvimento e Gest\u00e3o de Pessoas<\/p>\t\t\t\t\t\t\t\t<\/div>\n\t\t\t\t<\/div>\n\t\t\t\t<div class=\"elementor-element elementor-element-5b89524 elementor-widget elementor-widget-heading\" data-id=\"5b89524\" data-element_type=\"widget\" data-e-type=\"widget\" data-widget_type=\"heading.default\">\n\t\t\t\t<div class=\"elementor-widget-container\">\n\t\t\t\t\t<h2 class=\"elementor-heading-title elementor-size-default\">Implementa\u00e7\u00e3o do Programa de Gest\u00e3o de\nDesempenho (PGD)<\/h2>\t\t\t\t<\/div>\n\t\t\t\t<\/div>\n\t\t\t\t<div class=\"elementor-element elementor-element-4b056fe elementor-widget elementor-widget-text-editor\" data-id=\"4b056fe\" data-element_type=\"widget\" data-e-type=\"widget\" data-widget_type=\"text-editor.default\">\n\t\t\t\t<div class=\"elementor-widget-container\">\n\t\t\t\t\t\t\t\t\t<p><strong>UNIDADES AUTORIZADAS PARA ADES\u00c3O PGD UFAC<\/strong><\/p><p>Parque Zoobot\u00e2nico; Pr\u00f3-reitoria de Pesquisa e P\u00f3s Gradua\u00e7\u00e3o; Pr\u00f3-reitoria de Gradua\u00e7\u00e3o; Secretaria Acad\u00eamica Unificada do Campus Floresta da cidade de Cruzeiro do Sul; Centro de Educa\u00e7\u00e3o, Letras e Artes (apenas t\u00e9cnicos administrativos); Centro de Educa\u00e7\u00e3o e Letras (apenas t\u00e9cnicos administrativos); Centro Multidisciplinar (apenas t\u00e9cnicos administrativos); Centro de\u00a0<span style=\"font-size: 16.8px;\">Ci\u00eancias Exatas e Tecnol\u00f3gicas (apenas t\u00e9cnicos administrativos); Centro de Ci\u00eancias Jur\u00eddicas e\u00a0<\/span><span style=\"font-size: 16.8px;\">Sociais Aplicadas (apenas t\u00e9cnicos administrativos); Centro de Ci\u00eancias da Sa\u00fade e Desporto\u00a0<\/span><span style=\"font-size: 16.8px;\">(apenas t\u00e9cnicos administrativos); Centro de Ci\u00eancias Biol\u00f3gicas e da Natureza (apenas t\u00e9cnicos\u00a0<\/span><span style=\"font-size: 16.8px;\">administrativos); Centro de Filosofia e Ci\u00eancias Humanas (apenas t\u00e9cnicos administrativos);\u00a0<\/span><span style=\"font-size: 16.8px;\">N\u00facleo de Interioriza\u00e7\u00e3o e Educa\u00e7\u00e3o a Dist\u00e2ncia (apenas t\u00e9cnicos administrativos); Coordena\u00e7\u00e3o\u00a0<\/span><span style=\"font-size: 16.8px;\">Letras Libras ( apenas para o cargo de tradutor e int\u00e9rprete em linguagem de sinais); Assessoria\u00a0<\/span><span style=\"font-size: 16.8px;\">do \u00d3rg\u00e3o dos Colegiados Superiores; Col\u00e9gio de Aplica\u00e7\u00e3o; Editora da Ufac; N\u00facleo de Registro e\u00a0<\/span><span style=\"font-size: 16.8px;\">Controle Acad\u00eamico; Pr\u00f3-reitoria de Extens\u00e3o; Pr\u00f3-reitoria de Assuntos Estudantis; Prefcam; SIC-\u00a0<\/span><span style=\"font-size: 16.8px;\">Servi\u00e7o de Informa\u00e7\u00e3o ao Cidad\u00e3o no \u00e2mbito da Ufac; Subprefeitura do Campus Floresta de\u00a0<\/span><span style=\"font-size: 16.8px;\">Cruzeiro do Sul; Unidade de Ensino e Pesquisa em Medicina Veterin\u00e1ria; Bibilioteca Central\u00a0<\/span><span style=\"font-size: 16.8px;\">Auditoria Interna Assessoria de Coopera\u00e7\u00e3o Interinstitucional (reforma nas instala\u00e7\u00f5es f\u00edsicas);\u00a0<\/span><span style=\"font-size: 16.8px;\">Assessoria de Eventos e Cerimonial (reforma nas instala\u00e7\u00f5es f\u00edsicas); N\u00facleo de Tecnologia da\u00a0<\/span><span style=\"font-size: 16.8px;\">informa\u00e7\u00e3o (envolvida no desenvolvimento, apoio t\u00e9cnico); Pr\u00f3-reitoria de Administra\u00e7\u00e3o\u00a0<\/span><span style=\"font-size: 16.8px;\">(reforma nas instala\u00e7\u00f5es f\u00edsicas); Pr\u00f3-reitoria de Desenvolvimento e Gest\u00e3o de Pessoas (reforma\u00a0<\/span><span style=\"font-size: 16.8px;\">nas instala\u00e7\u00f5es f\u00edsicas e envolvida no desenvolvimento dos trabalhos); Pr\u00f3-reitoria de\u00a0<\/span><span style=\"font-size: 16.8px;\">Planejamento (reforma nas instala\u00e7\u00f5es f\u00edsicas); Procuradoria Jur\u00eddica (reforma nas instala\u00e7\u00f5es\u00a0<\/span><span style=\"font-size: 16.8px;\">f\u00edsicas); Reitoria (reforma nas instala\u00e7\u00f5es f\u00edsicas); Vice-reitoria (reforma nas instala\u00e7\u00f5es f\u00edsicas);<\/span><\/p>\t\t\t\t\t\t\t\t<\/div>\n\t\t\t\t<\/div>\n\t\t\t\t\t<\/div>\n\t\t\t\t<\/div>\n\t\t<div class=\"elementor-element elementor-element-d4e9725 e-grid e-con-boxed e-con e-parent\" data-id=\"d4e9725\" data-element_type=\"container\" data-e-type=\"container\">\n\t\t\t\t\t<div class=\"e-con-inner\">\n\t\t<div class=\"elementor-element elementor-element-a75ce00 e-con-full e-flex e-con e-child\" data-id=\"a75ce00\" data-element_type=\"container\" data-e-type=\"container\">\n\t\t\t\t<div class=\"elementor-element elementor-element-16a8917 elementor-widget elementor-widget-heading\" data-id=\"16a8917\" data-element_type=\"widget\" data-e-type=\"widget\" data-widget_type=\"heading.default\">\n\t\t\t\t<div class=\"elementor-widget-container\">\n\t\t\t\t\t<h2 class=\"elementor-heading-title elementor-size-default\">Respons\u00e1vel pelo preenchimento <\/h2>\t\t\t\t<\/div>\n\t\t\t\t<\/div>\n\t\t\t\t<div class=\"elementor-element elementor-element-49ca682 elementor-widget elementor-widget-text-editor\" data-id=\"49ca682\" data-element_type=\"widget\" data-e-type=\"widget\" data-widget_type=\"text-editor.default\">\n\t\t\t\t<div class=\"elementor-widget-container\">\n\t\t\t\t\t\t\t\t\t<p>K\u00e1rytha Krystyny Melo da Silva<\/p>\t\t\t\t\t\t\t\t<\/div>\n\t\t\t\t<\/div>\n\t\t\t\t<\/div>\n\t\t<div class=\"elementor-element elementor-element-329d8df e-con-full e-flex e-con e-child\" data-id=\"329d8df\" data-element_type=\"container\" data-e-type=\"container\">\n\t\t\t\t<div class=\"elementor-element elementor-element-56dc2d2 elementor-widget elementor-widget-heading\" data-id=\"56dc2d2\" data-element_type=\"widget\" data-e-type=\"widget\" data-widget_type=\"heading.default\">\n\t\t\t\t<div class=\"elementor-widget-container\">\n\t\t\t\t\t<h2 class=\"elementor-heading-title elementor-size-default\">Data preenchimento<\/h2>\t\t\t\t<\/div>\n\t\t\t\t<\/div>\n\t\t\t\t<div class=\"elementor-element elementor-element-878b0dc elementor-widget elementor-widget-text-editor\" data-id=\"878b0dc\" data-element_type=\"widget\" data-e-type=\"widget\" data-widget_type=\"text-editor.default\">\n\t\t\t\t<div class=\"elementor-widget-container\">\n\t\t\t\t\t\t\t\t\t<p>19\/03\/2026<\/p>\t\t\t\t\t\t\t\t<\/div>\n\t\t\t\t<\/div>\n\t\t\t\t<\/div>\n\t\t\t\t\t<\/div>\n\t\t\t\t<\/div>\n\t\t<div class=\"elementor-element elementor-element-15c71c3 e-flex e-con-boxed e-con e-parent\" data-id=\"15c71c3\" data-element_type=\"container\" data-e-type=\"container\">\n\t\t\t\t\t<div class=\"e-con-inner\">\n\t\t\t\t<div class=\"elementor-element elementor-element-fa2b570 elementor-widget elementor-widget-html\" data-id=\"fa2b570\" data-element_type=\"widget\" data-e-type=\"widget\" data-widget_type=\"html.default\">\n\t\t\t\t<div class=\"elementor-widget-container\">\n\t\t\t\t\t<style>\r\n    table {\r\n        border-collapse: collapse;\r\n        width: 100%;\r\n        color: #333;\r\n        font-size: 14px;\r\n        text-align: left;\r\n    }\r\n\r\n    th {\r\n        font-weight: 600;\r\n        text-transform: uppercase;\r\n        letter-spacing: 0.05em;\r\n        border-bottom: 2px solid #eee;\r\n        padding: 12px 15px;\r\n    }\r\n\r\n    td {\r\n        padding: 12px 15px;\r\n        border-bottom: 1px solid #f0f0f0;\r\n    }\r\n\r\n    tr:last-child td {\r\n        border-bottom: none;\r\n    }\r\n\r\n    tr:hover {\r\n        background-color: #fafafa;\r\n    }\r\n<\/style>\r\n\r\n<table>\r\n    <thead>\r\n        <tr>\r\n            <th><b>A\u00c7\u00c3O<\/b><\/th>\r\n            <th><b>PRAZO IN\u00cdCIO<\/b><\/th>\r\n            <th><b>PRAZO FIM<\/b><\/th>\r\n            <th><b>CUSTO (R$)<\/b><\/th>\r\n            <th><b>STATUS<\/b><\/th>\r\n        <\/tr>\r\n    <\/thead>\r\n    <tbody>\r\n        <tr>\r\n            <td>Autoriza\u00e7\u00e3o de todas Unidades Administrativas e Acad\u00eamicas<\/td>\r\n            <td>01\/12\/2024<\/td>\r\n            <td>31\/12\/2026<\/td>\r\n            <td>-<\/td>\r\n            <td>Andamento<\/td>\r\n        <\/tr>\r\n        <tr>\r\n            <td>Monitoramento e Suporte<\/td>\r\n            <td>01\/12\/2024<\/td>\r\n            <td>31\/12\/2029<\/td>\r\n            <td>-<\/td>\r\n            <td>Andamento<\/td>\r\n        <\/tr>\r\n    <\/tbody>\r\n<\/table>\t\t\t\t<\/div>\n\t\t\t\t<\/div>\n\t\t\t\t<div class=\"elementor-element elementor-element-95f3826 elementor-widget elementor-widget-spacer\" data-id=\"95f3826\" data-element_type=\"widget\" data-e-type=\"widget\" data-widget_type=\"spacer.default\">\n\t\t\t\t<div class=\"elementor-widget-container\">\n\t\t\t\t\t\t\t<div class=\"elementor-spacer\">\n\t\t\t<div class=\"elementor-spacer-inner\"><\/div>\n\t\t<\/div>\n\t\t\t\t\t\t<\/div>\n\t\t\t\t<\/div>\n\t\t\t\t\t<\/div>\n\t\t\t\t<\/div>\n\t\t<div class=\"elementor-element elementor-element-0943cce e-flex e-con-boxed e-con e-parent\" data-id=\"0943cce\" data-element_type=\"container\" data-e-type=\"container\">\n\t\t\t\t\t<div class=\"e-con-inner\">\n\t\t\t\t<div class=\"elementor-element elementor-element-2d002bc elementor-widget elementor-widget-html\" data-id=\"2d002bc\" data-element_type=\"widget\" data-e-type=\"widget\" data-widget_type=\"html.default\">\n\t\t\t\t<div class=\"elementor-widget-container\">\n\t\t\t\t\t<style>\r\n\r\n        .cartao {\r\n            background: #fff;\r\n            padding: 20px;\r\n            border-radius: 12px;\r\n            width: 400px;\r\n            box-shadow: 0 4px 15px rgba(0,0,0,0.3);\r\n        }\r\n\r\n        .titulo {\r\n            font-weight: bold;\r\n            font-size: 14px;\r\n            color: #333;\r\n            margin-bottom: 5px;\r\n            display: block;\r\n        }\r\n\r\n\r\n        .fundo-barra {\r\n            background: #eee;\r\n            height: 10px;\r\n            border-radius: 5px;\r\n            overflow: hidden;\r\n            margin-bottom: 10px;\r\n        }\r\n\r\n        .progresso {\r\n            background: #000080;\r\n            height: 100%;\r\n            width: 90%; \r\n            animation: carregar 1.5s ease-out;\r\n        }\r\n\r\n        .valor {\r\n            text-align: right;\r\n            font-size: 24px;\r\n            font-weight: 800;\r\n            color: #000080;\r\n        }\r\n\r\n        @keyframes carregar {\r\n            from { width: 0; }\r\n        }\r\n    <\/style>\r\n\r\n<div>\r\n\r\n    <div class=\"cartao\">\r\n        <div class=\"titulo\">EVOLU\u00c7\u00c3O DA INICIATIVA<\/div>\r\n        <div class=\"fundo-barra\">\r\n            <div class=\"progresso\"><\/div>\r\n        <\/div>\r\n\r\n        <div class=\"valor\">90%<\/div>\r\n    <\/div>\r\n\r\n<\/div>\t\t\t\t<\/div>\n\t\t\t\t<\/div>\n\t\t\t\t\t<\/div>\n\t\t\t\t<\/div>\n\t\t\t\t<\/div>\n\t\t","protected":false},"excerpt":{"rendered":"<p>Unidade Respons\u00e1vel Prodgep &#8211; Pr\u00f3-Reitoria de Desenvolvimento e Gest\u00e3o de Pessoas Implementa\u00e7\u00e3o do Programa de Gest\u00e3o de Desempenho (PGD) UNIDADES AUTORIZADAS PARA ADES\u00c3O PGD UFAC Parque Zoobot\u00e2nico; Pr\u00f3-reitoria de Pesquisa e P\u00f3s Gradua\u00e7\u00e3o; Pr\u00f3-reitoria de Gradua\u00e7\u00e3o; Secretaria Acad\u00eamica Unificada do Campus Floresta da cidade de Cruzeiro do Sul; Centro de Educa\u00e7\u00e3o, Letras e Artes (apenas&hellip; <a class=\"more-link\" href=\"https:\/\/estrategia.ufac.br\/?page_id=2883\">Continue lendo <span class=\"screen-reader-text\">Implementa\u00e7\u00e3o do Programa de Gest\u00e3o de Desempenho (PGD)<\/span><\/a><\/p>\n","protected":false},"author":1,"featured_media":0,"parent":0,"menu_order":0,"comment_status":"closed","ping_status":"closed","template":"","meta":{"footnotes":""},"class_list":["post-2883","page","type-page","status-publish","hentry","entry"],"_links":{"self":[{"href":"https:\/\/estrategia.ufac.br\/index.php?rest_route=\/wp\/v2\/pages\/2883"}],"collection":[{"href":"https:\/\/estrategia.ufac.br\/index.php?rest_route=\/wp\/v2\/pages"}],"about":[{"href":"https:\/\/estrategia.ufac.br\/index.php?rest_route=\/wp\/v2\/types\/page"}],"author":[{"embeddable":true,"href":"https:\/\/estrategia.ufac.br\/index.php?rest_route=\/wp\/v2\/users\/1"}],"replies":[{"embeddable":true,"href":"https:\/\/estrategia.ufac.br\/index.php?rest_route=%2Fwp%2Fv2%2Fcomments&post=2883"}],"version-history":[{"count":4,"href":"https:\/\/estrategia.ufac.br\/index.php?rest_route=\/wp\/v2\/pages\/2883\/revisions"}],"predecessor-version":[{"id":2891,"href":"https:\/\/estrategia.ufac.br\/index.php?rest_route=\/wp\/v2\/pages\/2883\/revisions\/2891"}],"wp:attachment":[{"href":"https:\/\/estrategia.ufac.br\/index.php?rest_route=%2Fwp%2Fv2%2Fmedia&parent=2883"}],"curies":[{"name":"wp","href":"https:\/\/api.w.org\/{rel}","templated":true}]}}