{"id":2867,"date":"2026-05-08T13:56:25","date_gmt":"2026-05-08T18:56:25","guid":{"rendered":"https:\/\/estrategia.ufac.br\/?page_id=2867"},"modified":"2026-05-08T13:57:22","modified_gmt":"2026-05-08T18:57:22","slug":"fortalecimento-em-parceria-com-a-propeg-da-qualificacao-strictu-sensu-para-os-taes-e-docentes-da-ufac-em-alinhamento-com-a-politica-nacional-de-desenvolvimento-de-pessoas-pndp","status":"publish","type":"page","link":"https:\/\/estrategia.ufac.br\/?page_id=2867","title":{"rendered":"Fortalecimento, em parceria com a Propeg, da qualifica\u00e7\u00e3o strictu sensu para os TAES e docentes da Ufac em alinhamento com a Pol\u00edtica Nacional de Desenvolvimento de Pessoas (PNDP)"},"content":{"rendered":"\t\t<div data-elementor-type=\"wp-page\" data-elementor-id=\"2867\" class=\"elementor elementor-2867\">\n\t\t\t\t<div class=\"elementor-element elementor-element-b43de2c e-flex e-con-boxed e-con e-parent\" data-id=\"b43de2c\" data-element_type=\"container\" data-e-type=\"container\">\n\t\t\t\t\t<div class=\"e-con-inner\">\n\t\t\t\t<div class=\"elementor-element elementor-element-c266be7 elementor-widget elementor-widget-heading\" data-id=\"c266be7\" data-element_type=\"widget\" data-e-type=\"widget\" data-widget_type=\"heading.default\">\n\t\t\t\t<div class=\"elementor-widget-container\">\n\t\t\t\t\t<h2 class=\"elementor-heading-title elementor-size-default\">Unidade Respons\u00e1vel<\/h2>\t\t\t\t<\/div>\n\t\t\t\t<\/div>\n\t\t\t\t<div class=\"elementor-element elementor-element-07b47ff elementor-widget elementor-widget-text-editor\" data-id=\"07b47ff\" data-element_type=\"widget\" data-e-type=\"widget\" data-widget_type=\"text-editor.default\">\n\t\t\t\t<div class=\"elementor-widget-container\">\n\t\t\t\t\t\t\t\t\t<p>Prodgep &#8211; Pr\u00f3-Reitoria de Desenvolvimento e Gest\u00e3o de Pessoas<\/p>\t\t\t\t\t\t\t\t<\/div>\n\t\t\t\t<\/div>\n\t\t\t\t<div class=\"elementor-element elementor-element-91f418a elementor-widget elementor-widget-heading\" data-id=\"91f418a\" data-element_type=\"widget\" data-e-type=\"widget\" data-widget_type=\"heading.default\">\n\t\t\t\t<div class=\"elementor-widget-container\">\n\t\t\t\t\t<h2 class=\"elementor-heading-title elementor-size-default\">\nQualifica\u00e7\u00e3o strictu sensu para os TAES e docentes\nda Ufac<\/h2>\t\t\t\t<\/div>\n\t\t\t\t<\/div>\n\t\t\t\t<div class=\"elementor-element elementor-element-225d42d elementor-widget elementor-widget-text-editor\" data-id=\"225d42d\" data-element_type=\"widget\" data-e-type=\"widget\" data-widget_type=\"text-editor.default\">\n\t\t\t\t<div class=\"elementor-widget-container\">\n\t\t\t\t\t\t\t\t\t<p>Fortalecimento, em parceria com a Propeg, da qualifica\u00e7\u00e3o strictu sensu para os TAES e docentes da Ufac em alinhamento com a Pol\u00edtica Nacional de Desenvolvimento de Pessoas (PNDP)<\/p>\t\t\t\t\t\t\t\t<\/div>\n\t\t\t\t<\/div>\n\t\t\t\t\t<\/div>\n\t\t\t\t<\/div>\n\t\t<div class=\"elementor-element elementor-element-7d38e23 e-grid e-con-boxed e-con e-parent\" data-id=\"7d38e23\" data-element_type=\"container\" data-e-type=\"container\">\n\t\t\t\t\t<div class=\"e-con-inner\">\n\t\t<div class=\"elementor-element elementor-element-90e2417 e-con-full e-flex e-con e-child\" data-id=\"90e2417\" data-element_type=\"container\" data-e-type=\"container\">\n\t\t\t\t<div class=\"elementor-element elementor-element-d985a46 elementor-widget elementor-widget-heading\" data-id=\"d985a46\" data-element_type=\"widget\" data-e-type=\"widget\" data-widget_type=\"heading.default\">\n\t\t\t\t<div class=\"elementor-widget-container\">\n\t\t\t\t\t<h2 class=\"elementor-heading-title elementor-size-default\">Respons\u00e1vel pelo preenchimento <\/h2>\t\t\t\t<\/div>\n\t\t\t\t<\/div>\n\t\t\t\t<div class=\"elementor-element elementor-element-3399a45 elementor-widget elementor-widget-text-editor\" data-id=\"3399a45\" data-element_type=\"widget\" data-e-type=\"widget\" data-widget_type=\"text-editor.default\">\n\t\t\t\t<div class=\"elementor-widget-container\">\n\t\t\t\t\t\t\t\t\t<p>K\u00e1rytha Krystyny Melo da Silva<\/p>\t\t\t\t\t\t\t\t<\/div>\n\t\t\t\t<\/div>\n\t\t\t\t<\/div>\n\t\t<div class=\"elementor-element elementor-element-066cc53 e-con-full e-flex e-con e-child\" data-id=\"066cc53\" data-element_type=\"container\" data-e-type=\"container\">\n\t\t\t\t<div class=\"elementor-element elementor-element-2b07d34 elementor-widget elementor-widget-heading\" data-id=\"2b07d34\" data-element_type=\"widget\" data-e-type=\"widget\" data-widget_type=\"heading.default\">\n\t\t\t\t<div class=\"elementor-widget-container\">\n\t\t\t\t\t<h2 class=\"elementor-heading-title elementor-size-default\">Data preenchimento<\/h2>\t\t\t\t<\/div>\n\t\t\t\t<\/div>\n\t\t\t\t<div class=\"elementor-element elementor-element-e293406 elementor-widget elementor-widget-text-editor\" data-id=\"e293406\" data-element_type=\"widget\" data-e-type=\"widget\" data-widget_type=\"text-editor.default\">\n\t\t\t\t<div class=\"elementor-widget-container\">\n\t\t\t\t\t\t\t\t\t<p>19\/03\/2026<\/p>\t\t\t\t\t\t\t\t<\/div>\n\t\t\t\t<\/div>\n\t\t\t\t<\/div>\n\t\t\t\t\t<\/div>\n\t\t\t\t<\/div>\n\t\t<div class=\"elementor-element elementor-element-529337e e-flex e-con-boxed e-con e-parent\" data-id=\"529337e\" data-element_type=\"container\" data-e-type=\"container\">\n\t\t\t\t\t<div class=\"e-con-inner\">\n\t\t\t\t<div class=\"elementor-element elementor-element-bcee91a elementor-widget elementor-widget-html\" data-id=\"bcee91a\" data-element_type=\"widget\" data-e-type=\"widget\" data-widget_type=\"html.default\">\n\t\t\t\t<div class=\"elementor-widget-container\">\n\t\t\t\t\t<style>\r\n    table {\r\n        border-collapse: collapse;\r\n        width: 100%;\r\n        color: #333;\r\n        font-size: 14px;\r\n        text-align: left;\r\n    }\r\n\r\n    th {\r\n        font-weight: 600;\r\n        text-transform: uppercase;\r\n        letter-spacing: 0.05em;\r\n        border-bottom: 2px solid #eee;\r\n        padding: 12px 15px;\r\n    }\r\n\r\n    td {\r\n        padding: 12px 15px;\r\n        border-bottom: 1px solid #f0f0f0;\r\n    }\r\n\r\n    tr:last-child td {\r\n        border-bottom: none;\r\n    }\r\n\r\n    tr:hover {\r\n        background-color: #fafafa;\r\n    }\r\n<\/style>\r\n\r\n<table>\r\n    <thead>\r\n        <tr>\r\n            <th>A\u00c7\u00c3O<\/th>\r\n            <th>PRAZO IN\u00cdCIO<\/th>\r\n            <th>PRAZO FIM<\/th>\r\n            <th>CUSTO<\/th>\r\n            <th>STATUS<\/th>\r\n        <\/tr>\r\n    <\/thead>\r\n    <tbody>\r\n        <tr>\r\n            <td>Minter - Turma para TAES<\/td>\r\n            <td>01\/02\/2025<\/td>\r\n            <td>31\/12\/2025<\/td>\r\n            <td>-<\/td>\r\n            <td>Em andamento<\/td>\r\n        <\/tr>\r\n        <tr>\r\n            <td>1 Dinter \u2013 Turma para TAES<\/td>\r\n            <td>01\/02\/2025<\/td>\r\n            <td>31\/12\/2025<\/td>\r\n            <td>-<\/td>\r\n            <td>N\u00e3o iniciado<\/td>\r\n        <\/tr>\r\n    <\/tbody>\r\n<\/table>\t\t\t\t<\/div>\n\t\t\t\t<\/div>\n\t\t\t\t<div class=\"elementor-element elementor-element-cf89e53 elementor-widget elementor-widget-spacer\" data-id=\"cf89e53\" data-element_type=\"widget\" data-e-type=\"widget\" data-widget_type=\"spacer.default\">\n\t\t\t\t<div class=\"elementor-widget-container\">\n\t\t\t\t\t\t\t<div class=\"elementor-spacer\">\n\t\t\t<div class=\"elementor-spacer-inner\"><\/div>\n\t\t<\/div>\n\t\t\t\t\t\t<\/div>\n\t\t\t\t<\/div>\n\t\t\t\t\t<\/div>\n\t\t\t\t<\/div>\n\t\t<div class=\"elementor-element elementor-element-94d65ea e-flex e-con-boxed e-con e-parent\" data-id=\"94d65ea\" data-element_type=\"container\" data-e-type=\"container\">\n\t\t\t\t\t<div class=\"e-con-inner\">\n\t\t\t\t<div class=\"elementor-element elementor-element-66baf55 elementor-widget elementor-widget-html\" data-id=\"66baf55\" data-element_type=\"widget\" data-e-type=\"widget\" data-widget_type=\"html.default\">\n\t\t\t\t<div class=\"elementor-widget-container\">\n\t\t\t\t\t<style>\r\n\r\n        .cartao {\r\n            background: #fff;\r\n            padding: 20px;\r\n            border-radius: 12px;\r\n            width: 400px;\r\n            box-shadow: 0 4px 15px rgba(0,0,0,0.3);\r\n        }\r\n\r\n        .titulo {\r\n            font-weight: bold;\r\n            font-size: 14px;\r\n            color: #333;\r\n            margin-bottom: 5px;\r\n            display: block;\r\n        }\r\n\r\n\r\n        .fundo-barra {\r\n            background: #eee;\r\n            height: 10px;\r\n            border-radius: 5px;\r\n            overflow: hidden;\r\n            margin-bottom: 10px;\r\n        }\r\n\r\n        .progresso {\r\n            background: #000080;\r\n            height: 100%;\r\n            width: 50%; \r\n            animation: carregar 1.5s ease-out;\r\n        }\r\n\r\n        .valor {\r\n            text-align: right;\r\n            font-size: 24px;\r\n            font-weight: 800;\r\n            color: #000080;\r\n        }\r\n\r\n        @keyframes carregar {\r\n            from { width: 0; }\r\n        }\r\n    <\/style>\r\n\r\n<div>\r\n\r\n    <div class=\"cartao\">\r\n        <div class=\"titulo\">EVOLU\u00c7\u00c3O DA INICIATIVA<\/div>\r\n        <div class=\"fundo-barra\">\r\n            <div class=\"progresso\"><\/div>\r\n        <\/div>\r\n\r\n        <div class=\"valor\">50%<\/div>\r\n    <\/div>\r\n\r\n<\/div>\t\t\t\t<\/div>\n\t\t\t\t<\/div>\n\t\t\t\t\t<\/div>\n\t\t\t\t<\/div>\n\t\t\t\t<\/div>\n\t\t","protected":false},"excerpt":{"rendered":"<p>Unidade Respons\u00e1vel Prodgep &#8211; Pr\u00f3-Reitoria de Desenvolvimento e Gest\u00e3o de Pessoas Qualifica\u00e7\u00e3o strictu sensu para os TAES e docentes da Ufac Fortalecimento, em parceria com a Propeg, da qualifica\u00e7\u00e3o strictu sensu para os TAES e docentes da Ufac em alinhamento com a Pol\u00edtica Nacional de Desenvolvimento de Pessoas (PNDP) Respons\u00e1vel pelo preenchimento K\u00e1rytha Krystyny Melo&hellip; <a class=\"more-link\" href=\"https:\/\/estrategia.ufac.br\/?page_id=2867\">Continue lendo <span class=\"screen-reader-text\">Fortalecimento, em parceria com a Propeg, da qualifica\u00e7\u00e3o strictu sensu para os TAES e docentes da Ufac em alinhamento com a Pol\u00edtica Nacional de Desenvolvimento de Pessoas (PNDP)<\/span><\/a><\/p>\n","protected":false},"author":1,"featured_media":0,"parent":0,"menu_order":0,"comment_status":"closed","ping_status":"closed","template":"","meta":{"footnotes":""},"class_list":["post-2867","page","type-page","status-publish","hentry","entry"],"_links":{"self":[{"href":"https:\/\/estrategia.ufac.br\/index.php?rest_route=\/wp\/v2\/pages\/2867"}],"collection":[{"href":"https:\/\/estrategia.ufac.br\/index.php?rest_route=\/wp\/v2\/pages"}],"about":[{"href":"https:\/\/estrategia.ufac.br\/index.php?rest_route=\/wp\/v2\/types\/page"}],"author":[{"embeddable":true,"href":"https:\/\/estrategia.ufac.br\/index.php?rest_route=\/wp\/v2\/users\/1"}],"replies":[{"embeddable":true,"href":"https:\/\/estrategia.ufac.br\/index.php?rest_route=%2Fwp%2Fv2%2Fcomments&post=2867"}],"version-history":[{"count":4,"href":"https:\/\/estrategia.ufac.br\/index.php?rest_route=\/wp\/v2\/pages\/2867\/revisions"}],"predecessor-version":[{"id":2871,"href":"https:\/\/estrategia.ufac.br\/index.php?rest_route=\/wp\/v2\/pages\/2867\/revisions\/2871"}],"wp:attachment":[{"href":"https:\/\/estrategia.ufac.br\/index.php?rest_route=%2Fwp%2Fv2%2Fmedia&parent=2867"}],"curies":[{"name":"wp","href":"https:\/\/api.w.org\/{rel}","templated":true}]}}