{"id":2856,"date":"2026-05-08T13:36:09","date_gmt":"2026-05-08T18:36:09","guid":{"rendered":"https:\/\/estrategia.ufac.br\/?page_id=2856"},"modified":"2026-05-08T14:42:44","modified_gmt":"2026-05-08T19:42:44","slug":"prad-iniciativas-estrategicas-2","status":"publish","type":"page","link":"https:\/\/estrategia.ufac.br\/?page_id=2856","title":{"rendered":"PRODGEP &#8211; Iniciativas Estrat\u00e9gicas"},"content":{"rendered":"\t\t<div data-elementor-type=\"wp-page\" data-elementor-id=\"2856\" class=\"elementor elementor-2856\">\n\t\t\t\t<div class=\"elementor-element elementor-element-f3166e8 e-flex e-con-boxed e-con e-parent\" data-id=\"f3166e8\" data-element_type=\"container\" data-e-type=\"container\">\n\t\t\t\t\t<div class=\"e-con-inner\">\n\t\t\t\t<div class=\"elementor-element elementor-element-db9324d elementor-widget__width-inherit elementor-widget elementor-widget-heading\" data-id=\"db9324d\" data-element_type=\"widget\" data-e-type=\"widget\" data-widget_type=\"heading.default\">\n\t\t\t\t<div class=\"elementor-widget-container\">\n\t\t\t\t\t<h2 class=\"elementor-heading-title elementor-size-default\">PRODGEP - Iniciativas Estrat\u00e9gicas<\/h2>\t\t\t\t<\/div>\n\t\t\t\t<\/div>\n\t\t\t\t<div class=\"elementor-element elementor-element-fba701e elementor-widget elementor-widget-spacer\" data-id=\"fba701e\" data-element_type=\"widget\" data-e-type=\"widget\" data-widget_type=\"spacer.default\">\n\t\t\t\t<div class=\"elementor-widget-container\">\n\t\t\t\t\t\t\t<div class=\"elementor-spacer\">\n\t\t\t<div class=\"elementor-spacer-inner\"><\/div>\n\t\t<\/div>\n\t\t\t\t\t\t<\/div>\n\t\t\t\t<\/div>\n\t\t\t\t\t<\/div>\n\t\t\t\t<\/div>\n\t\t<div class=\"elementor-element elementor-element-22a01f0 e-flex e-con-boxed e-con e-parent\" data-id=\"22a01f0\" data-element_type=\"container\" data-e-type=\"container\">\n\t\t\t\t\t<div class=\"e-con-inner\">\n\t\t\t\t<div class=\"elementor-element elementor-element-a221423 elementor-widget elementor-widget-html\" data-id=\"a221423\" data-element_type=\"widget\" data-e-type=\"widget\" data-widget_type=\"html.default\">\n\t\t\t\t<div class=\"elementor-widget-container\">\n\t\t\t\t\t<style>\n    :root {\n        --cor-borda-fina: #e0e0e0;\n        --cor-texto-principal: #333;\n        --cor-texto-secundario: #999;\n        --cor-azul-destaque: #000080;\n        --cor-fundo-barra: #f0f0f0;\n    }\n\n    .container-indicador {\n        background-color: #fff;\n        width: 100%;\n        border: 1px solid var(--cor-borda-fina);\n        border-radius: 8px;\n        padding: 20px 25px;\n        margin-bottom: 15px;\n        display: flex;\n        align-items: center;\n        position: relative;\n        box-shadow: 0 2px 4px rgba(0,0,0,0.05);\n        font-family: Rawline, Raleway, sans-serif;\n        transition: transform 0.3s ease, box-shadow 0.3s ease;\n    }\n    .container-indicador:hover {\n    transform: scale(1.02); \n    box-shadow: 0 8px 16px rgba(0,0,0,0.1);\n    z-index: 10; \n}\n\n    \/* A linha azul lateral na esquerda *\/\n    .container-indicador::before {\n        content: \"\";\n        position: absolute;\n        left: 0;\n        height: 100%;\n        width: 4px;\n        background-color: var(--cor-azul-destaque);\n        border-radius: 0 4px 4px 0;\n    }\n\n    .codigo-item {\n        color: var(--cor-texto-secundario);\n        font-size: 14px;\n        margin-right: 20px;\n        min-width: 30px;\n    }\n\n    .titulo-item {\n        flex-grow: 1;\n        color: var(--cor-texto-principal);\n        font-weight: 600;\n        font-size: 16px;\n    }\n\n    .secao-progresso {\n        display: flex;\n        align-items: center;\n        gap: 15px;\n        min-width: 200px;\n    }\n\n    .barra-fundo {\n        width: 100px;\n        height: 8px;\n        background-color: var(--cor-fundo-barra);\n        border-radius: 4px;\n        overflow: hidden;\n    }\n\n    .barra-preenchimento {\n        height: 100%;\n        background-color: var(--cor-azul-destaque);\n        border-radius: 4px;\n    }\n\n    .porcentagem {\n        color: var(--cor-texto-secundario);\n        font-size: 14px;\n        width: 35px;\n        text-align: right;\n    }\n\n    .icone-seta {\n        color: var(--cor-texto-secundario);\n        margin-left: 15px;\n        cursor: pointer;\n        font-size: 12px;\n        transition: transform 0.3s;\n    }\n\n    .icone-seta:hover {\n        transform: translateY(2px);\n    }\n    a{text-decoration:none;}\n<\/style>\n<a href=\"https:\/\/estrategia.ufac.br\/?page_id=2867\" style=\"text-decoration:none;\">\n    <div class=\"container-indicador\">\n        <span class=\"codigo-item\">IE2<\/span>\n        <div class=\"titulo-item\">Fortalecimento, em parceria com a Propeg, da\nqualifica\u00e7\u00e3o strictu sensu para os TAES e docentes\nda Ufac em alinhamento com a Pol\u00edtica Nacional de\nDesenvolvimento de Pessoas (PNDP)<\/div>\n                                \n        <div class=\"secao-progresso\">\n            <div class=\"barra-fundo\">\n                <div class=\"barra-preenchimento\" style=\"width: 50%;\"><\/div>\n            <\/div>\n            <span class=\"porcentagem\">50%<\/span>\n        <\/div>\n    <\/div>\n<\/a>\n    <!--IE3-->\n<a href=\"https:\/\/estrategia.ufac.br\/?page_id=2875\" style=\"text-decoration:none;\">\n    <div class=\"container-indicador\">\n        <span class=\"codigo-item\">IE3<\/span>\n        <div class=\"titulo-item\">Elabora\u00e7\u00e3o da Pol\u00edtica de Sa\u00fade e Qualidade de Vida\nno Trabalho<\/div>\n        \n        <div class=\"secao-progresso\">\n            <div class=\"barra-fundo\">\n                <div class=\"barra-preenchimento\" style=\"width: 40%;\"><\/div>\n            <\/div>\n            <span class=\"porcentagem\">40%<\/span>\n        <\/div>\n    <\/div>\n<\/a>\n    <!--IE5-->\n<a href=\"https:\/\/estrategia.ufac.br\/?page_id=2883\" style=\"text-decoration:none;\">\n    <div class=\"container-indicador\">\n        <span class=\"codigo-item\">IE5<\/span>\n        <div class=\"titulo-item\">Implementa\u00e7\u00e3o do Programa de Gest\u00e3o de\nDesempenho (PGD)<\/div>\n        \n        <div class=\"secao-progresso\">\n            <div class=\"barra-fundo\">\n                <div class=\"barra-preenchimento\" style=\"width: 90%;\"><\/div>\n            <\/div>\n            <span class=\"porcentagem\">90%<\/span>\n        <\/div>\n    <\/div>\n<\/a>\n    <!--IE6-->\n<a href=\"https:\/\/estrategia.ufac.br\/?page_id=2895\" style=\"text-decoration:none;\">\n    <div class=\"container-indicador\">\n        <span class=\"codigo-item\">IE6<\/span>\n        <div class=\"titulo-item\">Programa de Acolhimento e Integra\u00e7\u00e3o de novos\nservidores<\/div>\n        \n        <div class=\"secao-progresso\">\n            <div class=\"barra-fundo\">\n                <div class=\"barra-preenchimento\" style=\"width: 25%;\"><\/div>\n            <\/div>\n            <span class=\"porcentagem\">25%<\/span>\n        <\/div>\n    <\/div>\n<\/a>\n\n<a href=\"https:\/\/estrategia.ufac.br\/?page_id=2903\" style=\"text-decoration:none;\">\n    <div class=\"container-indicador\">\n        <span class=\"codigo-item\">IE7<\/span>\n        <div class=\"titulo-item\">Atualiza\u00e7\u00e3o de (Normativa\/Resolu\u00e7\u00e3o) institucional\ndispondo sobre a avalia\u00e7\u00e3o de desempenho do\nquadro de TAES alinhada \u00e0s din\u00e2micas de trabalho\nPGD e legisla\u00e7\u00e3o<\/div>\n        \n        <div class=\"secao-progresso\">\n            <div class=\"barra-fundo\">\n                <div class=\"barra-preenchimento\" style=\"width: 0%;\"><\/div>\n            <\/div>\n            <span class=\"porcentagem\">0%<\/span>\n        <\/div>\n    <\/div>\n<\/a>\n\n\t\t\t\t<\/div>\n\t\t\t\t<\/div>\n\t\t\t\t\t<\/div>\n\t\t\t\t<\/div>\n\t\t\t\t<\/div>\n\t\t","protected":false},"excerpt":{"rendered":"<p>PRODGEP &#8211; Iniciativas Estrat\u00e9gicas IE2 Fortalecimento, em parceria com a Propeg, da qualifica\u00e7\u00e3o strictu sensu para os TAES e docentes da Ufac em alinhamento com a Pol\u00edtica Nacional de Desenvolvimento de Pessoas (PNDP) 50% IE3 Elabora\u00e7\u00e3o da Pol\u00edtica de Sa\u00fade e Qualidade de Vida no Trabalho 40% IE5 Implementa\u00e7\u00e3o do Programa de Gest\u00e3o de Desempenho&hellip; <a class=\"more-link\" href=\"https:\/\/estrategia.ufac.br\/?page_id=2856\">Continue lendo <span class=\"screen-reader-text\">PRODGEP &#8211; Iniciativas Estrat\u00e9gicas<\/span><\/a><\/p>\n","protected":false},"author":1,"featured_media":0,"parent":0,"menu_order":0,"comment_status":"closed","ping_status":"closed","template":"","meta":{"footnotes":""},"class_list":["post-2856","page","type-page","status-publish","hentry","entry"],"_links":{"self":[{"href":"https:\/\/estrategia.ufac.br\/index.php?rest_route=\/wp\/v2\/pages\/2856"}],"collection":[{"href":"https:\/\/estrategia.ufac.br\/index.php?rest_route=\/wp\/v2\/pages"}],"about":[{"href":"https:\/\/estrategia.ufac.br\/index.php?rest_route=\/wp\/v2\/types\/page"}],"author":[{"embeddable":true,"href":"https:\/\/estrategia.ufac.br\/index.php?rest_route=\/wp\/v2\/users\/1"}],"replies":[{"embeddable":true,"href":"https:\/\/estrategia.ufac.br\/index.php?rest_route=%2Fwp%2Fv2%2Fcomments&post=2856"}],"version-history":[{"count":22,"href":"https:\/\/estrategia.ufac.br\/index.php?rest_route=\/wp\/v2\/pages\/2856\/revisions"}],"predecessor-version":[{"id":2910,"href":"https:\/\/estrategia.ufac.br\/index.php?rest_route=\/wp\/v2\/pages\/2856\/revisions\/2910"}],"wp:attachment":[{"href":"https:\/\/estrategia.ufac.br\/index.php?rest_route=%2Fwp%2Fv2%2Fmedia&parent=2856"}],"curies":[{"name":"wp","href":"https:\/\/api.w.org\/{rel}","templated":true}]}}