{"id":2848,"date":"2026-05-08T13:32:00","date_gmt":"2026-05-08T18:32:00","guid":{"rendered":"https:\/\/estrategia.ufac.br\/?page_id=2848"},"modified":"2026-05-08T13:34:47","modified_gmt":"2026-05-08T18:34:47","slug":"plano-de-inventario-patrimonial-recondicionamento-e-desfazimento-de-bens-moveis","status":"publish","type":"page","link":"https:\/\/estrategia.ufac.br\/?page_id=2848","title":{"rendered":"Plano de invent\u00e1rio patrimonial, recondicionamento e desfazimento de bens m\u00f3veis"},"content":{"rendered":"\t\t<div data-elementor-type=\"wp-page\" data-elementor-id=\"2848\" class=\"elementor elementor-2848\">\n\t\t\t\t<div class=\"elementor-element elementor-element-25a6056 e-flex e-con-boxed e-con e-parent\" data-id=\"25a6056\" data-element_type=\"container\" data-e-type=\"container\">\n\t\t\t\t\t<div class=\"e-con-inner\">\n\t\t\t\t<div class=\"elementor-element elementor-element-586a480 elementor-widget elementor-widget-heading\" data-id=\"586a480\" data-element_type=\"widget\" data-e-type=\"widget\" data-widget_type=\"heading.default\">\n\t\t\t\t<div class=\"elementor-widget-container\">\n\t\t\t\t\t<h2 class=\"elementor-heading-title elementor-size-default\">Unidade Respons\u00e1vel<\/h2>\t\t\t\t<\/div>\n\t\t\t\t<\/div>\n\t\t\t\t<div class=\"elementor-element elementor-element-f8ae8cd elementor-widget elementor-widget-text-editor\" data-id=\"f8ae8cd\" data-element_type=\"widget\" data-e-type=\"widget\" data-widget_type=\"text-editor.default\">\n\t\t\t\t<div class=\"elementor-widget-container\">\n\t\t\t\t\t\t\t\t\t<p>PRAD &#8211; Pr\u00f3-Reitoria de Administra\u00e7\u00e3o<\/p>\t\t\t\t\t\t\t\t<\/div>\n\t\t\t\t<\/div>\n\t\t\t\t<div class=\"elementor-element elementor-element-6a2da84 elementor-widget elementor-widget-heading\" data-id=\"6a2da84\" data-element_type=\"widget\" data-e-type=\"widget\" data-widget_type=\"heading.default\">\n\t\t\t\t<div class=\"elementor-widget-container\">\n\t\t\t\t\t<h2 class=\"elementor-heading-title elementor-size-default\">Plano de invent\u00e1rio patrimonial, recondicionamento e\ndesfazimento de bens m\u00f3veis<\/h2>\t\t\t\t<\/div>\n\t\t\t\t<\/div>\n\t\t\t\t<div class=\"elementor-element elementor-element-6480200 elementor-widget elementor-widget-spacer\" data-id=\"6480200\" data-element_type=\"widget\" data-e-type=\"widget\" data-widget_type=\"spacer.default\">\n\t\t\t\t<div class=\"elementor-widget-container\">\n\t\t\t\t\t\t\t<div class=\"elementor-spacer\">\n\t\t\t<div class=\"elementor-spacer-inner\"><\/div>\n\t\t<\/div>\n\t\t\t\t\t\t<\/div>\n\t\t\t\t<\/div>\n\t\t\t\t\t<\/div>\n\t\t\t\t<\/div>\n\t\t<div class=\"elementor-element elementor-element-c3501f9 e-grid e-con-boxed e-con e-parent\" data-id=\"c3501f9\" data-element_type=\"container\" data-e-type=\"container\">\n\t\t\t\t\t<div class=\"e-con-inner\">\n\t\t<div class=\"elementor-element elementor-element-3c55238 e-con-full e-flex e-con e-child\" data-id=\"3c55238\" data-element_type=\"container\" data-e-type=\"container\">\n\t\t\t\t<div class=\"elementor-element elementor-element-d3d4e13 elementor-widget elementor-widget-heading\" data-id=\"d3d4e13\" data-element_type=\"widget\" data-e-type=\"widget\" data-widget_type=\"heading.default\">\n\t\t\t\t<div class=\"elementor-widget-container\">\n\t\t\t\t\t<h2 class=\"elementor-heading-title elementor-size-default\">Respons\u00e1vel pelo preenchimento <\/h2>\t\t\t\t<\/div>\n\t\t\t\t<\/div>\n\t\t\t\t<div class=\"elementor-element elementor-element-d389c37 elementor-widget elementor-widget-text-editor\" data-id=\"d389c37\" data-element_type=\"widget\" data-e-type=\"widget\" data-widget_type=\"text-editor.default\">\n\t\t\t\t<div class=\"elementor-widget-container\">\n\t\t\t\t\t\t\t\t\t<p>Tone Eli da Silva Roca<\/p>\t\t\t\t\t\t\t\t<\/div>\n\t\t\t\t<\/div>\n\t\t\t\t<\/div>\n\t\t<div class=\"elementor-element elementor-element-abda2c5 e-con-full e-flex e-con e-child\" data-id=\"abda2c5\" data-element_type=\"container\" data-e-type=\"container\">\n\t\t\t\t<div class=\"elementor-element elementor-element-d653680 elementor-widget elementor-widget-heading\" data-id=\"d653680\" data-element_type=\"widget\" data-e-type=\"widget\" data-widget_type=\"heading.default\">\n\t\t\t\t<div class=\"elementor-widget-container\">\n\t\t\t\t\t<h2 class=\"elementor-heading-title elementor-size-default\">Data preenchimento<\/h2>\t\t\t\t<\/div>\n\t\t\t\t<\/div>\n\t\t\t\t<div class=\"elementor-element elementor-element-b797f76 elementor-widget elementor-widget-text-editor\" data-id=\"b797f76\" data-element_type=\"widget\" data-e-type=\"widget\" data-widget_type=\"text-editor.default\">\n\t\t\t\t<div class=\"elementor-widget-container\">\n\t\t\t\t\t\t\t\t\t<p>09\/03\/2026<\/p>\t\t\t\t\t\t\t\t<\/div>\n\t\t\t\t<\/div>\n\t\t\t\t<\/div>\n\t\t\t\t\t<\/div>\n\t\t\t\t<\/div>\n\t\t<div class=\"elementor-element elementor-element-dbf377e e-flex e-con-boxed e-con e-parent\" data-id=\"dbf377e\" data-element_type=\"container\" data-e-type=\"container\">\n\t\t\t\t\t<div class=\"e-con-inner\">\n\t\t\t\t<div class=\"elementor-element elementor-element-38db1be elementor-widget elementor-widget-html\" data-id=\"38db1be\" data-element_type=\"widget\" data-e-type=\"widget\" data-widget_type=\"html.default\">\n\t\t\t\t<div class=\"elementor-widget-container\">\n\t\t\t\t\t<style>\r\n    table {\r\n        border-collapse: collapse;\r\n        width: 100%;\r\n        color: #333;\r\n        font-size: 14px;\r\n        text-align: left;\r\n    }\r\n\r\n    th {\r\n        font-weight: 600;\r\n        text-transform: uppercase;\r\n        letter-spacing: 0.05em;\r\n        border-bottom: 2px solid #eee;\r\n        padding: 12px 15px;\r\n    }\r\n\r\n    td {\r\n        padding: 12px 15px;\r\n        border-bottom: 1px solid #f0f0f0;\r\n    }\r\n\r\n    tr:last-child td {\r\n        border-bottom: none;\r\n    }\r\n\r\n    tr:hover {\r\n        background-color: #fafafa;\r\n    }\r\n<\/style>\r\n\r\n<table>\r\n    <thead>\r\n        <tr>\r\n            <th>A\u00c7\u00c3O<\/th>\r\n            <th>PRAZO IN\u00cdCIO<\/th>\r\n            <th>PRAZO FIM<\/th>\r\n            <th>CUSTO<\/th>\r\n            <th>STATUS<\/th>\r\n        <\/tr>\r\n    <\/thead>\r\n    <tbody>\r\n        <tr>\r\n            <td>Contrata\u00e7\u00e3o de empresa especializada para realiza\u00e7\u00e3o do Invent\u00e1rio Patrimonial de Bens M\u00f3veis da institui\u00e7\u00e3o<\/td>\r\n            <td>03\/06\/2025<\/td>\r\n            <td>18\/12\/2025<\/td>\r\n            <td>600.000,00<\/td>\r\n            <td>Conclu\u00edda<\/td>\r\n        <\/tr>\r\n        <tr>\r\n            <td>Institui\u00e7\u00e3o de Comiss\u00e3o respons\u00e1vel pelo acompanhamento, fiscaliza\u00e7\u00e3o e valida\u00e7\u00e3o dos servi\u00e7os executados pela empresa contratada para o invent\u00e1rio patrimonial<\/td>\r\n            <td>01\/02\/2026<\/td>\r\n            <td>03\/02\/2026<\/td>\r\n            <td>-<\/td>\r\n            <td>Conclu\u00edda<\/td>\r\n        <\/tr>\r\n        <tr>\r\n            <td>Planejamento e elabora\u00e7\u00e3o do cronograma de execu\u00e7\u00e3o do Invent\u00e1rio Patrimonial, com defini\u00e7\u00e3o das etapas e programa\u00e7\u00e3o das visitas \u00e0s unidades administrativas<\/td>\r\n            <td>-<\/td>\r\n            <td>-<\/td>\r\n            <td>-<\/td>\r\n            <td>N\u00e3o iniciada<\/td>\r\n        <\/tr>\r\n        <tr>\r\n            <td>Invent\u00e1rio Patrimonial<\/td>\r\n            <td>-<\/td>\r\n            <td>-<\/td>\r\n            <td>-<\/td>\r\n            <td>N\u00e3o iniciada<\/td>\r\n        <\/tr>\r\n        <tr>\r\n            <td>Leil\u00e3o de Bens<\/td>\r\n            <td>25\/02\/2026<\/td>\r\n            <td>01\/07\/2026<\/td>\r\n            <td>-<\/td>\r\n            <td>Em execu\u00e7\u00e3o<\/td>\r\n        <\/tr>\r\n    <\/tbody>\r\n<\/table>\t\t\t\t<\/div>\n\t\t\t\t<\/div>\n\t\t\t\t<div class=\"elementor-element elementor-element-54f8fe2 elementor-widget elementor-widget-spacer\" data-id=\"54f8fe2\" data-element_type=\"widget\" data-e-type=\"widget\" data-widget_type=\"spacer.default\">\n\t\t\t\t<div class=\"elementor-widget-container\">\n\t\t\t\t\t\t\t<div class=\"elementor-spacer\">\n\t\t\t<div class=\"elementor-spacer-inner\"><\/div>\n\t\t<\/div>\n\t\t\t\t\t\t<\/div>\n\t\t\t\t<\/div>\n\t\t\t\t\t<\/div>\n\t\t\t\t<\/div>\n\t\t<div class=\"elementor-element elementor-element-db9dbc2 e-flex e-con-boxed e-con e-parent\" data-id=\"db9dbc2\" data-element_type=\"container\" data-e-type=\"container\">\n\t\t\t\t\t<div class=\"e-con-inner\">\n\t\t\t\t<div class=\"elementor-element elementor-element-10d5e6a elementor-widget elementor-widget-html\" data-id=\"10d5e6a\" data-element_type=\"widget\" data-e-type=\"widget\" data-widget_type=\"html.default\">\n\t\t\t\t<div class=\"elementor-widget-container\">\n\t\t\t\t\t<style>\r\n\r\n        .cartao {\r\n            background: #fff;\r\n            padding: 20px;\r\n            border-radius: 12px;\r\n            width: 400px;\r\n            box-shadow: 0 4px 15px rgba(0,0,0,0.3);\r\n        }\r\n\r\n        .titulo {\r\n            font-weight: bold;\r\n            font-size: 14px;\r\n            color: #333;\r\n            margin-bottom: 5px;\r\n            display: block;\r\n        }\r\n\r\n\r\n        .fundo-barra {\r\n            background: #eee;\r\n            height: 10px;\r\n            border-radius: 5px;\r\n            overflow: hidden;\r\n            margin-bottom: 10px;\r\n        }\r\n\r\n        .progresso {\r\n            background: #000080;\r\n            height: 100%;\r\n            width: 50%; \r\n            animation: carregar 1.5s ease-out;\r\n        }\r\n\r\n        .valor {\r\n            text-align: right;\r\n            font-size: 24px;\r\n            font-weight: 800;\r\n            color: #000080;\r\n        }\r\n\r\n        @keyframes carregar {\r\n            from { width: 0; }\r\n        }\r\n    <\/style>\r\n\r\n<div>\r\n\r\n    <div class=\"cartao\">\r\n        <div class=\"titulo\">EVOLU\u00c7\u00c3O DA INICIATIVA<\/div>\r\n        <div class=\"fundo-barra\">\r\n            <div class=\"progresso\"><\/div>\r\n        <\/div>\r\n\r\n        <div class=\"valor\">50%<\/div>\r\n    <\/div>\r\n\r\n<\/div>\t\t\t\t<\/div>\n\t\t\t\t<\/div>\n\t\t\t\t\t<\/div>\n\t\t\t\t<\/div>\n\t\t\t\t<\/div>\n\t\t","protected":false},"excerpt":{"rendered":"<p>Unidade Respons\u00e1vel PRAD &#8211; Pr\u00f3-Reitoria de Administra\u00e7\u00e3o Plano de invent\u00e1rio patrimonial, recondicionamento e desfazimento de bens m\u00f3veis Respons\u00e1vel pelo preenchimento Tone Eli da Silva Roca Data preenchimento 09\/03\/2026 A\u00c7\u00c3O PRAZO IN\u00cdCIO PRAZO FIM CUSTO STATUS Contrata\u00e7\u00e3o de empresa especializada para realiza\u00e7\u00e3o do Invent\u00e1rio Patrimonial de Bens M\u00f3veis da institui\u00e7\u00e3o 03\/06\/2025 18\/12\/2025 600.000,00 Conclu\u00edda Institui\u00e7\u00e3o de&hellip; <a class=\"more-link\" href=\"https:\/\/estrategia.ufac.br\/?page_id=2848\">Continue lendo <span class=\"screen-reader-text\">Plano de invent\u00e1rio patrimonial, recondicionamento e desfazimento de bens m\u00f3veis<\/span><\/a><\/p>\n","protected":false},"author":1,"featured_media":0,"parent":0,"menu_order":0,"comment_status":"closed","ping_status":"closed","template":"","meta":{"footnotes":""},"class_list":["post-2848","page","type-page","status-publish","hentry","entry"],"_links":{"self":[{"href":"https:\/\/estrategia.ufac.br\/index.php?rest_route=\/wp\/v2\/pages\/2848"}],"collection":[{"href":"https:\/\/estrategia.ufac.br\/index.php?rest_route=\/wp\/v2\/pages"}],"about":[{"href":"https:\/\/estrategia.ufac.br\/index.php?rest_route=\/wp\/v2\/types\/page"}],"author":[{"embeddable":true,"href":"https:\/\/estrategia.ufac.br\/index.php?rest_route=\/wp\/v2\/users\/1"}],"replies":[{"embeddable":true,"href":"https:\/\/estrategia.ufac.br\/index.php?rest_route=%2Fwp%2Fv2%2Fcomments&post=2848"}],"version-history":[{"count":4,"href":"https:\/\/estrategia.ufac.br\/index.php?rest_route=\/wp\/v2\/pages\/2848\/revisions"}],"predecessor-version":[{"id":2852,"href":"https:\/\/estrategia.ufac.br\/index.php?rest_route=\/wp\/v2\/pages\/2848\/revisions\/2852"}],"wp:attachment":[{"href":"https:\/\/estrategia.ufac.br\/index.php?rest_route=%2Fwp%2Fv2%2Fmedia&parent=2848"}],"curies":[{"name":"wp","href":"https:\/\/api.w.org\/{rel}","templated":true}]}}