{"id":2840,"date":"2026-05-08T13:27:18","date_gmt":"2026-05-08T18:27:18","guid":{"rendered":"https:\/\/estrategia.ufac.br\/?page_id=2840"},"modified":"2026-05-08T13:31:19","modified_gmt":"2026-05-08T18:31:19","slug":"estabelecimento-e-implantacao-de-metodologia-de-apuracao-de-custos-focado-na-gestao-de-custos-e-informacoes-gerenciais","status":"publish","type":"page","link":"https:\/\/estrategia.ufac.br\/?page_id=2840","title":{"rendered":"Estabelecimento e implanta\u00e7\u00e3o de metodologia de apura\u00e7\u00e3o de custos focado na gest\u00e3o de custos e informa\u00e7\u00f5es gerenciais"},"content":{"rendered":"\t\t<div data-elementor-type=\"wp-page\" data-elementor-id=\"2840\" class=\"elementor elementor-2840\">\n\t\t\t\t<div class=\"elementor-element elementor-element-87c977c e-flex e-con-boxed e-con e-parent\" data-id=\"87c977c\" data-element_type=\"container\" data-e-type=\"container\">\n\t\t\t\t\t<div class=\"e-con-inner\">\n\t\t\t\t<div class=\"elementor-element elementor-element-d5e7139 elementor-widget elementor-widget-heading\" data-id=\"d5e7139\" data-element_type=\"widget\" data-e-type=\"widget\" data-widget_type=\"heading.default\">\n\t\t\t\t<div class=\"elementor-widget-container\">\n\t\t\t\t\t<h2 class=\"elementor-heading-title elementor-size-default\">Unidade Respons\u00e1vel<\/h2>\t\t\t\t<\/div>\n\t\t\t\t<\/div>\n\t\t\t\t<div class=\"elementor-element elementor-element-95e9687 elementor-widget elementor-widget-text-editor\" data-id=\"95e9687\" data-element_type=\"widget\" data-e-type=\"widget\" data-widget_type=\"text-editor.default\">\n\t\t\t\t<div class=\"elementor-widget-container\">\n\t\t\t\t\t\t\t\t\t<p>PRAD &#8211; Pr\u00f3-Reitoria de Administra\u00e7\u00e3o<\/p>\t\t\t\t\t\t\t\t<\/div>\n\t\t\t\t<\/div>\n\t\t\t\t<div class=\"elementor-element elementor-element-a9cecab elementor-widget elementor-widget-heading\" data-id=\"a9cecab\" data-element_type=\"widget\" data-e-type=\"widget\" data-widget_type=\"heading.default\">\n\t\t\t\t<div class=\"elementor-widget-container\">\n\t\t\t\t\t<h2 class=\"elementor-heading-title elementor-size-default\">Estabelecimento e implanta\u00e7\u00e3o de metodologia de apura\u00e7\u00e3o\nde custos focado na gest\u00e3o de custos e informa\u00e7\u00f5es gerenciais<\/h2>\t\t\t\t<\/div>\n\t\t\t\t<\/div>\n\t\t\t\t<div class=\"elementor-element elementor-element-0cfc37e elementor-widget elementor-widget-text-editor\" data-id=\"0cfc37e\" data-element_type=\"widget\" data-e-type=\"widget\" data-widget_type=\"text-editor.default\">\n\t\t\t\t<div class=\"elementor-widget-container\">\n\t\t\t\t\t\t\t\t\t<p>Temos o entendimento de que esta Iniciativa Estrat\u00e9gica n\u00e3o \u00e9 de responsabilidade da Pr\u00f3- Reitoria de Administra\u00e7\u00e3o, mas sim da Pr\u00f3 Reitoria de Planejamento, especificamente da&nbsp;<span style=\"font-size: 16.8px;\">Diretoria de Or\u00e7amentos e Custos.<\/span><\/p>\t\t\t\t\t\t\t\t<\/div>\n\t\t\t\t<\/div>\n\t\t\t\t\t<\/div>\n\t\t\t\t<\/div>\n\t\t<div class=\"elementor-element elementor-element-20ba01e e-grid e-con-boxed e-con e-parent\" data-id=\"20ba01e\" data-element_type=\"container\" data-e-type=\"container\">\n\t\t\t\t\t<div class=\"e-con-inner\">\n\t\t<div class=\"elementor-element elementor-element-35b7467 e-con-full e-flex e-con e-child\" data-id=\"35b7467\" data-element_type=\"container\" data-e-type=\"container\">\n\t\t\t\t<div class=\"elementor-element elementor-element-0e996c0 elementor-widget elementor-widget-heading\" data-id=\"0e996c0\" data-element_type=\"widget\" data-e-type=\"widget\" data-widget_type=\"heading.default\">\n\t\t\t\t<div class=\"elementor-widget-container\">\n\t\t\t\t\t<h2 class=\"elementor-heading-title elementor-size-default\">Respons\u00e1vel pelo preenchimento <\/h2>\t\t\t\t<\/div>\n\t\t\t\t<\/div>\n\t\t\t\t<\/div>\n\t\t<div class=\"elementor-element elementor-element-99138cb e-con-full e-flex e-con e-child\" data-id=\"99138cb\" data-element_type=\"container\" data-e-type=\"container\">\n\t\t\t\t<div class=\"elementor-element elementor-element-4a6bffe elementor-widget elementor-widget-heading\" data-id=\"4a6bffe\" data-element_type=\"widget\" data-e-type=\"widget\" data-widget_type=\"heading.default\">\n\t\t\t\t<div class=\"elementor-widget-container\">\n\t\t\t\t\t<h2 class=\"elementor-heading-title elementor-size-default\">Data preenchimento<\/h2>\t\t\t\t<\/div>\n\t\t\t\t<\/div>\n\t\t\t\t<div class=\"elementor-element elementor-element-fb91881 elementor-widget elementor-widget-text-editor\" data-id=\"fb91881\" data-element_type=\"widget\" data-e-type=\"widget\" data-widget_type=\"text-editor.default\">\n\t\t\t\t<div class=\"elementor-widget-container\">\n\t\t\t\t\t\t\t\t\t<p>09\/03\/2026<\/p>\t\t\t\t\t\t\t\t<\/div>\n\t\t\t\t<\/div>\n\t\t\t\t<\/div>\n\t\t\t\t\t<\/div>\n\t\t\t\t<\/div>\n\t\t<div class=\"elementor-element elementor-element-7913a7b e-flex e-con-boxed e-con e-parent\" data-id=\"7913a7b\" data-element_type=\"container\" data-e-type=\"container\">\n\t\t\t\t\t<div class=\"e-con-inner\">\n\t\t\t\t<div class=\"elementor-element elementor-element-4d5fe73 elementor-widget elementor-widget-html\" data-id=\"4d5fe73\" data-element_type=\"widget\" data-e-type=\"widget\" data-widget_type=\"html.default\">\n\t\t\t\t<div class=\"elementor-widget-container\">\n\t\t\t\t\t<style>\r\n    table {\r\n        border-collapse: collapse;\r\n        width: 100%;\r\n        color: #333;\r\n        font-size: 14px;\r\n        text-align: left;\r\n    }\r\n\r\n    th {\r\n        font-weight: 600;\r\n        text-transform: uppercase;\r\n        letter-spacing: 0.05em;\r\n        border-bottom: 2px solid #eee;\r\n        padding: 12px 15px;\r\n    }\r\n\r\n    td {\r\n        padding: 12px 15px;\r\n        border-bottom: 1px solid #f0f0f0;\r\n    }\r\n\r\n    tr:last-child td {\r\n        border-bottom: none;\r\n    }\r\n\r\n    tr:hover {\r\n        background-color: #fafafa;\r\n    }\r\n<\/style>\r\n\r\n<table>\r\n    <thead>\r\n        <tr>\r\n            <th>A\u00c7\u00c3O<\/th>\r\n            <th>PRAZO IN\u00cdCIO<\/th>\r\n            <th>PRAZO FIM<\/th>\r\n            <th>CUSTO<\/th>\r\n            <th>STATUS<\/th>\r\n        <\/tr>\r\n    <\/thead>\r\n    <tbody>\r\n        <tr>\r\n            <td>-<\/td>\r\n            <td>-<\/td>\r\n            <td>-<\/td>\r\n            <td>-<\/td>\r\n            <td>-<\/td>\r\n        <\/tr>\r\n        <tr>\r\n            <td>-<\/td>\r\n            <td>-<\/td>\r\n            <td>-<\/td>\r\n            <td>-<\/td>\r\n            <td>-<\/td>\r\n        <\/tr>\r\n        <tr>\r\n            <td>-<\/td>\r\n            <td>-<\/td>\r\n            <td>-<\/td>\r\n            <td>-<\/td>\r\n            <td>-<\/td>\r\n        <\/tr>\r\n        <tr>\r\n            <td>-<\/td>\r\n            <td>-<\/td>\r\n            <td>-<\/td>\r\n            <td>-<\/td>\r\n            <td>-<\/td>\r\n        <\/tr>\r\n    <\/tbody>\r\n<\/table>\t\t\t\t<\/div>\n\t\t\t\t<\/div>\n\t\t\t\t<div class=\"elementor-element elementor-element-a68f1ed elementor-widget elementor-widget-spacer\" data-id=\"a68f1ed\" data-element_type=\"widget\" data-e-type=\"widget\" data-widget_type=\"spacer.default\">\n\t\t\t\t<div class=\"elementor-widget-container\">\n\t\t\t\t\t\t\t<div class=\"elementor-spacer\">\n\t\t\t<div class=\"elementor-spacer-inner\"><\/div>\n\t\t<\/div>\n\t\t\t\t\t\t<\/div>\n\t\t\t\t<\/div>\n\t\t\t\t\t<\/div>\n\t\t\t\t<\/div>\n\t\t<div class=\"elementor-element elementor-element-d1f2989 e-flex e-con-boxed e-con e-parent\" data-id=\"d1f2989\" data-element_type=\"container\" data-e-type=\"container\">\n\t\t\t\t\t<div class=\"e-con-inner\">\n\t\t\t\t<div class=\"elementor-element elementor-element-5c5c932 elementor-widget elementor-widget-html\" data-id=\"5c5c932\" data-element_type=\"widget\" data-e-type=\"widget\" data-widget_type=\"html.default\">\n\t\t\t\t<div class=\"elementor-widget-container\">\n\t\t\t\t\t<style>\r\n\r\n        .cartao {\r\n            background: #fff;\r\n            padding: 20px;\r\n            border-radius: 12px;\r\n            width: 400px;\r\n            box-shadow: 0 4px 15px rgba(0,0,0,0.3);\r\n        }\r\n\r\n        .titulo {\r\n            font-weight: bold;\r\n            font-size: 14px;\r\n            color: #333;\r\n            margin-bottom: 5px;\r\n            display: block;\r\n        }\r\n\r\n\r\n        .fundo-barra {\r\n            background: #eee;\r\n            height: 10px;\r\n            border-radius: 5px;\r\n            overflow: hidden;\r\n            margin-bottom: 10px;\r\n        }\r\n\r\n        .progresso {\r\n            background: #000080;\r\n            height: 100%;\r\n            width: 0%; \r\n            animation: carregar 1.5s ease-out;\r\n        }\r\n\r\n        .valor {\r\n            text-align: right;\r\n            font-size: 24px;\r\n            font-weight: 800;\r\n            color: #000080;\r\n        }\r\n\r\n        @keyframes carregar {\r\n            from { width: 0; }\r\n        }\r\n    <\/style>\r\n\r\n<div>\r\n\r\n    <div class=\"cartao\">\r\n        <div class=\"titulo\">EVOLU\u00c7\u00c3O DA INICIATIVA<\/div>\r\n        <div class=\"fundo-barra\">\r\n            <div class=\"progresso\"><\/div>\r\n        <\/div>\r\n\r\n        <div class=\"valor\">0%<\/div>\r\n    <\/div>\r\n\r\n<\/div>\t\t\t\t<\/div>\n\t\t\t\t<\/div>\n\t\t\t\t\t<\/div>\n\t\t\t\t<\/div>\n\t\t\t\t<\/div>\n\t\t","protected":false},"excerpt":{"rendered":"<p>Unidade Respons\u00e1vel PRAD &#8211; Pr\u00f3-Reitoria de Administra\u00e7\u00e3o Estabelecimento e implanta\u00e7\u00e3o de metodologia de apura\u00e7\u00e3o de custos focado na gest\u00e3o de custos e informa\u00e7\u00f5es gerenciais Temos o entendimento de que esta Iniciativa Estrat\u00e9gica n\u00e3o \u00e9 de responsabilidade da Pr\u00f3- Reitoria de Administra\u00e7\u00e3o, mas sim da Pr\u00f3 Reitoria de Planejamento, especificamente da&nbsp;Diretoria de Or\u00e7amentos e Custos. Respons\u00e1vel&hellip; <a class=\"more-link\" href=\"https:\/\/estrategia.ufac.br\/?page_id=2840\">Continue lendo <span class=\"screen-reader-text\">Estabelecimento e implanta\u00e7\u00e3o de metodologia de apura\u00e7\u00e3o de custos focado na gest\u00e3o de custos e informa\u00e7\u00f5es gerenciais<\/span><\/a><\/p>\n","protected":false},"author":1,"featured_media":0,"parent":0,"menu_order":0,"comment_status":"closed","ping_status":"closed","template":"","meta":{"footnotes":""},"class_list":["post-2840","page","type-page","status-publish","hentry","entry"],"_links":{"self":[{"href":"https:\/\/estrategia.ufac.br\/index.php?rest_route=\/wp\/v2\/pages\/2840"}],"collection":[{"href":"https:\/\/estrategia.ufac.br\/index.php?rest_route=\/wp\/v2\/pages"}],"about":[{"href":"https:\/\/estrategia.ufac.br\/index.php?rest_route=\/wp\/v2\/types\/page"}],"author":[{"embeddable":true,"href":"https:\/\/estrategia.ufac.br\/index.php?rest_route=\/wp\/v2\/users\/1"}],"replies":[{"embeddable":true,"href":"https:\/\/estrategia.ufac.br\/index.php?rest_route=%2Fwp%2Fv2%2Fcomments&post=2840"}],"version-history":[{"count":4,"href":"https:\/\/estrategia.ufac.br\/index.php?rest_route=\/wp\/v2\/pages\/2840\/revisions"}],"predecessor-version":[{"id":2844,"href":"https:\/\/estrategia.ufac.br\/index.php?rest_route=\/wp\/v2\/pages\/2840\/revisions\/2844"}],"wp:attachment":[{"href":"https:\/\/estrategia.ufac.br\/index.php?rest_route=%2Fwp%2Fv2%2Fmedia&parent=2840"}],"curies":[{"name":"wp","href":"https:\/\/api.w.org\/{rel}","templated":true}]}}