{"id":2823,"date":"2026-05-08T13:09:54","date_gmt":"2026-05-08T18:09:54","guid":{"rendered":"https:\/\/estrategia.ufac.br\/?page_id=2823"},"modified":"2026-05-08T13:11:36","modified_gmt":"2026-05-08T18:11:36","slug":"criacao-de-manuais-normativos-que-contemplem-a-inovacao-e-desburocratizacao-dos-processos","status":"publish","type":"page","link":"https:\/\/estrategia.ufac.br\/?page_id=2823","title":{"rendered":"Cria\u00e7\u00e3o de manuais\/normativos que contemplem a inova\u00e7\u00e3o e desburocratiza\u00e7\u00e3o dos processos"},"content":{"rendered":"\t\t<div data-elementor-type=\"wp-page\" data-elementor-id=\"2823\" class=\"elementor elementor-2823\">\n\t\t\t\t<div class=\"elementor-element elementor-element-91ae473 e-flex e-con-boxed e-con e-parent\" data-id=\"91ae473\" data-element_type=\"container\" data-e-type=\"container\">\n\t\t\t\t\t<div class=\"e-con-inner\">\n\t\t\t\t<div class=\"elementor-element elementor-element-b45b10d elementor-widget elementor-widget-heading\" data-id=\"b45b10d\" data-element_type=\"widget\" data-e-type=\"widget\" data-widget_type=\"heading.default\">\n\t\t\t\t<div class=\"elementor-widget-container\">\n\t\t\t\t\t<h2 class=\"elementor-heading-title elementor-size-default\">Unidade Respons\u00e1vel<\/h2>\t\t\t\t<\/div>\n\t\t\t\t<\/div>\n\t\t\t\t<div class=\"elementor-element elementor-element-7bb7e0c elementor-widget elementor-widget-text-editor\" data-id=\"7bb7e0c\" data-element_type=\"widget\" data-e-type=\"widget\" data-widget_type=\"text-editor.default\">\n\t\t\t\t<div class=\"elementor-widget-container\">\n\t\t\t\t\t\t\t\t\t<p>PRAD &#8211; Pr\u00f3-Reitoria de Administra\u00e7\u00e3o<\/p>\t\t\t\t\t\t\t\t<\/div>\n\t\t\t\t<\/div>\n\t\t\t\t<div class=\"elementor-element elementor-element-ce42e41 elementor-widget elementor-widget-heading\" data-id=\"ce42e41\" data-element_type=\"widget\" data-e-type=\"widget\" data-widget_type=\"heading.default\">\n\t\t\t\t<div class=\"elementor-widget-container\">\n\t\t\t\t\t<h2 class=\"elementor-heading-title elementor-size-default\">Cria\u00e7\u00e3o de manuais\/normativos que contemplem a inova\u00e7\u00e3o e\ndesburocratiza\u00e7\u00e3o dos processos<\/h2>\t\t\t\t<\/div>\n\t\t\t\t<\/div>\n\t\t\t\t<div class=\"elementor-element elementor-element-d673faf elementor-widget elementor-widget-spacer\" data-id=\"d673faf\" data-element_type=\"widget\" data-e-type=\"widget\" data-widget_type=\"spacer.default\">\n\t\t\t\t<div class=\"elementor-widget-container\">\n\t\t\t\t\t\t\t<div class=\"elementor-spacer\">\n\t\t\t<div class=\"elementor-spacer-inner\"><\/div>\n\t\t<\/div>\n\t\t\t\t\t\t<\/div>\n\t\t\t\t<\/div>\n\t\t\t\t\t<\/div>\n\t\t\t\t<\/div>\n\t\t<div class=\"elementor-element elementor-element-4ae0adb e-grid e-con-boxed e-con e-parent\" data-id=\"4ae0adb\" data-element_type=\"container\" data-e-type=\"container\">\n\t\t\t\t\t<div class=\"e-con-inner\">\n\t\t<div class=\"elementor-element elementor-element-69a996a e-con-full e-flex e-con e-child\" data-id=\"69a996a\" data-element_type=\"container\" data-e-type=\"container\">\n\t\t\t\t<div class=\"elementor-element elementor-element-2b7c841 elementor-widget elementor-widget-heading\" data-id=\"2b7c841\" data-element_type=\"widget\" data-e-type=\"widget\" data-widget_type=\"heading.default\">\n\t\t\t\t<div class=\"elementor-widget-container\">\n\t\t\t\t\t<h2 class=\"elementor-heading-title elementor-size-default\">Respons\u00e1vel pelo preenchimento <\/h2>\t\t\t\t<\/div>\n\t\t\t\t<\/div>\n\t\t\t\t<div class=\"elementor-element elementor-element-b68ba4e elementor-widget elementor-widget-text-editor\" data-id=\"b68ba4e\" data-element_type=\"widget\" data-e-type=\"widget\" data-widget_type=\"text-editor.default\">\n\t\t\t\t<div class=\"elementor-widget-container\">\n\t\t\t\t\t\t\t\t\t<p>Tone Eli da Silva Roca<\/p>\t\t\t\t\t\t\t\t<\/div>\n\t\t\t\t<\/div>\n\t\t\t\t<\/div>\n\t\t<div class=\"elementor-element elementor-element-3427b55 e-con-full e-flex e-con e-child\" data-id=\"3427b55\" data-element_type=\"container\" data-e-type=\"container\">\n\t\t\t\t<div class=\"elementor-element elementor-element-d6a7abb elementor-widget elementor-widget-heading\" data-id=\"d6a7abb\" data-element_type=\"widget\" data-e-type=\"widget\" data-widget_type=\"heading.default\">\n\t\t\t\t<div class=\"elementor-widget-container\">\n\t\t\t\t\t<h2 class=\"elementor-heading-title elementor-size-default\">Data preenchimento<\/h2>\t\t\t\t<\/div>\n\t\t\t\t<\/div>\n\t\t\t\t<div class=\"elementor-element elementor-element-65200b7 elementor-widget elementor-widget-text-editor\" data-id=\"65200b7\" data-element_type=\"widget\" data-e-type=\"widget\" data-widget_type=\"text-editor.default\">\n\t\t\t\t<div class=\"elementor-widget-container\">\n\t\t\t\t\t\t\t\t\t<p>09\/03\/2026<\/p>\t\t\t\t\t\t\t\t<\/div>\n\t\t\t\t<\/div>\n\t\t\t\t<\/div>\n\t\t\t\t\t<\/div>\n\t\t\t\t<\/div>\n\t\t<div class=\"elementor-element elementor-element-062d9b9 e-flex e-con-boxed e-con e-parent\" data-id=\"062d9b9\" data-element_type=\"container\" data-e-type=\"container\">\n\t\t\t\t\t<div class=\"e-con-inner\">\n\t\t<div class=\"elementor-element elementor-element-eadf009 e-con-full e-flex e-con e-child\" data-id=\"eadf009\" data-element_type=\"container\" data-e-type=\"container\">\n\t\t\t\t<div class=\"elementor-element elementor-element-2ecb3f1 elementor-widget elementor-widget-heading\" data-id=\"2ecb3f1\" data-element_type=\"widget\" data-e-type=\"widget\" data-widget_type=\"heading.default\">\n\t\t\t\t<div class=\"elementor-widget-container\">\n\t\t\t\t\t<h2 class=\"elementor-heading-title elementor-size-default\">A\u00e7\u00f5es realizadas em 2025<\/h2>\t\t\t\t<\/div>\n\t\t\t\t<\/div>\n\t\t\t\t<\/div>\n\t\t\t\t\t<\/div>\n\t\t\t\t<\/div>\n\t\t<div class=\"elementor-element elementor-element-1e14b7e e-flex e-con-boxed e-con e-parent\" data-id=\"1e14b7e\" data-element_type=\"container\" data-e-type=\"container\">\n\t\t\t\t\t<div class=\"e-con-inner\">\n\t\t\t\t<div class=\"elementor-element elementor-element-9e8c3c9 elementor-widget elementor-widget-html\" data-id=\"9e8c3c9\" data-element_type=\"widget\" data-e-type=\"widget\" data-widget_type=\"html.default\">\n\t\t\t\t<div class=\"elementor-widget-container\">\n\t\t\t\t\t<style>\r\n    table {\r\n        border-collapse: collapse;\r\n        width: 100%;\r\n        color: #333;\r\n        font-size: 14px;\r\n        text-align: left;\r\n    }\r\n\r\n    th {\r\n        font-weight: 600;\r\n        text-transform: uppercase;\r\n        letter-spacing: 0.05em;\r\n        border-bottom: 2px solid #eee;\r\n        padding: 12px 15px;\r\n    }\r\n\r\n    td {\r\n        padding: 12px 15px;\r\n        border-bottom: 1px solid #f0f0f0;\r\n    }\r\n\r\n    tr:last-child td {\r\n        border-bottom: none;\r\n    }\r\n\r\n    tr:hover {\r\n        background-color: #fafafa;\r\n    }\r\n<\/style>\r\n\r\n<table>\r\n    <thead>\r\n        <tr>\r\n            <th>A\u00c7\u00c3O<\/th>\r\n            <th>PRAZO IN\u00cdCIO<\/th>\r\n            <th>PRAZO FIM<\/th>\r\n            <th>CUSTO<\/th>\r\n            <th>STATUS<\/th>\r\n        <\/tr>\r\n    <\/thead>\r\n    <tbody>\r\n        <tr>\r\n            <td>Calend\u00e1rio de compras<\/td>\r\n            <td>08\/07\/2024<\/td>\r\n            <td>Continuado<\/td>\r\n            <td>-<\/td>\r\n            <td>Em execu\u00e7\u00e3o<\/td>\r\n        <\/tr>\r\n        <tr>\r\n            <td>Elabora\u00e7\u00e3o do Caderno de Padroniza\u00e7\u00e3o de Materiais, com o objetivo de padronizar especifica\u00e7\u00f5es e facilitar os pedidos das unidades requisitantes<\/td>\r\n            <td>01\/03\/2025<\/td>\r\n            <td>30\/06\/2026<\/td>\r\n            <td>-<\/td>\r\n            <td>Em execu\u00e7\u00e3o<\/td>\r\n        <\/tr>\r\n        <tr>\r\n            <td>Cartilha orienta\u00e7\u00e3o SCDP<\/td>\r\n            <td>20\/01\/2026<\/td>\r\n            <td>13\/03\/2026<\/td>\r\n            <td>-<\/td>\r\n            <td>Em execu\u00e7\u00e3o<\/td>\r\n        <\/tr>\r\n        <tr>\r\n            <td>Instru\u00e7\u00e3o Normativa \u2013 Contrato \/ Conv\u00eanio com participa\u00e7\u00e3o de Funda\u00e7\u00e3o de Apoio<\/td>\r\n            <td>01\/12\/2025<\/td>\r\n            <td>01\/07\/2026<\/td>\r\n            <td>-<\/td>\r\n            <td>Em execu\u00e7\u00e3o<\/td>\r\n        <\/tr>\r\n        <tr>\r\n            <td>Atualiza\u00e7\u00e3o da vers\u00e3o do Manual de Fiscaliza\u00e7\u00e3o de Contratos<\/td>\r\n            <td>03\/11\/2025<\/td>\r\n            <td>01\/07\/2026<\/td>\r\n            <td>-<\/td>\r\n            <td>Em execu\u00e7\u00e3o<\/td>\r\n        <\/tr>\r\n        <tr>\r\n            <td>Instru\u00e7\u00e3o Normativa \u2013 Instaura\u00e7\u00e3o de Processo Administrativo para Aplica\u00e7\u00e3o de San\u00e7\u00e3o Contratual<\/td>\r\n            <td>-<\/td>\r\n            <td>-<\/td>\r\n            <td>-<\/td>\r\n            <td>N\u00e3o iniciada<\/td>\r\n        <\/tr>\r\n        <tr>\r\n            <td>Instru\u00e7\u00e3o Normativa \u2013 Antecipagov<\/td>\r\n            <td>-<\/td>\r\n            <td>-<\/td>\r\n            <td>-<\/td>\r\n            <td>N\u00e3o iniciada<\/td>\r\n        <\/tr>\r\n        <tr>\r\n            <td>Manuais e fluxos relacionados ao processo de compras<\/td>\r\n            <td>-<\/td>\r\n            <td>-<\/td>\r\n            <td>-<\/td>\r\n            <td>N\u00e3o iniciada<\/td>\r\n        <\/tr>\r\n        <tr>\r\n            <td>Manual de Instru\u00e7\u00e3o processual de Emiss\u00e3o de Notas de Empenho;<\/td>\r\n            <td>01\/07\/2025<\/td>\r\n            <td>31\/12\/2026<\/td>\r\n            <td>-<\/td>\r\n            <td>Em execu\u00e7\u00e3o<\/td>\r\n        <\/tr>\r\n        <tr>\r\n            <td>Manual de Instru\u00e7\u00e3o processual para formaliza\u00e7\u00e3o e execu\u00e7\u00e3o de processo de pagamento;<\/td>\r\n            <td>01\/07\/2025<\/td>\r\n            <td>31\/12\/2026<\/td>\r\n            <td>-<\/td>\r\n            <td>Em execu\u00e7\u00e3o<\/td>\r\n        <\/tr>\r\n        <tr>\r\n            <td>Norma Institucional de Arrecada\u00e7\u00e3o de Receitas, no que tange aos procedimentos relativos \u00e0 emiss\u00e3o e controle de GRU, informando sobre o Cat\u00e1logo de Servi\u00e7os no Pagtesouro;<\/td>\r\n            <td>-<\/td>\r\n            <td>-<\/td>\r\n            <td>-<\/td>\r\n            <td>N\u00e3o iniciada<\/td>\r\n        <\/tr>\r\n    <\/tbody>\r\n<\/table>\t\t\t\t<\/div>\n\t\t\t\t<\/div>\n\t\t\t\t<div class=\"elementor-element elementor-element-fffacaf elementor-widget elementor-widget-spacer\" data-id=\"fffacaf\" data-element_type=\"widget\" data-e-type=\"widget\" data-widget_type=\"spacer.default\">\n\t\t\t\t<div class=\"elementor-widget-container\">\n\t\t\t\t\t\t\t<div class=\"elementor-spacer\">\n\t\t\t<div class=\"elementor-spacer-inner\"><\/div>\n\t\t<\/div>\n\t\t\t\t\t\t<\/div>\n\t\t\t\t<\/div>\n\t\t\t\t\t<\/div>\n\t\t\t\t<\/div>\n\t\t<div class=\"elementor-element elementor-element-573ada1 e-flex e-con-boxed e-con e-parent\" data-id=\"573ada1\" data-element_type=\"container\" data-e-type=\"container\">\n\t\t\t\t\t<div class=\"e-con-inner\">\n\t\t\t\t<div class=\"elementor-element elementor-element-b7f39a1 elementor-widget elementor-widget-html\" data-id=\"b7f39a1\" data-element_type=\"widget\" data-e-type=\"widget\" data-widget_type=\"html.default\">\n\t\t\t\t<div class=\"elementor-widget-container\">\n\t\t\t\t\t<style>\r\n\r\n        .cartao {\r\n            background: #fff;\r\n            padding: 20px;\r\n            border-radius: 12px;\r\n            width: 400px;\r\n            box-shadow: 0 4px 15px rgba(0,0,0,0.3);\r\n        }\r\n\r\n        .titulo {\r\n            font-weight: bold;\r\n            font-size: 14px;\r\n            color: #333;\r\n            margin-bottom: 5px;\r\n            display: block;\r\n        }\r\n\r\n\r\n        .fundo-barra {\r\n            background: #eee;\r\n            height: 10px;\r\n            border-radius: 5px;\r\n            overflow: hidden;\r\n            margin-bottom: 10px;\r\n        }\r\n\r\n        .progresso {\r\n            background: #000080;\r\n            height: 100%;\r\n            width: 31.5%; \r\n            animation: carregar 1.5s ease-out;\r\n        }\r\n\r\n        .valor {\r\n            text-align: right;\r\n            font-size: 24px;\r\n            font-weight: 800;\r\n            color: #000080;\r\n        }\r\n\r\n        @keyframes carregar {\r\n            from { width: 0; }\r\n        }\r\n    <\/style>\r\n\r\n<div>\r\n\r\n    <div class=\"cartao\">\r\n        <div class=\"titulo\">EVOLU\u00c7\u00c3O DA INICIATIVA<\/div>\r\n        <div class=\"fundo-barra\">\r\n            <div class=\"progresso\"><\/div>\r\n        <\/div>\r\n\r\n        <div class=\"valor\">31,5%<\/div>\r\n    <\/div>\r\n\r\n<\/div>\t\t\t\t<\/div>\n\t\t\t\t<\/div>\n\t\t\t\t\t<\/div>\n\t\t\t\t<\/div>\n\t\t\t\t<\/div>\n\t\t","protected":false},"excerpt":{"rendered":"<p>Unidade Respons\u00e1vel PRAD &#8211; Pr\u00f3-Reitoria de Administra\u00e7\u00e3o Cria\u00e7\u00e3o de manuais\/normativos que contemplem a inova\u00e7\u00e3o e desburocratiza\u00e7\u00e3o dos processos Respons\u00e1vel pelo preenchimento Tone Eli da Silva Roca Data preenchimento 09\/03\/2026 A\u00e7\u00f5es realizadas em 2025 A\u00c7\u00c3O PRAZO IN\u00cdCIO PRAZO FIM CUSTO STATUS Calend\u00e1rio de compras 08\/07\/2024 Continuado &#8211; Em execu\u00e7\u00e3o Elabora\u00e7\u00e3o do Caderno de Padroniza\u00e7\u00e3o de Materiais,&hellip; <a class=\"more-link\" href=\"https:\/\/estrategia.ufac.br\/?page_id=2823\">Continue lendo <span class=\"screen-reader-text\">Cria\u00e7\u00e3o de manuais\/normativos que contemplem a inova\u00e7\u00e3o e desburocratiza\u00e7\u00e3o dos processos<\/span><\/a><\/p>\n","protected":false},"author":1,"featured_media":0,"parent":0,"menu_order":0,"comment_status":"closed","ping_status":"closed","template":"","meta":{"footnotes":""},"class_list":["post-2823","page","type-page","status-publish","hentry","entry"],"_links":{"self":[{"href":"https:\/\/estrategia.ufac.br\/index.php?rest_route=\/wp\/v2\/pages\/2823"}],"collection":[{"href":"https:\/\/estrategia.ufac.br\/index.php?rest_route=\/wp\/v2\/pages"}],"about":[{"href":"https:\/\/estrategia.ufac.br\/index.php?rest_route=\/wp\/v2\/types\/page"}],"author":[{"embeddable":true,"href":"https:\/\/estrategia.ufac.br\/index.php?rest_route=\/wp\/v2\/users\/1"}],"replies":[{"embeddable":true,"href":"https:\/\/estrategia.ufac.br\/index.php?rest_route=%2Fwp%2Fv2%2Fcomments&post=2823"}],"version-history":[{"count":4,"href":"https:\/\/estrategia.ufac.br\/index.php?rest_route=\/wp\/v2\/pages\/2823\/revisions"}],"predecessor-version":[{"id":2828,"href":"https:\/\/estrategia.ufac.br\/index.php?rest_route=\/wp\/v2\/pages\/2823\/revisions\/2828"}],"wp:attachment":[{"href":"https:\/\/estrategia.ufac.br\/index.php?rest_route=%2Fwp%2Fv2%2Fmedia&parent=2823"}],"curies":[{"name":"wp","href":"https:\/\/api.w.org\/{rel}","templated":true}]}}