{"id":2815,"date":"2026-05-08T12:53:03","date_gmt":"2026-05-08T17:53:03","guid":{"rendered":"https:\/\/estrategia.ufac.br\/?page_id=2815"},"modified":"2026-05-08T13:35:21","modified_gmt":"2026-05-08T18:35:21","slug":"prad-iniciativas-estrategicas","status":"publish","type":"page","link":"https:\/\/estrategia.ufac.br\/?page_id=2815","title":{"rendered":"PRAD &#8211; Iniciativas Estrat\u00e9gicas"},"content":{"rendered":"\t\t<div data-elementor-type=\"wp-page\" data-elementor-id=\"2815\" class=\"elementor elementor-2815\">\n\t\t\t\t<div class=\"elementor-element elementor-element-59b4ce1 e-flex e-con-boxed e-con e-parent\" data-id=\"59b4ce1\" data-element_type=\"container\" data-e-type=\"container\">\n\t\t\t\t\t<div class=\"e-con-inner\">\n\t\t\t\t<div class=\"elementor-element elementor-element-83e3050 elementor-widget__width-inherit elementor-widget elementor-widget-heading\" data-id=\"83e3050\" data-element_type=\"widget\" data-e-type=\"widget\" data-widget_type=\"heading.default\">\n\t\t\t\t<div class=\"elementor-widget-container\">\n\t\t\t\t\t<h2 class=\"elementor-heading-title elementor-size-default\">PRAD - Iniciativas Estrat\u00e9gicas<\/h2>\t\t\t\t<\/div>\n\t\t\t\t<\/div>\n\t\t\t\t<div class=\"elementor-element elementor-element-2a1d19f elementor-widget elementor-widget-spacer\" data-id=\"2a1d19f\" data-element_type=\"widget\" data-e-type=\"widget\" data-widget_type=\"spacer.default\">\n\t\t\t\t<div class=\"elementor-widget-container\">\n\t\t\t\t\t\t\t<div class=\"elementor-spacer\">\n\t\t\t<div class=\"elementor-spacer-inner\"><\/div>\n\t\t<\/div>\n\t\t\t\t\t\t<\/div>\n\t\t\t\t<\/div>\n\t\t\t\t\t<\/div>\n\t\t\t\t<\/div>\n\t\t<div class=\"elementor-element elementor-element-c8a44f7 e-flex e-con-boxed e-con e-parent\" data-id=\"c8a44f7\" data-element_type=\"container\" data-e-type=\"container\">\n\t\t\t\t\t<div class=\"e-con-inner\">\n\t\t\t\t<div class=\"elementor-element elementor-element-28284e1 elementor-widget elementor-widget-html\" data-id=\"28284e1\" data-element_type=\"widget\" data-e-type=\"widget\" data-widget_type=\"html.default\">\n\t\t\t\t<div class=\"elementor-widget-container\">\n\t\t\t\t\t<style>\n    :root {\n        --cor-borda-fina: #e0e0e0;\n        --cor-texto-principal: #333;\n        --cor-texto-secundario: #999;\n        --cor-azul-destaque: #000080;\n        --cor-fundo-barra: #f0f0f0;\n    }\n\n    .container-indicador {\n        background-color: #fff;\n        width: 100%;\n        border: 1px solid var(--cor-borda-fina);\n        border-radius: 8px;\n        padding: 20px 25px;\n        margin-bottom: 15px;\n        display: flex;\n        align-items: center;\n        position: relative;\n        box-shadow: 0 2px 4px rgba(0,0,0,0.05);\n        font-family: Rawline, Raleway, sans-serif;\n        transition: transform 0.3s ease, box-shadow 0.3s ease;\n    }\n    .container-indicador:hover {\n    transform: scale(1.02); \n    box-shadow: 0 8px 16px rgba(0,0,0,0.1);\n    z-index: 10; \n}\n\n    \/* A linha azul lateral na esquerda *\/\n    .container-indicador::before {\n        content: \"\";\n        position: absolute;\n        left: 0;\n        height: 100%;\n        width: 4px;\n        background-color: var(--cor-azul-destaque);\n        border-radius: 0 4px 4px 0;\n    }\n\n    .codigo-item {\n        color: var(--cor-texto-secundario);\n        font-size: 14px;\n        margin-right: 20px;\n        min-width: 30px;\n    }\n\n    .titulo-item {\n        flex-grow: 1;\n        color: var(--cor-texto-principal);\n        font-weight: 600;\n        font-size: 16px;\n    }\n\n    .secao-progresso {\n        display: flex;\n        align-items: center;\n        gap: 15px;\n        min-width: 200px;\n    }\n\n    .barra-fundo {\n        width: 100px;\n        height: 8px;\n        background-color: var(--cor-fundo-barra);\n        border-radius: 4px;\n        overflow: hidden;\n    }\n\n    .barra-preenchimento {\n        height: 100%;\n        background-color: var(--cor-azul-destaque);\n        border-radius: 4px;\n    }\n\n    .porcentagem {\n        color: var(--cor-texto-secundario);\n        font-size: 14px;\n        width: 35px;\n        text-align: right;\n    }\n\n    .icone-seta {\n        color: var(--cor-texto-secundario);\n        margin-left: 15px;\n        cursor: pointer;\n        font-size: 12px;\n        transition: transform 0.3s;\n    }\n\n    .icone-seta:hover {\n        transform: translateY(2px);\n    }\n    a{text-decoration:none;}\n<\/style>\n<a href=\"https:\/\/estrategia.ufac.br\/?page_id=2823\" style=\"text-decoration:none;\">\n    <div class=\"container-indicador\">\n        <span class=\"codigo-item\">IE1<\/span>\n        <div class=\"titulo-item\">Cria\u00e7\u00e3o de manuais\/normativos que contemplem a inova\u00e7\u00e3o e\ndesburocratiza\u00e7\u00e3o dos processos<\/div>\n                                \n        <div class=\"secao-progresso\">\n            <div class=\"barra-fundo\">\n                <div class=\"barra-preenchimento\" style=\"width: 31.5%;\"><\/div>\n            <\/div>\n            <span class=\"porcentagem\">31,5%<\/span>\n        <\/div>\n    <\/div>\n<\/a>\n    <!--IE2-->\n<a href=\"https:\/\/estrategia.ufac.br\/?page_id=2832\" style=\"text-decoration:none;\">\n    <div class=\"container-indicador\">\n        <span class=\"codigo-item\">IE2<\/span>\n        <div class=\"titulo-item\">Aprimoramento do Plano de Contrata\u00e7\u00e3o Anual (PCA), a fim de\npromover maior transpar\u00eancia e melhor acompanhamento da\nexecu\u00e7\u00e3o do plano pelas unidades requisitantes<\/div>\n        \n        <div class=\"secao-progresso\">\n            <div class=\"barra-fundo\">\n                <div class=\"barra-preenchimento\" style=\"width: 13.8%;\"><\/div>\n            <\/div>\n            <span class=\"porcentagem\">13,8%<\/span>\n        <\/div>\n    <\/div>\n<\/a>\n    <!--IE3-->\n<a href=\"https:\/\/estrategia.ufac.br\/?page_id=2840\" style=\"text-decoration:none;\">\n    <div class=\"container-indicador\">\n        <span class=\"codigo-item\">IE3<\/span>\n        <div class=\"titulo-item\">Estabelecimento e implanta\u00e7\u00e3o de metodologia de apura\u00e7\u00e3o\nde custos focado na gest\u00e3o de custos e informa\u00e7\u00f5es gerenciais<\/div>\n        \n        <div class=\"secao-progresso\">\n            <div class=\"barra-fundo\">\n                <div class=\"barra-preenchimento\" style=\"width: 0%;\"><\/div>\n            <\/div>\n            <span class=\"porcentagem\">0%<\/span>\n        <\/div>\n    <\/div>\n<\/a>\n    <!--IE4-->\n<a href=\"https:\/\/estrategia.ufac.br\/?page_id=2848\" style=\"text-decoration:none;\">\n    <div class=\"container-indicador\">\n        <span class=\"codigo-item\">IE4<\/span>\n        <div class=\"titulo-item\">Plano de invent\u00e1rio patrimonial, recondicionamento e\ndesfazimento de bens m\u00f3veis<\/div>\n        \n        <div class=\"secao-progresso\">\n            <div class=\"barra-fundo\">\n                <div class=\"barra-preenchimento\" style=\"width: 50%;\"><\/div>\n            <\/div>\n            <span class=\"porcentagem\">50%<\/span>\n        <\/div>\n    <\/div>\n<\/a>\n\n\t\t\t\t<\/div>\n\t\t\t\t<\/div>\n\t\t\t\t\t<\/div>\n\t\t\t\t<\/div>\n\t\t\t\t<\/div>\n\t\t","protected":false},"excerpt":{"rendered":"<p>PRAD &#8211; Iniciativas Estrat\u00e9gicas IE1 Cria\u00e7\u00e3o de manuais\/normativos que contemplem a inova\u00e7\u00e3o e desburocratiza\u00e7\u00e3o dos processos 31,5% IE2 Aprimoramento do Plano de Contrata\u00e7\u00e3o Anual (PCA), a fim de promover maior transpar\u00eancia e melhor acompanhamento da execu\u00e7\u00e3o do plano pelas unidades requisitantes 13,8% IE3 Estabelecimento e implanta\u00e7\u00e3o de metodologia de apura\u00e7\u00e3o de custos focado na gest\u00e3o&hellip; <a class=\"more-link\" href=\"https:\/\/estrategia.ufac.br\/?page_id=2815\">Continue lendo <span class=\"screen-reader-text\">PRAD &#8211; Iniciativas Estrat\u00e9gicas<\/span><\/a><\/p>\n","protected":false},"author":1,"featured_media":0,"parent":0,"menu_order":0,"comment_status":"closed","ping_status":"closed","template":"","meta":{"footnotes":""},"class_list":["post-2815","page","type-page","status-publish","hentry","entry"],"_links":{"self":[{"href":"https:\/\/estrategia.ufac.br\/index.php?rest_route=\/wp\/v2\/pages\/2815"}],"collection":[{"href":"https:\/\/estrategia.ufac.br\/index.php?rest_route=\/wp\/v2\/pages"}],"about":[{"href":"https:\/\/estrategia.ufac.br\/index.php?rest_route=\/wp\/v2\/types\/page"}],"author":[{"embeddable":true,"href":"https:\/\/estrategia.ufac.br\/index.php?rest_route=\/wp\/v2\/users\/1"}],"replies":[{"embeddable":true,"href":"https:\/\/estrategia.ufac.br\/index.php?rest_route=%2Fwp%2Fv2%2Fcomments&post=2815"}],"version-history":[{"count":16,"href":"https:\/\/estrategia.ufac.br\/index.php?rest_route=\/wp\/v2\/pages\/2815\/revisions"}],"predecessor-version":[{"id":2855,"href":"https:\/\/estrategia.ufac.br\/index.php?rest_route=\/wp\/v2\/pages\/2815\/revisions\/2855"}],"wp:attachment":[{"href":"https:\/\/estrategia.ufac.br\/index.php?rest_route=%2Fwp%2Fv2%2Fmedia&parent=2815"}],"curies":[{"name":"wp","href":"https:\/\/api.w.org\/{rel}","templated":true}]}}