{"id":2779,"date":"2026-05-08T12:32:28","date_gmt":"2026-05-08T17:32:28","guid":{"rendered":"https:\/\/estrategia.ufac.br\/?page_id=2779"},"modified":"2026-05-08T12:49:06","modified_gmt":"2026-05-08T17:49:06","slug":"elaboracao-da-politica-da-sustentabilidade","status":"publish","type":"page","link":"https:\/\/estrategia.ufac.br\/?page_id=2779","title":{"rendered":"Elabora\u00e7\u00e3o da Pol\u00edtica da Sustentabilidade"},"content":{"rendered":"\t\t<div data-elementor-type=\"wp-page\" data-elementor-id=\"2779\" class=\"elementor elementor-2779\">\n\t\t\t\t<div class=\"elementor-element elementor-element-4455155 e-flex e-con-boxed e-con e-parent\" data-id=\"4455155\" data-element_type=\"container\" data-e-type=\"container\">\n\t\t\t\t\t<div class=\"e-con-inner\">\n\t\t\t\t<div class=\"elementor-element elementor-element-b2ad739 elementor-widget elementor-widget-heading\" data-id=\"b2ad739\" data-element_type=\"widget\" data-e-type=\"widget\" data-widget_type=\"heading.default\">\n\t\t\t\t<div class=\"elementor-widget-container\">\n\t\t\t\t\t<h2 class=\"elementor-heading-title elementor-size-default\">Unidade Respons\u00e1vel<\/h2>\t\t\t\t<\/div>\n\t\t\t\t<\/div>\n\t\t\t\t<div class=\"elementor-element elementor-element-a0914ce elementor-widget elementor-widget-text-editor\" data-id=\"a0914ce\" data-element_type=\"widget\" data-e-type=\"widget\" data-widget_type=\"text-editor.default\">\n\t\t\t\t<div class=\"elementor-widget-container\">\n\t\t\t\t\t\t\t\t\t<p>DCGI\/PROPLAN<\/p>\t\t\t\t\t\t\t\t<\/div>\n\t\t\t\t<\/div>\n\t\t\t\t<div class=\"elementor-element elementor-element-5482cea elementor-widget elementor-widget-heading\" data-id=\"5482cea\" data-element_type=\"widget\" data-e-type=\"widget\" data-widget_type=\"heading.default\">\n\t\t\t\t<div class=\"elementor-widget-container\">\n\t\t\t\t\t<h2 class=\"elementor-heading-title elementor-size-default\">Elabora\u00e7\u00e3o da Pol\u00edtica da Sustentabilidade<\/h2>\t\t\t\t<\/div>\n\t\t\t\t<\/div>\n\t\t\t\t<div class=\"elementor-element elementor-element-7a38313 elementor-widget elementor-widget-spacer\" data-id=\"7a38313\" data-element_type=\"widget\" data-e-type=\"widget\" data-widget_type=\"spacer.default\">\n\t\t\t\t<div class=\"elementor-widget-container\">\n\t\t\t\t\t\t\t<div class=\"elementor-spacer\">\n\t\t\t<div class=\"elementor-spacer-inner\"><\/div>\n\t\t<\/div>\n\t\t\t\t\t\t<\/div>\n\t\t\t\t<\/div>\n\t\t\t\t\t<\/div>\n\t\t\t\t<\/div>\n\t\t<div class=\"elementor-element elementor-element-d26203e e-grid e-con-boxed e-con e-parent\" data-id=\"d26203e\" data-element_type=\"container\" data-e-type=\"container\">\n\t\t\t\t\t<div class=\"e-con-inner\">\n\t\t<div class=\"elementor-element elementor-element-6fdc330 e-con-full e-flex e-con e-child\" data-id=\"6fdc330\" data-element_type=\"container\" data-e-type=\"container\">\n\t\t\t\t<div class=\"elementor-element elementor-element-e145cf7 elementor-widget elementor-widget-heading\" data-id=\"e145cf7\" data-element_type=\"widget\" data-e-type=\"widget\" data-widget_type=\"heading.default\">\n\t\t\t\t<div class=\"elementor-widget-container\">\n\t\t\t\t\t<h2 class=\"elementor-heading-title elementor-size-default\">Respons\u00e1vel pelo preenchimento <\/h2>\t\t\t\t<\/div>\n\t\t\t\t<\/div>\n\t\t\t\t<div class=\"elementor-element elementor-element-1937683 elementor-widget elementor-widget-text-editor\" data-id=\"1937683\" data-element_type=\"widget\" data-e-type=\"widget\" data-widget_type=\"text-editor.default\">\n\t\t\t\t<div class=\"elementor-widget-container\">\n\t\t\t\t\t\t\t\t\t<p>Iara Maira da Silveira<\/p>\t\t\t\t\t\t\t\t<\/div>\n\t\t\t\t<\/div>\n\t\t\t\t<\/div>\n\t\t<div class=\"elementor-element elementor-element-85aa208 e-con-full e-flex e-con e-child\" data-id=\"85aa208\" data-element_type=\"container\" data-e-type=\"container\">\n\t\t\t\t<div class=\"elementor-element elementor-element-f80688d elementor-widget elementor-widget-heading\" data-id=\"f80688d\" data-element_type=\"widget\" data-e-type=\"widget\" data-widget_type=\"heading.default\">\n\t\t\t\t<div class=\"elementor-widget-container\">\n\t\t\t\t\t<h2 class=\"elementor-heading-title elementor-size-default\">Data preenchimento<\/h2>\t\t\t\t<\/div>\n\t\t\t\t<\/div>\n\t\t\t\t<div class=\"elementor-element elementor-element-85f30dd elementor-widget elementor-widget-text-editor\" data-id=\"85f30dd\" data-element_type=\"widget\" data-e-type=\"widget\" data-widget_type=\"text-editor.default\">\n\t\t\t\t<div class=\"elementor-widget-container\">\n\t\t\t\t\t\t\t\t\t<p>25\/02\/2026<\/p>\t\t\t\t\t\t\t\t<\/div>\n\t\t\t\t<\/div>\n\t\t\t\t<\/div>\n\t\t\t\t\t<\/div>\n\t\t\t\t<\/div>\n\t\t<div class=\"elementor-element elementor-element-bcb6767 e-flex e-con-boxed e-con e-parent\" data-id=\"bcb6767\" data-element_type=\"container\" data-e-type=\"container\">\n\t\t\t\t\t<div class=\"e-con-inner\">\n\t\t<div class=\"elementor-element elementor-element-30ce9e2 e-con-full e-flex e-con e-child\" data-id=\"30ce9e2\" data-element_type=\"container\" data-e-type=\"container\">\n\t\t\t\t<div class=\"elementor-element elementor-element-e326485 elementor-widget elementor-widget-heading\" data-id=\"e326485\" data-element_type=\"widget\" data-e-type=\"widget\" data-widget_type=\"heading.default\">\n\t\t\t\t<div class=\"elementor-widget-container\">\n\t\t\t\t\t<h2 class=\"elementor-heading-title elementor-size-default\">A\u00e7\u00f5es realizadas em 2025<\/h2>\t\t\t\t<\/div>\n\t\t\t\t<\/div>\n\t\t\t\t<\/div>\n\t\t\t\t\t<\/div>\n\t\t\t\t<\/div>\n\t\t<div class=\"elementor-element elementor-element-cfc964f e-flex e-con-boxed e-con e-parent\" data-id=\"cfc964f\" data-element_type=\"container\" data-e-type=\"container\">\n\t\t\t\t\t<div class=\"e-con-inner\">\n\t\t\t\t<div class=\"elementor-element elementor-element-0e49547 elementor-widget elementor-widget-html\" data-id=\"0e49547\" data-element_type=\"widget\" data-e-type=\"widget\" data-widget_type=\"html.default\">\n\t\t\t\t<div class=\"elementor-widget-container\">\n\t\t\t\t\t<style>\r\n    table {\r\n        border-collapse: collapse;\r\n        width: 100%;\r\n        color: #333;\r\n        font-size: 14px;\r\n        text-align: left;\r\n    }\r\n\r\n    th {\r\n        font-weight: 600;\r\n        text-transform: uppercase;\r\n        letter-spacing: 0.05em;\r\n        border-bottom: 2px solid #eee;\r\n        padding: 12px 15px;\r\n    }\r\n\r\n    td {\r\n        padding: 12px 15px;\r\n        border-bottom: 1px solid #f0f0f0;\r\n    }\r\n\r\n    tr:last-child td {\r\n        border-bottom: none;\r\n    }\r\n\r\n    tr:hover {\r\n        background-color: #fafafa;\r\n    }\r\n<\/style>\r\n\r\n<table>\r\n    <thead>\r\n        <tr>\r\n            <th>A\u00c7\u00c3O<\/th>\r\n            <th>PRAZO IN\u00cdCIO<\/th>\r\n            <th>PRAZO FIM<\/th>\r\n            <th>CUSTO<\/th>\r\n            <th>STATUS<\/th>\r\n        <\/tr>\r\n    <\/thead>\r\n    <tbody>\r\n        <tr>\r\n            <td>1. Institui\u00e7\u00e3o de Comiss\u00e3o de elabora\u00e7\u00e3o da pol\u00edtica de sustentabilidade<\/td>\r\n            <td>01\/10\/2026<\/td>\r\n            <td>15\/10\/2026<\/td>\r\n            <td>-<\/td>\r\n            <td>N\u00e3o iniciada<\/td>\r\n        <\/tr>\r\n        <tr>\r\n            <td>2. Elabora\u00e7\u00e3o de plano de trabalho da comiss\u00e3o com cronograma, produtos e respons\u00e1veis.<\/td>\r\n            <td>16\/10\/2026<\/td>\r\n            <td>06\/11\/2026<\/td>\r\n            <td>-<\/td>\r\n            <td>N\u00e3o iniciada<\/td>\r\n        <\/tr>\r\n        <tr>\r\n            <td>3. Diagn\u00f3stico e levantamento de referenciais<\/td>\r\n            <td>09\/11\/2026<\/td>\r\n            <td>30\/04\/2027<\/td>\r\n            <td>-<\/td>\r\n            <td>N\u00e3o iniciada<\/td>\r\n        <\/tr>\r\n        <tr>\r\n            <td>3.1 Mapear a\u00e7\u00f5es e normas existentes na Ufac ligadas \u00e0 sustentabilidade<\/td>\r\n            <td>-<\/td>\r\n            <td>-<\/td>\r\n            <td>-<\/td>\r\n            <td>N\u00e3o iniciada<\/td>\r\n        <\/tr>\r\n        <tr>\r\n            <td>3.2 Aplicar question\u00e1rio \u00e0 comunidade acad\u00eamica para identificar percep\u00e7\u00e3o, prioridades e oportunidades de melhoria<\/td>\r\n            <td>-<\/td>\r\n            <td>-<\/td>\r\n            <td>-<\/td>\r\n            <td>N\u00e3o iniciada<\/td>\r\n        <\/tr>\r\n        <tr>\r\n            <td>3.3 Levantar referenciais externos e analisar modelos de maturidade em sustentabilidade para IES<\/td>\r\n            <td>-<\/td>\r\n            <td>-<\/td>\r\n            <td>-<\/td>\r\n            <td>N\u00e3o iniciada<\/td>\r\n        <\/tr>\r\n        <tr>\r\n            <td>4. Defini\u00e7\u00e3o de princ\u00edpios e eixos da Pol\u00edtica de Sustentabilidade da Ufac<\/td>\r\n            <td>04\/05\/2027<\/td>\r\n            <td>31\/08\/2027<\/td>\r\n            <td>-<\/td>\r\n            <td>N\u00e3o iniciada<\/td>\r\n        <\/tr>\r\n        <tr>\r\n            <td>5. Defini\u00e7\u00e3o da estrutura da pol\u00edtica e respons\u00e1veis<\/td>\r\n            <td>01\/09\/2027<\/td>\r\n            <td>30\/09\/2027<\/td>\r\n            <td>-<\/td>\r\n            <td>N\u00e3o iniciada<\/td>\r\n        <\/tr>\r\n        <tr>\r\n            <td>6. Implementa\u00e7\u00e3o, comunica\u00e7\u00e3o e monitoramento cont\u00ednuo<\/td>\r\n            <td>01\/10\/2027<\/td>\r\n            <td>29\/10\/2027<\/td>\r\n            <td>-<\/td>\r\n            <td>N\u00e3o iniciada<\/td>\r\n        <\/tr>\r\n        <tr>\r\n            <td>7. Aprova\u00e7\u00e3o da Pol\u00edtica de Sustentabilidade no Conselho Universit\u00e1rio<\/td>\r\n            <td>01\/11\/2027<\/td>\r\n            <td>30\/11\/2027<\/td>\r\n            <td>-<\/td>\r\n            <td>N\u00e3o iniciada<\/td>\r\n        <\/tr>\r\n    <\/tbody>\r\n<\/table>\t\t\t\t<\/div>\n\t\t\t\t<\/div>\n\t\t\t\t<div class=\"elementor-element elementor-element-3677d1e elementor-widget elementor-widget-spacer\" data-id=\"3677d1e\" data-element_type=\"widget\" data-e-type=\"widget\" data-widget_type=\"spacer.default\">\n\t\t\t\t<div class=\"elementor-widget-container\">\n\t\t\t\t\t\t\t<div class=\"elementor-spacer\">\n\t\t\t<div class=\"elementor-spacer-inner\"><\/div>\n\t\t<\/div>\n\t\t\t\t\t\t<\/div>\n\t\t\t\t<\/div>\n\t\t\t\t\t<\/div>\n\t\t\t\t<\/div>\n\t\t<div class=\"elementor-element elementor-element-bd0641e e-flex e-con-boxed e-con e-parent\" data-id=\"bd0641e\" data-element_type=\"container\" data-e-type=\"container\">\n\t\t\t\t\t<div class=\"e-con-inner\">\n\t\t\t\t<div class=\"elementor-element elementor-element-eb2d9ee elementor-widget elementor-widget-html\" data-id=\"eb2d9ee\" data-element_type=\"widget\" data-e-type=\"widget\" data-widget_type=\"html.default\">\n\t\t\t\t<div class=\"elementor-widget-container\">\n\t\t\t\t\t<style>\r\n\r\n        .cartao {\r\n            background: #fff;\r\n            padding: 20px;\r\n            border-radius: 12px;\r\n            width: 400px;\r\n            box-shadow: 0 4px 15px rgba(0,0,0,0.3);\r\n        }\r\n\r\n        .titulo {\r\n            font-weight: bold;\r\n            font-size: 14px;\r\n            color: #333;\r\n            margin-bottom: 5px;\r\n            display: block;\r\n        }\r\n\r\n\r\n        .fundo-barra {\r\n            background: #eee;\r\n            height: 10px;\r\n            border-radius: 5px;\r\n            overflow: hidden;\r\n            margin-bottom: 10px;\r\n        }\r\n\r\n        .progresso {\r\n            background: #000080;\r\n            height: 100%;\r\n            width: 0%; \r\n            animation: carregar 1.5s ease-out;\r\n        }\r\n\r\n        .valor {\r\n            text-align: right;\r\n            font-size: 24px;\r\n            font-weight: 800;\r\n            color: #000080;\r\n        }\r\n\r\n        @keyframes carregar {\r\n            from { width: 0; }\r\n        }\r\n    <\/style>\r\n\r\n<div>\r\n\r\n    <div class=\"cartao\">\r\n        <div class=\"titulo\">EVOLU\u00c7\u00c3O DA INICIATIVA<\/div>\r\n        <div class=\"fundo-barra\">\r\n            <div class=\"progresso\"><\/div>\r\n        <\/div>\r\n\r\n        <div class=\"valor\">0%<\/div>\r\n    <\/div>\r\n\r\n<\/div>\t\t\t\t<\/div>\n\t\t\t\t<\/div>\n\t\t\t\t\t<\/div>\n\t\t\t\t<\/div>\n\t\t\t\t<\/div>\n\t\t","protected":false},"excerpt":{"rendered":"<p>Unidade Respons\u00e1vel DCGI\/PROPLAN Elabora\u00e7\u00e3o da Pol\u00edtica da Sustentabilidade Respons\u00e1vel pelo preenchimento Iara Maira da Silveira Data preenchimento 25\/02\/2026 A\u00e7\u00f5es realizadas em 2025 A\u00c7\u00c3O PRAZO IN\u00cdCIO PRAZO FIM CUSTO STATUS 1. Institui\u00e7\u00e3o de Comiss\u00e3o de elabora\u00e7\u00e3o da pol\u00edtica de sustentabilidade 01\/10\/2026 15\/10\/2026 &#8211; N\u00e3o iniciada 2. Elabora\u00e7\u00e3o de plano de trabalho da comiss\u00e3o com cronograma, produtos&hellip; <a class=\"more-link\" href=\"https:\/\/estrategia.ufac.br\/?page_id=2779\">Continue lendo <span class=\"screen-reader-text\">Elabora\u00e7\u00e3o da Pol\u00edtica da Sustentabilidade<\/span><\/a><\/p>\n","protected":false},"author":1,"featured_media":0,"parent":0,"menu_order":0,"comment_status":"closed","ping_status":"closed","template":"","meta":{"footnotes":""},"class_list":["post-2779","page","type-page","status-publish","hentry","entry"],"_links":{"self":[{"href":"https:\/\/estrategia.ufac.br\/index.php?rest_route=\/wp\/v2\/pages\/2779"}],"collection":[{"href":"https:\/\/estrategia.ufac.br\/index.php?rest_route=\/wp\/v2\/pages"}],"about":[{"href":"https:\/\/estrategia.ufac.br\/index.php?rest_route=\/wp\/v2\/types\/page"}],"author":[{"embeddable":true,"href":"https:\/\/estrategia.ufac.br\/index.php?rest_route=\/wp\/v2\/users\/1"}],"replies":[{"embeddable":true,"href":"https:\/\/estrategia.ufac.br\/index.php?rest_route=%2Fwp%2Fv2%2Fcomments&post=2779"}],"version-history":[{"count":13,"href":"https:\/\/estrategia.ufac.br\/index.php?rest_route=\/wp\/v2\/pages\/2779\/revisions"}],"predecessor-version":[{"id":2811,"href":"https:\/\/estrategia.ufac.br\/index.php?rest_route=\/wp\/v2\/pages\/2779\/revisions\/2811"}],"wp:attachment":[{"href":"https:\/\/estrategia.ufac.br\/index.php?rest_route=%2Fwp%2Fv2%2Fmedia&parent=2779"}],"curies":[{"name":"wp","href":"https:\/\/api.w.org\/{rel}","templated":true}]}}