{"id":2753,"date":"2026-05-07T12:24:21","date_gmt":"2026-05-07T17:24:21","guid":{"rendered":"https:\/\/estrategia.ufac.br\/?page_id=2753"},"modified":"2026-05-07T12:30:38","modified_gmt":"2026-05-07T17:30:38","slug":"programa-de-formacao-continuada-a-comunidade-universitaria","status":"publish","type":"page","link":"https:\/\/estrategia.ufac.br\/?page_id=2753","title":{"rendered":"Programa de Forma\u00e7\u00e3o continuada \u00e0 comunidade universit\u00e1ria"},"content":{"rendered":"\t\t<div data-elementor-type=\"wp-page\" data-elementor-id=\"2753\" class=\"elementor elementor-2753\">\n\t\t\t\t<div class=\"elementor-element elementor-element-252ff55 e-flex e-con-boxed e-con e-parent\" data-id=\"252ff55\" data-element_type=\"container\" data-e-type=\"container\">\n\t\t\t\t\t<div class=\"e-con-inner\">\n\t\t\t\t<div class=\"elementor-element elementor-element-46db3ca elementor-widget elementor-widget-heading\" data-id=\"46db3ca\" data-element_type=\"widget\" data-e-type=\"widget\" data-widget_type=\"heading.default\">\n\t\t\t\t<div class=\"elementor-widget-container\">\n\t\t\t\t\t<h2 class=\"elementor-heading-title elementor-size-default\">Unidade Respons\u00e1vel<\/h2>\t\t\t\t<\/div>\n\t\t\t\t<\/div>\n\t\t\t\t<div class=\"elementor-element elementor-element-5c2ec4a elementor-widget elementor-widget-text-editor\" data-id=\"5c2ec4a\" data-element_type=\"widget\" data-e-type=\"widget\" data-widget_type=\"text-editor.default\">\n\t\t\t\t<div class=\"elementor-widget-container\">\n\t\t\t\t\t\t\t\t\t<p><span style=\"font-size: 16.8px;\">PROAES &#8211; Pr\u00f3-Reitoria de Assuntos Estudantis\u00a0<\/span><\/p>\t\t\t\t\t\t\t\t<\/div>\n\t\t\t\t<\/div>\n\t\t\t\t<div class=\"elementor-element elementor-element-c049a75 elementor-widget elementor-widget-heading\" data-id=\"c049a75\" data-element_type=\"widget\" data-e-type=\"widget\" data-widget_type=\"heading.default\">\n\t\t\t\t<div class=\"elementor-widget-container\">\n\t\t\t\t\t<h2 class=\"elementor-heading-title elementor-size-default\">Programa de Forma\u00e7\u00e3o continuada \u00e0 comunidade<\/h2>\t\t\t\t<\/div>\n\t\t\t\t<\/div>\n\t\t\t\t<div class=\"elementor-element elementor-element-f16d16e elementor-widget elementor-widget-text-editor\" data-id=\"f16d16e\" data-element_type=\"widget\" data-e-type=\"widget\" data-widget_type=\"text-editor.default\">\n\t\t\t\t<div class=\"elementor-widget-container\">\n\t\t\t\t\t\t\t\t\t<p>Programa de Forma\u00e7\u00e3o continuada \u00e0 comunidade universit\u00e1ria acerca das tem\u00e1ticas de inclus\u00e3o, acessibilidade e atua\u00e7\u00e3o docente com estudantes com defici\u00eancia<\/p>\t\t\t\t\t\t\t\t<\/div>\n\t\t\t\t<\/div>\n\t\t\t\t\t<\/div>\n\t\t\t\t<\/div>\n\t\t<div class=\"elementor-element elementor-element-a683091 e-grid e-con-boxed e-con e-parent\" data-id=\"a683091\" data-element_type=\"container\" data-e-type=\"container\">\n\t\t\t\t\t<div class=\"e-con-inner\">\n\t\t<div class=\"elementor-element elementor-element-70d7aba e-con-full e-flex e-con e-child\" data-id=\"70d7aba\" data-element_type=\"container\" data-e-type=\"container\">\n\t\t\t\t<div class=\"elementor-element elementor-element-452b470 elementor-widget elementor-widget-heading\" data-id=\"452b470\" data-element_type=\"widget\" data-e-type=\"widget\" data-widget_type=\"heading.default\">\n\t\t\t\t<div class=\"elementor-widget-container\">\n\t\t\t\t\t<h2 class=\"elementor-heading-title elementor-size-default\">Respons\u00e1vel pelo preenchimento <\/h2>\t\t\t\t<\/div>\n\t\t\t\t<\/div>\n\t\t\t\t<div class=\"elementor-element elementor-element-9e8ea95 elementor-widget elementor-widget-text-editor\" data-id=\"9e8ea95\" data-element_type=\"widget\" data-e-type=\"widget\" data-widget_type=\"text-editor.default\">\n\t\t\t\t<div class=\"elementor-widget-container\">\n\t\t\t\t\t\t\t\t\t<p>Carla Simone de Oliveira Peres<\/p>\t\t\t\t\t\t\t\t<\/div>\n\t\t\t\t<\/div>\n\t\t\t\t<\/div>\n\t\t<div class=\"elementor-element elementor-element-48bbc1a e-con-full e-flex e-con e-child\" data-id=\"48bbc1a\" data-element_type=\"container\" data-e-type=\"container\">\n\t\t\t\t<div class=\"elementor-element elementor-element-d97ae45 elementor-widget elementor-widget-heading\" data-id=\"d97ae45\" data-element_type=\"widget\" data-e-type=\"widget\" data-widget_type=\"heading.default\">\n\t\t\t\t<div class=\"elementor-widget-container\">\n\t\t\t\t\t<h2 class=\"elementor-heading-title elementor-size-default\">Data preenchimento<\/h2>\t\t\t\t<\/div>\n\t\t\t\t<\/div>\n\t\t\t\t<div class=\"elementor-element elementor-element-ccff716 elementor-widget elementor-widget-text-editor\" data-id=\"ccff716\" data-element_type=\"widget\" data-e-type=\"widget\" data-widget_type=\"text-editor.default\">\n\t\t\t\t<div class=\"elementor-widget-container\">\n\t\t\t\t\t\t\t\t\t<p>09\/03\/2026<\/p>\t\t\t\t\t\t\t\t<\/div>\n\t\t\t\t<\/div>\n\t\t\t\t<\/div>\n\t\t\t\t\t<\/div>\n\t\t\t\t<\/div>\n\t\t<div class=\"elementor-element elementor-element-a9e5188 e-flex e-con-boxed e-con e-parent\" data-id=\"a9e5188\" data-element_type=\"container\" data-e-type=\"container\">\n\t\t\t\t\t<div class=\"e-con-inner\">\n\t\t<div class=\"elementor-element elementor-element-9ccf402 e-con-full e-flex e-con e-child\" data-id=\"9ccf402\" data-element_type=\"container\" data-e-type=\"container\">\n\t\t\t\t<div class=\"elementor-element elementor-element-e267e82 elementor-widget elementor-widget-heading\" data-id=\"e267e82\" data-element_type=\"widget\" data-e-type=\"widget\" data-widget_type=\"heading.default\">\n\t\t\t\t<div class=\"elementor-widget-container\">\n\t\t\t\t\t<h2 class=\"elementor-heading-title elementor-size-default\">A\u00e7\u00f5es realizadas em 2025<\/h2>\t\t\t\t<\/div>\n\t\t\t\t<\/div>\n\t\t\t\t<\/div>\n\t\t\t\t\t<\/div>\n\t\t\t\t<\/div>\n\t\t<div class=\"elementor-element elementor-element-2c2cc78 e-flex e-con-boxed e-con e-parent\" data-id=\"2c2cc78\" data-element_type=\"container\" data-e-type=\"container\">\n\t\t\t\t\t<div class=\"e-con-inner\">\n\t\t\t\t<div class=\"elementor-element elementor-element-623c10f elementor-widget elementor-widget-html\" data-id=\"623c10f\" data-element_type=\"widget\" data-e-type=\"widget\" data-widget_type=\"html.default\">\n\t\t\t\t<div class=\"elementor-widget-container\">\n\t\t\t\t\t\r\n<style>\r\n  \r\n    table {\r\n        border-collapse: collapse;\r\n        width: 100%;\r\n        color: #333;\r\n        font-size: 14px;\r\n        text-align: left;\r\n    }\r\n\r\n    th {\r\n        font-weight: 600;\r\n        text-transform: uppercase;\r\n        letter-spacing: 0.05em;\r\n        border-bottom: 2px solid #eee;\r\n        padding: 12px 15px;\r\n    }\r\n\r\n    td {\r\n        padding: 12px 15px;\r\n        border-bottom: 1px solid #f0f0f0;\r\n    }\r\n\r\n    tr:last-child td {\r\n        border-bottom: none;\r\n    }\r\n\r\n    tr:hover {\r\n        background-color: #fafafa;\r\n    }\r\n<\/style>\r\n\r\n\r\n<table>\r\n    <thead>\r\n        <tr>\r\n            <th>A\u00c7\u00c3O<\/th>\r\n            <th>PRAZO INICIO<\/th>\r\n            <th>PRAZO FIM<\/th>\r\n            <th>CUSTO<\/th>\r\n            <th>STATUS<\/th>\r\n        <\/tr>\r\n    <\/thead>\r\n    <tbody>\r\n        <tr>\r\n            <td>A\u00e7\u00f5es conjuntas com a Pro-reitoria de\r\ngradua\u00e7\u00e3o<\/td>\r\n            <td>08\/05\/2026<\/td>\r\n            <td>25\/01\/2029<\/td>\r\n            <td>0,00<\/td>\r\n            <td>N\u00e3o\r\niniciada<\/td>\r\n        <\/tr>\r\n\r\n        <tr>\r\n            <td>Estabelecimento de rotinas a serem seguidas para execu\u00e7\u00e3o das a\u00e7\u00f5es<\/td>\r\n            <td>08\/05\/2026<\/td>\r\n            <td>25\/01\/2029<\/td>\r\n            <td>0,00<\/td>\r\n            <td>N\u00e3o\r\niniciada<\/td>\r\n        <\/tr>\r\n          <tr>\r\n            <td>Forma\u00e7\u00e3o pedag\u00f3gica com docentes<\/td>\r\n            <td>02\/10\/2025<\/td>\r\n            <td>25\/01\/2029<\/td>\r\n            <td>0,00<\/td>\r\n            <td>Em\r\nexecu\u00e7\u00e3o<\/td>\r\n        <\/tr>\r\n          <tr>\r\n            <td>Participa\u00e7\u00e3o nas recep\u00e7\u00f5es dos\r\nestudantes e docentes<\/td>\r\n            <td>08\/05\/2026<\/td>\r\n            <td>25\/01\/2029<\/td>\r\n            <td>0,00<\/td>\r\n            <td>N\u00e3o\r\niniciada<\/td>\r\n        <\/tr>\r\n        \r\n        \r\n    <\/tbody>\r\n<\/table>\r\n\t\t\t\t<\/div>\n\t\t\t\t<\/div>\n\t\t\t\t<div class=\"elementor-element elementor-element-2eee1f8 elementor-widget elementor-widget-spacer\" data-id=\"2eee1f8\" data-element_type=\"widget\" data-e-type=\"widget\" data-widget_type=\"spacer.default\">\n\t\t\t\t<div class=\"elementor-widget-container\">\n\t\t\t\t\t\t\t<div class=\"elementor-spacer\">\n\t\t\t<div class=\"elementor-spacer-inner\"><\/div>\n\t\t<\/div>\n\t\t\t\t\t\t<\/div>\n\t\t\t\t<\/div>\n\t\t\t\t\t<\/div>\n\t\t\t\t<\/div>\n\t\t<div class=\"elementor-element elementor-element-6a08ab1 e-flex e-con-boxed e-con e-parent\" data-id=\"6a08ab1\" data-element_type=\"container\" data-e-type=\"container\">\n\t\t\t\t\t<div class=\"e-con-inner\">\n\t\t\t\t<div class=\"elementor-element elementor-element-77d99c2 elementor-widget elementor-widget-html\" data-id=\"77d99c2\" data-element_type=\"widget\" data-e-type=\"widget\" data-widget_type=\"html.default\">\n\t\t\t\t<div class=\"elementor-widget-container\">\n\t\t\t\t\t<style>\r\n\r\n        .cartao {\r\n            background: #fff;\r\n            padding: 20px;\r\n            border-radius: 12px;\r\n            width: 400px;\r\n            box-shadow: 0 4px 15px rgba(0,0,0,0.3);\r\n        }\r\n\r\n        .titulo {\r\n            font-weight: bold;\r\n            font-size: 14px;\r\n            color: #333;\r\n            margin-bottom: 5px;\r\n            display: block;\r\n        }\r\n\r\n\r\n        .fundo-barra {\r\n            background: #eee;\r\n            height: 10px;\r\n            border-radius: 5px;\r\n            overflow: hidden;\r\n            margin-bottom: 10px;\r\n        }\r\n\r\n        .progresso {\r\n            background: #000080;\r\n            height: 100%;\r\n            width: 10%; \r\n            animation: carregar 1.5s ease-out;\r\n        }\r\n\r\n        .valor {\r\n            text-align: right;\r\n            font-size: 24px;\r\n            font-weight: 800;\r\n            color: #000080;\r\n        }\r\n\r\n        @keyframes carregar {\r\n            from { width: 0; }\r\n        }\r\n    <\/style>\r\n\r\n<div>\r\n\r\n    <div class=\"cartao\">\r\n        <div class=\"titulo\">EVOLU\u00c7\u00c3O DA INICIATIVA<\/div>\r\n        <div class=\"fundo-barra\">\r\n            <div class=\"progresso\"><\/div>\r\n        <\/div>\r\n\r\n        <div class=\"valor\">10%<\/div>\r\n    <\/div>\r\n\r\n<\/div>\t\t\t\t<\/div>\n\t\t\t\t<\/div>\n\t\t\t\t\t<\/div>\n\t\t\t\t<\/div>\n\t\t\t\t<\/div>\n\t\t","protected":false},"excerpt":{"rendered":"<p>Unidade Respons\u00e1vel PROAES &#8211; Pr\u00f3-Reitoria de Assuntos Estudantis\u00a0 Programa de Forma\u00e7\u00e3o continuada \u00e0 comunidade Programa de Forma\u00e7\u00e3o continuada \u00e0 comunidade universit\u00e1ria acerca das tem\u00e1ticas de inclus\u00e3o, acessibilidade e atua\u00e7\u00e3o docente com estudantes com defici\u00eancia Respons\u00e1vel pelo preenchimento Carla Simone de Oliveira Peres Data preenchimento 09\/03\/2026 A\u00e7\u00f5es realizadas em 2025 A\u00c7\u00c3O PRAZO INICIO PRAZO FIM CUSTO&hellip; <a class=\"more-link\" href=\"https:\/\/estrategia.ufac.br\/?page_id=2753\">Continue lendo <span class=\"screen-reader-text\">Programa de Forma\u00e7\u00e3o continuada \u00e0 comunidade universit\u00e1ria<\/span><\/a><\/p>\n","protected":false},"author":1,"featured_media":0,"parent":0,"menu_order":0,"comment_status":"closed","ping_status":"closed","template":"","meta":{"footnotes":""},"class_list":["post-2753","page","type-page","status-publish","hentry","entry"],"_links":{"self":[{"href":"https:\/\/estrategia.ufac.br\/index.php?rest_route=\/wp\/v2\/pages\/2753"}],"collection":[{"href":"https:\/\/estrategia.ufac.br\/index.php?rest_route=\/wp\/v2\/pages"}],"about":[{"href":"https:\/\/estrategia.ufac.br\/index.php?rest_route=\/wp\/v2\/types\/page"}],"author":[{"embeddable":true,"href":"https:\/\/estrategia.ufac.br\/index.php?rest_route=\/wp\/v2\/users\/1"}],"replies":[{"embeddable":true,"href":"https:\/\/estrategia.ufac.br\/index.php?rest_route=%2Fwp%2Fv2%2Fcomments&post=2753"}],"version-history":[{"count":4,"href":"https:\/\/estrategia.ufac.br\/index.php?rest_route=\/wp\/v2\/pages\/2753\/revisions"}],"predecessor-version":[{"id":2757,"href":"https:\/\/estrategia.ufac.br\/index.php?rest_route=\/wp\/v2\/pages\/2753\/revisions\/2757"}],"wp:attachment":[{"href":"https:\/\/estrategia.ufac.br\/index.php?rest_route=%2Fwp%2Fv2%2Fmedia&parent=2753"}],"curies":[{"name":"wp","href":"https:\/\/api.w.org\/{rel}","templated":true}]}}