{"id":2745,"date":"2026-05-07T12:17:15","date_gmt":"2026-05-07T17:17:15","guid":{"rendered":"https:\/\/estrategia.ufac.br\/?page_id=2745"},"modified":"2026-05-07T12:22:19","modified_gmt":"2026-05-07T17:22:19","slug":"elaboracao-da-politica-de-inclusao-e-acessibilidade","status":"publish","type":"page","link":"https:\/\/estrategia.ufac.br\/?page_id=2745","title":{"rendered":"Elabora\u00e7\u00e3o da Pol\u00edtica de Inclus\u00e3o e acessibilidade"},"content":{"rendered":"\t\t<div data-elementor-type=\"wp-page\" data-elementor-id=\"2745\" class=\"elementor elementor-2745\">\n\t\t\t\t<div class=\"elementor-element elementor-element-ab88f60 e-flex e-con-boxed e-con e-parent\" data-id=\"ab88f60\" data-element_type=\"container\" data-e-type=\"container\">\n\t\t\t\t\t<div class=\"e-con-inner\">\n\t\t\t\t<div class=\"elementor-element elementor-element-ea08638 elementor-widget elementor-widget-heading\" data-id=\"ea08638\" data-element_type=\"widget\" data-e-type=\"widget\" data-widget_type=\"heading.default\">\n\t\t\t\t<div class=\"elementor-widget-container\">\n\t\t\t\t\t<h2 class=\"elementor-heading-title elementor-size-default\">Unidade Respons\u00e1vel<\/h2>\t\t\t\t<\/div>\n\t\t\t\t<\/div>\n\t\t\t\t<div class=\"elementor-element elementor-element-c5bf530 elementor-widget elementor-widget-text-editor\" data-id=\"c5bf530\" data-element_type=\"widget\" data-e-type=\"widget\" data-widget_type=\"text-editor.default\">\n\t\t\t\t<div class=\"elementor-widget-container\">\n\t\t\t\t\t\t\t\t\t<p>NAI<\/p>\t\t\t\t\t\t\t\t<\/div>\n\t\t\t\t<\/div>\n\t\t\t\t<div class=\"elementor-element elementor-element-29e9de5 elementor-widget elementor-widget-heading\" data-id=\"29e9de5\" data-element_type=\"widget\" data-e-type=\"widget\" data-widget_type=\"heading.default\">\n\t\t\t\t<div class=\"elementor-widget-container\">\n\t\t\t\t\t<h2 class=\"elementor-heading-title elementor-size-default\">Elabora\u00e7\u00e3o da Pol\u00edtica de Inclus\u00e3o e acessibilidade<\/h2>\t\t\t\t<\/div>\n\t\t\t\t<\/div>\n\t\t\t\t\t<\/div>\n\t\t\t\t<\/div>\n\t\t<div class=\"elementor-element elementor-element-5c037b9 e-grid e-con-boxed e-con e-parent\" data-id=\"5c037b9\" data-element_type=\"container\" data-e-type=\"container\">\n\t\t\t\t\t<div class=\"e-con-inner\">\n\t\t<div class=\"elementor-element elementor-element-7bf4bd8 e-con-full e-flex e-con e-child\" data-id=\"7bf4bd8\" data-element_type=\"container\" data-e-type=\"container\">\n\t\t\t\t<div class=\"elementor-element elementor-element-95c5b2f elementor-widget elementor-widget-heading\" data-id=\"95c5b2f\" data-element_type=\"widget\" data-e-type=\"widget\" data-widget_type=\"heading.default\">\n\t\t\t\t<div class=\"elementor-widget-container\">\n\t\t\t\t\t<h2 class=\"elementor-heading-title elementor-size-default\">Respons\u00e1vel pelo preenchimento <\/h2>\t\t\t\t<\/div>\n\t\t\t\t<\/div>\n\t\t\t\t<div class=\"elementor-element elementor-element-835e071 elementor-widget elementor-widget-text-editor\" data-id=\"835e071\" data-element_type=\"widget\" data-e-type=\"widget\" data-widget_type=\"text-editor.default\">\n\t\t\t\t<div class=\"elementor-widget-container\">\n\t\t\t\t\t\t\t\t\t<p>Carla Simone de Oliveira Peres<\/p>\t\t\t\t\t\t\t\t<\/div>\n\t\t\t\t<\/div>\n\t\t\t\t<\/div>\n\t\t<div class=\"elementor-element elementor-element-ac31948 e-con-full e-flex e-con e-child\" data-id=\"ac31948\" data-element_type=\"container\" data-e-type=\"container\">\n\t\t\t\t<div class=\"elementor-element elementor-element-22c611f elementor-widget elementor-widget-heading\" data-id=\"22c611f\" data-element_type=\"widget\" data-e-type=\"widget\" data-widget_type=\"heading.default\">\n\t\t\t\t<div class=\"elementor-widget-container\">\n\t\t\t\t\t<h2 class=\"elementor-heading-title elementor-size-default\">Data preenchimento<\/h2>\t\t\t\t<\/div>\n\t\t\t\t<\/div>\n\t\t\t\t<div class=\"elementor-element elementor-element-b84c428 elementor-widget elementor-widget-text-editor\" data-id=\"b84c428\" data-element_type=\"widget\" data-e-type=\"widget\" data-widget_type=\"text-editor.default\">\n\t\t\t\t<div class=\"elementor-widget-container\">\n\t\t\t\t\t\t\t\t\t<p>09\/03\/2026<\/p>\t\t\t\t\t\t\t\t<\/div>\n\t\t\t\t<\/div>\n\t\t\t\t<\/div>\n\t\t\t\t\t<\/div>\n\t\t\t\t<\/div>\n\t\t<div class=\"elementor-element elementor-element-ebb2c20 e-flex e-con-boxed e-con e-parent\" data-id=\"ebb2c20\" data-element_type=\"container\" data-e-type=\"container\">\n\t\t\t\t\t<div class=\"e-con-inner\">\n\t\t<div class=\"elementor-element elementor-element-d93e5b1 e-con-full e-flex e-con e-child\" data-id=\"d93e5b1\" data-element_type=\"container\" data-e-type=\"container\">\n\t\t\t\t<div class=\"elementor-element elementor-element-7931bcf elementor-widget elementor-widget-heading\" data-id=\"7931bcf\" data-element_type=\"widget\" data-e-type=\"widget\" data-widget_type=\"heading.default\">\n\t\t\t\t<div class=\"elementor-widget-container\">\n\t\t\t\t\t<h2 class=\"elementor-heading-title elementor-size-default\">A\u00e7\u00f5es realizadas em 2025<\/h2>\t\t\t\t<\/div>\n\t\t\t\t<\/div>\n\t\t\t\t<\/div>\n\t\t\t\t\t<\/div>\n\t\t\t\t<\/div>\n\t\t<div class=\"elementor-element elementor-element-751fbd6 e-flex e-con-boxed e-con e-parent\" data-id=\"751fbd6\" data-element_type=\"container\" data-e-type=\"container\">\n\t\t\t\t\t<div class=\"e-con-inner\">\n\t\t\t\t<div class=\"elementor-element elementor-element-a750a0c elementor-widget elementor-widget-html\" data-id=\"a750a0c\" data-element_type=\"widget\" data-e-type=\"widget\" data-widget_type=\"html.default\">\n\t\t\t\t<div class=\"elementor-widget-container\">\n\t\t\t\t\t\r\n<style>\r\n  \r\n    table {\r\n        border-collapse: collapse;\r\n        width: 100%;\r\n        color: #333;\r\n        font-size: 14px;\r\n        text-align: left;\r\n    }\r\n\r\n    th {\r\n        font-weight: 600;\r\n        text-transform: uppercase;\r\n        letter-spacing: 0.05em;\r\n        border-bottom: 2px solid #eee;\r\n        padding: 12px 15px;\r\n    }\r\n\r\n    td {\r\n        padding: 12px 15px;\r\n        border-bottom: 1px solid #f0f0f0;\r\n    }\r\n\r\n    tr:last-child td {\r\n        border-bottom: none;\r\n    }\r\n\r\n    tr:hover {\r\n        background-color: #fafafa;\r\n    }\r\n<\/style>\r\n\r\n\r\n<table>\r\n    <thead>\r\n        <tr>\r\n            <th>A\u00c7\u00c3O<\/th>\r\n            <th>PRAZO INICIO<\/th>\r\n            <th>PRAZO FIM<\/th>\r\n            <th>CUSTO<\/th>\r\n            <th>STATUS<\/th>\r\n        <\/tr>\r\n    <\/thead>\r\n    <tbody>\r\n        <tr>\r\n            <td>Visita Institucional a Universidade\r\nFederal do Rio Grande do Norte<\/td>\r\n            <td>25\/08\/2025<\/td>\r\n            <td>28\/08\/2025<\/td>\r\n            <td>-<\/td>\r\n            <td>Conclu\u00edda<\/td>\r\n        <\/tr>\r\n\r\n        <tr>\r\n            <td>Reuni\u00f5es com equipe<\/td>\r\n            <td>10\/09\/2025<\/td>\r\n            <td>28\/11\/2025<\/td>\r\n            <td>-<\/td>\r\n            <td>Conclu\u00edda<\/td>\r\n        <\/tr>\r\n          <tr>\r\n            <td>Constru\u00e7\u00e3o da minuta da Pol\u00edtica<\/td>\r\n            <td>04\/01\/2026<\/td>\r\n            <td>05\/02\/2026\/td>\r\n            <td>-<\/td>\r\n            <td>Em\r\nexecu\u00e7\u00e3o<\/td>\r\n        <\/tr>\r\n          <tr>\r\n            <td>Discuss\u00e3o sobre a minuta<\/td>\r\n            <td>30\/03\/2026<\/td>\r\n            <td>330\/03\/2026<\/td>\r\n            <td>-<\/td>\r\n            <td>N\u00e3o\r\niniciada<\/td>\r\n        <\/tr>\r\n        \r\n        <tr>\r\n            <td>Semin\u00e1rio com participa\u00e7\u00e3o dos\r\nestudantes<\/td>\r\n            <td>04\/05\/2026<\/td>\r\n            <td>26\/02\/2027<\/td>\r\n            <td>-<\/td>\r\n            <td>N\u00e3o\r\niniciada<\/td>\r\n        <\/tr>\r\n        \r\n    <\/tbody>\r\n<\/table>\r\n\t\t\t\t<\/div>\n\t\t\t\t<\/div>\n\t\t\t\t<div class=\"elementor-element elementor-element-7e21ff8 elementor-widget elementor-widget-spacer\" data-id=\"7e21ff8\" data-element_type=\"widget\" data-e-type=\"widget\" data-widget_type=\"spacer.default\">\n\t\t\t\t<div class=\"elementor-widget-container\">\n\t\t\t\t\t\t\t<div class=\"elementor-spacer\">\n\t\t\t<div class=\"elementor-spacer-inner\"><\/div>\n\t\t<\/div>\n\t\t\t\t\t\t<\/div>\n\t\t\t\t<\/div>\n\t\t\t\t\t<\/div>\n\t\t\t\t<\/div>\n\t\t<div class=\"elementor-element elementor-element-48e7b4f e-flex e-con-boxed e-con e-parent\" data-id=\"48e7b4f\" data-element_type=\"container\" data-e-type=\"container\">\n\t\t\t\t\t<div class=\"e-con-inner\">\n\t\t\t\t<div class=\"elementor-element elementor-element-2c1b2eb elementor-widget elementor-widget-html\" data-id=\"2c1b2eb\" data-element_type=\"widget\" data-e-type=\"widget\" data-widget_type=\"html.default\">\n\t\t\t\t<div class=\"elementor-widget-container\">\n\t\t\t\t\t<style>\r\n\r\n        .cartao {\r\n            background: #fff;\r\n            padding: 20px;\r\n            border-radius: 12px;\r\n            width: 400px;\r\n            box-shadow: 0 4px 15px rgba(0,0,0,0.3);\r\n        }\r\n\r\n        .titulo {\r\n            font-weight: bold;\r\n            font-size: 14px;\r\n            color: #333;\r\n            margin-bottom: 5px;\r\n            display: block;\r\n        }\r\n\r\n\r\n        .fundo-barra {\r\n            background: #eee;\r\n            height: 10px;\r\n            border-radius: 5px;\r\n            overflow: hidden;\r\n            margin-bottom: 10px;\r\n        }\r\n\r\n        .progresso {\r\n            background: #000080;\r\n            height: 100%;\r\n            width: 50%; \r\n            animation: carregar 1.5s ease-out;\r\n        }\r\n\r\n        .valor {\r\n            text-align: right;\r\n            font-size: 24px;\r\n            font-weight: 800;\r\n            color: #000080;\r\n        }\r\n\r\n        @keyframes carregar {\r\n            from { width: 0; }\r\n        }\r\n    <\/style>\r\n\r\n<div>\r\n\r\n    <div class=\"cartao\">\r\n        <div class=\"titulo\">EVOLU\u00c7\u00c3O DA INICIATIVA<\/div>\r\n        <div class=\"fundo-barra\">\r\n            <div class=\"progresso\"><\/div>\r\n        <\/div>\r\n\r\n        <div class=\"valor\">50%<\/div>\r\n    <\/div>\r\n\r\n<\/div>\t\t\t\t<\/div>\n\t\t\t\t<\/div>\n\t\t\t\t\t<\/div>\n\t\t\t\t<\/div>\n\t\t\t\t<\/div>\n\t\t","protected":false},"excerpt":{"rendered":"<p>Unidade Respons\u00e1vel NAI Elabora\u00e7\u00e3o da Pol\u00edtica de Inclus\u00e3o e acessibilidade Respons\u00e1vel pelo preenchimento Carla Simone de Oliveira Peres Data preenchimento 09\/03\/2026 A\u00e7\u00f5es realizadas em 2025 A\u00c7\u00c3O PRAZO INICIO PRAZO FIM CUSTO STATUS Visita Institucional a Universidade Federal do Rio Grande do Norte 25\/08\/2025 28\/08\/2025 &#8211; Conclu\u00edda Reuni\u00f5es com equipe 10\/09\/2025 28\/11\/2025 &#8211; Conclu\u00edda Constru\u00e7\u00e3o da&hellip; <a class=\"more-link\" href=\"https:\/\/estrategia.ufac.br\/?page_id=2745\">Continue lendo <span class=\"screen-reader-text\">Elabora\u00e7\u00e3o da Pol\u00edtica de Inclus\u00e3o e acessibilidade<\/span><\/a><\/p>\n","protected":false},"author":1,"featured_media":0,"parent":0,"menu_order":0,"comment_status":"closed","ping_status":"closed","template":"","meta":{"footnotes":""},"class_list":["post-2745","page","type-page","status-publish","hentry","entry"],"_links":{"self":[{"href":"https:\/\/estrategia.ufac.br\/index.php?rest_route=\/wp\/v2\/pages\/2745"}],"collection":[{"href":"https:\/\/estrategia.ufac.br\/index.php?rest_route=\/wp\/v2\/pages"}],"about":[{"href":"https:\/\/estrategia.ufac.br\/index.php?rest_route=\/wp\/v2\/types\/page"}],"author":[{"embeddable":true,"href":"https:\/\/estrategia.ufac.br\/index.php?rest_route=\/wp\/v2\/users\/1"}],"replies":[{"embeddable":true,"href":"https:\/\/estrategia.ufac.br\/index.php?rest_route=%2Fwp%2Fv2%2Fcomments&post=2745"}],"version-history":[{"count":4,"href":"https:\/\/estrategia.ufac.br\/index.php?rest_route=\/wp\/v2\/pages\/2745\/revisions"}],"predecessor-version":[{"id":2749,"href":"https:\/\/estrategia.ufac.br\/index.php?rest_route=\/wp\/v2\/pages\/2745\/revisions\/2749"}],"wp:attachment":[{"href":"https:\/\/estrategia.ufac.br\/index.php?rest_route=%2Fwp%2Fv2%2Fmedia&parent=2745"}],"curies":[{"name":"wp","href":"https:\/\/api.w.org\/{rel}","templated":true}]}}