{"id":2695,"date":"2026-05-07T10:45:09","date_gmt":"2026-05-07T15:45:09","guid":{"rendered":"https:\/\/estrategia.ufac.br\/?page_id=2695"},"modified":"2026-05-07T10:49:47","modified_gmt":"2026-05-07T15:49:47","slug":"elementor-2695","status":"publish","type":"page","link":"https:\/\/estrategia.ufac.br\/?page_id=2695","title":{"rendered":"Desburocratiza\u00e7\u00e3o do acesso \u00e0s plataformas de acesso \u00e0s e bolsas e aux\u00edlios e do Restaurante Universit\u00e1rio"},"content":{"rendered":"\t\t<div data-elementor-type=\"wp-page\" data-elementor-id=\"2695\" class=\"elementor elementor-2695\">\n\t\t\t\t<div class=\"elementor-element elementor-element-0d94e87 e-flex e-con-boxed e-con e-parent\" data-id=\"0d94e87\" data-element_type=\"container\" data-e-type=\"container\">\n\t\t\t\t\t<div class=\"e-con-inner\">\n\t\t\t\t<div class=\"elementor-element elementor-element-3f6076e elementor-widget elementor-widget-heading\" data-id=\"3f6076e\" data-element_type=\"widget\" data-e-type=\"widget\" data-widget_type=\"heading.default\">\n\t\t\t\t<div class=\"elementor-widget-container\">\n\t\t\t\t\t<h2 class=\"elementor-heading-title elementor-size-default\">Unidade Respons\u00e1vel<\/h2>\t\t\t\t<\/div>\n\t\t\t\t<\/div>\n\t\t\t\t<div class=\"elementor-element elementor-element-c7ff41c elementor-widget elementor-widget-text-editor\" data-id=\"c7ff41c\" data-element_type=\"widget\" data-e-type=\"widget\" data-widget_type=\"text-editor.default\">\n\t\t\t\t<div class=\"elementor-widget-container\">\n\t\t\t\t\t\t\t\t\t<p><span style=\"font-size: 16.8px;\">PROAES &#8211; Pr\u00f3-Reitoria de Assuntos Estudantis\u00a0<\/span><\/p>\t\t\t\t\t\t\t\t<\/div>\n\t\t\t\t<\/div>\n\t\t\t\t<div class=\"elementor-element elementor-element-b625688 elementor-widget elementor-widget-heading\" data-id=\"b625688\" data-element_type=\"widget\" data-e-type=\"widget\" data-widget_type=\"heading.default\">\n\t\t\t\t<div class=\"elementor-widget-container\">\n\t\t\t\t\t<h2 class=\"elementor-heading-title elementor-size-default\">Desburocratiza\u00e7\u00e3o do acesso \u00e0s plataformas de\nacesso \u00e0s e bolsas e aux\u00edlios e do Restaurante\nUniversit\u00e1rio<\/h2>\t\t\t\t<\/div>\n\t\t\t\t<\/div>\n\t\t\t\t<div class=\"elementor-element elementor-element-5f058c5 elementor-widget elementor-widget-text-editor\" data-id=\"5f058c5\" data-element_type=\"widget\" data-e-type=\"widget\" data-widget_type=\"text-editor.default\">\n\t\t\t\t<div class=\"elementor-widget-container\">\n\t\t\t\t\t\t\t\t\t<p>A implanta\u00e7\u00e3o do sistema de aquisi\u00e7\u00e3o de cr\u00e9ditos para compra de refei\u00e7\u00f5es significou uma redu\u00e7\u00e3o nas filas para compra dos antigos t\u00edquetes e moderniza\u00e7\u00e3o na emiss\u00e3o de relat\u00f3rios e controle dos quantitativos de comensais.<\/p>\t\t\t\t\t\t\t\t<\/div>\n\t\t\t\t<\/div>\n\t\t\t\t\t<\/div>\n\t\t\t\t<\/div>\n\t\t<div class=\"elementor-element elementor-element-f348aef e-grid e-con-boxed e-con e-parent\" data-id=\"f348aef\" data-element_type=\"container\" data-e-type=\"container\">\n\t\t\t\t\t<div class=\"e-con-inner\">\n\t\t<div class=\"elementor-element elementor-element-779f51a e-con-full e-flex e-con e-child\" data-id=\"779f51a\" data-element_type=\"container\" data-e-type=\"container\">\n\t\t\t\t<div class=\"elementor-element elementor-element-acad4b4 elementor-widget elementor-widget-heading\" data-id=\"acad4b4\" data-element_type=\"widget\" data-e-type=\"widget\" data-widget_type=\"heading.default\">\n\t\t\t\t<div class=\"elementor-widget-container\">\n\t\t\t\t\t<h2 class=\"elementor-heading-title elementor-size-default\">Respons\u00e1vel pelo preenchimento <\/h2>\t\t\t\t<\/div>\n\t\t\t\t<\/div>\n\t\t\t\t<div class=\"elementor-element elementor-element-41e99fd elementor-widget elementor-widget-text-editor\" data-id=\"41e99fd\" data-element_type=\"widget\" data-e-type=\"widget\" data-widget_type=\"text-editor.default\">\n\t\t\t\t<div class=\"elementor-widget-container\">\n\t\t\t\t\t\t\t\t\t<p>Isaac Dayan Bastos da Silva<\/p>\t\t\t\t\t\t\t\t<\/div>\n\t\t\t\t<\/div>\n\t\t\t\t<\/div>\n\t\t<div class=\"elementor-element elementor-element-e98daa5 e-con-full e-flex e-con e-child\" data-id=\"e98daa5\" data-element_type=\"container\" data-e-type=\"container\">\n\t\t\t\t<div class=\"elementor-element elementor-element-198ba0e elementor-widget elementor-widget-heading\" data-id=\"198ba0e\" data-element_type=\"widget\" data-e-type=\"widget\" data-widget_type=\"heading.default\">\n\t\t\t\t<div class=\"elementor-widget-container\">\n\t\t\t\t\t<h2 class=\"elementor-heading-title elementor-size-default\">Data preenchimento<\/h2>\t\t\t\t<\/div>\n\t\t\t\t<\/div>\n\t\t\t\t<div class=\"elementor-element elementor-element-c9f5133 elementor-widget elementor-widget-text-editor\" data-id=\"c9f5133\" data-element_type=\"widget\" data-e-type=\"widget\" data-widget_type=\"text-editor.default\">\n\t\t\t\t<div class=\"elementor-widget-container\">\n\t\t\t\t\t\t\t\t\t<p>04\/03\/2026<\/p>\t\t\t\t\t\t\t\t<\/div>\n\t\t\t\t<\/div>\n\t\t\t\t<\/div>\n\t\t\t\t\t<\/div>\n\t\t\t\t<\/div>\n\t\t<div class=\"elementor-element elementor-element-fe4afe2 e-flex e-con-boxed e-con e-parent\" data-id=\"fe4afe2\" data-element_type=\"container\" data-e-type=\"container\">\n\t\t\t\t\t<div class=\"e-con-inner\">\n\t\t<div class=\"elementor-element elementor-element-eb50968 e-con-full e-flex e-con e-child\" data-id=\"eb50968\" data-element_type=\"container\" data-e-type=\"container\">\n\t\t\t\t<div class=\"elementor-element elementor-element-f400e9c elementor-widget elementor-widget-heading\" data-id=\"f400e9c\" data-element_type=\"widget\" data-e-type=\"widget\" data-widget_type=\"heading.default\">\n\t\t\t\t<div class=\"elementor-widget-container\">\n\t\t\t\t\t<h2 class=\"elementor-heading-title elementor-size-default\">A\u00e7\u00f5es realizadas em 2025<\/h2>\t\t\t\t<\/div>\n\t\t\t\t<\/div>\n\t\t\t\t<\/div>\n\t\t\t\t\t<\/div>\n\t\t\t\t<\/div>\n\t\t<div class=\"elementor-element elementor-element-1d75a54 e-flex e-con-boxed e-con e-parent\" data-id=\"1d75a54\" data-element_type=\"container\" data-e-type=\"container\">\n\t\t\t\t\t<div class=\"e-con-inner\">\n\t\t\t\t<div class=\"elementor-element elementor-element-8127b65 elementor-widget elementor-widget-html\" data-id=\"8127b65\" data-element_type=\"widget\" data-e-type=\"widget\" data-widget_type=\"html.default\">\n\t\t\t\t<div class=\"elementor-widget-container\">\n\t\t\t\t\t\r\n<style>\r\n  \r\n    table {\r\n        border-collapse: collapse;\r\n        width: 100%;\r\n        color: #333;\r\n        font-size: 14px;\r\n        text-align: left;\r\n    }\r\n\r\n    th {\r\n        font-weight: 600;\r\n        text-transform: uppercase;\r\n        letter-spacing: 0.05em;\r\n        border-bottom: 2px solid #eee;\r\n        padding: 12px 15px;\r\n    }\r\n\r\n    td {\r\n        padding: 12px 15px;\r\n        border-bottom: 1px solid #f0f0f0;\r\n    }\r\n\r\n    tr:last-child td {\r\n        border-bottom: none;\r\n    }\r\n\r\n    tr:hover {\r\n        background-color: #fafafa;\r\n    }\r\n<\/style>\r\n\r\n\r\n<table>\r\n    <thead>\r\n        <tr>\r\n            <th>A\u00c7\u00c3O<\/th>\r\n            <th>PRAZO INICIO<\/th>\r\n            <th>PRAZO FIM<\/th>\r\n            <th>CUSTO<\/th>\r\n            <th>STATUS<\/th>\r\n        <\/tr>\r\n    <\/thead>\r\n    <tbody>\r\n        <tr>\r\n            <td>Estabelecimento de Parcerias para<br>\r\n            implementa\u00e7\u00e3o do sistema de<br>\r\n            compras de cr\u00e9ditos<\/td>\r\n            <td>02\/01\/2025<\/td>\r\n            <td>30\/03\/2025<\/td>\r\n            <td>0,00<\/td>\r\n            <td>Conclu\u00edda<\/td>\r\n        <\/tr>\r\n\r\n        <tr>\r\n            <td>In\u00edcio do desenvolvimento<\/td>\r\n            <td>01\/04\/2025<\/td>\r\n            <td>30\/06\/2025<\/td>\r\n            <td>0,00<\/td>\r\n            <td>Conclu\u00edda<\/td>\r\n        <\/tr>\r\n          <tr>\r\n            <td>In\u00edcio do Per\u00edodo de testes<\/td>\r\n            <td>07\/07\/2025<\/td>\r\n            <td>30\/08\/2025<\/td>\r\n            <td>0,00<\/td>\r\n            <td>Conclu\u00edda<\/td>\r\n        <\/tr>\r\n          <tr>\r\n            <td>Finaliza\u00e7\u00e3o do Sistema pelo NTI<\/td>\r\n            <td>02\/09\/2025<\/td>\r\n            <td>31\/10\/2025<\/td>\r\n            <td>0,00<\/td>\r\n            <td>Conclu\u00edda<\/td>\r\n        <\/tr>\r\n        \r\n        <tr>\r\n            <td>In\u00edcio do funcionamento do Sistema<\/td>\r\n            <td>01\/11\/2025<\/td>\r\n            <td>-<\/td>\r\n            <td>-<\/td>\r\n            <td>Conclu\u00edda<\/td>\r\n        <\/tr>\r\n        \r\n    <\/tbody>\r\n<\/table>\r\n\t\t\t\t<\/div>\n\t\t\t\t<\/div>\n\t\t\t\t<div class=\"elementor-element elementor-element-165dde9 elementor-widget elementor-widget-spacer\" data-id=\"165dde9\" data-element_type=\"widget\" data-e-type=\"widget\" data-widget_type=\"spacer.default\">\n\t\t\t\t<div class=\"elementor-widget-container\">\n\t\t\t\t\t\t\t<div class=\"elementor-spacer\">\n\t\t\t<div class=\"elementor-spacer-inner\"><\/div>\n\t\t<\/div>\n\t\t\t\t\t\t<\/div>\n\t\t\t\t<\/div>\n\t\t\t\t\t<\/div>\n\t\t\t\t<\/div>\n\t\t<div class=\"elementor-element elementor-element-e45113f e-flex e-con-boxed e-con e-parent\" data-id=\"e45113f\" data-element_type=\"container\" data-e-type=\"container\">\n\t\t\t\t\t<div class=\"e-con-inner\">\n\t\t\t\t<div class=\"elementor-element elementor-element-f71d8b2 elementor-widget elementor-widget-html\" data-id=\"f71d8b2\" data-element_type=\"widget\" data-e-type=\"widget\" data-widget_type=\"html.default\">\n\t\t\t\t<div class=\"elementor-widget-container\">\n\t\t\t\t\t<style>\r\n\r\n        .cartao {\r\n            background: #fff;\r\n            padding: 20px;\r\n            border-radius: 12px;\r\n            width: 400px;\r\n            box-shadow: 0 4px 15px rgba(0,0,0,0.3);\r\n        }\r\n\r\n        .titulo {\r\n            font-weight: bold;\r\n            font-size: 14px;\r\n            color: #333;\r\n            margin-bottom: 5px;\r\n            display: block;\r\n        }\r\n\r\n\r\n        .fundo-barra {\r\n            background: #eee;\r\n            height: 10px;\r\n            border-radius: 5px;\r\n            overflow: hidden;\r\n            margin-bottom: 10px;\r\n        }\r\n\r\n        .progresso {\r\n            background: #000080;\r\n            height: 100%;\r\n            width: 100%; \r\n            animation: carregar 1.5s ease-out;\r\n        }\r\n\r\n        .valor {\r\n            text-align: right;\r\n            font-size: 24px;\r\n            font-weight: 800;\r\n            color: #000080;\r\n        }\r\n\r\n        @keyframes carregar {\r\n            from { width: 0; }\r\n        }\r\n    <\/style>\r\n\r\n<div>\r\n\r\n    <div class=\"cartao\">\r\n        <div class=\"titulo\">EVOLU\u00c7\u00c3O DA INICIATIVA<\/div>\r\n        <div class=\"fundo-barra\">\r\n            <div class=\"progresso\"><\/div>\r\n        <\/div>\r\n\r\n        <div class=\"valor\">100%<\/div>\r\n    <\/div>\r\n\r\n<\/div>\t\t\t\t<\/div>\n\t\t\t\t<\/div>\n\t\t\t\t\t<\/div>\n\t\t\t\t<\/div>\n\t\t\t\t<\/div>\n\t\t","protected":false},"excerpt":{"rendered":"<p>Unidade Respons\u00e1vel PROAES &#8211; Pr\u00f3-Reitoria de Assuntos Estudantis\u00a0 Desburocratiza\u00e7\u00e3o do acesso \u00e0s plataformas de acesso \u00e0s e bolsas e aux\u00edlios e do Restaurante Universit\u00e1rio A implanta\u00e7\u00e3o do sistema de aquisi\u00e7\u00e3o de cr\u00e9ditos para compra de refei\u00e7\u00f5es significou uma redu\u00e7\u00e3o nas filas para compra dos antigos t\u00edquetes e moderniza\u00e7\u00e3o na emiss\u00e3o de relat\u00f3rios e controle dos&hellip; <a class=\"more-link\" href=\"https:\/\/estrategia.ufac.br\/?page_id=2695\">Continue lendo <span class=\"screen-reader-text\">Desburocratiza\u00e7\u00e3o do acesso \u00e0s plataformas de acesso \u00e0s e bolsas e aux\u00edlios e do Restaurante Universit\u00e1rio<\/span><\/a><\/p>\n","protected":false},"author":1,"featured_media":0,"parent":0,"menu_order":0,"comment_status":"closed","ping_status":"closed","template":"","meta":{"footnotes":""},"class_list":["post-2695","page","type-page","status-publish","hentry","entry"],"_links":{"self":[{"href":"https:\/\/estrategia.ufac.br\/index.php?rest_route=\/wp\/v2\/pages\/2695"}],"collection":[{"href":"https:\/\/estrategia.ufac.br\/index.php?rest_route=\/wp\/v2\/pages"}],"about":[{"href":"https:\/\/estrategia.ufac.br\/index.php?rest_route=\/wp\/v2\/types\/page"}],"author":[{"embeddable":true,"href":"https:\/\/estrategia.ufac.br\/index.php?rest_route=\/wp\/v2\/users\/1"}],"replies":[{"embeddable":true,"href":"https:\/\/estrategia.ufac.br\/index.php?rest_route=%2Fwp%2Fv2%2Fcomments&post=2695"}],"version-history":[{"count":8,"href":"https:\/\/estrategia.ufac.br\/index.php?rest_route=\/wp\/v2\/pages\/2695\/revisions"}],"predecessor-version":[{"id":2716,"href":"https:\/\/estrategia.ufac.br\/index.php?rest_route=\/wp\/v2\/pages\/2695\/revisions\/2716"}],"wp:attachment":[{"href":"https:\/\/estrategia.ufac.br\/index.php?rest_route=%2Fwp%2Fv2%2Fmedia&parent=2695"}],"curies":[{"name":"wp","href":"https:\/\/api.w.org\/{rel}","templated":true}]}}