{"id":2659,"date":"2026-05-06T13:14:11","date_gmt":"2026-05-06T18:14:11","guid":{"rendered":"https:\/\/estrategia.ufac.br\/?page_id=2659"},"modified":"2026-05-11T23:38:09","modified_gmt":"2026-05-12T04:38:09","slug":"edital-regional-de-extensao-acoes-de-extensao-em-territorio-de-vulnerabilidade-social-definidos-no-anuario-do-ministerio-publico-ac","status":"publish","type":"page","link":"https:\/\/estrategia.ufac.br\/?page_id=2659","title":{"rendered":"Edital Regional de Extens\u00e3o: A\u00e7\u00f5es de extens\u00e3o em territ\u00f3rio de vulnerabilidade social definidos no anu\u00e1rio do Minist\u00e9rio P\u00fablico\/AC"},"content":{"rendered":"\t\t<div data-elementor-type=\"wp-page\" data-elementor-id=\"2659\" class=\"elementor elementor-2659\">\n\t\t\t\t<div class=\"elementor-element elementor-element-e1887c9 e-flex e-con-boxed e-con e-parent\" data-id=\"e1887c9\" data-element_type=\"container\" data-e-type=\"container\">\n\t\t\t\t\t<div class=\"e-con-inner\">\n\t\t\t\t<div class=\"elementor-element elementor-element-ff9e0c0 elementor-widget elementor-widget-heading\" data-id=\"ff9e0c0\" data-element_type=\"widget\" data-e-type=\"widget\" data-widget_type=\"heading.default\">\n\t\t\t\t<div class=\"elementor-widget-container\">\n\t\t\t\t\t<h2 class=\"elementor-heading-title elementor-size-default\">Unidade Respons\u00e1vel<\/h2>\t\t\t\t<\/div>\n\t\t\t\t<\/div>\n\t\t\t\t<div class=\"elementor-element elementor-element-3748cbc elementor-widget elementor-widget-text-editor\" data-id=\"3748cbc\" data-element_type=\"widget\" data-e-type=\"widget\" data-widget_type=\"text-editor.default\">\n\t\t\t\t<div class=\"elementor-widget-container\">\n\t\t\t\t\t\t\t\t\t<p>PROEX &#8211; Pr\u00f3-Reitoria de Extens\u00e3o e Cultura<\/p>\t\t\t\t\t\t\t\t<\/div>\n\t\t\t\t<\/div>\n\t\t\t\t<div class=\"elementor-element elementor-element-8c1c425 elementor-widget elementor-widget-heading\" data-id=\"8c1c425\" data-element_type=\"widget\" data-e-type=\"widget\" data-widget_type=\"heading.default\">\n\t\t\t\t<div class=\"elementor-widget-container\">\n\t\t\t\t\t<h2 class=\"elementor-heading-title elementor-size-default\">Edital Regional de Extens\u00e3o: A\u00e7\u00f5es de extens\u00e3o em\nterrit\u00f3rio de vulnerabilidade social definidos no\nanu\u00e1rio do Minist\u00e9rio P\u00fablico\/AC<\/h2>\t\t\t\t<\/div>\n\t\t\t\t<\/div>\n\t\t\t\t<div class=\"elementor-element elementor-element-6518459 elementor-widget elementor-widget-text-editor\" data-id=\"6518459\" data-element_type=\"widget\" data-e-type=\"widget\" data-widget_type=\"text-editor.default\">\n\t\t\t\t<div class=\"elementor-widget-container\">\n\t\t\t\t\t\t\t\t\t<p>Em 2025, foram selecionados 27 projetos para atua\u00e7\u00e3o em territ\u00f3rios de vulnerabilidade social previamente definidos no Edital Proex 16\/2025. Cada iniciativa contou com a participa\u00e7\u00e3o de dois bolsistas, no per\u00edodo de agosto a dezembro de 2025, fortalecendo o compromisso institucional<br \/>com a forma\u00e7\u00e3o acad\u00eamica articulada \u00e0s demandas sociais. A realiza\u00e7\u00e3o de a\u00e7\u00f5es de extens\u00e3o em territ\u00f3rios vulner\u00e1veis reafirma o papel social da universidade p\u00fablica, especialmente da Universidade Federal do Acre, ao promover a democratiza\u00e7\u00e3o do conhecimento, a escuta qualificada das comunidades e a constru\u00e7\u00e3o conjunta de solu\u00e7\u00f5es para desafios locais. Essas iniciativas contribuem para a redu\u00e7\u00e3o de desigualdades, o<br \/>fortalecimento de v\u00ednculos comunit\u00e1rios e a valoriza\u00e7\u00e3o dos saberes tradicionais e populares, integrando ensino, pesquisa e extens\u00e3o de forma indissoci\u00e1vel. No per\u00edodo, foram desenvolvidas atividades nas \u00e1reas tem\u00e1ticas de Educa\u00e7\u00e3o; Meio Ambiente; Sa\u00fade, Esporte e Lazer, contemplando a\u00e7\u00f5es formativas, oficinas, pr\u00e1ticas educativas e atividades de mobiliza\u00e7\u00e3o social. Al\u00e9m de impactar diretamente as comunidades atendidas, os projetos proporcionaram aos estudantes uma viv\u00eancia transformadora, ampliando sua forma\u00e7\u00e3o cidad\u00e3, \u00e9tica e profissional, em di\u00e1logo permanente com a realidade social do estado do Acre.<\/p>\t\t\t\t\t\t\t\t<\/div>\n\t\t\t\t<\/div>\n\t\t\t\t\t<\/div>\n\t\t\t\t<\/div>\n\t\t<div class=\"elementor-element elementor-element-c413ad9 e-grid e-con-boxed e-con e-parent\" data-id=\"c413ad9\" data-element_type=\"container\" data-e-type=\"container\">\n\t\t\t\t\t<div class=\"e-con-inner\">\n\t\t<div class=\"elementor-element elementor-element-0040ded e-con-full e-flex e-con e-child\" data-id=\"0040ded\" data-element_type=\"container\" data-e-type=\"container\">\n\t\t\t\t<div class=\"elementor-element elementor-element-91a3235 elementor-widget elementor-widget-heading\" data-id=\"91a3235\" data-element_type=\"widget\" data-e-type=\"widget\" data-widget_type=\"heading.default\">\n\t\t\t\t<div class=\"elementor-widget-container\">\n\t\t\t\t\t<h2 class=\"elementor-heading-title elementor-size-default\">Respons\u00e1vel pelo preenchimento <\/h2>\t\t\t\t<\/div>\n\t\t\t\t<\/div>\n\t\t\t\t<div class=\"elementor-element elementor-element-d9cca4b elementor-widget elementor-widget-text-editor\" data-id=\"d9cca4b\" data-element_type=\"widget\" data-e-type=\"widget\" data-widget_type=\"text-editor.default\">\n\t\t\t\t<div class=\"elementor-widget-container\">\n\t\t\t\t\t\t\t\t\t<p>Francisco Gilvan Martins do Nascimento<\/p>\t\t\t\t\t\t\t\t<\/div>\n\t\t\t\t<\/div>\n\t\t\t\t<\/div>\n\t\t<div class=\"elementor-element elementor-element-6a75735 e-con-full e-flex e-con e-child\" data-id=\"6a75735\" data-element_type=\"container\" data-e-type=\"container\">\n\t\t\t\t<div class=\"elementor-element elementor-element-ce80ff9 elementor-widget elementor-widget-heading\" data-id=\"ce80ff9\" data-element_type=\"widget\" data-e-type=\"widget\" data-widget_type=\"heading.default\">\n\t\t\t\t<div class=\"elementor-widget-container\">\n\t\t\t\t\t<h2 class=\"elementor-heading-title elementor-size-default\">Data preenchimento<\/h2>\t\t\t\t<\/div>\n\t\t\t\t<\/div>\n\t\t\t\t<div class=\"elementor-element elementor-element-14cb97e elementor-widget elementor-widget-text-editor\" data-id=\"14cb97e\" data-element_type=\"widget\" data-e-type=\"widget\" data-widget_type=\"text-editor.default\">\n\t\t\t\t<div class=\"elementor-widget-container\">\n\t\t\t\t\t\t\t\t\t<p>12\/02\/2026<\/p>\t\t\t\t\t\t\t\t<\/div>\n\t\t\t\t<\/div>\n\t\t\t\t<\/div>\n\t\t\t\t\t<\/div>\n\t\t\t\t<\/div>\n\t\t<div class=\"elementor-element elementor-element-3ee07ab e-flex e-con-boxed e-con e-parent\" data-id=\"3ee07ab\" data-element_type=\"container\" data-e-type=\"container\">\n\t\t\t\t\t<div class=\"e-con-inner\">\n\t\t<div class=\"elementor-element elementor-element-caf091e e-con-full e-flex e-con e-child\" data-id=\"caf091e\" data-element_type=\"container\" data-e-type=\"container\">\n\t\t\t\t<div class=\"elementor-element elementor-element-ac77084 elementor-widget elementor-widget-heading\" data-id=\"ac77084\" data-element_type=\"widget\" data-e-type=\"widget\" data-widget_type=\"heading.default\">\n\t\t\t\t<div class=\"elementor-widget-container\">\n\t\t\t\t\t<h2 class=\"elementor-heading-title elementor-size-default\">A\u00e7\u00f5es realizadas em 2025<\/h2>\t\t\t\t<\/div>\n\t\t\t\t<\/div>\n\t\t\t\t<\/div>\n\t\t\t\t\t<\/div>\n\t\t\t\t<\/div>\n\t\t<div class=\"elementor-element elementor-element-66e7084 e-flex e-con-boxed e-con e-parent\" data-id=\"66e7084\" data-element_type=\"container\" data-e-type=\"container\">\n\t\t\t\t\t<div class=\"e-con-inner\">\n\t\t\t\t<div class=\"elementor-element elementor-element-38c8436 elementor-widget elementor-widget-html\" data-id=\"38c8436\" data-element_type=\"widget\" data-e-type=\"widget\" data-widget_type=\"html.default\">\n\t\t\t\t<div class=\"elementor-widget-container\">\n\t\t\t\t\t\r\n<style>\r\n  \r\n    table {\r\n        border-collapse: collapse;\r\n        width: 100%;\r\n        color: #333;\r\n        font-size: 14px;\r\n        text-align: left;\r\n    }\r\n\r\n    th {\r\n        font-weight: 600;\r\n        text-transform: uppercase;\r\n        letter-spacing: 0.05em;\r\n        border-bottom: 2px solid #eee;\r\n        padding: 12px 15px;\r\n    }\r\n\r\n    td {\r\n        padding: 12px 15px;\r\n        border-bottom: 1px solid #f0f0f0;\r\n    }\r\n\r\n    tr:last-child td {\r\n        border-bottom: none;\r\n    }\r\n\r\n    tr:hover {\r\n        background-color: #fafafa;\r\n    }\r\n<\/style>\r\n\r\n\r\n<table>\r\n    <thead>\r\n        <tr>\r\n            <th>A\u00c7\u00c3O<\/th>\r\n            <th>PRAZO INICIO<\/th>\r\n            <th>PRAZO FIM<\/th>\r\n            <th>CUSTO<\/th>\r\n            <th>STATUS<\/th>\r\n        <\/tr>\r\n    <\/thead>\r\n    <tbody>\r\n         <tr>\r\n            <td>Planejamento, publica\u00e7\u00e3o e sele\u00e7\u00e3o\r\ndos projetos de extens\u00e3o<\/td>\r\n            <td>08\/04\/2025<\/td>\r\n            <td>04\/08\/2025<\/td>\r\n            <td>-<\/td>\r\n            <td>Conclu\u00edda<\/td>\r\n        <\/tr>\r\n        \r\n        <tr>\r\n            <td>Execu\u00e7\u00e3o das a\u00e7\u00f5es de extens\u00e3o nos\r\nterrit\u00f3rios vulner\u00e1veis<\/td>\r\n            <td>04\/08\/2025<\/td>\r\n            <td>31\/12\/2025<\/td>\r\n            <td>194.971,04<\/td>\r\n            <td>Conclu\u00edda<\/td>\r\n        <\/tr>\r\n\r\n        <tr>\r\n            <td>Envio dos relat\u00f3rios finais das a\u00e7\u00f5es,\r\navalia\u00e7\u00e3o e emiss\u00e3o dos certificados<\/td>\r\n                            <td>02\/01\/2026<\/td>\r\n            <td>31\/03\/2026<\/td>\r\n            <td>-<\/td>\r\n            <td>Em\r\nexecu\u00e7\u00e3o<\/td>\r\n        <\/tr>\r\n        \r\n        \r\n    <\/tbody>\r\n<\/table>\r\n\t\t\t\t<\/div>\n\t\t\t\t<\/div>\n\t\t\t\t<div class=\"elementor-element elementor-element-3c0c2a6 elementor-widget elementor-widget-spacer\" data-id=\"3c0c2a6\" data-element_type=\"widget\" data-e-type=\"widget\" data-widget_type=\"spacer.default\">\n\t\t\t\t<div class=\"elementor-widget-container\">\n\t\t\t\t\t\t\t<div class=\"elementor-spacer\">\n\t\t\t<div class=\"elementor-spacer-inner\"><\/div>\n\t\t<\/div>\n\t\t\t\t\t\t<\/div>\n\t\t\t\t<\/div>\n\t\t\t\t\t<\/div>\n\t\t\t\t<\/div>\n\t\t<div class=\"elementor-element elementor-element-6ffd9e3 e-flex e-con-boxed e-con e-parent\" data-id=\"6ffd9e3\" data-element_type=\"container\" data-e-type=\"container\">\n\t\t\t\t\t<div class=\"e-con-inner\">\n\t\t\t\t<div class=\"elementor-element elementor-element-f8b2398 elementor-widget elementor-widget-html\" data-id=\"f8b2398\" data-element_type=\"widget\" data-e-type=\"widget\" data-widget_type=\"html.default\">\n\t\t\t\t<div class=\"elementor-widget-container\">\n\t\t\t\t\t<style>\r\n\r\n        .cartao {\r\n            background: #fff;\r\n            padding: 20px;\r\n            border-radius: 12px;\r\n            width: 400px;\r\n            box-shadow: 0 4px 15px rgba(0,0,0,0.3);\r\n        }\r\n\r\n        .titulo {\r\n            font-weight: bold;\r\n            font-size: 14px;\r\n            color: #333;\r\n            margin-bottom: 5px;\r\n            display: block;\r\n        }\r\n\r\n\r\n        .fundo-barra {\r\n            background: #eee;\r\n            height: 10px;\r\n            border-radius: 5px;\r\n            overflow: hidden;\r\n            margin-bottom: 10px;\r\n        }\r\n\r\n        .progresso {\r\n            background: #000080;\r\n            height: 100%;\r\n            width: 80%; \r\n            animation: carregar 1.5s ease-out;\r\n        }\r\n\r\n        .valor {\r\n            text-align: right;\r\n            font-size: 24px;\r\n            font-weight: 800;\r\n            color: #000080;\r\n        }\r\n\r\n        @keyframes carregar {\r\n            from { width: 0; }\r\n        }\r\n    <\/style>\r\n\r\n<div>\r\n\r\n    <div class=\"cartao\">\r\n        <div class=\"titulo\">EVOLU\u00c7\u00c3O DA INICIATIVA<\/div>\r\n        <div class=\"fundo-barra\">\r\n            <div class=\"progresso\"><\/div>\r\n        <\/div>\r\n\r\n        <div class=\"valor\">80%<\/div>\r\n    <\/div>\r\n\r\n<\/div>\t\t\t\t<\/div>\n\t\t\t\t<\/div>\n\t\t\t\t\t<\/div>\n\t\t\t\t<\/div>\n\t\t\t\t<\/div>\n\t\t","protected":false},"excerpt":{"rendered":"<p>Unidade Respons\u00e1vel PROEX &#8211; Pr\u00f3-Reitoria de Extens\u00e3o e Cultura Edital Regional de Extens\u00e3o: A\u00e7\u00f5es de extens\u00e3o em territ\u00f3rio de vulnerabilidade social definidos no anu\u00e1rio do Minist\u00e9rio P\u00fablico\/AC Em 2025, foram selecionados 27 projetos para atua\u00e7\u00e3o em territ\u00f3rios de vulnerabilidade social previamente definidos no Edital Proex 16\/2025. Cada iniciativa contou com a participa\u00e7\u00e3o de dois bolsistas,&hellip; <a class=\"more-link\" href=\"https:\/\/estrategia.ufac.br\/?page_id=2659\">Continue lendo <span class=\"screen-reader-text\">Edital Regional de Extens\u00e3o: A\u00e7\u00f5es de extens\u00e3o em territ\u00f3rio de vulnerabilidade social definidos no anu\u00e1rio do Minist\u00e9rio P\u00fablico\/AC<\/span><\/a><\/p>\n","protected":false},"author":1,"featured_media":0,"parent":0,"menu_order":0,"comment_status":"closed","ping_status":"closed","template":"","meta":{"footnotes":""},"class_list":["post-2659","page","type-page","status-publish","hentry","entry"],"_links":{"self":[{"href":"https:\/\/estrategia.ufac.br\/index.php?rest_route=\/wp\/v2\/pages\/2659"}],"collection":[{"href":"https:\/\/estrategia.ufac.br\/index.php?rest_route=\/wp\/v2\/pages"}],"about":[{"href":"https:\/\/estrategia.ufac.br\/index.php?rest_route=\/wp\/v2\/types\/page"}],"author":[{"embeddable":true,"href":"https:\/\/estrategia.ufac.br\/index.php?rest_route=\/wp\/v2\/users\/1"}],"replies":[{"embeddable":true,"href":"https:\/\/estrategia.ufac.br\/index.php?rest_route=%2Fwp%2Fv2%2Fcomments&post=2659"}],"version-history":[{"count":7,"href":"https:\/\/estrategia.ufac.br\/index.php?rest_route=\/wp\/v2\/pages\/2659\/revisions"}],"predecessor-version":[{"id":3246,"href":"https:\/\/estrategia.ufac.br\/index.php?rest_route=\/wp\/v2\/pages\/2659\/revisions\/3246"}],"wp:attachment":[{"href":"https:\/\/estrategia.ufac.br\/index.php?rest_route=%2Fwp%2Fv2%2Fmedia&parent=2659"}],"curies":[{"name":"wp","href":"https:\/\/api.w.org\/{rel}","templated":true}]}}