{"id":2645,"date":"2026-05-06T12:45:19","date_gmt":"2026-05-06T17:45:19","guid":{"rendered":"https:\/\/estrategia.ufac.br\/?page_id=2645"},"modified":"2026-05-11T23:36:29","modified_gmt":"2026-05-12T04:36:29","slug":"implantacao-do-sistema-de-monitoramento-e-avaliacao-das-acoes-de-extensao-e-integracao-comunitaria-visando-a-qualidade-das-atividades-desenvolvidas-simaeu-indicadores-nacionais","status":"publish","type":"page","link":"https:\/\/estrategia.ufac.br\/?page_id=2645","title":{"rendered":"Implanta\u00e7\u00e3o do Sistema de Monitoramento e Avalia\u00e7\u00e3o das A\u00e7\u00f5es de Extens\u00e3o e Integra\u00e7\u00e3o Comunit\u00e1ria visando a qualidade das atividades desenvolvidas \u2013 SIMAEU \u2013 Indicadores Nacionais"},"content":{"rendered":"\t\t<div data-elementor-type=\"wp-page\" data-elementor-id=\"2645\" class=\"elementor elementor-2645\">\n\t\t\t\t<div class=\"elementor-element elementor-element-af742b6 e-flex e-con-boxed e-con e-parent\" data-id=\"af742b6\" data-element_type=\"container\" data-e-type=\"container\">\n\t\t\t\t\t<div class=\"e-con-inner\">\n\t\t\t\t<div class=\"elementor-element elementor-element-00071a9 elementor-widget elementor-widget-heading\" data-id=\"00071a9\" data-element_type=\"widget\" data-e-type=\"widget\" data-widget_type=\"heading.default\">\n\t\t\t\t<div class=\"elementor-widget-container\">\n\t\t\t\t\t<h2 class=\"elementor-heading-title elementor-size-default\">Unidade Respons\u00e1vel<\/h2>\t\t\t\t<\/div>\n\t\t\t\t<\/div>\n\t\t\t\t<div class=\"elementor-element elementor-element-376f8dc elementor-widget elementor-widget-text-editor\" data-id=\"376f8dc\" data-element_type=\"widget\" data-e-type=\"widget\" data-widget_type=\"text-editor.default\">\n\t\t\t\t<div class=\"elementor-widget-container\">\n\t\t\t\t\t\t\t\t\t<p>PROEX &#8211; Pr\u00f3-Reitoria de Extens\u00e3o e Cultura<\/p>\t\t\t\t\t\t\t\t<\/div>\n\t\t\t\t<\/div>\n\t\t\t\t<div class=\"elementor-element elementor-element-0e5b7c3 elementor-widget elementor-widget-heading\" data-id=\"0e5b7c3\" data-element_type=\"widget\" data-e-type=\"widget\" data-widget_type=\"heading.default\">\n\t\t\t\t<div class=\"elementor-widget-container\">\n\t\t\t\t\t<h2 class=\"elementor-heading-title elementor-size-default\">Implanta\u00e7\u00e3o do Sistema de Monitoramento e\nAvalia\u00e7\u00e3o das A\u00e7\u00f5es de Extens\u00e3o e Integra\u00e7\u00e3o\nComunit\u00e1ria visando a qualidade das atividades\ndesenvolvidas \u2013 SIMAEU \u2013 Indicadores Nacionais<\/h2>\t\t\t\t<\/div>\n\t\t\t\t<\/div>\n\t\t\t\t<div class=\"elementor-element elementor-element-56a77cf elementor-widget elementor-widget-text-editor\" data-id=\"56a77cf\" data-element_type=\"widget\" data-e-type=\"widget\" data-widget_type=\"text-editor.default\">\n\t\t\t\t<div class=\"elementor-widget-container\">\n\t\t\t\t\t\t\t\t\t<p>A Plataforma de A\u00e7\u00f5es de Extens\u00e3o e Cultura (Paec) vem sendo atualizada constantemente para aprimorar as ferramentas j\u00e1 existentes, al\u00e9m da implementa\u00e7\u00e3o de novas ferramentas conforme s\u00e3o identificadas as demandas. Destacamos tamb\u00e9m que no final de 2024, a Diretoria de A\u00e7\u00f5es<br \/>de Extens\u00e3o passou pelo processo de auditoria interna, em que se identificou a necessidade de implementar o monitoramento das a\u00e7\u00f5es de extens\u00e3o, al\u00e9m da elabora\u00e7\u00e3o da Matriz de riscos ligadas \u00e0 extens\u00e3o. Tais documentos est\u00e3o em fase de constru\u00e7\u00e3o e a previs\u00e3o de entrega ser\u00e1<br \/>at\u00e9 o final do primeiro semestre de 2026. Em rela\u00e7\u00e3o \u00e0s demais a\u00e7\u00f5es descritas acima, elas n\u00e3o puderam ser integralmente desenvolvidas em raz\u00e3o de um cen\u00e1rio at\u00edpico, marcado pelo expressivo volume de recursos captados por meio de emendas parlamentares e Termos de Execu\u00e7\u00e3o Descentralizada (TEDs). A amplia\u00e7\u00e3o significativa do or\u00e7amento demandou reorganiza\u00e7\u00e3o administrativa, adequa\u00e7\u00e3o de fluxos internos e prioriza\u00e7\u00e3o de atividades voltadas \u00e0 execu\u00e7\u00e3o, acompanhamento e presta\u00e7\u00e3o de contas desses recursos, em observ\u00e2ncia aos princ\u00edpios da legalidade, efici\u00eancia e responsabilidade na gest\u00e3o p\u00fablica. Ressalta-se que tal contexto representou um avan\u00e7o institucional no que se refere \u00e0 capacidade de capta\u00e7\u00e3o de recursos externos; contudo, exigiu redirecionamento tempor\u00e1rio de esfor\u00e7os t\u00e9cnicos e operacionais. As a\u00e7\u00f5es n\u00e3o executadas permanecem no planejamento estrat\u00e9gico, com previs\u00e3o de retomada em momento oportuno, conforme a readequa\u00e7\u00e3o do cronograma e da capacidade operacional da equipe. Precisamos evidenciar a diferen\u00e7a significativa na capacidade de financiamento das a\u00e7\u00f5es de extens\u00e3o quando se compara o or\u00e7amento interno da institui\u00e7\u00e3o para a execu\u00e7\u00e3o de a\u00e7\u00f5es extensionistas com os recursos captados por fontes externas e administrados pela Fundape. Os valores oriundos de parcerias, emendas parlamentares, TEDs e demais instrumentos de fomento externo chegam a ser aproximadamente dez vezes superiores aos recursos pr\u00f3prios destinados \u00e0 extens\u00e3o. Essa disparidade evidencia, por um lado, a crescente credibilidade institucional e a capacidade de articula\u00e7\u00e3o para capta\u00e7\u00e3o de recursos; por outro, revela a limita\u00e7\u00e3o estrutural do or\u00e7amento interno para atender \u00e0 demanda ampliada de projetos, programas e a\u00e7\u00f5es extensionistas, tornando estrat\u00e9gica a manuten\u00e7\u00e3o e amplia\u00e7\u00e3o das fontes externas como mecanismo de sustentabilidade e expans\u00e3o das atividades junto \u00e0 comunidade. Tamb\u00e9m destacamos o in\u00edcio da realiza\u00e7\u00e3o do projeto JOVEM EMPREENDEDOR: CONECTAR &amp; CRIAR, coordenado pelo Prof. Dailton Albuquerque de Farias, que tem por finalidade capacitar jovens com conhecimentos e habilidades em empreendedorismo, educa\u00e7\u00e3o financeira e inova\u00e7\u00e3o tecnol\u00f3gica, preparando-os para os desafios do mercado de trabalho futuro e fomentando sua autonomia, capacidade de gerar valor e de impactar positivamente a sociedade.<\/p>\t\t\t\t\t\t\t\t<\/div>\n\t\t\t\t<\/div>\n\t\t\t\t\t<\/div>\n\t\t\t\t<\/div>\n\t\t<div class=\"elementor-element elementor-element-ce643f8 e-grid e-con-boxed e-con e-parent\" data-id=\"ce643f8\" data-element_type=\"container\" data-e-type=\"container\">\n\t\t\t\t\t<div class=\"e-con-inner\">\n\t\t<div class=\"elementor-element elementor-element-49046f7 e-con-full e-flex e-con e-child\" data-id=\"49046f7\" data-element_type=\"container\" data-e-type=\"container\">\n\t\t\t\t<div class=\"elementor-element elementor-element-23a149d elementor-widget elementor-widget-heading\" data-id=\"23a149d\" data-element_type=\"widget\" data-e-type=\"widget\" data-widget_type=\"heading.default\">\n\t\t\t\t<div class=\"elementor-widget-container\">\n\t\t\t\t\t<h2 class=\"elementor-heading-title elementor-size-default\">Respons\u00e1vel pelo preenchimento <\/h2>\t\t\t\t<\/div>\n\t\t\t\t<\/div>\n\t\t\t\t<div class=\"elementor-element elementor-element-9a71c97 elementor-widget elementor-widget-text-editor\" data-id=\"9a71c97\" data-element_type=\"widget\" data-e-type=\"widget\" data-widget_type=\"text-editor.default\">\n\t\t\t\t<div class=\"elementor-widget-container\">\n\t\t\t\t\t\t\t\t\t<p>Francisco Gilvan Martins do Nascimento<\/p>\t\t\t\t\t\t\t\t<\/div>\n\t\t\t\t<\/div>\n\t\t\t\t<\/div>\n\t\t<div class=\"elementor-element elementor-element-0298eed e-con-full e-flex e-con e-child\" data-id=\"0298eed\" data-element_type=\"container\" data-e-type=\"container\">\n\t\t\t\t<div class=\"elementor-element elementor-element-db5576e elementor-widget elementor-widget-heading\" data-id=\"db5576e\" data-element_type=\"widget\" data-e-type=\"widget\" data-widget_type=\"heading.default\">\n\t\t\t\t<div class=\"elementor-widget-container\">\n\t\t\t\t\t<h2 class=\"elementor-heading-title elementor-size-default\">Data preenchimento<\/h2>\t\t\t\t<\/div>\n\t\t\t\t<\/div>\n\t\t\t\t<div class=\"elementor-element elementor-element-3e0764a elementor-widget elementor-widget-text-editor\" data-id=\"3e0764a\" data-element_type=\"widget\" data-e-type=\"widget\" data-widget_type=\"text-editor.default\">\n\t\t\t\t<div class=\"elementor-widget-container\">\n\t\t\t\t\t\t\t\t\t<p>12\/02\/2026<\/p>\t\t\t\t\t\t\t\t<\/div>\n\t\t\t\t<\/div>\n\t\t\t\t<\/div>\n\t\t\t\t\t<\/div>\n\t\t\t\t<\/div>\n\t\t<div class=\"elementor-element elementor-element-191d087 e-flex e-con-boxed e-con e-parent\" data-id=\"191d087\" data-element_type=\"container\" data-e-type=\"container\">\n\t\t\t\t\t<div class=\"e-con-inner\">\n\t\t<div class=\"elementor-element elementor-element-aa9b6b0 e-con-full e-flex e-con e-child\" data-id=\"aa9b6b0\" data-element_type=\"container\" data-e-type=\"container\">\n\t\t\t\t<div class=\"elementor-element elementor-element-fba990c elementor-widget elementor-widget-heading\" data-id=\"fba990c\" data-element_type=\"widget\" data-e-type=\"widget\" data-widget_type=\"heading.default\">\n\t\t\t\t<div class=\"elementor-widget-container\">\n\t\t\t\t\t<h2 class=\"elementor-heading-title elementor-size-default\">A\u00e7\u00f5es realizadas em 2025<\/h2>\t\t\t\t<\/div>\n\t\t\t\t<\/div>\n\t\t\t\t<\/div>\n\t\t\t\t\t<\/div>\n\t\t\t\t<\/div>\n\t\t<div class=\"elementor-element elementor-element-97620d5 e-flex e-con-boxed e-con e-parent\" data-id=\"97620d5\" data-element_type=\"container\" data-e-type=\"container\">\n\t\t\t\t\t<div class=\"e-con-inner\">\n\t\t\t\t<div class=\"elementor-element elementor-element-631c488 elementor-widget elementor-widget-html\" data-id=\"631c488\" data-element_type=\"widget\" data-e-type=\"widget\" data-widget_type=\"html.default\">\n\t\t\t\t<div class=\"elementor-widget-container\">\n\t\t\t\t\t\r\n<style>\r\n  \r\n    table {\r\n        border-collapse: collapse;\r\n        width: 100%;\r\n        color: #333;\r\n        font-size: 14px;\r\n        text-align: left;\r\n    }\r\n\r\n    th {\r\n        font-weight: 600;\r\n        text-transform: uppercase;\r\n        letter-spacing: 0.05em;\r\n        border-bottom: 2px solid #eee;\r\n        padding: 12px 15px;\r\n    }\r\n\r\n    td {\r\n        padding: 12px 15px;\r\n        border-bottom: 1px solid #f0f0f0;\r\n    }\r\n\r\n    tr:last-child td {\r\n        border-bottom: none;\r\n    }\r\n\r\n    tr:hover {\r\n        background-color: #fafafa;\r\n    }\r\n<\/style>\r\n\r\n\r\n<table>\r\n    <thead>\r\n        <tr>\r\n            <th>A\u00c7\u00c3O<\/th>\r\n            <th>PRAZO INICIO<\/th>\r\n            <th>PRAZO FIM<\/th>\r\n            <th>CUSTO<\/th>\r\n            <th>STATUS<\/th>\r\n        <\/tr>\r\n    <\/thead>\r\n    <tbody>\r\n         <tr>\r\n            <td>Plataforma de Registro,\r\nAcompanhamento e Certifica\u00e7\u00e3o<\/td>\r\n            <td>A\u00e7\u00e3o\r\nCont\u00ednua<\/td>\r\n            <td>A\u00e7\u00e3o\r\ncont\u00ednua<\/td>\r\n            <td>-<\/td>\r\n            <td>Em execu\u00e7\u00e3o<\/td>\r\n        <\/tr>\r\n        \r\n        <tr>\r\n            <td>Mapa da Extens\u00e3o<\/td>\r\n            <td>-<\/td>\r\n            <td>-<\/td>\r\n            <td>-<\/td>\r\n            <td>N\u00e3o iniciada<\/td>\r\n        <\/tr>\r\n\r\n        <tr>\r\n            <td>Divulga\u00e7\u00e3o das a\u00e7\u00f5es de extens\u00e3o\r\ndesenvolvidas atrav\u00e9s <br>de uma agenda\r\nperi\u00f3dica associada ao Mapa da\r\nExtens\u00e3o<\/td>\r\n                            <td>-<\/td>\r\n            <td>-<\/td>\r\n            <td>-<\/td>\r\n            <td>N\u00e3o iniciada<\/td>\r\n        <\/tr>\r\n        \r\n         <tr>\r\n            <td>Fomento \u00e0 maior participa\u00e7\u00e3o de\r\nt\u00e9cnicos-administrativos <br>como\r\nproponentes de a\u00e7\u00f5es de extens\u00e3o<\/td>\r\n            <td>-<\/td>\r\n            <td>-<\/td>\r\n            <td>-<\/td>\r\n            <td>Em\r\nexecu\u00e7\u00e3o<\/td>\r\n        <\/tr>\r\n        \r\n         <tr>\r\n            <td>Estimular a Escola de Ensino M\u00e9dio\r\nTecnol\u00f3gica no <br>desenvolvimento do\r\nesp\u00edrito empreendedor (CAP)<\/td>\r\n            <td>-<\/td>\r\n            <td>-<\/td>\r\n            <td>-<\/td>\r\n            <td>Em\r\nexecu\u00e7\u00e3o<\/td>\r\n        <\/tr>\r\n        \r\n        \r\n        \r\n    <\/tbody>\r\n<\/table>\r\n\t\t\t\t<\/div>\n\t\t\t\t<\/div>\n\t\t\t\t<div class=\"elementor-element elementor-element-49f4550 elementor-widget elementor-widget-spacer\" data-id=\"49f4550\" data-element_type=\"widget\" data-e-type=\"widget\" data-widget_type=\"spacer.default\">\n\t\t\t\t<div class=\"elementor-widget-container\">\n\t\t\t\t\t\t\t<div class=\"elementor-spacer\">\n\t\t\t<div class=\"elementor-spacer-inner\"><\/div>\n\t\t<\/div>\n\t\t\t\t\t\t<\/div>\n\t\t\t\t<\/div>\n\t\t\t\t\t<\/div>\n\t\t\t\t<\/div>\n\t\t<div class=\"elementor-element elementor-element-25cf9c2 e-flex e-con-boxed e-con e-parent\" data-id=\"25cf9c2\" data-element_type=\"container\" data-e-type=\"container\">\n\t\t\t\t\t<div class=\"e-con-inner\">\n\t\t\t\t<div class=\"elementor-element elementor-element-7730731 elementor-widget elementor-widget-html\" data-id=\"7730731\" data-element_type=\"widget\" data-e-type=\"widget\" data-widget_type=\"html.default\">\n\t\t\t\t<div class=\"elementor-widget-container\">\n\t\t\t\t\t<style>\r\n\r\n        .cartao {\r\n            background: #fff;\r\n            padding: 20px;\r\n            border-radius: 12px;\r\n            width: 400px;\r\n            box-shadow: 0 4px 15px rgba(0,0,0,0.3);\r\n        }\r\n\r\n        .titulo {\r\n            font-weight: bold;\r\n            font-size: 14px;\r\n            color: #333;\r\n            margin-bottom: 5px;\r\n            display: block;\r\n        }\r\n\r\n\r\n        .fundo-barra {\r\n            background: #eee;\r\n            height: 10px;\r\n            border-radius: 5px;\r\n            overflow: hidden;\r\n            margin-bottom: 10px;\r\n        }\r\n\r\n        .progresso {\r\n            background: #000080;\r\n            height: 100%;\r\n            width: 20%; \r\n            animation: carregar 1.5s ease-out;\r\n        }\r\n\r\n        .valor {\r\n            text-align: right;\r\n            font-size: 24px;\r\n            font-weight: 800;\r\n            color: #000080;\r\n        }\r\n\r\n        @keyframes carregar {\r\n            from { width: 0; }\r\n        }\r\n    <\/style>\r\n\r\n<div>\r\n\r\n    <div class=\"cartao\">\r\n        <div class=\"titulo\">EVOLU\u00c7\u00c3O DA INICIATIVA<\/div>\r\n        <div class=\"fundo-barra\">\r\n            <div class=\"progresso\"><\/div>\r\n        <\/div>\r\n\r\n        <div class=\"valor\">20%<\/div>\r\n    <\/div>\r\n\r\n<\/div>\t\t\t\t<\/div>\n\t\t\t\t<\/div>\n\t\t\t\t\t<\/div>\n\t\t\t\t<\/div>\n\t\t\t\t<\/div>\n\t\t","protected":false},"excerpt":{"rendered":"<p>Unidade Respons\u00e1vel PROEX &#8211; Pr\u00f3-Reitoria de Extens\u00e3o e Cultura Implanta\u00e7\u00e3o do Sistema de Monitoramento e Avalia\u00e7\u00e3o das A\u00e7\u00f5es de Extens\u00e3o e Integra\u00e7\u00e3o Comunit\u00e1ria visando a qualidade das atividades desenvolvidas \u2013 SIMAEU \u2013 Indicadores Nacionais A Plataforma de A\u00e7\u00f5es de Extens\u00e3o e Cultura (Paec) vem sendo atualizada constantemente para aprimorar as ferramentas j\u00e1 existentes, al\u00e9m da&hellip; <a class=\"more-link\" href=\"https:\/\/estrategia.ufac.br\/?page_id=2645\">Continue lendo <span class=\"screen-reader-text\">Implanta\u00e7\u00e3o do Sistema de Monitoramento e Avalia\u00e7\u00e3o das A\u00e7\u00f5es de Extens\u00e3o e Integra\u00e7\u00e3o Comunit\u00e1ria visando a qualidade das atividades desenvolvidas \u2013 SIMAEU \u2013 Indicadores Nacionais<\/span><\/a><\/p>\n","protected":false},"author":1,"featured_media":0,"parent":0,"menu_order":0,"comment_status":"closed","ping_status":"closed","template":"","meta":{"footnotes":""},"class_list":["post-2645","page","type-page","status-publish","hentry","entry"],"_links":{"self":[{"href":"https:\/\/estrategia.ufac.br\/index.php?rest_route=\/wp\/v2\/pages\/2645"}],"collection":[{"href":"https:\/\/estrategia.ufac.br\/index.php?rest_route=\/wp\/v2\/pages"}],"about":[{"href":"https:\/\/estrategia.ufac.br\/index.php?rest_route=\/wp\/v2\/types\/page"}],"author":[{"embeddable":true,"href":"https:\/\/estrategia.ufac.br\/index.php?rest_route=\/wp\/v2\/users\/1"}],"replies":[{"embeddable":true,"href":"https:\/\/estrategia.ufac.br\/index.php?rest_route=%2Fwp%2Fv2%2Fcomments&post=2645"}],"version-history":[{"count":7,"href":"https:\/\/estrategia.ufac.br\/index.php?rest_route=\/wp\/v2\/pages\/2645\/revisions"}],"predecessor-version":[{"id":3225,"href":"https:\/\/estrategia.ufac.br\/index.php?rest_route=\/wp\/v2\/pages\/2645\/revisions\/3225"}],"wp:attachment":[{"href":"https:\/\/estrategia.ufac.br\/index.php?rest_route=%2Fwp%2Fv2%2Fmedia&parent=2645"}],"curies":[{"name":"wp","href":"https:\/\/api.w.org\/{rel}","templated":true}]}}