{"id":2636,"date":"2026-05-06T11:38:51","date_gmt":"2026-05-06T16:38:51","guid":{"rendered":"https:\/\/estrategia.ufac.br\/?page_id=2636"},"modified":"2026-05-11T23:36:56","modified_gmt":"2026-05-12T04:36:56","slug":"implantacao-da-politica-de-cultura-vigencia-de-10-anos-e-elaboracao-para-implementacao-dos-planos-de-arte-e-cultura-vigencia-de-2-anos","status":"publish","type":"page","link":"https:\/\/estrategia.ufac.br\/?page_id=2636","title":{"rendered":"Implanta\u00e7\u00e3o da pol\u00edtica de cultura (vig\u00eancia de 10 anos) e elabora\u00e7\u00e3o para implementa\u00e7\u00e3o dos planos de arte e cultura (vig\u00eancia de 2 anos)."},"content":{"rendered":"\t\t<div data-elementor-type=\"wp-page\" data-elementor-id=\"2636\" class=\"elementor elementor-2636\">\n\t\t\t\t<div class=\"elementor-element elementor-element-bd65fbe e-flex e-con-boxed e-con e-parent\" data-id=\"bd65fbe\" data-element_type=\"container\" data-e-type=\"container\">\n\t\t\t\t\t<div class=\"e-con-inner\">\n\t\t\t\t<div class=\"elementor-element elementor-element-18616ad elementor-widget elementor-widget-heading\" data-id=\"18616ad\" data-element_type=\"widget\" data-e-type=\"widget\" data-widget_type=\"heading.default\">\n\t\t\t\t<div class=\"elementor-widget-container\">\n\t\t\t\t\t<h2 class=\"elementor-heading-title elementor-size-default\">Unidade Respons\u00e1vel<\/h2>\t\t\t\t<\/div>\n\t\t\t\t<\/div>\n\t\t\t\t<div class=\"elementor-element elementor-element-bc1b3eb elementor-widget elementor-widget-text-editor\" data-id=\"bc1b3eb\" data-element_type=\"widget\" data-e-type=\"widget\" data-widget_type=\"text-editor.default\">\n\t\t\t\t<div class=\"elementor-widget-container\">\n\t\t\t\t\t\t\t\t\t<p>Dacic\/Proex\/Ufac<\/p>\t\t\t\t\t\t\t\t<\/div>\n\t\t\t\t<\/div>\n\t\t\t\t<div class=\"elementor-element elementor-element-370f82d elementor-widget elementor-widget-heading\" data-id=\"370f82d\" data-element_type=\"widget\" data-e-type=\"widget\" data-widget_type=\"heading.default\">\n\t\t\t\t<div class=\"elementor-widget-container\">\n\t\t\t\t\t<h2 class=\"elementor-heading-title elementor-size-default\">Implanta\u00e7\u00e3o da pol\u00edtica de cultura (vig\u00eancia de 10\nanos) e elabora\u00e7\u00e3o para implementa\u00e7\u00e3o dos planos\nde arte e cultura (vig\u00eancia de 2 anos).<\/h2>\t\t\t\t<\/div>\n\t\t\t\t<\/div>\n\t\t\t\t<div class=\"elementor-element elementor-element-c8c5ae9 elementor-widget elementor-widget-text-editor\" data-id=\"c8c5ae9\" data-element_type=\"widget\" data-e-type=\"widget\" data-widget_type=\"text-editor.default\">\n\t\t\t\t<div class=\"elementor-widget-container\">\n\t\t\t\t\t\t\t\t\t<p>A iniciativa demonstra avan\u00e7o consistente na implementa\u00e7\u00e3o da Pol\u00edtica de Cultura da UFAC, especialmente no que se refere \u00e0 execu\u00e7\u00e3o de projetos de extens\u00e3o art\u00edstica e integra\u00e7\u00e3o comunit\u00e1ria, fortalecendo a presen\u00e7a institucional junto \u00e0 sociedade. Ressalta-se que as a\u00e7\u00f5es em execu\u00e7\u00e3o (Programa Turismo \u00e9 Cultura, atualiza\u00e7\u00e3o da regulamenta\u00e7\u00e3o dos espa\u00e7os culturais, implanta\u00e7\u00e3o de equipamentos culturais e<br \/>manuten\u00e7\u00e3o\/adequa\u00e7\u00e3o dos espa\u00e7os) s\u00e3o estrat\u00e9gicas para garantir sustentabilidade e continuidade das atividades culturais nos pr\u00f3ximos ciclos. As a\u00e7\u00f5es ainda n\u00e3o iniciadas (Elabora\u00e7\u00e3o da Resolu\u00e7\u00e3o de Normatiza\u00e7\u00e3o das A\u00e7\u00f5es de Integra\u00e7\u00e3o Comunit\u00e1ria e realiza\u00e7\u00e3o do Festival Internacional de Cultura) demandam alinhamento administrativo e planejamento or\u00e7ament\u00e1rio espec\u00edfico, podendo ser incorporadas ao<br \/>cronograma subsequente sem comprometer o alcance global da iniciativa. De modo geral, observa-se ader\u00eancia \u00e0s metas estabelecidas no Plano de Desenvolvimento Institucional 2025\u20132029, com impacto direto no fortalecimento das pol\u00edticas culturais institucionais.<\/p>\t\t\t\t\t\t\t\t<\/div>\n\t\t\t\t<\/div>\n\t\t\t\t\t<\/div>\n\t\t\t\t<\/div>\n\t\t<div class=\"elementor-element elementor-element-3fdcfb6 e-grid e-con-boxed e-con e-parent\" data-id=\"3fdcfb6\" data-element_type=\"container\" data-e-type=\"container\">\n\t\t\t\t\t<div class=\"e-con-inner\">\n\t\t<div class=\"elementor-element elementor-element-403f3e1 e-con-full e-flex e-con e-child\" data-id=\"403f3e1\" data-element_type=\"container\" data-e-type=\"container\">\n\t\t\t\t<div class=\"elementor-element elementor-element-e5f8943 elementor-widget elementor-widget-heading\" data-id=\"e5f8943\" data-element_type=\"widget\" data-e-type=\"widget\" data-widget_type=\"heading.default\">\n\t\t\t\t<div class=\"elementor-widget-container\">\n\t\t\t\t\t<h2 class=\"elementor-heading-title elementor-size-default\">Respons\u00e1vel pelo preenchimento <\/h2>\t\t\t\t<\/div>\n\t\t\t\t<\/div>\n\t\t\t\t<div class=\"elementor-element elementor-element-c8956c2 elementor-widget elementor-widget-text-editor\" data-id=\"c8956c2\" data-element_type=\"widget\" data-e-type=\"widget\" data-widget_type=\"text-editor.default\">\n\t\t\t\t<div class=\"elementor-widget-container\">\n\t\t\t\t\t\t\t\t\t<p>Diretora Prof.a Dra. LYA JANU\u00c1RIA VASCONCELOS<br \/>BEIRUTH<\/p>\t\t\t\t\t\t\t\t<\/div>\n\t\t\t\t<\/div>\n\t\t\t\t<\/div>\n\t\t<div class=\"elementor-element elementor-element-780edd9 e-con-full e-flex e-con e-child\" data-id=\"780edd9\" data-element_type=\"container\" data-e-type=\"container\">\n\t\t\t\t<div class=\"elementor-element elementor-element-d51091b elementor-widget elementor-widget-heading\" data-id=\"d51091b\" data-element_type=\"widget\" data-e-type=\"widget\" data-widget_type=\"heading.default\">\n\t\t\t\t<div class=\"elementor-widget-container\">\n\t\t\t\t\t<h2 class=\"elementor-heading-title elementor-size-default\">Data preenchimento<\/h2>\t\t\t\t<\/div>\n\t\t\t\t<\/div>\n\t\t\t\t<div class=\"elementor-element elementor-element-c7db3fd elementor-widget elementor-widget-text-editor\" data-id=\"c7db3fd\" data-element_type=\"widget\" data-e-type=\"widget\" data-widget_type=\"text-editor.default\">\n\t\t\t\t<div class=\"elementor-widget-container\">\n\t\t\t\t\t\t\t\t\t<p>05\/02\/2026<\/p>\t\t\t\t\t\t\t\t<\/div>\n\t\t\t\t<\/div>\n\t\t\t\t<\/div>\n\t\t\t\t\t<\/div>\n\t\t\t\t<\/div>\n\t\t<div class=\"elementor-element elementor-element-435d42b e-flex e-con-boxed e-con e-parent\" data-id=\"435d42b\" data-element_type=\"container\" data-e-type=\"container\">\n\t\t\t\t\t<div class=\"e-con-inner\">\n\t\t<div class=\"elementor-element elementor-element-9090616 e-con-full e-flex e-con e-child\" data-id=\"9090616\" data-element_type=\"container\" data-e-type=\"container\">\n\t\t\t\t<div class=\"elementor-element elementor-element-67e8dbc elementor-widget elementor-widget-heading\" data-id=\"67e8dbc\" data-element_type=\"widget\" data-e-type=\"widget\" data-widget_type=\"heading.default\">\n\t\t\t\t<div class=\"elementor-widget-container\">\n\t\t\t\t\t<h2 class=\"elementor-heading-title elementor-size-default\">A\u00e7\u00f5es realizadas em 2025<\/h2>\t\t\t\t<\/div>\n\t\t\t\t<\/div>\n\t\t\t\t<\/div>\n\t\t\t\t\t<\/div>\n\t\t\t\t<\/div>\n\t\t<div class=\"elementor-element elementor-element-ace2a6f e-flex e-con-boxed e-con e-parent\" data-id=\"ace2a6f\" data-element_type=\"container\" data-e-type=\"container\">\n\t\t\t\t\t<div class=\"e-con-inner\">\n\t\t\t\t<div class=\"elementor-element elementor-element-95b72ef elementor-widget elementor-widget-html\" data-id=\"95b72ef\" data-element_type=\"widget\" data-e-type=\"widget\" data-widget_type=\"html.default\">\n\t\t\t\t<div class=\"elementor-widget-container\">\n\t\t\t\t\t\r\n<style>\r\n  \r\n    table {\r\n        border-collapse: collapse;\r\n        width: 100%;\r\n        color: #333;\r\n        font-size: 14px;\r\n        text-align: left;\r\n    }\r\n\r\n    th {\r\n        font-weight: 600;\r\n        text-transform: uppercase;\r\n        letter-spacing: 0.05em;\r\n        border-bottom: 2px solid #eee;\r\n        padding: 12px 15px;\r\n    }\r\n\r\n    td {\r\n        padding: 12px 15px;\r\n        border-bottom: 1px solid #f0f0f0;\r\n    }\r\n\r\n    tr:last-child td {\r\n        border-bottom: none;\r\n    }\r\n\r\n    tr:hover {\r\n        background-color: #fafafa;\r\n    }\r\n<\/style>\r\n\r\n\r\n<table>\r\n    <thead>\r\n        <tr>\r\n            <th>A\u00c7\u00c3O<\/th>\r\n            <th>PRAZO INICIO<\/th>\r\n            <th>PRAZO FIM<\/th>\r\n            <th>CUSTO<\/th>\r\n            <th>STATUS<\/th>\r\n        <\/tr>\r\n    <\/thead>\r\n    <tbody>\r\n        <tr>\r\n            <td>A\u00e7\u00e3o 1 \u2013 Edital para valoriza\u00e7\u00e3o da\r\ncultura dos povos origin\u00e1rios e\r\ntradicionais. Edital 15\/2025. Fonte:\r\n20 GK<\/td>\r\n            <td>Mar\/2025<\/td>\r\n            <td>Nov\/2025<\/td>\r\n            <td>65.421,57<\/td>\r\n            <td>Conclu\u00edda<\/td>\r\n        <\/tr>\r\n\r\n        <tr>\r\n            <td>A\u00e7\u00e3o 2 \u2013 Programa de Extens\u00e3o\r\nTurismo \u00e9 Cultura.<\/td>\r\n                            <td>Jan\/2025<\/td>\r\n            <td>Dez\/2025<\/td>\r\n            <td>0,00<\/td>\r\n            <td>Em\r\nexecu\u00e7\u00e3o<\/td>\r\n        <\/tr>\r\n        \r\n         <tr>\r\n            <td>A\u00e7\u00e3o 3 \u2013 Projetos em M\u00fasica: Coral e\r\nOrquestra. Edital 7\/2025. Fonte: 20\r\nGK<\/td>\r\n            <td>Mar\/2025<\/td>\r\n            <td>Dez\/2025<\/td>\r\n            <td>168.000,00<\/td>\r\n            <td>Conclu\u00edda<\/td>\r\n        <\/tr>\r\n        \r\n         <tr>\r\n            <td>A\u00e7\u00e3o 4 - Projetos de Extens\u00e3o e\r\nIntegra\u00e7\u00e3o Comunit\u00e1ria em Artes\r\nC\u00eanicas. Edital 13\/2025. Fonte: 20 GK<\/td>\r\n            <td>Mar\/2025<\/td>\r\n            <td>Dez\/2025<\/td>\r\n            <td>42.000,00<\/td>\r\n            <td>Conclu\u00edda<\/td>\r\n        <\/tr>\r\n        \r\n         <tr>\r\n            <td>A\u00e7\u00e3o 5 - Projetos de Extens\u00e3o e\r\nIntegra\u00e7\u00e3o Comunit\u00e1ria em Artes\r\nPl\u00e1sticas. Edital 14\/2025. Fonte: 20 GK (R$ 14.000,00) e Emenda\r\nParlamentar (R$ 80.000,00)<\/td>\r\n            <td>Mar\/2025<\/td>\r\n            <td>Dez\/2025<\/td>\r\n            <td>94.000,00<\/td>\r\n            <td>Em\r\nexecu\u00e7\u00e3o<\/td>\r\n        <\/tr>\r\n        \r\n         <tr>\r\n            <td>A\u00e7\u00e3o 6 - Elabora\u00e7\u00e3o de Resolu\u00e7\u00e3o de\r\nNormatiza\u00e7\u00e3o das A\u00e7\u00f5es de\r\nIntegra\u00e7\u00e3o Comunit\u00e1ria.<\/td>\r\n            <td>Mar\/2025<\/td>\r\n            <td>Dez\/2025<\/td>\r\n            <td>0,00<\/td>\r\n            <td>N\u00e3o iniciada<\/td>\r\n        <\/tr>\r\n        \r\n         <tr>\r\n            <td>A\u00e7\u00e3o 7 - Atualiza\u00e7\u00e3o da\r\nregulamenta\u00e7\u00e3o dos espa\u00e7os\r\nculturais.<\/td>\r\n            <td>Jan\/2025<\/td>\r\n            <td>Dez\/2025<\/td>\r\n            <td>0,00<\/td>\r\n            <td>Em\r\nexecu\u00e7\u00e3o<\/td>\r\n        <\/tr>\r\n        \r\n        <tr>\r\n            <td>A\u00e7\u00e3o 8 - Festival Internacional de\r\nCultura. Festivais Culturais Regionais,\r\nNacionais e Internacionais.<\/td>\r\n            <td>Jan\/2025<\/td>\r\n            <td>Dez\/2025<\/td>\r\n            <td>0,00<\/td>\r\n            <td>N\u00e3o iniciada<\/td>\r\n        <\/tr>\r\n        \r\n        <tr>\r\n            <td>A\u00e7\u00e3o 9- Implanta\u00e7\u00e3o dos\r\nEquipamentos Culturais previstos na\r\nPol\u00edtica de Cultura (Relacionado aos\r\nProjetos em M\u00fasica \u2013 a\u00e7\u00e3o 3)<\/td>\r\n            <td>Mar\/2025<\/td>\r\n            <td>Dez\/2025<\/td>\r\n            <td>-<\/td>\r\n            <td>Em\r\nexecu\u00e7\u00e3o<\/td>\r\n        <\/tr>\r\n        \r\n        <tr>\r\n            <td>A\u00e7\u00e3o 10 - Manuten\u00e7\u00e3o e Adequa\u00e7\u00e3o\r\ndos espa\u00e7os. Editais: 23\/2023,\r\n03\/2025 e 33\/2024. <br>Fonte: 20 GK<\/td>\r\n            <td>Jan\/2025<\/td>\r\n            <td>Dez\/2025<\/td>\r\n            <td>108.500,00<\/td>\r\n            <td>Em\r\nexecu\u00e7\u00e3o<\/td>\r\n        <\/tr>\r\n        \r\n        \r\n    <\/tbody>\r\n<\/table>\r\n\t\t\t\t<\/div>\n\t\t\t\t<\/div>\n\t\t\t\t<div class=\"elementor-element elementor-element-6f40aaf elementor-widget elementor-widget-spacer\" data-id=\"6f40aaf\" data-element_type=\"widget\" data-e-type=\"widget\" data-widget_type=\"spacer.default\">\n\t\t\t\t<div class=\"elementor-widget-container\">\n\t\t\t\t\t\t\t<div class=\"elementor-spacer\">\n\t\t\t<div class=\"elementor-spacer-inner\"><\/div>\n\t\t<\/div>\n\t\t\t\t\t\t<\/div>\n\t\t\t\t<\/div>\n\t\t\t\t\t<\/div>\n\t\t\t\t<\/div>\n\t\t<div class=\"elementor-element elementor-element-cde8de3 e-flex e-con-boxed e-con e-parent\" data-id=\"cde8de3\" data-element_type=\"container\" data-e-type=\"container\">\n\t\t\t\t\t<div class=\"e-con-inner\">\n\t\t\t\t<div class=\"elementor-element elementor-element-7c12df2 elementor-widget elementor-widget-html\" data-id=\"7c12df2\" data-element_type=\"widget\" data-e-type=\"widget\" data-widget_type=\"html.default\">\n\t\t\t\t<div class=\"elementor-widget-container\">\n\t\t\t\t\t<style>\r\n\r\n        .cartao {\r\n            background: #fff;\r\n            padding: 20px;\r\n            border-radius: 12px;\r\n            width: 400px;\r\n            box-shadow: 0 4px 15px rgba(0,0,0,0.3);\r\n        }\r\n\r\n        .titulo {\r\n            font-weight: bold;\r\n            font-size: 14px;\r\n            color: #333;\r\n            margin-bottom: 5px;\r\n            display: block;\r\n        }\r\n\r\n\r\n        .fundo-barra {\r\n            background: #eee;\r\n            height: 10px;\r\n            border-radius: 5px;\r\n            overflow: hidden;\r\n            margin-bottom: 10px;\r\n        }\r\n\r\n        .progresso {\r\n            background: #000080;\r\n            height: 100%;\r\n            width: 80%; \r\n            animation: carregar 1.5s ease-out;\r\n        }\r\n\r\n        .valor {\r\n            text-align: right;\r\n            font-size: 24px;\r\n            font-weight: 800;\r\n            color: #000080;\r\n        }\r\n\r\n        @keyframes carregar {\r\n            from { width: 0; }\r\n        }\r\n    <\/style>\r\n\r\n<div>\r\n\r\n    <div class=\"cartao\">\r\n        <div class=\"titulo\">EVOLU\u00c7\u00c3O DA INICIATIVA<\/div>\r\n        <div class=\"fundo-barra\">\r\n            <div class=\"progresso\"><\/div>\r\n        <\/div>\r\n\r\n        <div class=\"valor\">80%<\/div>\r\n    <\/div>\r\n\r\n<\/div>\t\t\t\t<\/div>\n\t\t\t\t<\/div>\n\t\t\t\t\t<\/div>\n\t\t\t\t<\/div>\n\t\t\t\t<\/div>\n\t\t","protected":false},"excerpt":{"rendered":"<p>Unidade Respons\u00e1vel Dacic\/Proex\/Ufac Implanta\u00e7\u00e3o da pol\u00edtica de cultura (vig\u00eancia de 10 anos) e elabora\u00e7\u00e3o para implementa\u00e7\u00e3o dos planos de arte e cultura (vig\u00eancia de 2 anos). A iniciativa demonstra avan\u00e7o consistente na implementa\u00e7\u00e3o da Pol\u00edtica de Cultura da UFAC, especialmente no que se refere \u00e0 execu\u00e7\u00e3o de projetos de extens\u00e3o art\u00edstica e integra\u00e7\u00e3o comunit\u00e1ria, fortalecendo&hellip; <a class=\"more-link\" href=\"https:\/\/estrategia.ufac.br\/?page_id=2636\">Continue lendo <span class=\"screen-reader-text\">Implanta\u00e7\u00e3o da pol\u00edtica de cultura (vig\u00eancia de 10 anos) e elabora\u00e7\u00e3o para implementa\u00e7\u00e3o dos planos de arte e cultura (vig\u00eancia de 2 anos).<\/span><\/a><\/p>\n","protected":false},"author":1,"featured_media":0,"parent":0,"menu_order":0,"comment_status":"closed","ping_status":"closed","template":"","meta":{"footnotes":""},"class_list":["post-2636","page","type-page","status-publish","hentry","entry"],"_links":{"self":[{"href":"https:\/\/estrategia.ufac.br\/index.php?rest_route=\/wp\/v2\/pages\/2636"}],"collection":[{"href":"https:\/\/estrategia.ufac.br\/index.php?rest_route=\/wp\/v2\/pages"}],"about":[{"href":"https:\/\/estrategia.ufac.br\/index.php?rest_route=\/wp\/v2\/types\/page"}],"author":[{"embeddable":true,"href":"https:\/\/estrategia.ufac.br\/index.php?rest_route=\/wp\/v2\/users\/1"}],"replies":[{"embeddable":true,"href":"https:\/\/estrategia.ufac.br\/index.php?rest_route=%2Fwp%2Fv2%2Fcomments&post=2636"}],"version-history":[{"count":10,"href":"https:\/\/estrategia.ufac.br\/index.php?rest_route=\/wp\/v2\/pages\/2636\/revisions"}],"predecessor-version":[{"id":3234,"href":"https:\/\/estrategia.ufac.br\/index.php?rest_route=\/wp\/v2\/pages\/2636\/revisions\/3234"}],"wp:attachment":[{"href":"https:\/\/estrategia.ufac.br\/index.php?rest_route=%2Fwp%2Fv2%2Fmedia&parent=2636"}],"curies":[{"name":"wp","href":"https:\/\/api.w.org\/{rel}","templated":true}]}}