{"id":2628,"date":"2026-05-05T11:40:09","date_gmt":"2026-05-05T16:40:09","guid":{"rendered":"https:\/\/estrategia.ufac.br\/?page_id=2628"},"modified":"2026-05-11T23:38:01","modified_gmt":"2026-05-12T04:38:01","slug":"esporte-elaboracao-implantacao-da-politica-de-esporte-e-elaboracao-implementacao-dos-planos-de-esporte-paradesporto-e-sport-e-lazer","status":"publish","type":"page","link":"https:\/\/estrategia.ufac.br\/?page_id=2628","title":{"rendered":"Esporte: elabora\u00e7\u00e3o\/implanta\u00e7\u00e3o da pol\u00edtica de esporte e elabora\u00e7\u00e3o\/implementa\u00e7\u00e3o dos planos de esporte, paradesporto, e-sport e lazer."},"content":{"rendered":"\t\t<div data-elementor-type=\"wp-page\" data-elementor-id=\"2628\" class=\"elementor elementor-2628\">\n\t\t\t\t<div class=\"elementor-element elementor-element-b32f028 e-flex e-con-boxed e-con e-parent\" data-id=\"b32f028\" data-element_type=\"container\" data-e-type=\"container\">\n\t\t\t\t\t<div class=\"e-con-inner\">\n\t\t\t\t<div class=\"elementor-element elementor-element-2f8d3b6 elementor-widget elementor-widget-heading\" data-id=\"2f8d3b6\" data-element_type=\"widget\" data-e-type=\"widget\" data-widget_type=\"heading.default\">\n\t\t\t\t<div class=\"elementor-widget-container\">\n\t\t\t\t\t<h2 class=\"elementor-heading-title elementor-size-default\">Unidade Respons\u00e1vel<\/h2>\t\t\t\t<\/div>\n\t\t\t\t<\/div>\n\t\t\t\t<div class=\"elementor-element elementor-element-782142c elementor-widget elementor-widget-text-editor\" data-id=\"782142c\" data-element_type=\"widget\" data-e-type=\"widget\" data-widget_type=\"text-editor.default\">\n\t\t\t\t<div class=\"elementor-widget-container\">\n\t\t\t\t\t\t\t\t\t<p>Dacic\/Proex\/Ufac<\/p>\t\t\t\t\t\t\t\t<\/div>\n\t\t\t\t<\/div>\n\t\t\t\t<div class=\"elementor-element elementor-element-4ac12bf elementor-widget elementor-widget-heading\" data-id=\"4ac12bf\" data-element_type=\"widget\" data-e-type=\"widget\" data-widget_type=\"heading.default\">\n\t\t\t\t<div class=\"elementor-widget-container\">\n\t\t\t\t\t<h2 class=\"elementor-heading-title elementor-size-default\">Esporte: elabora\u00e7\u00e3o\/implanta\u00e7\u00e3o da pol\u00edtica de\nesporte e elabora\u00e7\u00e3o\/implementa\u00e7\u00e3o dos planos de\nesporte, paradesporto, e-sport e lazer.<\/h2>\t\t\t\t<\/div>\n\t\t\t\t<\/div>\n\t\t\t\t<div class=\"elementor-element elementor-element-30ad423 elementor-widget elementor-widget-text-editor\" data-id=\"30ad423\" data-element_type=\"widget\" data-e-type=\"widget\" data-widget_type=\"text-editor.default\">\n\t\t\t\t<div class=\"elementor-widget-container\">\n\t\t\t\t\t\t\t\t\t<p>Como ponto de aten\u00e7\u00e3o, registra-se que a continuidade e amplia\u00e7\u00e3o das a\u00e7\u00f5es demandam planejamento or\u00e7ament\u00e1rio permanente, bem como a manuten\u00e7\u00e3o de parcerias institucionais e apoio administrativo, especialmente para eventos de grande porte, como JUAC\/JUBs e Jogos Inter Atl\u00e9ticas da UFAC (ORJIA). De modo geral, a iniciativa apresenta resultados consistentes e alinhados \u00e0s diretrizes estrat\u00e9gicas da Universidade.<\/p>\t\t\t\t\t\t\t\t<\/div>\n\t\t\t\t<\/div>\n\t\t\t\t\t<\/div>\n\t\t\t\t<\/div>\n\t\t<div class=\"elementor-element elementor-element-52ad62e e-grid e-con-boxed e-con e-parent\" data-id=\"52ad62e\" data-element_type=\"container\" data-e-type=\"container\">\n\t\t\t\t\t<div class=\"e-con-inner\">\n\t\t<div class=\"elementor-element elementor-element-e2f12e9 e-con-full e-flex e-con e-child\" data-id=\"e2f12e9\" data-element_type=\"container\" data-e-type=\"container\">\n\t\t\t\t<div class=\"elementor-element elementor-element-4b5dd97 elementor-widget elementor-widget-heading\" data-id=\"4b5dd97\" data-element_type=\"widget\" data-e-type=\"widget\" data-widget_type=\"heading.default\">\n\t\t\t\t<div class=\"elementor-widget-container\">\n\t\t\t\t\t<h2 class=\"elementor-heading-title elementor-size-default\">Respons\u00e1vel pelo preenchimento <\/h2>\t\t\t\t<\/div>\n\t\t\t\t<\/div>\n\t\t\t\t<div class=\"elementor-element elementor-element-edf572f elementor-widget elementor-widget-text-editor\" data-id=\"edf572f\" data-element_type=\"widget\" data-e-type=\"widget\" data-widget_type=\"text-editor.default\">\n\t\t\t\t<div class=\"elementor-widget-container\">\n\t\t\t\t\t\t\t\t\t<p>Diretora Prof.a Dra. LYA JANU\u00c1RIA VASCONCELOS BEIRUTH<\/p>\t\t\t\t\t\t\t\t<\/div>\n\t\t\t\t<\/div>\n\t\t\t\t<\/div>\n\t\t<div class=\"elementor-element elementor-element-63783e8 e-con-full e-flex e-con e-child\" data-id=\"63783e8\" data-element_type=\"container\" data-e-type=\"container\">\n\t\t\t\t<div class=\"elementor-element elementor-element-6e21921 elementor-widget elementor-widget-heading\" data-id=\"6e21921\" data-element_type=\"widget\" data-e-type=\"widget\" data-widget_type=\"heading.default\">\n\t\t\t\t<div class=\"elementor-widget-container\">\n\t\t\t\t\t<h2 class=\"elementor-heading-title elementor-size-default\">Data preenchimento<\/h2>\t\t\t\t<\/div>\n\t\t\t\t<\/div>\n\t\t\t\t<div class=\"elementor-element elementor-element-456bc17 elementor-widget elementor-widget-text-editor\" data-id=\"456bc17\" data-element_type=\"widget\" data-e-type=\"widget\" data-widget_type=\"text-editor.default\">\n\t\t\t\t<div class=\"elementor-widget-container\">\n\t\t\t\t\t\t\t\t\t<p><span style=\"font-size: 16.8px;\">05\/02\/2026<\/span><\/p>\t\t\t\t\t\t\t\t<\/div>\n\t\t\t\t<\/div>\n\t\t\t\t<\/div>\n\t\t\t\t\t<\/div>\n\t\t\t\t<\/div>\n\t\t<div class=\"elementor-element elementor-element-36545d7 e-flex e-con-boxed e-con e-parent\" data-id=\"36545d7\" data-element_type=\"container\" data-e-type=\"container\">\n\t\t\t\t\t<div class=\"e-con-inner\">\n\t\t<div class=\"elementor-element elementor-element-2da6d8f e-con-full e-flex e-con e-child\" data-id=\"2da6d8f\" data-element_type=\"container\" data-e-type=\"container\">\n\t\t\t\t<div class=\"elementor-element elementor-element-6bbdd51 elementor-widget elementor-widget-heading\" data-id=\"6bbdd51\" data-element_type=\"widget\" data-e-type=\"widget\" data-widget_type=\"heading.default\">\n\t\t\t\t<div class=\"elementor-widget-container\">\n\t\t\t\t\t<h2 class=\"elementor-heading-title elementor-size-default\">A\u00e7\u00f5es realizadas em 2025<\/h2>\t\t\t\t<\/div>\n\t\t\t\t<\/div>\n\t\t\t\t<\/div>\n\t\t\t\t\t<\/div>\n\t\t\t\t<\/div>\n\t\t<div class=\"elementor-element elementor-element-8a58eca e-flex e-con-boxed e-con e-parent\" data-id=\"8a58eca\" data-element_type=\"container\" data-e-type=\"container\">\n\t\t\t\t\t<div class=\"e-con-inner\">\n\t\t\t\t<div class=\"elementor-element elementor-element-3988832 elementor-widget elementor-widget-html\" data-id=\"3988832\" data-element_type=\"widget\" data-e-type=\"widget\" data-widget_type=\"html.default\">\n\t\t\t\t<div class=\"elementor-widget-container\">\n\t\t\t\t\t\r\n<style>\r\n  \r\n    table {\r\n        border-collapse: collapse;\r\n        width: 100%;\r\n        color: #333;\r\n        font-size: 14px;\r\n        text-align: left;\r\n    }\r\n\r\n    th {\r\n        font-weight: 600;\r\n        text-transform: uppercase;\r\n        letter-spacing: 0.05em;\r\n        border-bottom: 2px solid #eee;\r\n        padding: 12px 15px;\r\n    }\r\n\r\n    td {\r\n        padding: 12px 15px;\r\n        border-bottom: 1px solid #f0f0f0;\r\n    }\r\n\r\n    tr:last-child td {\r\n        border-bottom: none;\r\n    }\r\n\r\n    tr:hover {\r\n        background-color: #fafafa;\r\n    }\r\n<\/style>\r\n\r\n\r\n<table>\r\n    <thead>\r\n        <tr>\r\n            <th>A\u00c7\u00c3O<\/th>\r\n            <th>PRAZO INICIO<\/th>\r\n            <th>PRAZO FIM<\/th>\r\n            <th>CUSTO<\/th>\r\n            <th>STATUS<\/th>\r\n        <\/tr>\r\n    <\/thead>\r\n    <tbody>\r\n        <tr>\r\n            <td>A\u00e7\u00e3o 1 \u2013 Execu\u00e7\u00e3o de Projetos de\r\nExtens\u00e3o em Atividades F\u00edsicas,\r\nEsporte e Qualidade de Vida. Edital\r\n28\/2025. Fonte: 20 GK<\/td>\r\n            <td>Ago\/2025<\/td>\r\n            <td>Nov\/2025<\/td>\r\n            <td>56.000,00<\/td>\r\n            <td>Conclu\u00edda<\/td>\r\n        <\/tr>\r\n\r\n        <tr>\r\n            <td>A\u00e7\u00e3o 2 \u2013 Concess\u00e3o de Bolsas atletas\r\nparal\u00edmpicos. Edital 25\/2025. Fonte:\r\n20GK<\/td>\r\n                            <td>Jul\/2025<\/td>\r\n            <td>Dez\/2025<\/td>\r\n            <td>25.200,00<\/td>\r\n            <td>Conclu\u00edda<\/td>\r\n        <\/tr>\r\n        \r\n         <tr>\r\n            <td>A\u00e7\u00e3o 3 - Concess\u00e3o de Bolsas\r\nDesportistas do Centro de Refer\u00eancia\r\nParal\u00edmpico. Edital 24\/2025. Fonte:\r\n20GK<\/td>\r\n            <td>Jul\/2025<\/td>\r\n            <td>Dez\/2025<\/td>\r\n            <td>21.000,00<\/td>\r\n            <td>Conclu\u00edda<\/td>\r\n        <\/tr>\r\n        \r\n         <tr>\r\n            <td>A\u00e7\u00e3o 3 \u2013 Apoio e Participa\u00e7\u00e3o em\r\nCompeti\u00e7\u00f5es Universit\u00e1rias Estaduais\r\ne Nacionais (JUAC e JUBs). Editais 21,\r\n22 e 34\/2025. Fonte: 20GK\r\n208.190,20<\/td>\r\n            <td>Mai\/2025<\/td>\r\n            <td>Ago\/2025<\/td>\r\n            <td>208.190,00<\/td>\r\n            <td>Conclu\u00edda<\/td>\r\n        <\/tr>\r\n        \r\n         <tr>\r\n            <td>A\u00e7\u00e3o 4 \u2013 Organiza\u00e7\u00e3o e Apoio aos\r\nJogos Inter Atl\u00e9ticas da Ufac (ORJIA).\r\nFonte: Emenda Parlamentar.<\/td>\r\n            <td>Out\/2025<\/td>\r\n            <td>Abril\/2026<\/td>\r\n            <td>80.000,00<\/td>\r\n            <td>Em\r\nexecu\u00e7\u00e3o<\/td>\r\n        <\/tr>\r\n        \r\n         <tr>\r\n            <td>A\u00e7\u00e3o 5 \u2013 Fortalecimento do Esporte\r\nParal\u00edmpico Universit\u00e1rio - aquisi\u00e7\u00e3o\r\nde cadeiras de rodas esportivas para\r\no basquete cadeirante). Fonte:\r\nEmenda Parlamentar.<\/td>\r\n            <td>Jan\/2025<\/td>\r\n            <td>Mai\/2025<\/td>\r\n            <td>150.000,00<\/td>\r\n            <td>Conclu\u00edda<\/td>\r\n        <\/tr>\r\n        \r\n         <tr>\r\n            <td>A\u00e7\u00e3o 6 \u2013 Implanta\u00e7\u00e3o, Manuten\u00e7\u00e3o e\r\nOperacionaliza\u00e7\u00e3o da Central e-Sport\r\n(A\u00e7\u00e3o voltada ao esporte eletr\u00f4nico\r\n(e-Sport), com aquisi\u00e7\u00e3o de\r\nequipamentos, mobili\u00e1rio,\r\nmanuten\u00e7\u00e3o do espa\u00e7o e realiza\u00e7\u00e3o\r\nde torneios e eventos). Fonte:\r\nEmenda Parlamentar.<\/td>\r\n            <td>mar\/2025<\/td>\r\n            <td>Dez\/2025<\/td>\r\n            <td>300.000,00<\/td>\r\n            <td>Conclu\u00edda<\/td>\r\n        <\/tr>\r\n        \r\n        <tr>\r\n            <td>A\u00e7\u00e3o 7 \u2013 Apoio Log\u00edstico e Financeiro\r\n\u00e0 Participa\u00e7\u00e3o de Estudantes-Atletas\r\nem Competi\u00e7\u00f5es Oficiais (Passagens e\r\napoio a treinadores e delega\u00e7\u00f5es\r\nesportivas em competi\u00e7\u00f5es<\/td>\r\n            <td>Mai\/2025<\/td>\r\n            <td>Nov\/2025<\/td>\r\n            <td>20.796,20<\/td>\r\n            <td>Conclu\u00edda<\/td>\r\n        <\/tr>\r\n        \r\n        <tr>\r\n            <td>A\u00e7\u00e3o 8 \u2013 Constru\u00e7\u00e3o da Pol\u00edtica de\r\nEsportes<\/td>\r\n            <td>Jan\/2025<\/td>\r\n            <td>Dez\/2025<\/td>\r\n            <td>0,00<\/td>\r\n            <td>Em\r\nexecu\u00e7\u00e3o<\/td>\r\n        <\/tr>\r\n        \r\n        \r\n    <\/tbody>\r\n<\/table>\r\n\t\t\t\t<\/div>\n\t\t\t\t<\/div>\n\t\t\t\t<div class=\"elementor-element elementor-element-36eac4d elementor-widget elementor-widget-spacer\" data-id=\"36eac4d\" data-element_type=\"widget\" data-e-type=\"widget\" data-widget_type=\"spacer.default\">\n\t\t\t\t<div class=\"elementor-widget-container\">\n\t\t\t\t\t\t\t<div class=\"elementor-spacer\">\n\t\t\t<div class=\"elementor-spacer-inner\"><\/div>\n\t\t<\/div>\n\t\t\t\t\t\t<\/div>\n\t\t\t\t<\/div>\n\t\t\t\t\t<\/div>\n\t\t\t\t<\/div>\n\t\t<div class=\"elementor-element elementor-element-92cb14e e-flex e-con-boxed e-con e-parent\" data-id=\"92cb14e\" data-element_type=\"container\" data-e-type=\"container\">\n\t\t\t\t\t<div class=\"e-con-inner\">\n\t\t\t\t<div class=\"elementor-element elementor-element-67ec5b2 elementor-widget elementor-widget-html\" data-id=\"67ec5b2\" data-element_type=\"widget\" data-e-type=\"widget\" data-widget_type=\"html.default\">\n\t\t\t\t<div class=\"elementor-widget-container\">\n\t\t\t\t\t<style>\r\n\r\n        .cartao {\r\n            background: #fff;\r\n            padding: 20px;\r\n            border-radius: 12px;\r\n            width: 400px;\r\n            box-shadow: 0 4px 15px rgba(0,0,0,0.3);\r\n        }\r\n\r\n        .titulo {\r\n            font-weight: bold;\r\n            font-size: 14px;\r\n            color: #333;\r\n            margin-bottom: 5px;\r\n            display: block;\r\n        }\r\n\r\n\r\n        .fundo-barra {\r\n            background: #eee;\r\n            height: 10px;\r\n            border-radius: 5px;\r\n            overflow: hidden;\r\n            margin-bottom: 10px;\r\n        }\r\n\r\n        .progresso {\r\n            background: #000080;\r\n            height: 100%;\r\n            width: 88%; \r\n            animation: carregar 1.5s ease-out;\r\n        }\r\n\r\n        .valor {\r\n            text-align: right;\r\n            font-size: 24px;\r\n            font-weight: 800;\r\n            color: #000080;\r\n        }\r\n\r\n        @keyframes carregar {\r\n            from { width: 0; }\r\n        }\r\n    <\/style>\r\n\r\n<div>\r\n\r\n    <div class=\"cartao\">\r\n        <div class=\"titulo\">EVOLU\u00c7\u00c3O DA INICIATIVA<\/div>\r\n        <div class=\"fundo-barra\">\r\n            <div class=\"progresso\"><\/div>\r\n        <\/div>\r\n\r\n        <div class=\"valor\">88%<\/div>\r\n    <\/div>\r\n\r\n<\/div>\t\t\t\t<\/div>\n\t\t\t\t<\/div>\n\t\t\t\t\t<\/div>\n\t\t\t\t<\/div>\n\t\t\t\t<\/div>\n\t\t","protected":false},"excerpt":{"rendered":"<p>Unidade Respons\u00e1vel Dacic\/Proex\/Ufac Esporte: elabora\u00e7\u00e3o\/implanta\u00e7\u00e3o da pol\u00edtica de esporte e elabora\u00e7\u00e3o\/implementa\u00e7\u00e3o dos planos de esporte, paradesporto, e-sport e lazer. Como ponto de aten\u00e7\u00e3o, registra-se que a continuidade e amplia\u00e7\u00e3o das a\u00e7\u00f5es demandam planejamento or\u00e7ament\u00e1rio permanente, bem como a manuten\u00e7\u00e3o de parcerias institucionais e apoio administrativo, especialmente para eventos de grande porte, como JUAC\/JUBs e Jogos&hellip; <a class=\"more-link\" href=\"https:\/\/estrategia.ufac.br\/?page_id=2628\">Continue lendo <span class=\"screen-reader-text\">Esporte: elabora\u00e7\u00e3o\/implanta\u00e7\u00e3o da pol\u00edtica de esporte e elabora\u00e7\u00e3o\/implementa\u00e7\u00e3o dos planos de esporte, paradesporto, e-sport e lazer.<\/span><\/a><\/p>\n","protected":false},"author":1,"featured_media":0,"parent":0,"menu_order":0,"comment_status":"closed","ping_status":"closed","template":"","meta":{"footnotes":""},"class_list":["post-2628","page","type-page","status-publish","hentry","entry"],"_links":{"self":[{"href":"https:\/\/estrategia.ufac.br\/index.php?rest_route=\/wp\/v2\/pages\/2628"}],"collection":[{"href":"https:\/\/estrategia.ufac.br\/index.php?rest_route=\/wp\/v2\/pages"}],"about":[{"href":"https:\/\/estrategia.ufac.br\/index.php?rest_route=\/wp\/v2\/types\/page"}],"author":[{"embeddable":true,"href":"https:\/\/estrategia.ufac.br\/index.php?rest_route=\/wp\/v2\/users\/1"}],"replies":[{"embeddable":true,"href":"https:\/\/estrategia.ufac.br\/index.php?rest_route=%2Fwp%2Fv2%2Fcomments&post=2628"}],"version-history":[{"count":7,"href":"https:\/\/estrategia.ufac.br\/index.php?rest_route=\/wp\/v2\/pages\/2628\/revisions"}],"predecessor-version":[{"id":3243,"href":"https:\/\/estrategia.ufac.br\/index.php?rest_route=\/wp\/v2\/pages\/2628\/revisions\/3243"}],"wp:attachment":[{"href":"https:\/\/estrategia.ufac.br\/index.php?rest_route=%2Fwp%2Fv2%2Fmedia&parent=2628"}],"curies":[{"name":"wp","href":"https:\/\/api.w.org\/{rel}","templated":true}]}}