{"id":2612,"date":"2026-05-05T10:18:34","date_gmt":"2026-05-05T15:18:34","guid":{"rendered":"https:\/\/estrategia.ufac.br\/?page_id=2612"},"modified":"2026-05-11T23:38:45","modified_gmt":"2026-05-12T04:38:45","slug":"apoio-nas-acoes-de-ensino-pesquisa-e-extensao-desenvolvidas-pelo-nucleo-e-estudos-afro-brasileiros-e-indigenas-neabi","status":"publish","type":"page","link":"https:\/\/estrategia.ufac.br\/?page_id=2612","title":{"rendered":"Apoio nas a\u00e7\u00f5es de ensino, pesquisa e extens\u00e3o desenvolvidas pelo N\u00facleo e Estudos Afro-brasileiros e Ind\u00edgenas (Neabi)"},"content":{"rendered":"\t\t<div data-elementor-type=\"wp-page\" data-elementor-id=\"2612\" class=\"elementor elementor-2612\">\n\t\t\t\t<div class=\"elementor-element elementor-element-abd7353 e-flex e-con-boxed e-con e-parent\" data-id=\"abd7353\" data-element_type=\"container\" data-e-type=\"container\">\n\t\t\t\t\t<div class=\"e-con-inner\">\n\t\t\t\t<div class=\"elementor-element elementor-element-f392cb6 elementor-widget elementor-widget-heading\" data-id=\"f392cb6\" data-element_type=\"widget\" data-e-type=\"widget\" data-widget_type=\"heading.default\">\n\t\t\t\t<div class=\"elementor-widget-container\">\n\t\t\t\t\t<h2 class=\"elementor-heading-title elementor-size-default\">Unidade Respons\u00e1vel<\/h2>\t\t\t\t<\/div>\n\t\t\t\t<\/div>\n\t\t\t\t<div class=\"elementor-element elementor-element-71302fa elementor-widget elementor-widget-text-editor\" data-id=\"71302fa\" data-element_type=\"widget\" data-e-type=\"widget\" data-widget_type=\"text-editor.default\">\n\t\t\t\t<div class=\"elementor-widget-container\">\n\t\t\t\t\t\t\t\t\t<p>PROEX &#8211; Pr\u00f3-Reitoria de Extens\u00e3o e Cultura<\/p>\t\t\t\t\t\t\t\t<\/div>\n\t\t\t\t<\/div>\n\t\t\t\t<div class=\"elementor-element elementor-element-d831d90 elementor-widget elementor-widget-heading\" data-id=\"d831d90\" data-element_type=\"widget\" data-e-type=\"widget\" data-widget_type=\"heading.default\">\n\t\t\t\t<div class=\"elementor-widget-container\">\n\t\t\t\t\t<h2 class=\"elementor-heading-title elementor-size-default\">Apoio nas a\u00e7\u00f5es de ensino, pesquisa e extens\u00e3o\ndesenvolvidas pelo N\u00facleo e Estudos Afro-brasileiros\ne Ind\u00edgenas (Neabi)<\/h2>\t\t\t\t<\/div>\n\t\t\t\t<\/div>\n\t\t\t\t<div class=\"elementor-element elementor-element-04d13d2 elementor-widget elementor-widget-text-editor\" data-id=\"04d13d2\" data-element_type=\"widget\" data-e-type=\"widget\" data-widget_type=\"text-editor.default\">\n\t\t\t\t<div class=\"elementor-widget-container\">\n\t\t\t\t\t\t\t\t\t<p>As a\u00e7\u00f5es descritas\u00a0 tiveram financiamento de diversas fontes, incluindo a\u00e7\u00f5es de ensino, pesquisa e extens\u00e3o. Em rela\u00e7\u00e3o ao apoio oferecido pela Proex, informamos que foi disponibilizado o valor de R$70.000,00 do or\u00e7amento interno desta Pr\u00f3-Reitoria para execu\u00e7\u00e3o de parte das a\u00e7\u00f5es extensionistas. O detalhamento das a\u00e7\u00f5es executados encontra-se anexo a este documento.<\/p>\t\t\t\t\t\t\t\t<\/div>\n\t\t\t\t<\/div>\n\t\t\t\t\t<\/div>\n\t\t\t\t<\/div>\n\t\t<div class=\"elementor-element elementor-element-01d5be9 e-grid e-con-boxed e-con e-parent\" data-id=\"01d5be9\" data-element_type=\"container\" data-e-type=\"container\">\n\t\t\t\t\t<div class=\"e-con-inner\">\n\t\t<div class=\"elementor-element elementor-element-a821b14 e-con-full e-flex e-con e-child\" data-id=\"a821b14\" data-element_type=\"container\" data-e-type=\"container\">\n\t\t\t\t<div class=\"elementor-element elementor-element-60d141e elementor-widget elementor-widget-heading\" data-id=\"60d141e\" data-element_type=\"widget\" data-e-type=\"widget\" data-widget_type=\"heading.default\">\n\t\t\t\t<div class=\"elementor-widget-container\">\n\t\t\t\t\t<h2 class=\"elementor-heading-title elementor-size-default\">Respons\u00e1vel pelo preenchimento <\/h2>\t\t\t\t<\/div>\n\t\t\t\t<\/div>\n\t\t\t\t<div class=\"elementor-element elementor-element-e493cba elementor-widget elementor-widget-text-editor\" data-id=\"e493cba\" data-element_type=\"widget\" data-e-type=\"widget\" data-widget_type=\"text-editor.default\">\n\t\t\t\t<div class=\"elementor-widget-container\">\n\t\t\t\t\t\t\t\t\t<p>Francisco Gilvan Martins do Nascimento<\/p>\t\t\t\t\t\t\t\t<\/div>\n\t\t\t\t<\/div>\n\t\t\t\t<\/div>\n\t\t<div class=\"elementor-element elementor-element-3f9ec27 e-con-full e-flex e-con e-child\" data-id=\"3f9ec27\" data-element_type=\"container\" data-e-type=\"container\">\n\t\t\t\t<div class=\"elementor-element elementor-element-1878d18 elementor-widget elementor-widget-heading\" data-id=\"1878d18\" data-element_type=\"widget\" data-e-type=\"widget\" data-widget_type=\"heading.default\">\n\t\t\t\t<div class=\"elementor-widget-container\">\n\t\t\t\t\t<h2 class=\"elementor-heading-title elementor-size-default\">Data preenchimento<\/h2>\t\t\t\t<\/div>\n\t\t\t\t<\/div>\n\t\t\t\t<div class=\"elementor-element elementor-element-ffe0455 elementor-widget elementor-widget-text-editor\" data-id=\"ffe0455\" data-element_type=\"widget\" data-e-type=\"widget\" data-widget_type=\"text-editor.default\">\n\t\t\t\t<div class=\"elementor-widget-container\">\n\t\t\t\t\t\t\t\t\t<p>12\/02\/2026<\/p>\t\t\t\t\t\t\t\t<\/div>\n\t\t\t\t<\/div>\n\t\t\t\t<\/div>\n\t\t\t\t\t<\/div>\n\t\t\t\t<\/div>\n\t\t<div class=\"elementor-element elementor-element-3917751 e-flex e-con-boxed e-con e-parent\" data-id=\"3917751\" data-element_type=\"container\" data-e-type=\"container\">\n\t\t\t\t\t<div class=\"e-con-inner\">\n\t\t<div class=\"elementor-element elementor-element-fed3730 e-con-full e-flex e-con e-child\" data-id=\"fed3730\" data-element_type=\"container\" data-e-type=\"container\">\n\t\t\t\t<div class=\"elementor-element elementor-element-c298bbf elementor-widget elementor-widget-heading\" data-id=\"c298bbf\" data-element_type=\"widget\" data-e-type=\"widget\" data-widget_type=\"heading.default\">\n\t\t\t\t<div class=\"elementor-widget-container\">\n\t\t\t\t\t<h2 class=\"elementor-heading-title elementor-size-default\">A\u00e7\u00f5es realizadas em 2025<\/h2>\t\t\t\t<\/div>\n\t\t\t\t<\/div>\n\t\t\t\t<\/div>\n\t\t\t\t\t<\/div>\n\t\t\t\t<\/div>\n\t\t<div class=\"elementor-element elementor-element-0de5aaa e-flex e-con-boxed e-con e-parent\" data-id=\"0de5aaa\" data-element_type=\"container\" data-e-type=\"container\">\n\t\t\t\t\t<div class=\"e-con-inner\">\n\t\t\t\t<div class=\"elementor-element elementor-element-34d08bb elementor-widget elementor-widget-html\" data-id=\"34d08bb\" data-element_type=\"widget\" data-e-type=\"widget\" data-widget_type=\"html.default\">\n\t\t\t\t<div class=\"elementor-widget-container\">\n\t\t\t\t\t\r\n<style>\r\n  \r\n    table {\r\n        border-collapse: collapse;\r\n        width: 100%;\r\n        color: #333;\r\n        font-size: 14px;\r\n        text-align: left;\r\n    }\r\n\r\n    th {\r\n        font-weight: 600;\r\n        text-transform: uppercase;\r\n        letter-spacing: 0.05em;\r\n        border-bottom: 2px solid #eee;\r\n        padding: 12px 15px;\r\n    }\r\n\r\n    td {\r\n        padding: 12px 15px;\r\n        border-bottom: 1px solid #f0f0f0;\r\n    }\r\n\r\n    tr:last-child td {\r\n        border-bottom: none;\r\n    }\r\n\r\n    tr:hover {\r\n        background-color: #fafafa;\r\n    }\r\n<\/style>\r\n\r\n\r\n<table>\r\n    <thead>\r\n        <tr>\r\n            <th>A\u00c7\u00c3O<\/th>\r\n            <th>PRAZO INICIO<\/th>\r\n            <th>PRAZO FIM<\/th>\r\n            <th>CUSTO<\/th>\r\n            <th>STATUS<\/th>\r\n        <\/tr>\r\n    <\/thead>\r\n    <tbody>\r\n        <tr>\r\n            <td>Laborat\u00f3rio de Pesquisa Observat\u00f3rio<br>\r\n            de Discrimina\u00e7\u00e3o Racial<\/td>\r\n            <td>01\/02\/2023<\/td>\r\n            <td>06\/11\/2025<\/td>\r\n            <td>-<\/td>\r\n            <td>-<\/td>\r\n        <\/tr>\r\n\r\n        <tr>\r\n            <td>N\u00facleo de Estudos Afro-Brasileiros e<br>\r\nInd\u00edgenas da Universidade Federal do<br>\r\nAcre como espa\u00e7o de forma\u00e7\u00f5es<br>\r\nt\u00e9cnicas e remotas na luta por<br>\r\npromo\u00e7\u00e3o de igualdade racial<\/td>\r\n                            <td>01\/01\/2025<\/td>\r\n            <td>31\/12\/2025<\/td>\r\n            <td>-<\/td>\r\n            <td>Em\r\nexecu\u00e7\u00e3o<\/td>\r\n        <\/tr>\r\n        \r\n         <tr>\r\n            <td>PET<\/td>\r\n            <td>01\/01\/2025<\/td>\r\n            <td>31\/12\/2025<\/td>\r\n            <td>-<\/td>\r\n            <td>Em\r\nexecu\u00e7\u00e3o<\/td>\r\n        <\/tr>\r\n        \r\n         <tr>\r\n            <td>AfroExt<\/td>\r\n            <td>14\/06\/2025<\/td>\r\n            <td>13\/12\/2025<\/td>\r\n            <td>-<\/td>\r\n            <td>Conclu\u00edda<\/td>\r\n        <\/tr>\r\n        \r\n         <tr>\r\n            <td>Afrocientista<\/td>\r\n            <td>22\/10\/2025<\/td>\r\n            <td>18\/12\/2025<\/td>\r\n            <td>-<\/td>\r\n            <td>Conclu\u00edda<\/td>\r\n        <\/tr>\r\n        \r\n         <tr>\r\n            <td>Revista Em Favor de Igualdade Racial<\/td>\r\n            <td>06\/02\/2025<\/td>\r\n            <td>20\/11\/2025<\/td>\r\n            <td>-<\/td>\r\n            <td>Em execu\u00e7\u00e3o<\/td>\r\n        <\/tr>\r\n        \r\n         <tr>\r\n            <td>EDUFAC<\/td>\r\n            <td>01\/01\/2025<\/td>\r\n            <td>31\/12\/2025<\/td>\r\n            <td>-<\/td>\r\n            <td>Em execu\u00e7\u00e3o<\/td>\r\n        <\/tr>\r\n        \r\n    <\/tbody>\r\n<\/table>\r\n\t\t\t\t<\/div>\n\t\t\t\t<\/div>\n\t\t\t\t<div class=\"elementor-element elementor-element-6a828e7 elementor-widget elementor-widget-spacer\" data-id=\"6a828e7\" data-element_type=\"widget\" data-e-type=\"widget\" data-widget_type=\"spacer.default\">\n\t\t\t\t<div class=\"elementor-widget-container\">\n\t\t\t\t\t\t\t<div class=\"elementor-spacer\">\n\t\t\t<div class=\"elementor-spacer-inner\"><\/div>\n\t\t<\/div>\n\t\t\t\t\t\t<\/div>\n\t\t\t\t<\/div>\n\t\t\t\t\t<\/div>\n\t\t\t\t<\/div>\n\t\t<div class=\"elementor-element elementor-element-c807041 e-flex e-con-boxed e-con e-parent\" data-id=\"c807041\" data-element_type=\"container\" data-e-type=\"container\">\n\t\t\t\t\t<div class=\"e-con-inner\">\n\t\t\t\t<div class=\"elementor-element elementor-element-a65ef4b elementor-widget elementor-widget-html\" data-id=\"a65ef4b\" data-element_type=\"widget\" data-e-type=\"widget\" data-widget_type=\"html.default\">\n\t\t\t\t<div class=\"elementor-widget-container\">\n\t\t\t\t\t<style>\r\n\r\n        .cartao {\r\n            background: #fff;\r\n            padding: 20px;\r\n            border-radius: 12px;\r\n            width: 400px;\r\n            box-shadow: 0 4px 15px rgba(0,0,0,0.3);\r\n        }\r\n\r\n        .titulo {\r\n            font-weight: bold;\r\n            font-size: 14px;\r\n            color: #333;\r\n            margin-bottom: 5px;\r\n            display: block;\r\n        }\r\n\r\n\r\n        .fundo-barra {\r\n            background: #eee;\r\n            height: 10px;\r\n            border-radius: 5px;\r\n            overflow: hidden;\r\n            margin-bottom: 10px;\r\n        }\r\n\r\n        .progresso {\r\n            background: #000080;\r\n            height: 100%;\r\n            width: 40%; \r\n            animation: carregar 1.5s ease-out;\r\n        }\r\n\r\n        .valor {\r\n            text-align: right;\r\n            font-size: 24px;\r\n            font-weight: 800;\r\n            color: #000080;\r\n        }\r\n\r\n        @keyframes carregar {\r\n            from { width: 0; }\r\n        }\r\n    <\/style>\r\n\r\n<div>\r\n\r\n    <div class=\"cartao\">\r\n        <div class=\"titulo\">EVOLU\u00c7\u00c3O DA INICIATIVA<\/div>\r\n        <div class=\"fundo-barra\">\r\n            <div class=\"progresso\"><\/div>\r\n        <\/div>\r\n\r\n        <div class=\"valor\">40%<\/div>\r\n    <\/div>\r\n\r\n<\/div>\t\t\t\t<\/div>\n\t\t\t\t<\/div>\n\t\t\t\t\t<\/div>\n\t\t\t\t<\/div>\n\t\t\t\t<\/div>\n\t\t","protected":false},"excerpt":{"rendered":"<p>Unidade Respons\u00e1vel PROEX &#8211; Pr\u00f3-Reitoria de Extens\u00e3o e Cultura Apoio nas a\u00e7\u00f5es de ensino, pesquisa e extens\u00e3o desenvolvidas pelo N\u00facleo e Estudos Afro-brasileiros e Ind\u00edgenas (Neabi) As a\u00e7\u00f5es descritas\u00a0 tiveram financiamento de diversas fontes, incluindo a\u00e7\u00f5es de ensino, pesquisa e extens\u00e3o. Em rela\u00e7\u00e3o ao apoio oferecido pela Proex, informamos que foi disponibilizado o valor de&hellip; <a class=\"more-link\" href=\"https:\/\/estrategia.ufac.br\/?page_id=2612\">Continue lendo <span class=\"screen-reader-text\">Apoio nas a\u00e7\u00f5es de ensino, pesquisa e extens\u00e3o desenvolvidas pelo N\u00facleo e Estudos Afro-brasileiros e Ind\u00edgenas (Neabi)<\/span><\/a><\/p>\n","protected":false},"author":1,"featured_media":0,"parent":0,"menu_order":0,"comment_status":"closed","ping_status":"closed","template":"","meta":{"footnotes":""},"class_list":["post-2612","page","type-page","status-publish","hentry","entry"],"_links":{"self":[{"href":"https:\/\/estrategia.ufac.br\/index.php?rest_route=\/wp\/v2\/pages\/2612"}],"collection":[{"href":"https:\/\/estrategia.ufac.br\/index.php?rest_route=\/wp\/v2\/pages"}],"about":[{"href":"https:\/\/estrategia.ufac.br\/index.php?rest_route=\/wp\/v2\/types\/page"}],"author":[{"embeddable":true,"href":"https:\/\/estrategia.ufac.br\/index.php?rest_route=\/wp\/v2\/users\/1"}],"replies":[{"embeddable":true,"href":"https:\/\/estrategia.ufac.br\/index.php?rest_route=%2Fwp%2Fv2%2Fcomments&post=2612"}],"version-history":[{"count":7,"href":"https:\/\/estrategia.ufac.br\/index.php?rest_route=\/wp\/v2\/pages\/2612\/revisions"}],"predecessor-version":[{"id":3261,"href":"https:\/\/estrategia.ufac.br\/index.php?rest_route=\/wp\/v2\/pages\/2612\/revisions\/3261"}],"wp:attachment":[{"href":"https:\/\/estrategia.ufac.br\/index.php?rest_route=%2Fwp%2Fv2%2Fmedia&parent=2612"}],"curies":[{"name":"wp","href":"https:\/\/api.w.org\/{rel}","templated":true}]}}