{"id":2597,"date":"2026-05-05T10:05:39","date_gmt":"2026-05-05T15:05:39","guid":{"rendered":"https:\/\/estrategia.ufac.br\/?page_id=2597"},"modified":"2026-05-11T23:38:38","modified_gmt":"2026-05-12T04:38:38","slug":"capacitacao-da-equipe-em-pmbok-para-aprimorar-projetos-e-fortalecer-parcerias-nacionais-e-internacionais","status":"publish","type":"page","link":"https:\/\/estrategia.ufac.br\/?page_id=2597","title":{"rendered":"Capacita\u00e7\u00e3o da equipe em PMBOK para aprimorar projetos e fortalecer parcerias nacionais e internacionais"},"content":{"rendered":"\t\t<div data-elementor-type=\"wp-page\" data-elementor-id=\"2597\" class=\"elementor elementor-2597\">\n\t\t\t\t<div class=\"elementor-element elementor-element-7b4893f e-flex e-con-boxed e-con e-parent\" data-id=\"7b4893f\" data-element_type=\"container\" data-e-type=\"container\">\n\t\t\t\t\t<div class=\"e-con-inner\">\n\t\t\t\t<div class=\"elementor-element elementor-element-3469bbd elementor-widget elementor-widget-heading\" data-id=\"3469bbd\" data-element_type=\"widget\" data-e-type=\"widget\" data-widget_type=\"heading.default\">\n\t\t\t\t<div class=\"elementor-widget-container\">\n\t\t\t\t\t<h2 class=\"elementor-heading-title elementor-size-default\">Unidade Respons\u00e1vel<\/h2>\t\t\t\t<\/div>\n\t\t\t\t<\/div>\n\t\t\t\t<div class=\"elementor-element elementor-element-4eb9dba elementor-widget elementor-widget-text-editor\" data-id=\"4eb9dba\" data-element_type=\"widget\" data-e-type=\"widget\" data-widget_type=\"text-editor.default\">\n\t\t\t\t<div class=\"elementor-widget-container\">\n\t\t\t\t\t\t\t\t\t<p>PROEX &#8211; Pr\u00f3-Reitoria de Extens\u00e3o e Cultura<\/p>\t\t\t\t\t\t\t\t<\/div>\n\t\t\t\t<\/div>\n\t\t\t\t<div class=\"elementor-element elementor-element-a2390ee elementor-widget elementor-widget-heading\" data-id=\"a2390ee\" data-element_type=\"widget\" data-e-type=\"widget\" data-widget_type=\"heading.default\">\n\t\t\t\t<div class=\"elementor-widget-container\">\n\t\t\t\t\t<h2 class=\"elementor-heading-title elementor-size-default\">Capacita\u00e7\u00e3o da equipe em PMBOK para aprimorar projetos e fortalecer parcerias nacionais e internacionais<\/h2>\t\t\t\t<\/div>\n\t\t\t\t<\/div>\n\t\t\t\t<div class=\"elementor-element elementor-element-dd593cf elementor-widget elementor-widget-text-editor\" data-id=\"dd593cf\" data-element_type=\"widget\" data-e-type=\"widget\" data-widget_type=\"text-editor.default\">\n\t\t\t\t<div class=\"elementor-widget-container\">\n\t\t\t\t\t\t\t\t\t<p>As a\u00e7\u00f5es descritas acima n\u00e3o puderam ser integralmente desenvolvidas em raz\u00e3o de um cen\u00e1rio at\u00edpico, marcado pelo expressivo volume de recursos captados por meio de emendas parlamentares e Termos de Execu\u00e7\u00e3o Descentralizada (TEDs). A amplia\u00e7\u00e3o significativa do or\u00e7amento demandou reorganiza\u00e7\u00e3o administrativa, adequa\u00e7\u00e3o de fluxos internos e prioriza\u00e7\u00e3o de atividades voltadas \u00e0 execu\u00e7\u00e3o, acompanhamento e presta\u00e7\u00e3o de contas desses recursos, em observ\u00e2ncia aos princ\u00edpios da legalidade, efici\u00eancia e responsabilidade na gest\u00e3o p\u00fablica. Ressalta-se que tal contexto representou um avan\u00e7o institucional no que se refere \u00e0 capacidade de capta\u00e7\u00e3o de recursos externos; contudo, exigiu redirecionamento tempor\u00e1rio de esfor\u00e7os t\u00e9cnicos e operacionais. As a\u00e7\u00f5es n\u00e3o executadas permanecem no planejamento estrat\u00e9gico, com previs\u00e3o de retomada em momento oportuno, conforme a readequa\u00e7\u00e3o do cronograma e da capacidade operacional da equipe.<\/p>\t\t\t\t\t\t\t\t<\/div>\n\t\t\t\t<\/div>\n\t\t\t\t\t<\/div>\n\t\t\t\t<\/div>\n\t\t<div class=\"elementor-element elementor-element-f6788ea e-grid e-con-boxed e-con e-parent\" data-id=\"f6788ea\" data-element_type=\"container\" data-e-type=\"container\">\n\t\t\t\t\t<div class=\"e-con-inner\">\n\t\t<div class=\"elementor-element elementor-element-0d7e8d2 e-con-full e-flex e-con e-child\" data-id=\"0d7e8d2\" data-element_type=\"container\" data-e-type=\"container\">\n\t\t\t\t<div class=\"elementor-element elementor-element-32d2fa1 elementor-widget elementor-widget-heading\" data-id=\"32d2fa1\" data-element_type=\"widget\" data-e-type=\"widget\" data-widget_type=\"heading.default\">\n\t\t\t\t<div class=\"elementor-widget-container\">\n\t\t\t\t\t<h2 class=\"elementor-heading-title elementor-size-default\">Respons\u00e1vel pelo preenchimento <\/h2>\t\t\t\t<\/div>\n\t\t\t\t<\/div>\n\t\t\t\t<div class=\"elementor-element elementor-element-f408879 elementor-widget elementor-widget-text-editor\" data-id=\"f408879\" data-element_type=\"widget\" data-e-type=\"widget\" data-widget_type=\"text-editor.default\">\n\t\t\t\t<div class=\"elementor-widget-container\">\n\t\t\t\t\t\t\t\t\t<p>Francisco Gilvan Martins do Nascimento<\/p>\t\t\t\t\t\t\t\t<\/div>\n\t\t\t\t<\/div>\n\t\t\t\t<\/div>\n\t\t<div class=\"elementor-element elementor-element-21e982c e-con-full e-flex e-con e-child\" data-id=\"21e982c\" data-element_type=\"container\" data-e-type=\"container\">\n\t\t\t\t<div class=\"elementor-element elementor-element-942b7ec elementor-widget elementor-widget-heading\" data-id=\"942b7ec\" data-element_type=\"widget\" data-e-type=\"widget\" data-widget_type=\"heading.default\">\n\t\t\t\t<div class=\"elementor-widget-container\">\n\t\t\t\t\t<h2 class=\"elementor-heading-title elementor-size-default\">Data preenchimento<\/h2>\t\t\t\t<\/div>\n\t\t\t\t<\/div>\n\t\t\t\t<div class=\"elementor-element elementor-element-b90440b elementor-widget elementor-widget-text-editor\" data-id=\"b90440b\" data-element_type=\"widget\" data-e-type=\"widget\" data-widget_type=\"text-editor.default\">\n\t\t\t\t<div class=\"elementor-widget-container\">\n\t\t\t\t\t\t\t\t\t<p>12\/02\/2026<\/p>\t\t\t\t\t\t\t\t<\/div>\n\t\t\t\t<\/div>\n\t\t\t\t<\/div>\n\t\t\t\t\t<\/div>\n\t\t\t\t<\/div>\n\t\t<div class=\"elementor-element elementor-element-ebce25c e-flex e-con-boxed e-con e-parent\" data-id=\"ebce25c\" data-element_type=\"container\" data-e-type=\"container\">\n\t\t\t\t\t<div class=\"e-con-inner\">\n\t\t<div class=\"elementor-element elementor-element-1b64507 e-con-full e-flex e-con e-child\" data-id=\"1b64507\" data-element_type=\"container\" data-e-type=\"container\">\n\t\t\t\t<div class=\"elementor-element elementor-element-6fae028 elementor-widget elementor-widget-heading\" data-id=\"6fae028\" data-element_type=\"widget\" data-e-type=\"widget\" data-widget_type=\"heading.default\">\n\t\t\t\t<div class=\"elementor-widget-container\">\n\t\t\t\t\t<h2 class=\"elementor-heading-title elementor-size-default\">A\u00e7\u00f5es realizadas em 2025<\/h2>\t\t\t\t<\/div>\n\t\t\t\t<\/div>\n\t\t\t\t<\/div>\n\t\t\t\t\t<\/div>\n\t\t\t\t<\/div>\n\t\t<div class=\"elementor-element elementor-element-32769a2 e-flex e-con-boxed e-con e-parent\" data-id=\"32769a2\" data-element_type=\"container\" data-e-type=\"container\">\n\t\t\t\t\t<div class=\"e-con-inner\">\n\t\t\t\t<div class=\"elementor-element elementor-element-c01fca9 elementor-widget elementor-widget-html\" data-id=\"c01fca9\" data-element_type=\"widget\" data-e-type=\"widget\" data-widget_type=\"html.default\">\n\t\t\t\t<div class=\"elementor-widget-container\">\n\t\t\t\t\t\r\n<style>\r\n  \r\n    table {\r\n        border-collapse: collapse;\r\n        width: 100%;\r\n        color: #333;\r\n        font-size: 14px;\r\n        text-align: left;\r\n    }\r\n\r\n    th {\r\n        font-weight: 600;\r\n        text-transform: uppercase;\r\n        letter-spacing: 0.05em;\r\n        border-bottom: 2px solid #eee;\r\n        padding: 12px 15px;\r\n    }\r\n\r\n    td {\r\n        padding: 12px 15px;\r\n        border-bottom: 1px solid #f0f0f0;\r\n    }\r\n\r\n    tr:last-child td {\r\n        border-bottom: none;\r\n    }\r\n\r\n    tr:hover {\r\n        background-color: #fafafa;\r\n    }\r\n<\/style>\r\n\r\n\r\n<table>\r\n    <thead>\r\n        <tr>\r\n            <th>A\u00c7\u00c3O<\/th>\r\n            <th>PRAZO INICIO<\/th>\r\n            <th>PRAZO FIM<\/th>\r\n            <th>CUSTO<\/th>\r\n            <th>STATUS<\/th>\r\n        <\/tr>\r\n    <\/thead>\r\n    <tbody>\r\n        <tr>\r\n            <td>Normatiza\u00e7\u00e3o dos fluxos de capta\u00e7\u00e3o<br>\r\n            de recursos de emendas<br>\r\n            parlamentares, TEDs, Lei da<br>\r\n            Inform\u00e1tica e Contratos tripartites em<br>\r\n            projetos voltados aos territ\u00f3rios de<br>\r\n            maior vulnerabilidade<\/td>\r\n            <td>-<\/td>\r\n            <td>-<\/td>\r\n            <td>-<\/td>\r\n            <td>N\u00e3o\r\n            iniciada<\/td>\r\n        <\/tr>\r\n\r\n        <tr>\r\n            <td>Cria\u00e7\u00e3o de um modelo de neg\u00f3cios<br>\r\n                inovador, por interm\u00e9dio de parcerias<br>\r\n                com o PAVIC \u2013 Startups (Propeg) e<br>\r\n                Sebrae Lab<\/td>\r\n                            <td>-<\/td>\r\n            <td>-<\/td>\r\n            <td>-<\/td>\r\n            <td>N\u00e3o\r\n            iniciada<\/td>\r\n        <\/tr>\r\n        \r\n        \r\n    <\/tbody>\r\n<\/table>\r\n\t\t\t\t<\/div>\n\t\t\t\t<\/div>\n\t\t\t\t<div class=\"elementor-element elementor-element-4a99498 elementor-widget elementor-widget-spacer\" data-id=\"4a99498\" data-element_type=\"widget\" data-e-type=\"widget\" data-widget_type=\"spacer.default\">\n\t\t\t\t<div class=\"elementor-widget-container\">\n\t\t\t\t\t\t\t<div class=\"elementor-spacer\">\n\t\t\t<div class=\"elementor-spacer-inner\"><\/div>\n\t\t<\/div>\n\t\t\t\t\t\t<\/div>\n\t\t\t\t<\/div>\n\t\t\t\t\t<\/div>\n\t\t\t\t<\/div>\n\t\t<div class=\"elementor-element elementor-element-b912307 e-flex e-con-boxed e-con e-parent\" data-id=\"b912307\" data-element_type=\"container\" data-e-type=\"container\">\n\t\t\t\t\t<div class=\"e-con-inner\">\n\t\t\t\t<div class=\"elementor-element elementor-element-5ec31b4 elementor-widget elementor-widget-html\" data-id=\"5ec31b4\" data-element_type=\"widget\" data-e-type=\"widget\" data-widget_type=\"html.default\">\n\t\t\t\t<div class=\"elementor-widget-container\">\n\t\t\t\t\t<style>\r\n\r\n        .cartao {\r\n            background: #fff;\r\n            padding: 20px;\r\n            border-radius: 12px;\r\n            width: 400px;\r\n            box-shadow: 0 4px 15px rgba(0,0,0,0.3);\r\n        }\r\n\r\n        .titulo {\r\n            font-weight: bold;\r\n            font-size: 14px;\r\n            color: #333;\r\n            margin-bottom: 5px;\r\n            display: block;\r\n        }\r\n\r\n\r\n        .fundo-barra {\r\n            background: #eee;\r\n            height: 10px;\r\n            border-radius: 5px;\r\n            overflow: hidden;\r\n            margin-bottom: 10px;\r\n        }\r\n\r\n        .progresso {\r\n            background: #000080;\r\n            height: 100%;\r\n            width: 0%; \r\n            animation: carregar 1.5s ease-out;\r\n        }\r\n\r\n        .valor {\r\n            text-align: right;\r\n            font-size: 24px;\r\n            font-weight: 800;\r\n            color: #000080;\r\n        }\r\n\r\n        @keyframes carregar {\r\n            from { width: 0; }\r\n        }\r\n    <\/style>\r\n\r\n<div>\r\n\r\n    <div class=\"cartao\">\r\n        <div class=\"titulo\">EVOLU\u00c7\u00c3O DA INICIATIVA<\/div>\r\n        <div class=\"fundo-barra\">\r\n            <div class=\"progresso\"><\/div>\r\n        <\/div>\r\n\r\n        <div class=\"valor\">0%<\/div>\r\n    <\/div>\r\n\r\n<\/div>\t\t\t\t<\/div>\n\t\t\t\t<\/div>\n\t\t\t\t\t<\/div>\n\t\t\t\t<\/div>\n\t\t\t\t<\/div>\n\t\t","protected":false},"excerpt":{"rendered":"<p>Unidade Respons\u00e1vel PROEX &#8211; Pr\u00f3-Reitoria de Extens\u00e3o e Cultura Capacita\u00e7\u00e3o da equipe em PMBOK para aprimorar projetos e fortalecer parcerias nacionais e internacionais As a\u00e7\u00f5es descritas acima n\u00e3o puderam ser integralmente desenvolvidas em raz\u00e3o de um cen\u00e1rio at\u00edpico, marcado pelo expressivo volume de recursos captados por meio de emendas parlamentares e Termos de Execu\u00e7\u00e3o Descentralizada&hellip; <a class=\"more-link\" href=\"https:\/\/estrategia.ufac.br\/?page_id=2597\">Continue lendo <span class=\"screen-reader-text\">Capacita\u00e7\u00e3o da equipe em PMBOK para aprimorar projetos e fortalecer parcerias nacionais e internacionais<\/span><\/a><\/p>\n","protected":false},"author":1,"featured_media":0,"parent":0,"menu_order":0,"comment_status":"closed","ping_status":"closed","template":"","meta":{"footnotes":""},"class_list":["post-2597","page","type-page","status-publish","hentry","entry"],"_links":{"self":[{"href":"https:\/\/estrategia.ufac.br\/index.php?rest_route=\/wp\/v2\/pages\/2597"}],"collection":[{"href":"https:\/\/estrategia.ufac.br\/index.php?rest_route=\/wp\/v2\/pages"}],"about":[{"href":"https:\/\/estrategia.ufac.br\/index.php?rest_route=\/wp\/v2\/types\/page"}],"author":[{"embeddable":true,"href":"https:\/\/estrategia.ufac.br\/index.php?rest_route=\/wp\/v2\/users\/1"}],"replies":[{"embeddable":true,"href":"https:\/\/estrategia.ufac.br\/index.php?rest_route=%2Fwp%2Fv2%2Fcomments&post=2597"}],"version-history":[{"count":7,"href":"https:\/\/estrategia.ufac.br\/index.php?rest_route=\/wp\/v2\/pages\/2597\/revisions"}],"predecessor-version":[{"id":3258,"href":"https:\/\/estrategia.ufac.br\/index.php?rest_route=\/wp\/v2\/pages\/2597\/revisions\/3258"}],"wp:attachment":[{"href":"https:\/\/estrategia.ufac.br\/index.php?rest_route=%2Fwp%2Fv2%2Fmedia&parent=2597"}],"curies":[{"name":"wp","href":"https:\/\/api.w.org\/{rel}","templated":true}]}}