{"id":2585,"date":"2026-05-05T09:38:01","date_gmt":"2026-05-05T14:38:01","guid":{"rendered":"https:\/\/estrategia.ufac.br\/?page_id=2585"},"modified":"2026-05-11T23:36:22","modified_gmt":"2026-05-12T04:36:22","slug":"parcerias-com-instituicoes-publicas-e-privadas-para-fortalecer-a-extensao-e-integracao-comunitaria","status":"publish","type":"page","link":"https:\/\/estrategia.ufac.br\/?page_id=2585","title":{"rendered":"Parcerias com institui\u00e7\u00f5es p\u00fablicas e privadas para fortalecer a extens\u00e3o e integra\u00e7\u00e3o comunit\u00e1ria"},"content":{"rendered":"\t\t<div data-elementor-type=\"wp-page\" data-elementor-id=\"2585\" class=\"elementor elementor-2585\">\n\t\t\t\t<div class=\"elementor-element elementor-element-de8e505 e-flex e-con-boxed e-con e-parent\" data-id=\"de8e505\" data-element_type=\"container\" data-e-type=\"container\">\n\t\t\t\t\t<div class=\"e-con-inner\">\n\t\t\t\t<div class=\"elementor-element elementor-element-30e8520 elementor-widget elementor-widget-heading\" data-id=\"30e8520\" data-element_type=\"widget\" data-e-type=\"widget\" data-widget_type=\"heading.default\">\n\t\t\t\t<div class=\"elementor-widget-container\">\n\t\t\t\t\t<h2 class=\"elementor-heading-title elementor-size-default\">Unidade Respons\u00e1vel<\/h2>\t\t\t\t<\/div>\n\t\t\t\t<\/div>\n\t\t\t\t<div class=\"elementor-element elementor-element-9e6b5e9 elementor-widget elementor-widget-text-editor\" data-id=\"9e6b5e9\" data-element_type=\"widget\" data-e-type=\"widget\" data-widget_type=\"text-editor.default\">\n\t\t\t\t<div class=\"elementor-widget-container\">\n\t\t\t\t\t\t\t\t\t<p>PROEX &#8211; Pr\u00f3-Reitoria de Extens\u00e3o e Cultura<\/p>\t\t\t\t\t\t\t\t<\/div>\n\t\t\t\t<\/div>\n\t\t\t\t<div class=\"elementor-element elementor-element-a129769 elementor-widget elementor-widget-heading\" data-id=\"a129769\" data-element_type=\"widget\" data-e-type=\"widget\" data-widget_type=\"heading.default\">\n\t\t\t\t<div class=\"elementor-widget-container\">\n\t\t\t\t\t<h2 class=\"elementor-heading-title elementor-size-default\">Parcerias com institui\u00e7\u00f5es p\u00fablicas e privadas para fortalecer a extens\u00e3o e integra\u00e7\u00e3o comunit\u00e1ria<\/h2>\t\t\t\t<\/div>\n\t\t\t\t<\/div>\n\t\t\t\t<div class=\"elementor-element elementor-element-b6e9c79 elementor-widget elementor-widget-text-editor\" data-id=\"b6e9c79\" data-element_type=\"widget\" data-e-type=\"widget\" data-widget_type=\"text-editor.default\">\n\t\t\t\t<div class=\"elementor-widget-container\">\n\t\t\t\t\t\t\t\t\t<p>A formaliza\u00e7\u00e3o e a diversifica\u00e7\u00e3o das parcerias possibilitaram maior capilaridade das a\u00e7\u00f5es extensionistas, promovendo a troca de saberes, o compartilhamento de recursos e a constru\u00e7\u00e3o conjunta de solu\u00e7\u00f5es para demandas sociais concretas. Observa-se, ainda, o fortalecimento do compromisso social institucional, com a amplia\u00e7\u00e3o do alcance territorial das atividades, maior participa\u00e7\u00e3o de discentes e docentes e o desenvolvimento de projetos com impacto direto nas comunidades atendidas. Al\u00e9m disso, as parcerias estabelecidas t\u00eam contribu\u00eddo para a qualifica\u00e7\u00e3o das a\u00e7\u00f5es desenvolvidas, favorecendo a interdisciplinaridade, a inova\u00e7\u00e3o e a sustentabilidade das iniciativas. Esse movimento demonstra que a coopera\u00e7\u00e3o estrat\u00e9gica \u00e9 um instrumento essencial para potencializar resultados, otimizar recursos e consolidar a extens\u00e3o universit\u00e1ria como espa\u00e7o de transforma\u00e7\u00e3o social e desenvolvimento regional. Em 2025 formalizamos <strong>01 (um) Acordo de Coopera\u00e7\u00e3o T\u00e9cnica<\/strong> com a Secretaria de Educa\u00e7\u00e3o para execu\u00e7\u00e3o do Curso Forma\u00e7\u00e3o Pedag\u00f3gica Inclusiva do TEA &#8211; FPI\/TEA, coordenado pela Profa. Dra. Nina Rosa Silva de Ara\u00fajo com o valor de <strong>R$120.000,00<\/strong>, que ser\u00e3o administrados pela Fundape. Al\u00e9m disso, atrav\u00e9s da Pr\u00f3-Reitoria de Extens\u00e3o e Cultura foram formalizados contratos com a Fundape para execu\u00e7\u00e3o de projetos com recursos externos de acordo com os seguintes quantitativos e valores: <strong>&#8211; 05 contratos<\/strong> oriundos de Termos de Execu\u00e7\u00e3o Descentralizada <strong>(TED)<\/strong>, com um<strong> valor global de R$3.358.972,48 (tr\u00eas milh\u00f5es, trezentos e cinquenta e oito mil, novecentos e setenta e dois reais e quarenta e oito centavos); &#8211; 24 contratos<\/strong> oriundos de <strong>Emenda Parlamentar<\/strong>, com um <strong>valor global de R$11.711.275,00 (onze milh\u00f5es, setecentos e onze mil, duzentos e setenta e cinco reais).<\/strong><\/p>\t\t\t\t\t\t\t\t<\/div>\n\t\t\t\t<\/div>\n\t\t\t\t\t<\/div>\n\t\t\t\t<\/div>\n\t\t<div class=\"elementor-element elementor-element-23180b7 e-grid e-con-boxed e-con e-parent\" data-id=\"23180b7\" data-element_type=\"container\" data-e-type=\"container\">\n\t\t\t\t\t<div class=\"e-con-inner\">\n\t\t<div class=\"elementor-element elementor-element-ae33f03 e-con-full e-flex e-con e-child\" data-id=\"ae33f03\" data-element_type=\"container\" data-e-type=\"container\">\n\t\t\t\t<div class=\"elementor-element elementor-element-b77b6c2 elementor-widget elementor-widget-heading\" data-id=\"b77b6c2\" data-element_type=\"widget\" data-e-type=\"widget\" data-widget_type=\"heading.default\">\n\t\t\t\t<div class=\"elementor-widget-container\">\n\t\t\t\t\t<h2 class=\"elementor-heading-title elementor-size-default\">Respons\u00e1vel pelo preenchimento <\/h2>\t\t\t\t<\/div>\n\t\t\t\t<\/div>\n\t\t\t\t<div class=\"elementor-element elementor-element-3418f64 elementor-widget elementor-widget-text-editor\" data-id=\"3418f64\" data-element_type=\"widget\" data-e-type=\"widget\" data-widget_type=\"text-editor.default\">\n\t\t\t\t<div class=\"elementor-widget-container\">\n\t\t\t\t\t\t\t\t\t<p>Francisco Gilvan Martins do Nascimento<\/p>\t\t\t\t\t\t\t\t<\/div>\n\t\t\t\t<\/div>\n\t\t\t\t<\/div>\n\t\t<div class=\"elementor-element elementor-element-ec6eb9d e-con-full e-flex e-con e-child\" data-id=\"ec6eb9d\" data-element_type=\"container\" data-e-type=\"container\">\n\t\t\t\t<div class=\"elementor-element elementor-element-be07900 elementor-widget elementor-widget-heading\" data-id=\"be07900\" data-element_type=\"widget\" data-e-type=\"widget\" data-widget_type=\"heading.default\">\n\t\t\t\t<div class=\"elementor-widget-container\">\n\t\t\t\t\t<h2 class=\"elementor-heading-title elementor-size-default\">Data preenchimento<\/h2>\t\t\t\t<\/div>\n\t\t\t\t<\/div>\n\t\t\t\t<div class=\"elementor-element elementor-element-37fcda1 elementor-widget elementor-widget-text-editor\" data-id=\"37fcda1\" data-element_type=\"widget\" data-e-type=\"widget\" data-widget_type=\"text-editor.default\">\n\t\t\t\t<div class=\"elementor-widget-container\">\n\t\t\t\t\t\t\t\t\t<p>12\/02\/2026<\/p>\t\t\t\t\t\t\t\t<\/div>\n\t\t\t\t<\/div>\n\t\t\t\t<\/div>\n\t\t\t\t\t<\/div>\n\t\t\t\t<\/div>\n\t\t<div class=\"elementor-element elementor-element-8ea9846 e-flex e-con-boxed e-con e-parent\" data-id=\"8ea9846\" data-element_type=\"container\" data-e-type=\"container\">\n\t\t\t\t\t<div class=\"e-con-inner\">\n\t\t<div class=\"elementor-element elementor-element-d79ac8a e-con-full e-flex e-con e-child\" data-id=\"d79ac8a\" data-element_type=\"container\" data-e-type=\"container\">\n\t\t\t\t<div class=\"elementor-element elementor-element-1772afe elementor-widget elementor-widget-heading\" data-id=\"1772afe\" data-element_type=\"widget\" data-e-type=\"widget\" data-widget_type=\"heading.default\">\n\t\t\t\t<div class=\"elementor-widget-container\">\n\t\t\t\t\t<h2 class=\"elementor-heading-title elementor-size-default\">A\u00e7\u00f5es realizadas em 2025<\/h2>\t\t\t\t<\/div>\n\t\t\t\t<\/div>\n\t\t\t\t<\/div>\n\t\t\t\t\t<\/div>\n\t\t\t\t<\/div>\n\t\t<div class=\"elementor-element elementor-element-665ea76 e-flex e-con-boxed e-con e-parent\" data-id=\"665ea76\" data-element_type=\"container\" data-e-type=\"container\">\n\t\t\t\t\t<div class=\"e-con-inner\">\n\t\t\t\t<div class=\"elementor-element elementor-element-a6a9166 elementor-widget elementor-widget-html\" data-id=\"a6a9166\" data-element_type=\"widget\" data-e-type=\"widget\" data-widget_type=\"html.default\">\n\t\t\t\t<div class=\"elementor-widget-container\">\n\t\t\t\t\t\r\n<style>\r\n  \r\n    table {\r\n        border-collapse: collapse;\r\n        width: 100%;\r\n        color: #333;\r\n        font-size: 14px;\r\n        text-align: left;\r\n    }\r\n\r\n    th {\r\n        font-weight: 600;\r\n        text-transform: uppercase;\r\n        letter-spacing: 0.05em;\r\n        border-bottom: 2px solid #eee;\r\n        padding: 12px 15px;\r\n    }\r\n\r\n    td {\r\n        padding: 12px 15px;\r\n        border-bottom: 1px solid #f0f0f0;\r\n    }\r\n\r\n    tr:last-child td {\r\n        border-bottom: none;\r\n    }\r\n\r\n    tr:hover {\r\n        background-color: #fafafa;\r\n    }\r\n<\/style>\r\n\r\n\r\n<table>\r\n    <thead>\r\n        <tr>\r\n            <th>A\u00c7\u00c3O<\/th>\r\n            <th>PRAZO INICIO<\/th>\r\n            <th>PRAZO FIM<\/th>\r\n            <th>CUSTO<\/th>\r\n            <th>STATUS<\/th>\r\n        <\/tr>\r\n    <\/thead>\r\n    <tbody>\r\n        <tr>\r\n            <td>Celebra\u00e7\u00e3o de Acordos de<br>\r\nCoopera\u00e7\u00e3o T\u00e9cnica<\/td>\r\n            <td>01\/01\/2025<\/td>\r\n            <td>31\/12\/2025<\/td>\r\n            <td>-<\/td>\r\n            <td>Em\r\n            execu\u00e7\u00e3o<\/td>\r\n        <\/tr>\r\n\r\n        <tr>\r\n            <td>Aprimoramento dos processos de<br>\r\n                contrata\u00e7\u00e3o de Funda\u00e7\u00f5es de Apoio<br>\r\n                para gest\u00e3o administrativa e<br>\r\n                financeira de projetos com aporte<br>\r\n                financeiros oriundos de Lei da<br>\r\n                Inform\u00e1tica, Emendas Parlamentares,<br>\r\n                Termos de Execu\u00e7\u00e3o Descentralizada<br>\r\n                (TEDs), dentre outros.<\/td>\r\n            <td>01\/01\/2025<\/td>\r\n            <td>31\/12\/2025<\/td>\r\n            <td>-<\/td>\r\n            <td>Em\r\n            execu\u00e7\u00e3o<\/td>\r\n        <\/tr>\r\n        \r\n        \r\n    <\/tbody>\r\n<\/table>\r\n\t\t\t\t<\/div>\n\t\t\t\t<\/div>\n\t\t\t\t<div class=\"elementor-element elementor-element-7e1fea7 elementor-widget elementor-widget-spacer\" data-id=\"7e1fea7\" data-element_type=\"widget\" data-e-type=\"widget\" data-widget_type=\"spacer.default\">\n\t\t\t\t<div class=\"elementor-widget-container\">\n\t\t\t\t\t\t\t<div class=\"elementor-spacer\">\n\t\t\t<div class=\"elementor-spacer-inner\"><\/div>\n\t\t<\/div>\n\t\t\t\t\t\t<\/div>\n\t\t\t\t<\/div>\n\t\t\t\t\t<\/div>\n\t\t\t\t<\/div>\n\t\t<div class=\"elementor-element elementor-element-db9606d e-flex e-con-boxed e-con e-parent\" data-id=\"db9606d\" data-element_type=\"container\" data-e-type=\"container\">\n\t\t\t\t\t<div class=\"e-con-inner\">\n\t\t\t\t<div class=\"elementor-element elementor-element-5109766 elementor-widget elementor-widget-html\" data-id=\"5109766\" data-element_type=\"widget\" data-e-type=\"widget\" data-widget_type=\"html.default\">\n\t\t\t\t<div class=\"elementor-widget-container\">\n\t\t\t\t\t<style>\r\n\r\n        .cartao {\r\n            background: #fff;\r\n            padding: 20px;\r\n            border-radius: 12px;\r\n            width: 400px;\r\n            box-shadow: 0 4px 15px rgba(0,0,0,0.3);\r\n        }\r\n\r\n        .titulo {\r\n            font-weight: bold;\r\n            font-size: 14px;\r\n            color: #333;\r\n            margin-bottom: 5px;\r\n            display: block;\r\n        }\r\n\r\n\r\n        .fundo-barra {\r\n            background: #eee;\r\n            height: 10px;\r\n            border-radius: 5px;\r\n            overflow: hidden;\r\n            margin-bottom: 10px;\r\n        }\r\n\r\n        .progresso {\r\n            background: #000080;\r\n            height: 100%;\r\n            width: 50%; \r\n            animation: carregar 1.5s ease-out;\r\n        }\r\n\r\n        .valor {\r\n            text-align: right;\r\n            font-size: 24px;\r\n            font-weight: 800;\r\n            color: #000080;\r\n        }\r\n\r\n        @keyframes carregar {\r\n            from { width: 0; }\r\n        }\r\n    <\/style>\r\n\r\n<div>\r\n\r\n    <div class=\"cartao\">\r\n        <div class=\"titulo\">EVOLU\u00c7\u00c3O DA INICIATIVA<\/div>\r\n        <div class=\"fundo-barra\">\r\n            <div class=\"progresso\"><\/div>\r\n        <\/div>\r\n\r\n        <div class=\"valor\">50%<\/div>\r\n    <\/div>\r\n\r\n<\/div>\t\t\t\t<\/div>\n\t\t\t\t<\/div>\n\t\t\t\t\t<\/div>\n\t\t\t\t<\/div>\n\t\t\t\t<\/div>\n\t\t","protected":false},"excerpt":{"rendered":"<p>Unidade Respons\u00e1vel PROEX &#8211; Pr\u00f3-Reitoria de Extens\u00e3o e Cultura Parcerias com institui\u00e7\u00f5es p\u00fablicas e privadas para fortalecer a extens\u00e3o e integra\u00e7\u00e3o comunit\u00e1ria A formaliza\u00e7\u00e3o e a diversifica\u00e7\u00e3o das parcerias possibilitaram maior capilaridade das a\u00e7\u00f5es extensionistas, promovendo a troca de saberes, o compartilhamento de recursos e a constru\u00e7\u00e3o conjunta de solu\u00e7\u00f5es para demandas sociais concretas. Observa-se,&hellip; <a class=\"more-link\" href=\"https:\/\/estrategia.ufac.br\/?page_id=2585\">Continue lendo <span class=\"screen-reader-text\">Parcerias com institui\u00e7\u00f5es p\u00fablicas e privadas para fortalecer a extens\u00e3o e integra\u00e7\u00e3o comunit\u00e1ria<\/span><\/a><\/p>\n","protected":false},"author":1,"featured_media":0,"parent":0,"menu_order":0,"comment_status":"closed","ping_status":"closed","template":"","meta":{"footnotes":""},"class_list":["post-2585","page","type-page","status-publish","hentry","entry"],"_links":{"self":[{"href":"https:\/\/estrategia.ufac.br\/index.php?rest_route=\/wp\/v2\/pages\/2585"}],"collection":[{"href":"https:\/\/estrategia.ufac.br\/index.php?rest_route=\/wp\/v2\/pages"}],"about":[{"href":"https:\/\/estrategia.ufac.br\/index.php?rest_route=\/wp\/v2\/types\/page"}],"author":[{"embeddable":true,"href":"https:\/\/estrategia.ufac.br\/index.php?rest_route=\/wp\/v2\/users\/1"}],"replies":[{"embeddable":true,"href":"https:\/\/estrategia.ufac.br\/index.php?rest_route=%2Fwp%2Fv2%2Fcomments&post=2585"}],"version-history":[{"count":16,"href":"https:\/\/estrategia.ufac.br\/index.php?rest_route=\/wp\/v2\/pages\/2585\/revisions"}],"predecessor-version":[{"id":3222,"href":"https:\/\/estrategia.ufac.br\/index.php?rest_route=\/wp\/v2\/pages\/2585\/revisions\/3222"}],"wp:attachment":[{"href":"https:\/\/estrategia.ufac.br\/index.php?rest_route=%2Fwp%2Fv2%2Fmedia&parent=2585"}],"curies":[{"name":"wp","href":"https:\/\/api.w.org\/{rel}","templated":true}]}}