{"id":2573,"date":"2026-05-04T15:55:09","date_gmt":"2026-05-04T20:55:09","guid":{"rendered":"https:\/\/estrategia.ufac.br\/?page_id=2573"},"modified":"2026-05-11T23:35:00","modified_gmt":"2026-05-12T04:35:00","slug":"proex-iniciativas-estrategicas","status":"publish","type":"page","link":"https:\/\/estrategia.ufac.br\/?page_id=2573","title":{"rendered":"PROEX \u2013 Iniciativas Estrat\u00e9gicas"},"content":{"rendered":"\t\t<div data-elementor-type=\"wp-page\" data-elementor-id=\"2573\" class=\"elementor elementor-2573\">\n\t\t\t\t<div class=\"elementor-element elementor-element-e02f68a e-flex e-con-boxed e-con e-parent\" data-id=\"e02f68a\" data-element_type=\"container\" data-e-type=\"container\">\n\t\t\t\t\t<div class=\"e-con-inner\">\n\t\t\t\t<div class=\"elementor-element elementor-element-66068ff elementor-widget__width-inherit elementor-widget elementor-widget-heading\" data-id=\"66068ff\" data-element_type=\"widget\" data-e-type=\"widget\" data-widget_type=\"heading.default\">\n\t\t\t\t<div class=\"elementor-widget-container\">\n\t\t\t\t\t<h2 class=\"elementor-heading-title elementor-size-default\">PROEX - Iniciativas Estrat\u00e9gicas<\/h2>\t\t\t\t<\/div>\n\t\t\t\t<\/div>\n\t\t\t\t<div class=\"elementor-element elementor-element-3e1f84e elementor-widget elementor-widget-spacer\" data-id=\"3e1f84e\" data-element_type=\"widget\" data-e-type=\"widget\" data-widget_type=\"spacer.default\">\n\t\t\t\t<div class=\"elementor-widget-container\">\n\t\t\t\t\t\t\t<div class=\"elementor-spacer\">\n\t\t\t<div class=\"elementor-spacer-inner\"><\/div>\n\t\t<\/div>\n\t\t\t\t\t\t<\/div>\n\t\t\t\t<\/div>\n\t\t\t\t\t<\/div>\n\t\t\t\t<\/div>\n\t\t<div class=\"elementor-element elementor-element-24b537b e-flex e-con-boxed e-con e-parent\" data-id=\"24b537b\" data-element_type=\"container\" data-e-type=\"container\">\n\t\t\t\t\t<div class=\"e-con-inner\">\n\t\t\t\t<div class=\"elementor-element elementor-element-f4b2c1f elementor-widget elementor-widget-html\" data-id=\"f4b2c1f\" data-element_type=\"widget\" data-e-type=\"widget\" data-widget_type=\"html.default\">\n\t\t\t\t<div class=\"elementor-widget-container\">\n\t\t\t\t\t<style>\n    :root {\n        --cor-borda-fina: #e0e0e0;\n        --cor-texto-principal: #333;\n        --cor-texto-secundario: #999;\n        --cor-azul-destaque: #000080;\n        --cor-fundo-barra: #f0f0f0;\n    }\n\n    .container-indicador {\n        background-color: #fff;\n        width: 100%;\n        border: 1px solid var(--cor-borda-fina);\n        border-radius: 8px;\n        padding: 20px 25px;\n        margin-bottom: 15px;\n        display: flex;\n        align-items: center;\n        position: relative;\n        box-shadow: 0 2px 4px rgba(0,0,0,0.05);\n        font-family: Rawline, Raleway, sans-serif;\n        transition: transform 0.3s ease, box-shadow 0.3s ease;\n    }\n    .container-indicador:hover {\n    transform: scale(1.02); \n    box-shadow: 0 8px 16px rgba(0,0,0,0.1);\n    z-index: 10; \n}\n\n    \/* A linha azul lateral na esquerda *\/\n    .container-indicador::before {\n        content: \"\";\n        position: absolute;\n        left: 0;\n        height: 100%;\n        width: 4px;\n        background-color: var(--cor-azul-destaque);\n        border-radius: 0 4px 4px 0;\n    }\n\n    .codigo-item {\n        color: var(--cor-texto-secundario);\n        font-size: 14px;\n        margin-right: 20px;\n        min-width: 30px;\n    }\n\n    .titulo-item {\n        flex-grow: 1;\n        color: var(--cor-texto-principal);\n        font-weight: 600;\n        font-size: 16px;\n    }\n\n    .secao-progresso {\n        display: flex;\n        align-items: center;\n        gap: 15px;\n        min-width: 200px;\n    }\n\n    .barra-fundo {\n        width: 100px;\n        height: 8px;\n        background-color: var(--cor-fundo-barra);\n        border-radius: 4px;\n        overflow: hidden;\n    }\n\n    .barra-preenchimento {\n        height: 100%;\n        background-color: var(--cor-azul-destaque);\n        border-radius: 4px;\n    }\n\n    .porcentagem {\n        color: var(--cor-texto-secundario);\n        font-size: 14px;\n        width: 35px;\n        text-align: right;\n    }\n\n    .icone-seta {\n        color: var(--cor-texto-secundario);\n        margin-left: 15px;\n        cursor: pointer;\n        font-size: 12px;\n        transition: transform 0.3s;\n    }\n\n    .icone-seta:hover {\n        transform: translateY(2px);\n    }\n    a{text-decoration:none;}\n<\/style>\n\n     <!--IE1-->\n<a href=\"https:\/\/estrategia.ufac.br\/?page_id=2659\" style=\"text-decoration:none;\">\n    <div class=\"container-indicador\">\n        <span class=\"codigo-item\">IE1<\/span>\n        <div class=\"titulo-item\">Edital Regional de Extens\u00e3o: A\u00e7\u00f5es de extens\u00e3o em\nterrit\u00f3rio de vulnerabilidade social definidos no\nanu\u00e1rio do Minist\u00e9rio P\u00fablico\/AC<\/div>\n        \n        <div class=\"secao-progresso\">\n            <div class=\"barra-fundo\">\n                <div class=\"barra-preenchimento\" style=\"width: 80%;\"><\/div>\n            <\/div>\n            <span class=\"porcentagem\">80%<\/span>\n        <\/div>\n    <\/div>\n<\/a>\n<!--IE3-->\n<a href=\"https:\/\/estrategia.ufac.br\/?page_id=2645\" style=\"text-decoration:none;\">\n    <div class=\"container-indicador\">\n        <span class=\"codigo-item\">IE3<\/span>\n        <div class=\"titulo-item\">Implanta\u00e7\u00e3o do Sistema de Monitoramento e\nAvalia\u00e7\u00e3o das A\u00e7\u00f5es de Extens\u00e3o e Integra\u00e7\u00e3o\nComunit\u00e1ria visando a qualidade das atividades\ndesenvolvidas \u2013 SIMAEU \u2013 Indicadores Nacionais<\/div>\n        \n        <div class=\"secao-progresso\">\n            <div class=\"barra-fundo\">\n                <div class=\"barra-preenchimento\" style=\"width: 20%;\"><\/div>\n            <\/div>\n            <span class=\"porcentagem\">20%<\/span>\n        <\/div>\n    <\/div>\n<\/a>\n     <!--IE4-->\n<a href=\"https:\/\/estrategia.ufac.br\/?page_id=2636\" style=\"text-decoration:none;\">\n     <div class=\"container-indicador\">\n        <span class=\"codigo-item\">IE4<\/span>\n        <div class=\"titulo-item\">Implanta\u00e7\u00e3o da pol\u00edtica de cultura (vig\u00eancia de 10\nanos) e elabora\u00e7\u00e3o para implementa\u00e7\u00e3o dos planos\nde arte e cultura (vig\u00eancia de 2 anos).<\/div>\n        \n        <div class=\"secao-progresso\">\n            <div class=\"barra-fundo\">\n                <div class=\"barra-preenchimento\" style=\"width: 80%;\"><\/div>\n            <\/div>\n            <span class=\"porcentagem\">80%<\/span>\n        <\/div>\n    <\/div>\n<\/a>\n     <!--IE5-->\n<a href=\"https:\/\/estrategia.ufac.br\/?page_id=2628\" style=\"text-decoration:none;\">\n    <div class=\"container-indicador\">\n        <span class=\"codigo-item\">IE5<\/span>\n        <div class=\"titulo-item\">Esporte: elabora\u00e7\u00e3o\/implanta\u00e7\u00e3o da pol\u00edtica de\nesporte e elabora\u00e7\u00e3o\/implementa\u00e7\u00e3o dos planos de\nesporte, paradesporto, e-sport e lazer.<\/div>\n        \n        <div class=\"secao-progresso\">\n            <div class=\"barra-fundo\">\n                <div class=\"barra-preenchimento\" style=\"width: 88%;\"><\/div>\n            <\/div>\n            <span class=\"porcentagem\">88%<\/span>\n        <\/div>\n    <\/div>\n<\/a>\n     <!--IE6-->\n<a href=\"https:\/\/estrategia.ufac.br\/?page_id=2620\" style=\"text-decoration:none;\">\n    <div class=\"container-indicador\">\n        <span class=\"codigo-item\">IE6<\/span>\n        <div class=\"titulo-item\">Editais de Extens\u00e3o Tecnol\u00f3gica<\/div>\n        \n        <div class=\"secao-progresso\">\n            <div class=\"barra-fundo\">\n                <div class=\"barra-preenchimento\" style=\"width: 50%;\"><\/div>\n            <\/div>\n            <span class=\"porcentagem\">50%<\/span>\n        <\/div>\n    <\/div>\n<\/a>\n    <!--IE7-->\n<a href=\"https:\/\/estrategia.ufac.br\/?page_id=2612\" style=\"text-decoration:none;\">\n    <div class=\"container-indicador\">\n        <span class=\"codigo-item\">IE7<\/span>\n        <div class=\"titulo-item\">Apoio nas a\u00e7\u00f5es de ensino, pesquisa e extens\u00e3o\ndesenvolvidas pelo N\u00facleo e Estudos Afro-brasileiros\ne Ind\u00edgenas (Neabi)<\/div>\n        \n        <div class=\"secao-progresso\">\n            <div class=\"barra-fundo\">\n                <div class=\"barra-preenchimento\" style=\"width: 40%;\"><\/div>\n            <\/div>\n            <span class=\"porcentagem\">40%<\/span>\n        <\/div>\n    <\/div>\n<\/a>\n\n    <!--IE8-->\n<a href=\"https:\/\/estrategia.ufac.br\/?page_id=2597\" style=\"text-decoration:none;\">\n    <div class=\"container-indicador\">\n        <span class=\"codigo-item\">IE8<\/span>\n        <div class=\"titulo-item\">Capacita\u00e7\u00e3o da equipe na elabora\u00e7\u00e3o e no\nacompanhamento de projetos no modelo PMBOK,\nvisando o aprimoramento do portf\u00f3lio de programas\ne projetos de extens\u00e3o\/integra\u00e7\u00e3o comunit\u00e1ria, no\nfomento \u00e0 institui\u00e7\u00e3o de parcerias nacionais e\ninternacionais<\/div>\n        \n        <div class=\"secao-progresso\">\n            <div class=\"barra-fundo\">\n                <div class=\"barra-preenchimento\" style=\"width: 0%;\"><\/div>\n            <\/div>\n            <span class=\"porcentagem\">0%<\/span>\n        <\/div>\n    <\/div>\n<\/a>\n\n<a href=\"https:\/\/estrategia.ufac.br\/?page_id=2585\" style=\"text-decoration:none;\">\n    <div class=\"container-indicador\">\n        <span class=\"codigo-item\">IE1<\/span>\n        <div class=\"titulo-item\">Amplia\u00e7\u00e3o da efetiva\u00e7\u00e3o de parcerias com\n            institui\u00e7\u00f5es p\u00fablicas e privadas, entidades, conselhos\n            profissionais e empresas, com a finalidade de\n            potencializar as a\u00e7\u00f5es de extens\u00e3o e de integra\u00e7\u00e3o\n            comunit\u00e1ria<\/div>\n        \n        <div class=\"secao-progresso\">\n            <div class=\"barra-fundo\">\n                <div class=\"barra-preenchimento\" style=\"width: 50%;\"><\/div>\n            <\/div>\n            <span class=\"porcentagem\">50%<\/span>\n        <\/div>\n    <\/div>\n<\/a>\n\n\n\n\n\n\n \n\n\t\t\t\t<\/div>\n\t\t\t\t<\/div>\n\t\t\t\t\t<\/div>\n\t\t\t\t<\/div>\n\t\t\t\t<\/div>\n\t\t","protected":false},"excerpt":{"rendered":"<p>PROEX &#8211; Iniciativas Estrat\u00e9gicas IE1 Edital Regional de Extens\u00e3o: A\u00e7\u00f5es de extens\u00e3o em territ\u00f3rio de vulnerabilidade social definidos no anu\u00e1rio do Minist\u00e9rio P\u00fablico\/AC 80% IE3 Implanta\u00e7\u00e3o do Sistema de Monitoramento e Avalia\u00e7\u00e3o das A\u00e7\u00f5es de Extens\u00e3o e Integra\u00e7\u00e3o Comunit\u00e1ria visando a qualidade das atividades desenvolvidas \u2013 SIMAEU \u2013 Indicadores Nacionais 20% IE4 Implanta\u00e7\u00e3o da pol\u00edtica&hellip; <a class=\"more-link\" href=\"https:\/\/estrategia.ufac.br\/?page_id=2573\">Continue lendo <span class=\"screen-reader-text\">PROEX \u2013 Iniciativas Estrat\u00e9gicas<\/span><\/a><\/p>\n","protected":false},"author":1,"featured_media":0,"parent":0,"menu_order":0,"comment_status":"closed","ping_status":"closed","template":"","meta":{"footnotes":""},"class_list":["post-2573","page","type-page","status-publish","hentry","entry"],"_links":{"self":[{"href":"https:\/\/estrategia.ufac.br\/index.php?rest_route=\/wp\/v2\/pages\/2573"}],"collection":[{"href":"https:\/\/estrategia.ufac.br\/index.php?rest_route=\/wp\/v2\/pages"}],"about":[{"href":"https:\/\/estrategia.ufac.br\/index.php?rest_route=\/wp\/v2\/types\/page"}],"author":[{"embeddable":true,"href":"https:\/\/estrategia.ufac.br\/index.php?rest_route=\/wp\/v2\/users\/1"}],"replies":[{"embeddable":true,"href":"https:\/\/estrategia.ufac.br\/index.php?rest_route=%2Fwp%2Fv2%2Fcomments&post=2573"}],"version-history":[{"count":40,"href":"https:\/\/estrategia.ufac.br\/index.php?rest_route=\/wp\/v2\/pages\/2573\/revisions"}],"predecessor-version":[{"id":3215,"href":"https:\/\/estrategia.ufac.br\/index.php?rest_route=\/wp\/v2\/pages\/2573\/revisions\/3215"}],"wp:attachment":[{"href":"https:\/\/estrategia.ufac.br\/index.php?rest_route=%2Fwp%2Fv2%2Fmedia&parent=2573"}],"curies":[{"name":"wp","href":"https:\/\/api.w.org\/{rel}","templated":true}]}}