{"id":2565,"date":"2026-05-04T14:51:27","date_gmt":"2026-05-04T19:51:27","guid":{"rendered":"https:\/\/estrategia.ufac.br\/?page_id=2565"},"modified":"2026-05-11T23:36:46","modified_gmt":"2026-05-12T04:36:46","slug":"implantacao-do-observatorio-de-dados-da-graduacao-odg","status":"publish","type":"page","link":"https:\/\/estrategia.ufac.br\/?page_id=2565","title":{"rendered":"Implanta\u00e7\u00e3o do observat\u00f3rio de dados da gradua\u00e7\u00e3o \u2013 ODG"},"content":{"rendered":"\t\t<div data-elementor-type=\"wp-page\" data-elementor-id=\"2565\" class=\"elementor elementor-2565\">\n\t\t\t\t<div class=\"elementor-element elementor-element-b27afee e-flex e-con-boxed e-con e-parent\" data-id=\"b27afee\" data-element_type=\"container\" data-e-type=\"container\">\n\t\t\t\t\t<div class=\"e-con-inner\">\n\t\t\t\t<div class=\"elementor-element elementor-element-d290131 elementor-widget elementor-widget-heading\" data-id=\"d290131\" data-element_type=\"widget\" data-e-type=\"widget\" data-widget_type=\"heading.default\">\n\t\t\t\t<div class=\"elementor-widget-container\">\n\t\t\t\t\t<h2 class=\"elementor-heading-title elementor-size-default\">Unidade Respons\u00e1vel<\/h2>\t\t\t\t<\/div>\n\t\t\t\t<\/div>\n\t\t\t\t<div class=\"elementor-element elementor-element-516037e elementor-widget elementor-widget-text-editor\" data-id=\"516037e\" data-element_type=\"widget\" data-e-type=\"widget\" data-widget_type=\"text-editor.default\">\n\t\t\t\t<div class=\"elementor-widget-container\">\n\t\t\t\t\t\t\t\t\t<p>PROGRAD &#8211; Pr\u00f3-Reitoria de Gradua\u00e7\u00e3o<\/p>\t\t\t\t\t\t\t\t<\/div>\n\t\t\t\t<\/div>\n\t\t\t\t<div class=\"elementor-element elementor-element-e1d2f04 elementor-widget elementor-widget-heading\" data-id=\"e1d2f04\" data-element_type=\"widget\" data-e-type=\"widget\" data-widget_type=\"heading.default\">\n\t\t\t\t<div class=\"elementor-widget-container\">\n\t\t\t\t\t<h2 class=\"elementor-heading-title elementor-size-default\">Implanta\u00e7\u00e3o do observat\u00f3rio de dados da gradua\u00e7\u00e3o \u2013 ODG<\/h2>\t\t\t\t<\/div>\n\t\t\t\t<\/div>\n\t\t\t\t<div class=\"elementor-element elementor-element-4f0e478 elementor-widget elementor-widget-text-editor\" data-id=\"4f0e478\" data-element_type=\"widget\" data-e-type=\"widget\" data-widget_type=\"text-editor.default\">\n\t\t\t\t<div class=\"elementor-widget-container\">\n\t\t\t\t\t\t\t\t\t<p style=\"text-align: left;\">3.1 A\u00e7\u00e3o 1 &#8211; Implanta\u00e7\u00e3o do Observat\u00f3rio de Dados da Gradua\u00e7\u00e3o \u2013 ODG: O Observat\u00f3rio de Dados da Gradua\u00e7\u00e3o (ODG) \u00e9 uma iniciativa da Pr\u00f3-Reitoria de Gradua\u00e7\u00e3o (Prograd) da Universidade Federal do Acre (Ufac), voltada a organizar, sistematizar e disponibilizar indicadores estrat\u00e9gicos que apoiem a gest\u00e3o acad\u00eamica e o aprimoramento cont\u00ednuo da gradua\u00e7\u00e3o. A a\u00e7\u00e3o foi formalizada pela Portaria no 1.927\/2025, publicada no Boletim de Servi\u00e7o Eletr\u00f4nico em 09\/06\/2025, consolidando o ODG como instrumento institucional de transpar\u00eancia e qualifica\u00e7\u00e3o da tomada de decis\u00e3o, com foco em dimens\u00f5es como evas\u00e3o, reten\u00e7\u00e3o, diploma\u00e7\u00e3o e ocupa\u00e7\u00e3o de vagas.<br \/>Link:<a href=\"https:\/\/www.ufac.br\/site\/ufac\/prograd\/observatorio-de-dados-da-graduacao\"> https:\/\/www.ufac.br\/site\/ufac\/prograd\/observatorio-de-dados-da-graduacao<\/a><\/p>\t\t\t\t\t\t\t\t<\/div>\n\t\t\t\t<\/div>\n\t\t\t\t\t<\/div>\n\t\t\t\t<\/div>\n\t\t<div class=\"elementor-element elementor-element-045ad9e e-grid e-con-boxed e-con e-parent\" data-id=\"045ad9e\" data-element_type=\"container\" data-e-type=\"container\">\n\t\t\t\t\t<div class=\"e-con-inner\">\n\t\t<div class=\"elementor-element elementor-element-484776e e-con-full e-flex e-con e-child\" data-id=\"484776e\" data-element_type=\"container\" data-e-type=\"container\">\n\t\t\t\t<div class=\"elementor-element elementor-element-666ac24 elementor-widget elementor-widget-heading\" data-id=\"666ac24\" data-element_type=\"widget\" data-e-type=\"widget\" data-widget_type=\"heading.default\">\n\t\t\t\t<div class=\"elementor-widget-container\">\n\t\t\t\t\t<h2 class=\"elementor-heading-title elementor-size-default\">Respons\u00e1vel pelo preenchimento <\/h2>\t\t\t\t<\/div>\n\t\t\t\t<\/div>\n\t\t\t\t<div class=\"elementor-element elementor-element-e1416a9 elementor-widget elementor-widget-text-editor\" data-id=\"e1416a9\" data-element_type=\"widget\" data-e-type=\"widget\" data-widget_type=\"text-editor.default\">\n\t\t\t\t<div class=\"elementor-widget-container\">\n\t\t\t\t\t\t\t\t\t<p>Profa. Dra. Ednacel\u00ed Abreu Damasceno<\/p>\t\t\t\t\t\t\t\t<\/div>\n\t\t\t\t<\/div>\n\t\t\t\t<\/div>\n\t\t<div class=\"elementor-element elementor-element-c38da5e e-con-full e-flex e-con e-child\" data-id=\"c38da5e\" data-element_type=\"container\" data-e-type=\"container\">\n\t\t\t\t<div class=\"elementor-element elementor-element-183a24a elementor-widget elementor-widget-heading\" data-id=\"183a24a\" data-element_type=\"widget\" data-e-type=\"widget\" data-widget_type=\"heading.default\">\n\t\t\t\t<div class=\"elementor-widget-container\">\n\t\t\t\t\t<h2 class=\"elementor-heading-title elementor-size-default\">Data preenchimento<\/h2>\t\t\t\t<\/div>\n\t\t\t\t<\/div>\n\t\t\t\t<div class=\"elementor-element elementor-element-4e3b89e elementor-widget elementor-widget-text-editor\" data-id=\"4e3b89e\" data-element_type=\"widget\" data-e-type=\"widget\" data-widget_type=\"text-editor.default\">\n\t\t\t\t<div class=\"elementor-widget-container\">\n\t\t\t\t\t\t\t\t\t<p>26\/02\/2026<\/p>\t\t\t\t\t\t\t\t<\/div>\n\t\t\t\t<\/div>\n\t\t\t\t<\/div>\n\t\t\t\t\t<\/div>\n\t\t\t\t<\/div>\n\t\t<div class=\"elementor-element elementor-element-14e3267 e-flex e-con-boxed e-con e-parent\" data-id=\"14e3267\" data-element_type=\"container\" data-e-type=\"container\">\n\t\t\t\t\t<div class=\"e-con-inner\">\n\t\t<div class=\"elementor-element elementor-element-4b34086 e-con-full e-flex e-con e-child\" data-id=\"4b34086\" data-element_type=\"container\" data-e-type=\"container\">\n\t\t\t\t<div class=\"elementor-element elementor-element-e6e9a35 elementor-widget elementor-widget-heading\" data-id=\"e6e9a35\" data-element_type=\"widget\" data-e-type=\"widget\" data-widget_type=\"heading.default\">\n\t\t\t\t<div class=\"elementor-widget-container\">\n\t\t\t\t\t<h2 class=\"elementor-heading-title elementor-size-default\">A\u00e7\u00f5es realizadas em 2025<\/h2>\t\t\t\t<\/div>\n\t\t\t\t<\/div>\n\t\t\t\t<\/div>\n\t\t\t\t\t<\/div>\n\t\t\t\t<\/div>\n\t\t<div class=\"elementor-element elementor-element-aba772d e-flex e-con-boxed e-con e-parent\" data-id=\"aba772d\" data-element_type=\"container\" data-e-type=\"container\">\n\t\t\t\t\t<div class=\"e-con-inner\">\n\t\t\t\t<div class=\"elementor-element elementor-element-adc57ca elementor-widget elementor-widget-html\" data-id=\"adc57ca\" data-element_type=\"widget\" data-e-type=\"widget\" data-widget_type=\"html.default\">\n\t\t\t\t<div class=\"elementor-widget-container\">\n\t\t\t\t\t\r\n<style>\r\n  \r\n    table {\r\n        border-collapse: collapse;\r\n        width: 100%;\r\n        color: #333;\r\n        font-size: 14px;\r\n        text-align: left;\r\n    }\r\n\r\n    th {\r\n        font-weight: 600;\r\n        text-transform: uppercase;\r\n        letter-spacing: 0.05em;\r\n        border-bottom: 2px solid #eee;\r\n        padding: 12px 15px;\r\n    }\r\n\r\n    td {\r\n        padding: 12px 15px;\r\n        border-bottom: 1px solid #f0f0f0;\r\n    }\r\n\r\n    tr:last-child td {\r\n        border-bottom: none;\r\n    }\r\n\r\n    tr:hover {\r\n        background-color: #fafafa;\r\n    }\r\n<\/style>\r\n\r\n\r\n<table>\r\n    <thead>\r\n        <tr>\r\n            <th>A\u00c7\u00c3O<\/th>\r\n            <th>PRAZO INICIO<\/th>\r\n            <th>PRAZO FIM<\/th>\r\n            <th>CUSTO<\/th>\r\n            <th>STATUS<\/th>\r\n        <\/tr>\r\n    <\/thead>\r\n    <tbody>\r\n        <tr>\r\n            <td>A\u00e7\u00e3o 1 - Institui\u00e7\u00e3o da governan\u00e7a\r\n            do ODG (portaria: objetivos e\r\n            atribui\u00e7\u00f5es do gestor)<\/td>\r\n            <td>09\/06\/2025<\/td>\r\n            <td>09\/06\/2025<\/td>\r\n            <td>-<\/td>\r\n            <td>Conclu\u00edda<\/td>\r\n        <\/tr>\r\n\r\n        <tr>\r\n            <td>A\u00e7\u00e3o 2 - Implanta\u00e7\u00e3o do\r\nObservat\u00f3rio de Dados da Gradua\u00e7\u00e3o\r\n- ODG<\/td>\r\n            <td>09\/06\/2025<\/td>\r\n            <td>dezembro\/2025<\/td>\r\n            <td>-<\/td>\r\n            <td>Conclu\u00edda<\/td>\r\n        <\/tr>\r\n        \r\n        <tr>\r\n            <td>A\u00e7\u00e3o 3 \u2013 Defini\u00e7\u00e3o e formaliza\u00e7\u00e3o\r\n                das Defini\u00e7\u00f5es\/Conceitos\r\n                Institucionais (de evas\u00e3o, de\r\n                reten\u00e7\u00e3o, de sucesso, de\r\n                diploma\u00e7\u00e3o, de ocupa\u00e7\u00e3o de\r\n                vagas, coortes, etc.)<\/td>\r\n            <td>Dezembro\/2024<\/td>\r\n            <td>Dezembro\/2026<\/td>\r\n            <td>-<\/td>\r\n            <td>Conclu\u00edda<\/td>\r\n        <\/tr>\r\n        \r\n        <tr>\r\n            <td>A\u00e7\u00e3o 4 - Elabora\u00e7\u00e3o do Dicion\u00e1rio\r\n            de Dados do ODG<\/td>\r\n            <td>Mar\u00e7o\/2026<\/td>\r\n            <td>Dezembro\/2026<\/td>\r\n            <td>-<\/td>\r\n            <td>Em execu\u00e7\u00e3o<\/td>\r\n        <\/tr>\r\n        \r\n        <tr>\r\n            <td>A\u00e7\u00e3o 5 - Desenvolvimento dos\r\n            pain\u00e9is priorit\u00e1rios: painel anal\u00edtico\r\n            geral (por ano e por centro), painel\r\n            anal\u00edtico comparativo, , indicadores\r\n            acad\u00eamicos (evas\u00e3o, reten\u00e7\u00e3o,\r\n            diploma\u00e7\u00e3o e ocupa\u00e7\u00e3o) e\r\n            indicadores de qualidade (CPC, CC,\r\n            IDD e Enade)<\/td>\r\n            <td>Junho\/2025<\/td>\r\n            <td>Dezembro\/2025<\/td>\r\n            <td>-<\/td>\r\n            <td>Conclu\u00edda<\/td>\r\n        <\/tr>\r\n        \r\n        <tr>\r\n            <td>A\u00e7\u00e3o 6 - Implanta\u00e7\u00e3o da base de\r\n            dados do ODG e das rotinas de\r\n            atualiza\u00e7\u00e3o peri\u00f3dica, com\r\n            integra\u00e7\u00e3o \u00e0s bases institucionais e\r\n            padroniza\u00e7\u00e3o das informa\u00e7\u00f5es para\r\n            gera\u00e7\u00e3o de pain\u00e9is e indicadores.<\/td>\r\n            <td>2025<\/td>\r\n            <td>2026<br>(anual)\r\n            <\/td>\r\n            <td>-<\/td>\r\n            <td>Em execu\u00e7\u00e3o<\/td>\r\n        <\/tr>\r\n        \r\n        <tr>\r\n            <td>A\u00e7\u00e3o 7 - Amplia\u00e7\u00e3o e qualifica\u00e7\u00e3o\r\n            do portf\u00f3lio de pain\u00e9is do ODG\r\n            (pain\u00e9is tem\u00e1ticos e integra\u00e7\u00f5es)<\/td>\r\n            <td>2026<\/td>\r\n            <td>2027<\/td>\r\n            <td>-<\/td>\r\n            <td>N\u00e3o iniciada<\/td>\r\n        <\/tr>\r\n    <\/tbody>\r\n<\/table>\r\n\t\t\t\t<\/div>\n\t\t\t\t<\/div>\n\t\t\t\t<div class=\"elementor-element elementor-element-6461144 elementor-widget elementor-widget-spacer\" data-id=\"6461144\" data-element_type=\"widget\" data-e-type=\"widget\" data-widget_type=\"spacer.default\">\n\t\t\t\t<div class=\"elementor-widget-container\">\n\t\t\t\t\t\t\t<div class=\"elementor-spacer\">\n\t\t\t<div class=\"elementor-spacer-inner\"><\/div>\n\t\t<\/div>\n\t\t\t\t\t\t<\/div>\n\t\t\t\t<\/div>\n\t\t\t\t\t<\/div>\n\t\t\t\t<\/div>\n\t\t<div class=\"elementor-element elementor-element-f8d655a e-flex e-con-boxed e-con e-parent\" data-id=\"f8d655a\" data-element_type=\"container\" data-e-type=\"container\">\n\t\t\t\t\t<div class=\"e-con-inner\">\n\t\t\t\t<div class=\"elementor-element elementor-element-e12cd8e elementor-widget elementor-widget-html\" data-id=\"e12cd8e\" data-element_type=\"widget\" data-e-type=\"widget\" data-widget_type=\"html.default\">\n\t\t\t\t<div class=\"elementor-widget-container\">\n\t\t\t\t\t<style>\r\n\r\n        .cartao {\r\n            background: #fff;\r\n            padding: 20px;\r\n            border-radius: 12px;\r\n            width: 400px;\r\n            box-shadow: 0 4px 15px rgba(0,0,0,0.3);\r\n        }\r\n\r\n        .titulo {\r\n            font-weight: bold;\r\n            font-size: 14px;\r\n            color: #333;\r\n            margin-bottom: 5px;\r\n            display: block;\r\n        }\r\n\r\n\r\n        .fundo-barra {\r\n            background: #eee;\r\n            height: 10px;\r\n            border-radius: 5px;\r\n            overflow: hidden;\r\n            margin-bottom: 10px;\r\n        }\r\n\r\n        .progresso {\r\n            background: #000080;\r\n            height: 100%;\r\n            width: 86%; \r\n            animation: carregar 1.5s ease-out;\r\n        }\r\n\r\n        .valor {\r\n            text-align: right;\r\n            font-size: 24px;\r\n            font-weight: 800;\r\n            color: #000080;\r\n        }\r\n\r\n        @keyframes carregar {\r\n            from { width: 0; }\r\n        }\r\n    <\/style>\r\n\r\n<div>\r\n\r\n    <div class=\"cartao\">\r\n        <div class=\"titulo\">EVOLU\u00c7\u00c3O DA INICIATIVA<\/div>\r\n        <div class=\"fundo-barra\">\r\n            <div class=\"progresso\"><\/div>\r\n        <\/div>\r\n\r\n        <div class=\"valor\">86%<\/div>\r\n    <\/div>\r\n\r\n<\/div>\t\t\t\t<\/div>\n\t\t\t\t<\/div>\n\t\t\t\t\t<\/div>\n\t\t\t\t<\/div>\n\t\t\t\t<\/div>\n\t\t","protected":false},"excerpt":{"rendered":"<p>Unidade Respons\u00e1vel PROGRAD &#8211; Pr\u00f3-Reitoria de Gradua\u00e7\u00e3o Implanta\u00e7\u00e3o do observat\u00f3rio de dados da gradua\u00e7\u00e3o \u2013 ODG 3.1 A\u00e7\u00e3o 1 &#8211; Implanta\u00e7\u00e3o do Observat\u00f3rio de Dados da Gradua\u00e7\u00e3o \u2013 ODG: O Observat\u00f3rio de Dados da Gradua\u00e7\u00e3o (ODG) \u00e9 uma iniciativa da Pr\u00f3-Reitoria de Gradua\u00e7\u00e3o (Prograd) da Universidade Federal do Acre (Ufac), voltada a organizar, sistematizar e&hellip; <a class=\"more-link\" href=\"https:\/\/estrategia.ufac.br\/?page_id=2565\">Continue lendo <span class=\"screen-reader-text\">Implanta\u00e7\u00e3o do observat\u00f3rio de dados da gradua\u00e7\u00e3o \u2013 ODG<\/span><\/a><\/p>\n","protected":false},"author":1,"featured_media":0,"parent":0,"menu_order":0,"comment_status":"closed","ping_status":"closed","template":"","meta":{"footnotes":""},"class_list":["post-2565","page","type-page","status-publish","hentry","entry"],"_links":{"self":[{"href":"https:\/\/estrategia.ufac.br\/index.php?rest_route=\/wp\/v2\/pages\/2565"}],"collection":[{"href":"https:\/\/estrategia.ufac.br\/index.php?rest_route=\/wp\/v2\/pages"}],"about":[{"href":"https:\/\/estrategia.ufac.br\/index.php?rest_route=\/wp\/v2\/types\/page"}],"author":[{"embeddable":true,"href":"https:\/\/estrategia.ufac.br\/index.php?rest_route=\/wp\/v2\/users\/1"}],"replies":[{"embeddable":true,"href":"https:\/\/estrategia.ufac.br\/index.php?rest_route=%2Fwp%2Fv2%2Fcomments&post=2565"}],"version-history":[{"count":7,"href":"https:\/\/estrategia.ufac.br\/index.php?rest_route=\/wp\/v2\/pages\/2565\/revisions"}],"predecessor-version":[{"id":3231,"href":"https:\/\/estrategia.ufac.br\/index.php?rest_route=\/wp\/v2\/pages\/2565\/revisions\/3231"}],"wp:attachment":[{"href":"https:\/\/estrategia.ufac.br\/index.php?rest_route=%2Fwp%2Fv2%2Fmedia&parent=2565"}],"curies":[{"name":"wp","href":"https:\/\/api.w.org\/{rel}","templated":true}]}}