{"id":2551,"date":"2026-05-04T14:21:18","date_gmt":"2026-05-04T19:21:18","guid":{"rendered":"https:\/\/estrategia.ufac.br\/?page_id=2551"},"modified":"2026-05-11T23:36:37","modified_gmt":"2026-05-12T04:36:37","slug":"implantacao-do-programa-de-acompanhamento-de-cursos-de-graduacao","status":"publish","type":"page","link":"https:\/\/estrategia.ufac.br\/?page_id=2551","title":{"rendered":"Implanta\u00e7\u00e3o do programa de acompanhamento de cursos de gradua\u00e7\u00e3o"},"content":{"rendered":"\t\t<div data-elementor-type=\"wp-page\" data-elementor-id=\"2551\" class=\"elementor elementor-2551\">\n\t\t\t\t<div class=\"elementor-element elementor-element-8f31b65 e-flex e-con-boxed e-con e-parent\" data-id=\"8f31b65\" data-element_type=\"container\" data-e-type=\"container\">\n\t\t\t\t\t<div class=\"e-con-inner\">\n\t\t\t\t<div class=\"elementor-element elementor-element-77d39fe elementor-widget elementor-widget-heading\" data-id=\"77d39fe\" data-element_type=\"widget\" data-e-type=\"widget\" data-widget_type=\"heading.default\">\n\t\t\t\t<div class=\"elementor-widget-container\">\n\t\t\t\t\t<h2 class=\"elementor-heading-title elementor-size-default\">Unidade Respons\u00e1vel<\/h2>\t\t\t\t<\/div>\n\t\t\t\t<\/div>\n\t\t\t\t<div class=\"elementor-element elementor-element-d43b63e elementor-widget elementor-widget-text-editor\" data-id=\"d43b63e\" data-element_type=\"widget\" data-e-type=\"widget\" data-widget_type=\"text-editor.default\">\n\t\t\t\t<div class=\"elementor-widget-container\">\n\t\t\t\t\t\t\t\t\t<p>PROGRAD &#8211; Pr\u00f3-Reitoria de Gradua\u00e7\u00e3o<\/p>\t\t\t\t\t\t\t\t<\/div>\n\t\t\t\t<\/div>\n\t\t\t\t<div class=\"elementor-element elementor-element-142d6d7 elementor-widget elementor-widget-heading\" data-id=\"142d6d7\" data-element_type=\"widget\" data-e-type=\"widget\" data-widget_type=\"heading.default\">\n\t\t\t\t<div class=\"elementor-widget-container\">\n\t\t\t\t\t<h2 class=\"elementor-heading-title elementor-size-default\">Implanta\u00e7\u00e3o do programa de acompanhamento de cursos de gradua\u00e7\u00e3o<\/h2>\t\t\t\t<\/div>\n\t\t\t\t<\/div>\n\t\t\t\t<div class=\"elementor-element elementor-element-f130586 elementor-widget elementor-widget-text-editor\" data-id=\"f130586\" data-element_type=\"widget\" data-e-type=\"widget\" data-widget_type=\"text-editor.default\">\n\t\t\t\t<div class=\"elementor-widget-container\">\n\t\t\t\t\t\t\t\t\t<div class=\"container-indicador\"><div class=\"titulo-item\">3.1 As a\u00e7\u00f5es acompanham o per\u00edodo de atividades previsto no Calend\u00e1rio Acad\u00eamico da<br \/>Gradua\u00e7\u00e3o da UFAC.<br \/>3.2 O custo das a\u00e7\u00f5es necess\u00e1rias ao cumprimento da referida Iniciativa Estrat\u00e9gica<br \/>restringe-se ao pagamento de di\u00e1rias e passagens para o deslocamento da equipe de<br \/>servidores ao Campus Floresta, em Cruzeiro do Sul. Assim, n\u00e3o h\u00e1 necessidade de previs\u00e3o<br \/>or\u00e7ament\u00e1ria espec\u00edfica, uma vez que as despesas s\u00e3o cobertas pelas dota\u00e7\u00f5es ordin\u00e1rias<br \/>de custeio.<\/div><\/div>\t\t\t\t\t\t\t\t<\/div>\n\t\t\t\t<\/div>\n\t\t\t\t\t<\/div>\n\t\t\t\t<\/div>\n\t\t<div class=\"elementor-element elementor-element-ece5e3a e-grid e-con-boxed e-con e-parent\" data-id=\"ece5e3a\" data-element_type=\"container\" data-e-type=\"container\">\n\t\t\t\t\t<div class=\"e-con-inner\">\n\t\t<div class=\"elementor-element elementor-element-1e95f3e e-con-full e-flex e-con e-child\" data-id=\"1e95f3e\" data-element_type=\"container\" data-e-type=\"container\">\n\t\t\t\t<div class=\"elementor-element elementor-element-ffe2b06 elementor-widget elementor-widget-heading\" data-id=\"ffe2b06\" data-element_type=\"widget\" data-e-type=\"widget\" data-widget_type=\"heading.default\">\n\t\t\t\t<div class=\"elementor-widget-container\">\n\t\t\t\t\t<h2 class=\"elementor-heading-title elementor-size-default\">Respons\u00e1vel pelo preenchimento <\/h2>\t\t\t\t<\/div>\n\t\t\t\t<\/div>\n\t\t\t\t<div class=\"elementor-element elementor-element-23c88d7 elementor-widget elementor-widget-text-editor\" data-id=\"23c88d7\" data-element_type=\"widget\" data-e-type=\"widget\" data-widget_type=\"text-editor.default\">\n\t\t\t\t<div class=\"elementor-widget-container\">\n\t\t\t\t\t\t\t\t\t<p>Profa. Dra. Ednacel\u00ed Abreu Damasceno<\/p>\t\t\t\t\t\t\t\t<\/div>\n\t\t\t\t<\/div>\n\t\t\t\t<\/div>\n\t\t<div class=\"elementor-element elementor-element-f18c33d e-con-full e-flex e-con e-child\" data-id=\"f18c33d\" data-element_type=\"container\" data-e-type=\"container\">\n\t\t\t\t<div class=\"elementor-element elementor-element-4b13a94 elementor-widget elementor-widget-heading\" data-id=\"4b13a94\" data-element_type=\"widget\" data-e-type=\"widget\" data-widget_type=\"heading.default\">\n\t\t\t\t<div class=\"elementor-widget-container\">\n\t\t\t\t\t<h2 class=\"elementor-heading-title elementor-size-default\">Data preenchimento<\/h2>\t\t\t\t<\/div>\n\t\t\t\t<\/div>\n\t\t\t\t<div class=\"elementor-element elementor-element-fc593db elementor-widget elementor-widget-text-editor\" data-id=\"fc593db\" data-element_type=\"widget\" data-e-type=\"widget\" data-widget_type=\"text-editor.default\">\n\t\t\t\t<div class=\"elementor-widget-container\">\n\t\t\t\t\t\t\t\t\t<p>26\/02\/2026<\/p>\t\t\t\t\t\t\t\t<\/div>\n\t\t\t\t<\/div>\n\t\t\t\t<\/div>\n\t\t\t\t\t<\/div>\n\t\t\t\t<\/div>\n\t\t<div class=\"elementor-element elementor-element-b33477a e-flex e-con-boxed e-con e-parent\" data-id=\"b33477a\" data-element_type=\"container\" data-e-type=\"container\">\n\t\t\t\t\t<div class=\"e-con-inner\">\n\t\t<div class=\"elementor-element elementor-element-cbc427b e-con-full e-flex e-con e-child\" data-id=\"cbc427b\" data-element_type=\"container\" data-e-type=\"container\">\n\t\t\t\t<div class=\"elementor-element elementor-element-c90eb25 elementor-widget elementor-widget-heading\" data-id=\"c90eb25\" data-element_type=\"widget\" data-e-type=\"widget\" data-widget_type=\"heading.default\">\n\t\t\t\t<div class=\"elementor-widget-container\">\n\t\t\t\t\t<h2 class=\"elementor-heading-title elementor-size-default\">A\u00e7\u00f5es realizadas em 2025<\/h2>\t\t\t\t<\/div>\n\t\t\t\t<\/div>\n\t\t\t\t<\/div>\n\t\t\t\t\t<\/div>\n\t\t\t\t<\/div>\n\t\t<div class=\"elementor-element elementor-element-7a2776e e-flex e-con-boxed e-con e-parent\" data-id=\"7a2776e\" data-element_type=\"container\" data-e-type=\"container\">\n\t\t\t\t\t<div class=\"e-con-inner\">\n\t\t\t\t<div class=\"elementor-element elementor-element-442af41 elementor-widget elementor-widget-html\" data-id=\"442af41\" data-element_type=\"widget\" data-e-type=\"widget\" data-widget_type=\"html.default\">\n\t\t\t\t<div class=\"elementor-widget-container\">\n\t\t\t\t\t\r\n<style>\r\n  \r\n    table {\r\n        border-collapse: collapse;\r\n        width: 100%;\r\n        color: #333;\r\n        font-size: 14px;\r\n        text-align: left;\r\n    }\r\n\r\n    th {\r\n        font-weight: 600;\r\n        text-transform: uppercase;\r\n        letter-spacing: 0.05em;\r\n        border-bottom: 2px solid #eee;\r\n        padding: 12px 15px;\r\n    }\r\n\r\n    td {\r\n        padding: 12px 15px;\r\n        border-bottom: 1px solid #f0f0f0;\r\n    }\r\n\r\n    tr:last-child td {\r\n        border-bottom: none;\r\n    }\r\n\r\n    tr:hover {\r\n        background-color: #fafafa;\r\n    }\r\n<\/style>\r\n\r\n\r\n<table>\r\n    <thead>\r\n        <tr>\r\n            <th>A\u00c7\u00c3O<\/th>\r\n            <th>PRAZO INICIO<\/th>\r\n            <th>PRAZO FIM<\/th>\r\n            <th>CUSTO<\/th>\r\n            <th>STATUS<\/th>\r\n        <\/tr>\r\n    <\/thead>\r\n    <tbody>\r\n        <tr>\r\n            <td>A\u00e7\u00e3o 1 \u2013 Elabora\u00e7\u00e3o do Plano\r\n                Anual de Monitoramento dos\r\n                Cursos de Gradua\u00e7\u00e3o com o\r\n                objetivo de identificar as\r\n                demandas e conhecer as\r\n                dificuldades enfrentadas pelas\r\n                unidades e subunidades\r\n                acad\u00eamicas da Ufac - Plano de\r\n                A\u00e7\u00e3o.<\/td>\r\n            <td>2024<\/td>\r\n            <td>2025<\/td>\r\n            <td>-<\/td>\r\n            <td>Conclu\u00edda<\/td>\r\n        <\/tr>\r\n\r\n        <tr>\r\n            <td>A\u00e7\u00e3o 2 - Aplica\u00e7\u00e3o do Plano de\r\n            A\u00e7\u00e3o aos Curso de Gradua\u00e7\u00e3o<\/td>\r\n            <td>Permanente\r\n            (anual)<\/td>\r\n            <td>Permanente\r\n        (anual)<\/td>\r\n            <td>-<\/td>\r\n            <td>Em\r\n        execu\u00e7\u00e3o<\/td>\r\n        <\/tr>\r\n        \r\n        <tr>\r\n            <td>A\u00e7\u00e3o 3 - An\u00e1lises sobre os\r\n        processos de gest\u00e3o acad\u00eamica e\r\n        administrativa dos cursos de\r\n        gradua\u00e7\u00e3o, de modo a subsidiar tomada de decis\u00f5es e a\r\n        constru\u00e7\u00e3o de pol\u00edticas\r\n        institucionais em prol de\r\n        processos de inova\u00e7\u00e3o e\r\n        qualidade do ensino e da\r\n        aprendizagem.<\/td>\r\n            <td>Permanente\r\n(anual)<\/td>\r\n            <td>Permanente\r\n(anual)<\/td>\r\n            <td>-<\/td>\r\n            <td>Em\r\n        execu\u00e7\u00e3o<\/td>\r\n        <\/tr>\r\n        \r\n        <tr>\r\n            <td>A\u00e7\u00e3o 4 \u2013 Rodadas semestrais de\r\n                Visitas de Acompanhamento da\r\n                equipe da Diretoria de Apoio e\r\n                Desenvolvimento de Ensino da\r\n                Prograd aos cursos de gradua\u00e7\u00e3o\r\n                da Ufac (reuni\u00f5es e\r\n                acompanhamento dos planos\r\n                pactuados).<\/td>\r\n            <td>Durante os\r\n            semestres\r\n            letivos*<\/td>\r\n            <td>Permanente<br>(Semestral)<\/td>\r\n            <td>-<\/td>\r\n            <td>Conclu\u00edda<\/td>\r\n        <\/tr>\r\n        \r\n        <tr>\r\n            <td>A\u00e7\u00e3o 5 - Acompanhamento,\r\n            monitoramento e avalia\u00e7\u00e3o do\r\n            Plano de a\u00e7\u00e3o estabelecido para\r\n            cada curso de gradua\u00e7\u00e3o da Ufac,\r\n            conforme seus indicadores de\r\n            qualidade - (coleta, diagn\u00f3stico,\r\n            devolutivas e pactua\u00e7\u00e3o de\r\n            planos) \u2013 edi\u00e7\u00f5es anuais<\/td>\r\n            <td>Durante os\r\n            semestres\r\n            letivos*<\/td>\r\n                        <td>Permanente\r\n            (Semestral)<\/td>\r\n            <td>-<\/td>\r\n            <td>Em execu\u00e7\u00e3o<\/td>\r\n        <\/tr>\r\n        \r\n        <tr>\r\n            <td>A\u00e7\u00e3o 6 - Publicar Relat\u00f3rio Anual\r\n            do Programa (s\u00edntese\r\n            institucional + devolutivas por\r\n            unidade) e agenda de prioridades\r\n            do ano seguinte<\/td>\r\n            <td>mar\u00e7o\/2026<\/td>\r\n            <td>abril\/2026<\/td>\r\n            <td>-<\/td>\r\n            <td>Em execu\u00e7\u00e3o<\/td>\r\n        <\/tr>\r\n        \r\n        <tr>\r\n            <td>A\u00e7\u00e3o 7 - Defini\u00e7\u00e3o da governan\u00e7a\r\n            do Programa (elaborar portaria,\r\n            criar comit\u00ea, definir pap\u00e9is e fluxo\r\n            de atendimento \u00e0s unidades e\r\n            cursos, calend\u00e1rio anual)<\/td>\r\n            <td>mar\u00e7o\/2026<\/td>\r\n            <td>junho\/2026<\/td>\r\n            <td>-<\/td>\r\n            <td>N\u00e3o\r\n            iniciada<\/td>\r\n        <\/tr>\r\n        <tr>\r\n            <td>A\u00e7\u00e3o 8 - Cria\u00e7\u00e3o da Matriz de\r\n            indicadores - [Ocupa\u00e7\u00e3o de\r\n            vagas; Evas\u00e3o \/ reten\u00e7\u00e3o;\r\n            Sucesso; tempo de\r\n            integraliza\u00e7\u00e3o; Reprova\u00e7\u00e3o em\r\n            disciplinas-gargalo; Avalia\u00e7\u00e3o\r\n            interna discente (m\u00e9dia + taxa de\r\n            resposta); Situa\u00e7\u00e3o de avalia\u00e7\u00e3o\r\n            externa (quando houver); Status\r\n            do PPC + conformidade (DCNs,curriculariza\u00e7\u00e3o da extens\u00e3o,\r\n            normas vigentes)]<\/td>\r\n            <td>mar\u00e7o\/2026<\/td>\r\n            <td>dezembro\/2026<\/td>\r\n            <td>-<\/td>\r\n            <td>N\u00e3o iniciada<\/td>\r\n        <\/tr>\r\n        <tr>\r\n            <td>A\u00e7\u00e3o 10 - Publica\u00e7\u00e3o de\r\n                calend\u00e1rio anual do\r\n                acompanhamento dos cursos\r\n                (por unidade\/curso)<\/td>\r\n            <td>abril\/2026<\/td>\r\n            <td>maio\/2026<\/td>\r\n            <td>-<\/td>\r\n            <td>N\u00e3o iniciada<\/td>\r\n        <\/tr>\r\n        <tr>\r\n            <td>A\u00e7\u00e3o 11 - Implanta\u00e7\u00e3o do Painel\r\n                Gerencial do Programa\r\n                (dashboards por unidade\/curso)\r\n                integrado ao Observat\u00f3rio de\r\n                Dados da Gradua\u00e7\u00e3o \u2013 ODG.<\/td>\r\n            <td>mar\u00e7o\/2026<\/td>\r\n            <td>dezembro\/2026<\/td>\r\n            <td>-<\/td>\r\n            <td>N\u00e3o iniciada<\/td>\r\n        <\/tr>\r\n        <tr>\r\n            <td>A\u00e7\u00e3o 12 - Cria\u00e7\u00e3o e manuten\u00e7\u00e3o\r\n                de reposit\u00f3rio de boas pr\u00e1ticas e\r\n                solu\u00e7\u00f5es (modelos, FAQs, cases,\r\n                banco de interven\u00e7\u00f5es) sob\r\n                responsabilidade da PROGRAD<\/td>\r\n            <td>mar\u00e7o\/2026<\/td>\r\n            <td>dezembro\/2026<\/td>\r\n            <td>-<\/td>\r\n            <td>N\u00e3o\r\niniciada<\/td>\r\n        <\/tr>\r\n    <\/tbody>\r\n<\/table>\r\n\t\t\t\t<\/div>\n\t\t\t\t<\/div>\n\t\t\t\t<div class=\"elementor-element elementor-element-b980cb2 elementor-widget elementor-widget-spacer\" data-id=\"b980cb2\" data-element_type=\"widget\" data-e-type=\"widget\" data-widget_type=\"spacer.default\">\n\t\t\t\t<div class=\"elementor-widget-container\">\n\t\t\t\t\t\t\t<div class=\"elementor-spacer\">\n\t\t\t<div class=\"elementor-spacer-inner\"><\/div>\n\t\t<\/div>\n\t\t\t\t\t\t<\/div>\n\t\t\t\t<\/div>\n\t\t\t\t\t<\/div>\n\t\t\t\t<\/div>\n\t\t<div class=\"elementor-element elementor-element-9737a8c e-flex e-con-boxed e-con e-parent\" data-id=\"9737a8c\" data-element_type=\"container\" data-e-type=\"container\">\n\t\t\t\t\t<div class=\"e-con-inner\">\n\t\t\t\t<div class=\"elementor-element elementor-element-5dc14d2 elementor-widget elementor-widget-html\" data-id=\"5dc14d2\" data-element_type=\"widget\" data-e-type=\"widget\" data-widget_type=\"html.default\">\n\t\t\t\t<div class=\"elementor-widget-container\">\n\t\t\t\t\t<style>\r\n\r\n        .cartao {\r\n            background: #fff;\r\n            padding: 20px;\r\n            border-radius: 12px;\r\n            width: 400px;\r\n            box-shadow: 0 4px 15px rgba(0,0,0,0.3);\r\n        }\r\n\r\n        .titulo {\r\n            font-weight: bold;\r\n            font-size: 14px;\r\n            color: #333;\r\n            margin-bottom: 5px;\r\n            display: block;\r\n        }\r\n\r\n\r\n        .fundo-barra {\r\n            background: #eee;\r\n            height: 10px;\r\n            border-radius: 5px;\r\n            overflow: hidden;\r\n            margin-bottom: 10px;\r\n        }\r\n\r\n        .progresso {\r\n            background: #000080;\r\n            height: 100%;\r\n            width: 58%; \r\n            animation: carregar 1.5s ease-out;\r\n        }\r\n\r\n        .valor {\r\n            text-align: right;\r\n            font-size: 24px;\r\n            font-weight: 800;\r\n            color: #000080;\r\n        }\r\n\r\n        @keyframes carregar {\r\n            from { width: 0; }\r\n        }\r\n    <\/style>\r\n\r\n<div>\r\n\r\n    <div class=\"cartao\">\r\n        <div class=\"titulo\">EVOLU\u00c7\u00c3O DA INICIATIVA<\/div>\r\n        <div class=\"fundo-barra\">\r\n            <div class=\"progresso\"><\/div>\r\n        <\/div>\r\n\r\n        <div class=\"valor\">58%<\/div>\r\n    <\/div>\r\n\r\n<\/div>\t\t\t\t<\/div>\n\t\t\t\t<\/div>\n\t\t\t\t\t<\/div>\n\t\t\t\t<\/div>\n\t\t\t\t<\/div>\n\t\t","protected":false},"excerpt":{"rendered":"<p>Unidade Respons\u00e1vel PROGRAD &#8211; Pr\u00f3-Reitoria de Gradua\u00e7\u00e3o Implanta\u00e7\u00e3o do programa de acompanhamento de cursos de gradua\u00e7\u00e3o 3.1 As a\u00e7\u00f5es acompanham o per\u00edodo de atividades previsto no Calend\u00e1rio Acad\u00eamico daGradua\u00e7\u00e3o da UFAC.3.2 O custo das a\u00e7\u00f5es necess\u00e1rias ao cumprimento da referida Iniciativa Estrat\u00e9gicarestringe-se ao pagamento de di\u00e1rias e passagens para o deslocamento da equipe deservidores ao&hellip; <a class=\"more-link\" href=\"https:\/\/estrategia.ufac.br\/?page_id=2551\">Continue lendo <span class=\"screen-reader-text\">Implanta\u00e7\u00e3o do programa de acompanhamento de cursos de gradua\u00e7\u00e3o<\/span><\/a><\/p>\n","protected":false},"author":1,"featured_media":0,"parent":0,"menu_order":0,"comment_status":"closed","ping_status":"closed","template":"","meta":{"footnotes":""},"class_list":["post-2551","page","type-page","status-publish","hentry","entry"],"_links":{"self":[{"href":"https:\/\/estrategia.ufac.br\/index.php?rest_route=\/wp\/v2\/pages\/2551"}],"collection":[{"href":"https:\/\/estrategia.ufac.br\/index.php?rest_route=\/wp\/v2\/pages"}],"about":[{"href":"https:\/\/estrategia.ufac.br\/index.php?rest_route=\/wp\/v2\/types\/page"}],"author":[{"embeddable":true,"href":"https:\/\/estrategia.ufac.br\/index.php?rest_route=\/wp\/v2\/users\/1"}],"replies":[{"embeddable":true,"href":"https:\/\/estrategia.ufac.br\/index.php?rest_route=%2Fwp%2Fv2%2Fcomments&post=2551"}],"version-history":[{"count":7,"href":"https:\/\/estrategia.ufac.br\/index.php?rest_route=\/wp\/v2\/pages\/2551\/revisions"}],"predecessor-version":[{"id":3228,"href":"https:\/\/estrategia.ufac.br\/index.php?rest_route=\/wp\/v2\/pages\/2551\/revisions\/3228"}],"wp:attachment":[{"href":"https:\/\/estrategia.ufac.br\/index.php?rest_route=%2Fwp%2Fv2%2Fmedia&parent=2551"}],"curies":[{"name":"wp","href":"https:\/\/api.w.org\/{rel}","templated":true}]}}