{"id":2537,"date":"2026-05-04T13:48:38","date_gmt":"2026-05-04T18:48:38","guid":{"rendered":"https:\/\/estrategia.ufac.br\/?page_id=2537"},"modified":"2026-05-11T23:36:13","modified_gmt":"2026-05-12T04:36:13","slug":"programa-de-formacao-continuada-de-professores","status":"publish","type":"page","link":"https:\/\/estrategia.ufac.br\/?page_id=2537","title":{"rendered":"programa de forma\u00e7\u00e3o continuada de professores"},"content":{"rendered":"\t\t<div data-elementor-type=\"wp-page\" data-elementor-id=\"2537\" class=\"elementor elementor-2537\">\n\t\t\t\t<div class=\"elementor-element elementor-element-d0fba08 e-flex e-con-boxed e-con e-parent\" data-id=\"d0fba08\" data-element_type=\"container\" data-e-type=\"container\">\n\t\t\t\t\t<div class=\"e-con-inner\">\n\t\t\t\t<div class=\"elementor-element elementor-element-fdda7bc elementor-widget elementor-widget-heading\" data-id=\"fdda7bc\" data-element_type=\"widget\" data-e-type=\"widget\" data-widget_type=\"heading.default\">\n\t\t\t\t<div class=\"elementor-widget-container\">\n\t\t\t\t\t<h2 class=\"elementor-heading-title elementor-size-default\">Unidade Respons\u00e1vel<\/h2>\t\t\t\t<\/div>\n\t\t\t\t<\/div>\n\t\t\t\t<div class=\"elementor-element elementor-element-8e30813 elementor-widget elementor-widget-text-editor\" data-id=\"8e30813\" data-element_type=\"widget\" data-e-type=\"widget\" data-widget_type=\"text-editor.default\">\n\t\t\t\t<div class=\"elementor-widget-container\">\n\t\t\t\t\t\t\t\t\t<p>PROGRAD &#8211; Pr\u00f3-Reitoria de Gradua\u00e7\u00e3o<\/p>\t\t\t\t\t\t\t\t<\/div>\n\t\t\t\t<\/div>\n\t\t\t\t<div class=\"elementor-element elementor-element-617c639 elementor-widget elementor-widget-heading\" data-id=\"617c639\" data-element_type=\"widget\" data-e-type=\"widget\" data-widget_type=\"heading.default\">\n\t\t\t\t<div class=\"elementor-widget-container\">\n\t\t\t\t\t<h2 class=\"elementor-heading-title elementor-size-default\">Programa de forma\u00e7\u00e3o continuada de professores<\/h2>\t\t\t\t<\/div>\n\t\t\t\t<\/div>\n\t\t\t\t<div class=\"elementor-element elementor-element-2f3ec4c elementor-widget elementor-widget-text-editor\" data-id=\"2f3ec4c\" data-element_type=\"widget\" data-e-type=\"widget\" data-widget_type=\"text-editor.default\">\n\t\t\t\t<div class=\"elementor-widget-container\">\n\t\t\t\t\t\t\t\t\t<p>fortalecimento do programa de forma\u00e7\u00e3o continuada de professores (escola de forma\u00e7\u00e3o da doc\u00eancia universit\u00e1ria)<\/p>\t\t\t\t\t\t\t\t<\/div>\n\t\t\t\t<\/div>\n\t\t\t\t\t<\/div>\n\t\t\t\t<\/div>\n\t\t<div class=\"elementor-element elementor-element-acb8b64 e-grid e-con-boxed e-con e-parent\" data-id=\"acb8b64\" data-element_type=\"container\" data-e-type=\"container\">\n\t\t\t\t\t<div class=\"e-con-inner\">\n\t\t<div class=\"elementor-element elementor-element-d1b416b e-con-full e-flex e-con e-child\" data-id=\"d1b416b\" data-element_type=\"container\" data-e-type=\"container\">\n\t\t\t\t<div class=\"elementor-element elementor-element-b7e4912 elementor-widget elementor-widget-heading\" data-id=\"b7e4912\" data-element_type=\"widget\" data-e-type=\"widget\" data-widget_type=\"heading.default\">\n\t\t\t\t<div class=\"elementor-widget-container\">\n\t\t\t\t\t<h2 class=\"elementor-heading-title elementor-size-default\">Respons\u00e1vel pelo preenchimento <\/h2>\t\t\t\t<\/div>\n\t\t\t\t<\/div>\n\t\t\t\t<div class=\"elementor-element elementor-element-8cf737d elementor-widget elementor-widget-text-editor\" data-id=\"8cf737d\" data-element_type=\"widget\" data-e-type=\"widget\" data-widget_type=\"text-editor.default\">\n\t\t\t\t<div class=\"elementor-widget-container\">\n\t\t\t\t\t\t\t\t\t<p>Profa. Dra. Ednacel\u00ed Abreu Damasceno<\/p>\t\t\t\t\t\t\t\t<\/div>\n\t\t\t\t<\/div>\n\t\t\t\t<\/div>\n\t\t<div class=\"elementor-element elementor-element-1d9b5d5 e-con-full e-flex e-con e-child\" data-id=\"1d9b5d5\" data-element_type=\"container\" data-e-type=\"container\">\n\t\t\t\t<div class=\"elementor-element elementor-element-445c4da elementor-widget elementor-widget-heading\" data-id=\"445c4da\" data-element_type=\"widget\" data-e-type=\"widget\" data-widget_type=\"heading.default\">\n\t\t\t\t<div class=\"elementor-widget-container\">\n\t\t\t\t\t<h2 class=\"elementor-heading-title elementor-size-default\">Data preenchimento<\/h2>\t\t\t\t<\/div>\n\t\t\t\t<\/div>\n\t\t\t\t<div class=\"elementor-element elementor-element-dacca46 elementor-widget elementor-widget-text-editor\" data-id=\"dacca46\" data-element_type=\"widget\" data-e-type=\"widget\" data-widget_type=\"text-editor.default\">\n\t\t\t\t<div class=\"elementor-widget-container\">\n\t\t\t\t\t\t\t\t\t<p>26\/02\/2026<\/p>\t\t\t\t\t\t\t\t<\/div>\n\t\t\t\t<\/div>\n\t\t\t\t<\/div>\n\t\t\t\t\t<\/div>\n\t\t\t\t<\/div>\n\t\t<div class=\"elementor-element elementor-element-e3f95bf e-flex e-con-boxed e-con e-parent\" data-id=\"e3f95bf\" data-element_type=\"container\" data-e-type=\"container\">\n\t\t\t\t\t<div class=\"e-con-inner\">\n\t\t<div class=\"elementor-element elementor-element-50b6926 e-con-full e-flex e-con e-child\" data-id=\"50b6926\" data-element_type=\"container\" data-e-type=\"container\">\n\t\t\t\t<div class=\"elementor-element elementor-element-5432276 elementor-widget elementor-widget-heading\" data-id=\"5432276\" data-element_type=\"widget\" data-e-type=\"widget\" data-widget_type=\"heading.default\">\n\t\t\t\t<div class=\"elementor-widget-container\">\n\t\t\t\t\t<h2 class=\"elementor-heading-title elementor-size-default\">A\u00e7\u00f5es realizadas em 2025<\/h2>\t\t\t\t<\/div>\n\t\t\t\t<\/div>\n\t\t\t\t<\/div>\n\t\t\t\t\t<\/div>\n\t\t\t\t<\/div>\n\t\t<div class=\"elementor-element elementor-element-89ed656 e-flex e-con-boxed e-con e-parent\" data-id=\"89ed656\" data-element_type=\"container\" data-e-type=\"container\">\n\t\t\t\t\t<div class=\"e-con-inner\">\n\t\t\t\t<div class=\"elementor-element elementor-element-e2add00 elementor-widget elementor-widget-html\" data-id=\"e2add00\" data-element_type=\"widget\" data-e-type=\"widget\" data-widget_type=\"html.default\">\n\t\t\t\t<div class=\"elementor-widget-container\">\n\t\t\t\t\t\r\n<style>\r\n  \r\n    table {\r\n        border-collapse: collapse;\r\n        width: 100%;\r\n        color: #333;\r\n        font-size: 14px;\r\n        text-align: left;\r\n    }\r\n\r\n    th {\r\n        font-weight: 600;\r\n        text-transform: uppercase;\r\n        letter-spacing: 0.05em;\r\n        border-bottom: 2px solid #eee;\r\n        padding: 12px 15px;\r\n    }\r\n\r\n    td {\r\n        padding: 12px 15px;\r\n        border-bottom: 1px solid #f0f0f0;\r\n    }\r\n\r\n    tr:last-child td {\r\n        border-bottom: none;\r\n    }\r\n\r\n    tr:hover {\r\n        background-color: #fafafa;\r\n    }\r\n<\/style>\r\n\r\n\r\n<table>\r\n    <thead>\r\n        <tr>\r\n            <th>A\u00c7\u00c3O<\/th>\r\n            <th>PRAZO INICIO<\/th>\r\n            <th>PRAZO FIM<\/th>\r\n            <th>CUSTO<\/th>\r\n            <th>STATUS<\/th>\r\n        <\/tr>\r\n    <\/thead>\r\n    <tbody>\r\n        <tr>\r\n            <td>A\u00e7\u00e3o 1 - Realiza\u00e7\u00e3o de diagn\u00f3stico<br>\r\n                anual de necessidades formativas<\/td>\r\n            <td>Abril\/2025<\/td>\r\n            <td>Diagn\u00f3stico\r\n            previsto<br> para\r\n            segunda<br>\r\n            quinzena do\r\n            m\u00eas de\r\n            mar\u00e7o\/2026<\/td>\r\n            <td>-<\/td>\r\n            <td>Em\r\n            execu\u00e7\u00e3o<\/td>\r\n        <\/tr>\r\n\r\n        <tr>\r\n            <td>A\u00e7\u00e3o 2 - Publica\u00e7\u00e3o do Cat\u00e1logo<br>\r\n            Anual de Forma\u00e7\u00e3o EFDU (trilhas,<br>\r\n            ementas, carga hor\u00e1ria, p\u00fablico,<br>\r\n            certifica\u00e7\u00e3o, calend\u00e1rio)<\/td>\r\n            <td>2026<\/td>\r\n            <td>2026<\/td>\r\n            <td>-<\/td>\r\n            <td>N\u00e3o\r\n            iniciada<\/td>\r\n        <\/tr>\r\n        \r\n        <tr>\r\n            <td>A\u00e7\u00e3o 3 \u2013 Implementa\u00e7\u00e3o de Trilhas<br>\r\n                Formativas em Educa\u00e7\u00e3o Inclusiva<br>\r\n                para Docentes da Gradua\u00e7\u00e3o<\/td>\r\n            <td>2025<\/td>\r\n            <td>2026<\/td>\r\n            <td>-<\/td>\r\n            <td>N\u00e3o iniciada<\/td>\r\n        <\/tr>\r\n        \r\n        <tr>\r\n            <td>A\u00e7\u00e3o 4 \u2013 Realiza\u00e7\u00e3o do \u201cCiclo de<br>\r\n                Ambienta\u00e7\u00e3o Acad\u00eamica\u201d para<br>\r\n                docentes ingressantes e<br> substitutos (did\u00e1tica universit\u00e1ria,<br>\r\n                planejamento, avalia\u00e7\u00e3o, \u00e9tica e<br>\r\n                normas acad\u00eamicas)<\/td>\r\n            <td>2025<\/td>\r\n            <td>Permanente<br>(Anualmente)<\/td>\r\n            <td>-<\/td>\r\n            <td>Em execu\u00e7\u00e3o<\/td>\r\n        <\/tr>\r\n        \r\n        <tr>\r\n            <td>A\u00e7\u00e3o 5 - Cria\u00e7\u00e3o de Banco de<br>\r\n            Recursos Did\u00e1ticos EFDU<br> (modelos\r\n            de plano de ensino,<br> instrumentos\r\n            avaliativos,<br> metodologias ativas,\r\n            guias)<\/td>\r\n            <td>2026<\/td>\r\n            <td>2026<\/td>\r\n            <td>-<\/td>\r\n            <td>Em execu\u00e7\u00e3o<\/td>\r\n        <\/tr>\r\n        \r\n        <tr>\r\n            <td>A\u00e7\u00e3o 6 \u2013 Institucionaliza\u00e7\u00e3o da<br>\r\n                Jornada Pedag\u00f3gica da EFDU<br>\r\n                (evento semestral: mesas,<br> oficinas,\r\n                pr\u00e1ticas exitosas,<br> mostra\r\n                pedag\u00f3gica)<\/td>\r\n            <td>As Jornadas\r\n            Pedag\u00f3gicas<br>\r\n            s\u00e3o\r\n            realizadas\r\n            anualmente<br>\r\n            desde 2022<\/td>\r\n            <td>2026<br>\r\n            Prevista para\r\n            maio\r\n            <br>(aguardando\r\n            o calend\u00e1rio\r\n            acad\u00eamico)<\/td>\r\n            <td>-<\/td>\r\n            <td>Em execu\u00e7\u00e3o<\/td>\r\n        <\/tr>\r\n        \r\n        <tr>\r\n            <td>A\u00e7\u00e3o 7 \u2013 Oferta de minicursos<br> e\r\n            oficinas de interven\u00e7\u00e3o por<br>\r\n            demandas espec\u00edficas<\/td>\r\n            <td>Setembro\/\r\n            2025<br> oferta\r\n            de\r\n            minicursos:<br>\r\n            LIBRAS (Rio\r\n            Branco e em\r\n            Cruzeiro do\r\n            Sul)<\/td>\r\n            <td>Permanente<\/td>\r\n            <td>-<\/td>\r\n            <td>Em execu\u00e7\u00e3o<\/td>\r\n        <\/tr>\r\n    <\/tbody>\r\n<\/table>\r\n\t\t\t\t<\/div>\n\t\t\t\t<\/div>\n\t\t\t\t<div class=\"elementor-element elementor-element-b3fb01d elementor-widget elementor-widget-spacer\" data-id=\"b3fb01d\" data-element_type=\"widget\" data-e-type=\"widget\" data-widget_type=\"spacer.default\">\n\t\t\t\t<div class=\"elementor-widget-container\">\n\t\t\t\t\t\t\t<div class=\"elementor-spacer\">\n\t\t\t<div class=\"elementor-spacer-inner\"><\/div>\n\t\t<\/div>\n\t\t\t\t\t\t<\/div>\n\t\t\t\t<\/div>\n\t\t\t\t\t<\/div>\n\t\t\t\t<\/div>\n\t\t<div class=\"elementor-element elementor-element-0e899ab e-flex e-con-boxed e-con e-parent\" data-id=\"0e899ab\" data-element_type=\"container\" data-e-type=\"container\">\n\t\t\t\t\t<div class=\"e-con-inner\">\n\t\t\t\t<div class=\"elementor-element elementor-element-63bea00 elementor-widget elementor-widget-html\" data-id=\"63bea00\" data-element_type=\"widget\" data-e-type=\"widget\" data-widget_type=\"html.default\">\n\t\t\t\t<div class=\"elementor-widget-container\">\n\t\t\t\t\t<style>\r\n\r\n        .cartao {\r\n            background: #fff;\r\n            padding: 20px;\r\n            border-radius: 12px;\r\n            width: 400px;\r\n            box-shadow: 0 4px 15px rgba(0,0,0,0.3);\r\n        }\r\n\r\n        .titulo {\r\n            font-weight: bold;\r\n            font-size: 14px;\r\n            color: #333;\r\n            margin-bottom: 5px;\r\n            display: block;\r\n        }\r\n\r\n\r\n        .fundo-barra {\r\n            background: #eee;\r\n            height: 10px;\r\n            border-radius: 5px;\r\n            overflow: hidden;\r\n            margin-bottom: 10px;\r\n        }\r\n\r\n        .progresso {\r\n            background: #000080;\r\n            height: 100%;\r\n            width: 71%; \r\n            animation: carregar 1.5s ease-out;\r\n        }\r\n\r\n        .valor {\r\n            text-align: right;\r\n            font-size: 24px;\r\n            font-weight: 800;\r\n            color: #000080;\r\n        }\r\n\r\n        @keyframes carregar {\r\n            from { width: 0; }\r\n        }\r\n    <\/style>\r\n\r\n<div>\r\n\r\n    <div class=\"cartao\">\r\n        <div class=\"titulo\">EVOLU\u00c7\u00c3O DA INICIATIVA<\/div>\r\n        <div class=\"fundo-barra\">\r\n            <div class=\"progresso\"><\/div>\r\n        <\/div>\r\n\r\n        <div class=\"valor\">71%<\/div>\r\n    <\/div>\r\n\r\n<\/div>\t\t\t\t<\/div>\n\t\t\t\t<\/div>\n\t\t\t\t\t<\/div>\n\t\t\t\t<\/div>\n\t\t\t\t<\/div>\n\t\t","protected":false},"excerpt":{"rendered":"<p>Unidade Respons\u00e1vel PROGRAD &#8211; Pr\u00f3-Reitoria de Gradua\u00e7\u00e3o Programa de forma\u00e7\u00e3o continuada de professores fortalecimento do programa de forma\u00e7\u00e3o continuada de professores (escola de forma\u00e7\u00e3o da doc\u00eancia universit\u00e1ria) Respons\u00e1vel pelo preenchimento Profa. Dra. Ednacel\u00ed Abreu Damasceno Data preenchimento 26\/02\/2026 A\u00e7\u00f5es realizadas em 2025 A\u00c7\u00c3O PRAZO INICIO PRAZO FIM CUSTO STATUS A\u00e7\u00e3o 1 &#8211; Realiza\u00e7\u00e3o de diagn\u00f3stico&hellip; <a class=\"more-link\" href=\"https:\/\/estrategia.ufac.br\/?page_id=2537\">Continue lendo <span class=\"screen-reader-text\">programa de forma\u00e7\u00e3o continuada de professores<\/span><\/a><\/p>\n","protected":false},"author":1,"featured_media":0,"parent":0,"menu_order":0,"comment_status":"closed","ping_status":"closed","template":"","meta":{"footnotes":""},"class_list":["post-2537","page","type-page","status-publish","hentry","entry"],"_links":{"self":[{"href":"https:\/\/estrategia.ufac.br\/index.php?rest_route=\/wp\/v2\/pages\/2537"}],"collection":[{"href":"https:\/\/estrategia.ufac.br\/index.php?rest_route=\/wp\/v2\/pages"}],"about":[{"href":"https:\/\/estrategia.ufac.br\/index.php?rest_route=\/wp\/v2\/types\/page"}],"author":[{"embeddable":true,"href":"https:\/\/estrategia.ufac.br\/index.php?rest_route=\/wp\/v2\/users\/1"}],"replies":[{"embeddable":true,"href":"https:\/\/estrategia.ufac.br\/index.php?rest_route=%2Fwp%2Fv2%2Fcomments&post=2537"}],"version-history":[{"count":13,"href":"https:\/\/estrategia.ufac.br\/index.php?rest_route=\/wp\/v2\/pages\/2537\/revisions"}],"predecessor-version":[{"id":3219,"href":"https:\/\/estrategia.ufac.br\/index.php?rest_route=\/wp\/v2\/pages\/2537\/revisions\/3219"}],"wp:attachment":[{"href":"https:\/\/estrategia.ufac.br\/index.php?rest_route=%2Fwp%2Fv2%2Fmedia&parent=2537"}],"curies":[{"name":"wp","href":"https:\/\/api.w.org\/{rel}","templated":true}]}}