{"id":2502,"date":"2026-04-30T10:49:28","date_gmt":"2026-04-30T15:49:28","guid":{"rendered":"https:\/\/estrategia.ufac.br\/?page_id=2502"},"modified":"2026-05-11T23:38:24","modified_gmt":"2026-05-12T04:38:24","slug":"criacao-do-portal-de-egressos-da-ufac","status":"publish","type":"page","link":"https:\/\/estrategia.ufac.br\/?page_id=2502","title":{"rendered":"Cria\u00e7\u00e3o do portal de egressos da Ufac"},"content":{"rendered":"\t\t<div data-elementor-type=\"wp-page\" data-elementor-id=\"2502\" class=\"elementor elementor-2502\">\n\t\t\t\t<div class=\"elementor-element elementor-element-e1e9881 e-flex e-con-boxed e-con e-parent\" data-id=\"e1e9881\" data-element_type=\"container\" data-e-type=\"container\">\n\t\t\t\t\t<div class=\"e-con-inner\">\n\t\t\t\t<div class=\"elementor-element elementor-element-8c040e3 elementor-widget elementor-widget-heading\" data-id=\"8c040e3\" data-element_type=\"widget\" data-e-type=\"widget\" data-widget_type=\"heading.default\">\n\t\t\t\t<div class=\"elementor-widget-container\">\n\t\t\t\t\t<h2 class=\"elementor-heading-title elementor-size-default\">Unidade Respons\u00e1vel<\/h2>\t\t\t\t<\/div>\n\t\t\t\t<\/div>\n\t\t\t\t<div class=\"elementor-element elementor-element-d3e9c02 elementor-widget elementor-widget-text-editor\" data-id=\"d3e9c02\" data-element_type=\"widget\" data-e-type=\"widget\" data-widget_type=\"text-editor.default\">\n\t\t\t\t<div class=\"elementor-widget-container\">\n\t\t\t\t\t\t\t\t\t<p>PROGRAD &#8211; Pr\u00f3-Reitoria de Gradua\u00e7\u00e3o<\/p>\t\t\t\t\t\t\t\t<\/div>\n\t\t\t\t<\/div>\n\t\t\t\t<div class=\"elementor-element elementor-element-2df047c elementor-widget elementor-widget-heading\" data-id=\"2df047c\" data-element_type=\"widget\" data-e-type=\"widget\" data-widget_type=\"heading.default\">\n\t\t\t\t<div class=\"elementor-widget-container\">\n\t\t\t\t\t<h2 class=\"elementor-heading-title elementor-size-default\">Portal de egressos da Ufac<\/h2>\t\t\t\t<\/div>\n\t\t\t\t<\/div>\n\t\t\t\t<div class=\"elementor-element elementor-element-8b58fe5 elementor-widget elementor-widget-text-editor\" data-id=\"8b58fe5\" data-element_type=\"widget\" data-e-type=\"widget\" data-widget_type=\"text-editor.default\">\n\t\t\t\t<div class=\"elementor-widget-container\">\n\t\t\t\t\t\t\t\t\t<div class=\"container-indicador\"><div class=\"titulo-item\">Cria\u00e7\u00e3o do portal de egressos da Ufac<\/div><\/div>\t\t\t\t\t\t\t\t<\/div>\n\t\t\t\t<\/div>\n\t\t\t\t\t<\/div>\n\t\t\t\t<\/div>\n\t\t<div class=\"elementor-element elementor-element-1c7a084 e-grid e-con-boxed e-con e-parent\" data-id=\"1c7a084\" data-element_type=\"container\" data-e-type=\"container\">\n\t\t\t\t\t<div class=\"e-con-inner\">\n\t\t<div class=\"elementor-element elementor-element-1a62850 e-con-full e-flex e-con e-child\" data-id=\"1a62850\" data-element_type=\"container\" data-e-type=\"container\">\n\t\t\t\t<div class=\"elementor-element elementor-element-fb9bbbf elementor-widget elementor-widget-heading\" data-id=\"fb9bbbf\" data-element_type=\"widget\" data-e-type=\"widget\" data-widget_type=\"heading.default\">\n\t\t\t\t<div class=\"elementor-widget-container\">\n\t\t\t\t\t<h2 class=\"elementor-heading-title elementor-size-default\">Respons\u00e1vel pelo preenchimento <\/h2>\t\t\t\t<\/div>\n\t\t\t\t<\/div>\n\t\t\t\t<div class=\"elementor-element elementor-element-9939577 elementor-widget elementor-widget-text-editor\" data-id=\"9939577\" data-element_type=\"widget\" data-e-type=\"widget\" data-widget_type=\"text-editor.default\">\n\t\t\t\t<div class=\"elementor-widget-container\">\n\t\t\t\t\t\t\t\t\t<p>Profa. Dra. Ednacel\u00ed Abreu Damasceno<\/p>\t\t\t\t\t\t\t\t<\/div>\n\t\t\t\t<\/div>\n\t\t\t\t<\/div>\n\t\t<div class=\"elementor-element elementor-element-6e4c52a e-con-full e-flex e-con e-child\" data-id=\"6e4c52a\" data-element_type=\"container\" data-e-type=\"container\">\n\t\t\t\t<div class=\"elementor-element elementor-element-ee9a080 elementor-widget elementor-widget-heading\" data-id=\"ee9a080\" data-element_type=\"widget\" data-e-type=\"widget\" data-widget_type=\"heading.default\">\n\t\t\t\t<div class=\"elementor-widget-container\">\n\t\t\t\t\t<h2 class=\"elementor-heading-title elementor-size-default\">Data preenchimento<\/h2>\t\t\t\t<\/div>\n\t\t\t\t<\/div>\n\t\t\t\t<div class=\"elementor-element elementor-element-11b8bd1 elementor-widget elementor-widget-text-editor\" data-id=\"11b8bd1\" data-element_type=\"widget\" data-e-type=\"widget\" data-widget_type=\"text-editor.default\">\n\t\t\t\t<div class=\"elementor-widget-container\">\n\t\t\t\t\t\t\t\t\t<p>26\/02\/2026<\/p>\t\t\t\t\t\t\t\t<\/div>\n\t\t\t\t<\/div>\n\t\t\t\t<\/div>\n\t\t\t\t\t<\/div>\n\t\t\t\t<\/div>\n\t\t<div class=\"elementor-element elementor-element-684d62d e-flex e-con-boxed e-con e-parent\" data-id=\"684d62d\" data-element_type=\"container\" data-e-type=\"container\">\n\t\t\t\t\t<div class=\"e-con-inner\">\n\t\t<div class=\"elementor-element elementor-element-eedca2a e-con-full e-flex e-con e-child\" data-id=\"eedca2a\" data-element_type=\"container\" data-e-type=\"container\">\n\t\t\t\t<div class=\"elementor-element elementor-element-e4ec9cc elementor-widget elementor-widget-heading\" data-id=\"e4ec9cc\" data-element_type=\"widget\" data-e-type=\"widget\" data-widget_type=\"heading.default\">\n\t\t\t\t<div class=\"elementor-widget-container\">\n\t\t\t\t\t<h2 class=\"elementor-heading-title elementor-size-default\">A\u00e7\u00f5es realizadas em 2025<\/h2>\t\t\t\t<\/div>\n\t\t\t\t<\/div>\n\t\t\t\t<\/div>\n\t\t\t\t\t<\/div>\n\t\t\t\t<\/div>\n\t\t<div class=\"elementor-element elementor-element-298aba0 e-flex e-con-boxed e-con e-parent\" data-id=\"298aba0\" data-element_type=\"container\" data-e-type=\"container\">\n\t\t\t\t\t<div class=\"e-con-inner\">\n\t\t\t\t<div class=\"elementor-element elementor-element-798eacf elementor-widget elementor-widget-html\" data-id=\"798eacf\" data-element_type=\"widget\" data-e-type=\"widget\" data-widget_type=\"html.default\">\n\t\t\t\t<div class=\"elementor-widget-container\">\n\t\t\t\t\t\r\n<style>\r\n  \r\n    table {\r\n        border-collapse: collapse;\r\n        width: 100%;\r\n        color: #333;\r\n        font-size: 14px;\r\n        text-align: left;\r\n    }\r\n\r\n    th {\r\n        font-weight: 600;\r\n        text-transform: uppercase;\r\n        letter-spacing: 0.05em;\r\n        border-bottom: 2px solid #eee;\r\n        padding: 12px 15px;\r\n    }\r\n\r\n    td {\r\n        padding: 12px 15px;\r\n        border-bottom: 1px solid #f0f0f0;\r\n    }\r\n\r\n    tr:last-child td {\r\n        border-bottom: none;\r\n    }\r\n\r\n    tr:hover {\r\n        background-color: #fafafa;\r\n    }\r\n<\/style>\r\n\r\n\r\n<table>\r\n    <thead>\r\n        <tr>\r\n            <th>A\u00c7\u00c3O<\/th>\r\n            <th>PRAZO INICIO<\/th>\r\n            <th>PRAZO FIM<\/th>\r\n            <th>CUSTO<\/th>\r\n            <th>STATUS<\/th>\r\n        <\/tr>\r\n    <\/thead>\r\n    <tbody>\r\n        <tr>\r\n            <td>A\u00e7\u00e3o 1 - Cadastro e atualiza\u00e7\u00e3o<br> de\r\n                dados do egresso (com<br>\r\n                consentimento\/LGPD)<\/td>\r\n            <td>julho\/20255<\/td>\r\n            <td>julho\/2026<\/td>\r\n            <td>-<\/td>\r\n            <td>N\u00e3o iniciada<\/td>\r\n        <\/tr>\r\n\r\n        <tr>\r\n            <td>A\u00e7\u00e3o 2 \u2013 Elabora\u00e7\u00e3o e\r\n            padroniza\u00e7\u00e3o<br> de instrumentos de\r\n            pesquisa para<br> mapeamento da\r\n            trajet\u00f3ria e inser\u00e7\u00e3o<br> profissional\r\n            dos egressos<\/td>\r\n            <td>novembro\/2025<\/td>\r\n            <td>abril\/2026<\/td>\r\n            <td>-<\/td>\r\n            <td>Em\r\n            execu\u00e7\u00e3o<\/td>\r\n        <\/tr>\r\n        \r\n        <tr>\r\n            <td>A\u00e7\u00e3o 3 \u2013 Aplica\u00e7\u00e3o anual dos<br>\r\n            instrumentos de pesquisa para<br>\r\n            acompanhamento da trajet\u00f3ria,<br>\r\n            \u00e1rea de atua\u00e7\u00e3o e inser\u00e7\u00e3o<br>\r\n            profissional dos egressos<\/td>\r\n            <td>janeiro\/2025<\/td>\r\n            <td>maio\/\r\n\r\n2025<\/td>\r\n            <td>-<\/td>\r\n            <td>Conclu\u00edda<\/td>\r\n        <\/tr>\r\n        \r\n        <tr>\r\n            <td>A\u00e7\u00e3o 4 \u2013 Desenvolvimento do<br> Portal\r\n            de Egressos da UFAC<\/td>\r\n            <td>julho\/2025<\/td>\r\n            <td>dezembro\/2026<\/td>\r\n            <td>-<\/td>\r\n            <td>-<\/td>\r\n        <\/tr>\r\n        \r\n        <tr>\r\n            <td>A\u00e7\u00e3o 5 \u2013 Implanta\u00e7\u00e3o e<br>\r\n            operacionaliza\u00e7\u00e3o do<br> Portal de\r\n            Egressos da UFAC<\/td>\r\n            <td>janeiro\/2027<\/td>\r\n            <td>julho\/2027<\/td>\r\n            <td>-<\/td>\r\n            <td>Em\r\n            execu\u00e7\u00e3o<\/td>\r\n        <\/tr>\r\n        \r\n        <tr>\r\n            <td>A\u00e7\u00e3o 6 \u2013 Realiza\u00e7\u00e3o anual<br> do\r\n                Encontro de Egressos<br> dos Cursos\r\n                de Gradua\u00e7\u00e3o da UFAC<\/td>\r\n            <td>2027<\/td>\r\n            <td>2028\/2029<br>\r\n            (por ano)<\/td>\r\n            <td>-<\/td>\r\n            <td>N\u00e3o\r\n            iniciada<\/td>\r\n        <\/tr>\r\n        \r\n        <tr>\r\n            <td>A\u00e7\u00e3o 7 \u2013 Estrutura\u00e7\u00e3o do Perfil<br> do\r\n            Egresso e integra\u00e7\u00e3o do<br> Portal ao\r\n            Observat\u00f3rio de Dados<br> da\r\n            Gradua\u00e7\u00e3o (ODG), assegurando<br> a\r\n            disponibiliza\u00e7\u00e3o de informa\u00e7\u00f5es<br> e\r\n            pain\u00e9is consolidados por curso,<br>\r\n            ano de conclus\u00e3o, \u00e1rea de atua\u00e7\u00e3o<br>\r\n            e munic\u00edpio\/cidade.o<\/td>\r\n            <td>novembro\/2026<\/td>\r\n            <td>dezembro\/20265<\/td>\r\n            <td>-<\/td>\r\n            <td>N\u00e3o\r\n            iniciada<\/td>\r\n        <\/tr>\r\n        \r\n        <tr>\r\n            <td>A\u00e7\u00e3o 8 \u2013 Implanta\u00e7\u00e3o do m\u00f3dulo\r\n                de<br> Oportunidades no Portal (vagas,<br>\r\n                eventos e editais), com VALIDA\u00c7\u00c3O<br>\r\n                curadoria institucional<\/td>\r\n            <td>janeiro\/2027<\/td>\r\n            <td>dezembro\/2027<\/td>\r\n            <td>-<\/td>\r\n            <td>N\u00e3o\r\n            iniciada<\/td>\r\n        <\/tr>\r\n        <tr>\r\n            <td>A\u00e7\u00e3o 9 \u2013 Implementa\u00e7\u00e3o do Canal\r\n            de<br> Atendimento ao Egresso no\r\n            Portal<br> (contato, orienta\u00e7\u00f5es e FAQ)<\/td>\r\n            <td>janeiro\/2027<\/td>\r\n            <td>dezembro\/2027<\/td>\r\n            <td>-<\/td>\r\n            <td>N\u00e3o\r\n            iniciada<\/td>\r\n        <\/tr>\r\n        <tr>\r\n            <td>A\u00e7\u00e3o 10 \u2013 Produ\u00e7\u00e3o e\r\n            disponibiliza\u00e7\u00e3o de relat\u00f3rios\r\n            gerenciais b\u00e1sicos do Portal\r\n            (cadastros por curso, campus e\r\n            munic\u00edpio, e evolu\u00e7\u00e3o de ades\u00e3o)<\/td>\r\n            <td>2026<\/td>\r\n            <td>2026<br>\r\n            2027<br>\r\n            2028<br>\r\n            2029<br>\r\n            (anualmente)<\/td>\r\n            <td>-<\/td>\r\n            <td>N\u00e3o\r\n            iniciada<\/td>\r\n        <\/tr>\r\n       \r\n    <\/tbody>\r\n<\/table>\r\n\t\t\t\t<\/div>\n\t\t\t\t<\/div>\n\t\t\t\t<div class=\"elementor-element elementor-element-009b88d elementor-widget elementor-widget-spacer\" data-id=\"009b88d\" data-element_type=\"widget\" data-e-type=\"widget\" data-widget_type=\"spacer.default\">\n\t\t\t\t<div class=\"elementor-widget-container\">\n\t\t\t\t\t\t\t<div class=\"elementor-spacer\">\n\t\t\t<div class=\"elementor-spacer-inner\"><\/div>\n\t\t<\/div>\n\t\t\t\t\t\t<\/div>\n\t\t\t\t<\/div>\n\t\t\t\t\t<\/div>\n\t\t\t\t<\/div>\n\t\t<div class=\"elementor-element elementor-element-3e51051 e-flex e-con-boxed e-con e-parent\" data-id=\"3e51051\" data-element_type=\"container\" data-e-type=\"container\">\n\t\t\t\t\t<div class=\"e-con-inner\">\n\t\t\t\t<div class=\"elementor-element elementor-element-5d83838 elementor-widget elementor-widget-html\" data-id=\"5d83838\" data-element_type=\"widget\" data-e-type=\"widget\" data-widget_type=\"html.default\">\n\t\t\t\t<div class=\"elementor-widget-container\">\n\t\t\t\t\t<style>\r\n\r\n        .cartao {\r\n            background: #fff;\r\n            padding: 20px;\r\n            border-radius: 12px;\r\n            width: 400px;\r\n            box-shadow: 0 4px 15px rgba(0,0,0,0.3);\r\n        }\r\n\r\n        .titulo {\r\n            font-weight: bold;\r\n            font-size: 14px;\r\n            color: #333;\r\n            margin-bottom: 5px;\r\n            display: block;\r\n        }\r\n\r\n\r\n        .fundo-barra {\r\n            background: #eee;\r\n            height: 10px;\r\n            border-radius: 5px;\r\n            overflow: hidden;\r\n            margin-bottom: 10px;\r\n        }\r\n\r\n        .progresso {\r\n            background: #000080;\r\n            height: 100%;\r\n            width: 20%; \r\n            animation: carregar 1.5s ease-out;\r\n        }\r\n\r\n        .valor {\r\n            text-align: right;\r\n            font-size: 24px;\r\n            font-weight: 800;\r\n            color: #000080;\r\n        }\r\n\r\n        @keyframes carregar {\r\n            from { width: 0; }\r\n        }\r\n    <\/style>\r\n\r\n<div>\r\n\r\n    <div class=\"cartao\">\r\n        <div class=\"titulo\">EVOLU\u00c7\u00c3O DA INICIATIVA<\/div>\r\n        <div class=\"fundo-barra\">\r\n            <div class=\"progresso\"><\/div>\r\n        <\/div>\r\n\r\n        <div class=\"valor\">20%<\/div>\r\n    <\/div>\r\n\r\n<\/div>\t\t\t\t<\/div>\n\t\t\t\t<\/div>\n\t\t\t\t\t<\/div>\n\t\t\t\t<\/div>\n\t\t\t\t<\/div>\n\t\t","protected":false},"excerpt":{"rendered":"<p>Unidade Respons\u00e1vel PROGRAD &#8211; Pr\u00f3-Reitoria de Gradua\u00e7\u00e3o Portal de egressos da Ufac Cria\u00e7\u00e3o do portal de egressos da Ufac Respons\u00e1vel pelo preenchimento Profa. Dra. Ednacel\u00ed Abreu Damasceno Data preenchimento 26\/02\/2026 A\u00e7\u00f5es realizadas em 2025 A\u00c7\u00c3O PRAZO INICIO PRAZO FIM CUSTO STATUS A\u00e7\u00e3o 1 &#8211; Cadastro e atualiza\u00e7\u00e3o de dados do egresso (com consentimento\/LGPD) julho\/20255 julho\/2026&hellip; <a class=\"more-link\" href=\"https:\/\/estrategia.ufac.br\/?page_id=2502\">Continue lendo <span class=\"screen-reader-text\">Cria\u00e7\u00e3o do portal de egressos da Ufac<\/span><\/a><\/p>\n","protected":false},"author":1,"featured_media":0,"parent":0,"menu_order":0,"comment_status":"closed","ping_status":"closed","template":"","meta":{"footnotes":""},"class_list":["post-2502","page","type-page","status-publish","hentry","entry"],"_links":{"self":[{"href":"https:\/\/estrategia.ufac.br\/index.php?rest_route=\/wp\/v2\/pages\/2502"}],"collection":[{"href":"https:\/\/estrategia.ufac.br\/index.php?rest_route=\/wp\/v2\/pages"}],"about":[{"href":"https:\/\/estrategia.ufac.br\/index.php?rest_route=\/wp\/v2\/types\/page"}],"author":[{"embeddable":true,"href":"https:\/\/estrategia.ufac.br\/index.php?rest_route=\/wp\/v2\/users\/1"}],"replies":[{"embeddable":true,"href":"https:\/\/estrategia.ufac.br\/index.php?rest_route=%2Fwp%2Fv2%2Fcomments&post=2502"}],"version-history":[{"count":10,"href":"https:\/\/estrategia.ufac.br\/index.php?rest_route=\/wp\/v2\/pages\/2502\/revisions"}],"predecessor-version":[{"id":3252,"href":"https:\/\/estrategia.ufac.br\/index.php?rest_route=\/wp\/v2\/pages\/2502\/revisions\/3252"}],"wp:attachment":[{"href":"https:\/\/estrategia.ufac.br\/index.php?rest_route=%2Fwp%2Fv2%2Fmedia&parent=2502"}],"curies":[{"name":"wp","href":"https:\/\/api.w.org\/{rel}","templated":true}]}}