{"id":2463,"date":"2026-04-27T21:44:25","date_gmt":"2026-04-28T02:44:25","guid":{"rendered":"https:\/\/estrategia.ufac.br\/?page_id=2463"},"modified":"2026-05-11T23:37:53","modified_gmt":"2026-05-12T04:37:53","slug":"expansao-dos-cursos-de-graduacao-nos-campi-da-ufac-em-especial-do-processo-de-interiorizacao-da-ufac","status":"publish","type":"page","link":"https:\/\/estrategia.ufac.br\/?page_id=2463","title":{"rendered":"Expans\u00e3o dos cursos de gradua\u00e7\u00e3o nos campi da Ufac"},"content":{"rendered":"\t\t<div data-elementor-type=\"wp-page\" data-elementor-id=\"2463\" class=\"elementor elementor-2463\">\n\t\t\t\t<div class=\"elementor-element elementor-element-b457baf e-flex e-con-boxed e-con e-parent\" data-id=\"b457baf\" data-element_type=\"container\" data-e-type=\"container\">\n\t\t\t\t\t<div class=\"e-con-inner\">\n\t\t\t\t<div class=\"elementor-element elementor-element-abd1c0e elementor-widget elementor-widget-heading\" data-id=\"abd1c0e\" data-element_type=\"widget\" data-e-type=\"widget\" data-widget_type=\"heading.default\">\n\t\t\t\t<div class=\"elementor-widget-container\">\n\t\t\t\t\t<h2 class=\"elementor-heading-title elementor-size-default\">Unidade Respons\u00e1vel<\/h2>\t\t\t\t<\/div>\n\t\t\t\t<\/div>\n\t\t\t\t<div class=\"elementor-element elementor-element-aa29add elementor-widget elementor-widget-text-editor\" data-id=\"aa29add\" data-element_type=\"widget\" data-e-type=\"widget\" data-widget_type=\"text-editor.default\">\n\t\t\t\t<div class=\"elementor-widget-container\">\n\t\t\t\t\t\t\t\t\t<p>PROGRAD &#8211; Pr\u00f3-Reitoria de Gradua\u00e7\u00e3o<\/p>\t\t\t\t\t\t\t\t<\/div>\n\t\t\t\t<\/div>\n\t\t\t\t<div class=\"elementor-element elementor-element-9340211 elementor-widget elementor-widget-heading\" data-id=\"9340211\" data-element_type=\"widget\" data-e-type=\"widget\" data-widget_type=\"heading.default\">\n\t\t\t\t<div class=\"elementor-widget-container\">\n\t\t\t\t\t<h2 class=\"elementor-heading-title elementor-size-default\">Expans\u00e3o dos cursos de gradua\u00e7\u00e3o nos campi da Ufac<\/h2>\t\t\t\t<\/div>\n\t\t\t\t<\/div>\n\t\t\t\t<div class=\"elementor-element elementor-element-1331475 elementor-widget elementor-widget-text-editor\" data-id=\"1331475\" data-element_type=\"widget\" data-e-type=\"widget\" data-widget_type=\"text-editor.default\">\n\t\t\t\t<div class=\"elementor-widget-container\">\n\t\t\t\t\t\t\t\t\t<p>Expans\u00e3o dos cursos de gradua\u00e7\u00e3o nos campi da Ufac, em especial, do processo de interioriza\u00e7\u00e3o da Ufac\u200b<\/p>\t\t\t\t\t\t\t\t<\/div>\n\t\t\t\t<\/div>\n\t\t\t\t\t<\/div>\n\t\t\t\t<\/div>\n\t\t<div class=\"elementor-element elementor-element-bca74c9 e-grid e-con-boxed e-con e-parent\" data-id=\"bca74c9\" data-element_type=\"container\" data-e-type=\"container\">\n\t\t\t\t\t<div class=\"e-con-inner\">\n\t\t<div class=\"elementor-element elementor-element-bffd261 e-con-full e-flex e-con e-child\" data-id=\"bffd261\" data-element_type=\"container\" data-e-type=\"container\">\n\t\t\t\t<div class=\"elementor-element elementor-element-79eba28 elementor-widget elementor-widget-heading\" data-id=\"79eba28\" data-element_type=\"widget\" data-e-type=\"widget\" data-widget_type=\"heading.default\">\n\t\t\t\t<div class=\"elementor-widget-container\">\n\t\t\t\t\t<h2 class=\"elementor-heading-title elementor-size-default\">Respons\u00e1vel pelo preenchimento <\/h2>\t\t\t\t<\/div>\n\t\t\t\t<\/div>\n\t\t\t\t<div class=\"elementor-element elementor-element-b67f3a1 elementor-widget elementor-widget-text-editor\" data-id=\"b67f3a1\" data-element_type=\"widget\" data-e-type=\"widget\" data-widget_type=\"text-editor.default\">\n\t\t\t\t<div class=\"elementor-widget-container\">\n\t\t\t\t\t\t\t\t\t<p>Profa. Dra. Ednacel\u00ed Abreu Damasceno<\/p>\t\t\t\t\t\t\t\t<\/div>\n\t\t\t\t<\/div>\n\t\t\t\t<\/div>\n\t\t<div class=\"elementor-element elementor-element-a6baca8 e-con-full e-flex e-con e-child\" data-id=\"a6baca8\" data-element_type=\"container\" data-e-type=\"container\">\n\t\t\t\t<div class=\"elementor-element elementor-element-1e03252 elementor-widget elementor-widget-heading\" data-id=\"1e03252\" data-element_type=\"widget\" data-e-type=\"widget\" data-widget_type=\"heading.default\">\n\t\t\t\t<div class=\"elementor-widget-container\">\n\t\t\t\t\t<h2 class=\"elementor-heading-title elementor-size-default\">Data preenchimento<\/h2>\t\t\t\t<\/div>\n\t\t\t\t<\/div>\n\t\t\t\t<div class=\"elementor-element elementor-element-889eb20 elementor-widget elementor-widget-text-editor\" data-id=\"889eb20\" data-element_type=\"widget\" data-e-type=\"widget\" data-widget_type=\"text-editor.default\">\n\t\t\t\t<div class=\"elementor-widget-container\">\n\t\t\t\t\t\t\t\t\t<p>26\/02\/2026<\/p>\t\t\t\t\t\t\t\t<\/div>\n\t\t\t\t<\/div>\n\t\t\t\t<\/div>\n\t\t\t\t\t<\/div>\n\t\t\t\t<\/div>\n\t\t<div class=\"elementor-element elementor-element-5cc4e65 e-flex e-con-boxed e-con e-parent\" data-id=\"5cc4e65\" data-element_type=\"container\" data-e-type=\"container\">\n\t\t\t\t\t<div class=\"e-con-inner\">\n\t\t<div class=\"elementor-element elementor-element-c05246d e-con-full e-flex e-con e-child\" data-id=\"c05246d\" data-element_type=\"container\" data-e-type=\"container\">\n\t\t\t\t<div class=\"elementor-element elementor-element-32cb3c9 elementor-widget elementor-widget-heading\" data-id=\"32cb3c9\" data-element_type=\"widget\" data-e-type=\"widget\" data-widget_type=\"heading.default\">\n\t\t\t\t<div class=\"elementor-widget-container\">\n\t\t\t\t\t<h2 class=\"elementor-heading-title elementor-size-default\">A\u00e7\u00f5es realizadas em 2025<\/h2>\t\t\t\t<\/div>\n\t\t\t\t<\/div>\n\t\t\t\t<\/div>\n\t\t\t\t\t<\/div>\n\t\t\t\t<\/div>\n\t\t<div class=\"elementor-element elementor-element-be64179 e-flex e-con-boxed e-con e-parent\" data-id=\"be64179\" data-element_type=\"container\" data-e-type=\"container\">\n\t\t\t\t\t<div class=\"e-con-inner\">\n\t\t\t\t<div class=\"elementor-element elementor-element-a9e63c3 elementor-widget elementor-widget-html\" data-id=\"a9e63c3\" data-element_type=\"widget\" data-e-type=\"widget\" data-widget_type=\"html.default\">\n\t\t\t\t<div class=\"elementor-widget-container\">\n\t\t\t\t\t\r\n<style>\r\n  \r\n    table {\r\n        border-collapse: collapse;\r\n        width: 100%;\r\n        color: #333;\r\n        font-size: 14px;\r\n        text-align: left;\r\n    }\r\n\r\n    th {\r\n        font-weight: 600;\r\n        text-transform: uppercase;\r\n        letter-spacing: 0.05em;\r\n        border-bottom: 2px solid #eee;\r\n        padding: 12px 15px;\r\n    }\r\n\r\n    td {\r\n        padding: 12px 15px;\r\n        border-bottom: 1px solid #f0f0f0;\r\n    }\r\n\r\n    tr:last-child td {\r\n        border-bottom: none;\r\n    }\r\n\r\n    tr:hover {\r\n        background-color: #fafafa;\r\n    }\r\n<\/style>\r\n\r\n\r\n<table>\r\n    <thead>\r\n        <tr>\r\n            <th>A\u00c7\u00c3O<\/th>\r\n            <th>PRAZO INICIO<\/th>\r\n            <th>PRAZO FIM<\/th>\r\n            <th>CUSTO<\/th>\r\n            <th>STATUS<\/th>\r\n        <\/tr>\r\n    <\/thead>\r\n    <tbody>\r\n        <tr>\r\n            <td>A\u00e7\u00e3o 1 \u2013 Reuni\u00f5es setoriais:<br> semin\u00e1rio ciclo acad\u00eamico<\/td>\r\n            <td>Outubro\/2024<\/td>\r\n            <td>Outubro\/2024<\/td>\r\n            <td>-<\/td>\r\n            <td>Conclu\u00edda<\/td>\r\n        <\/tr>\r\n\r\n        <tr>\r\n            <td>A\u00e7\u00e3o 2 \u2013 Realiza\u00e7\u00e3o de\r\n                Consulta P\u00fablica<br>\r\n                para oferta de\r\n                novos cursos no\r\n                Campus <br>Fronteira\r\n                Internacional do\r\n                Alto Acre<\/td>\r\n            <td>novembro\/2024<\/td>\r\n            <td>novembro\/2024<\/td>\r\n            <td>-<\/td>\r\n            <td>Conclu\u00edda<\/td>\r\n        <\/tr>\r\n        \r\n        <tr>\r\n            <td>A\u00e7\u00e3o 3 \u2013\r\n            Realiza\u00e7\u00e3o de\r\n            Audi\u00eancia P\u00fablica <br>Campus Fronteira:\r\n            apresenta\u00e7\u00e3o\r\n            p\u00fablica <br>do projeto\r\n            de oferta de\r\n            educa\u00e7\u00e3o superior<br>\r\n            para o Alto Acre<\/td>\r\n            <td>08\/11\/2024<\/td>\r\n            <td>08\/11\/2024<\/td>\r\n            <td>-<\/td>\r\n            <td>Conclu\u00edda<\/td>\r\n        <\/tr>\r\n        \r\n        <tr>\r\n            <td>A\u00e7\u00e3o 4 - Defini\u00e7\u00e3o\r\n            institucional dos\r\n            cursos de<br>\r\n            gradua\u00e7\u00e3o a serem\r\n            criados no \u00e2mbito\r\n            do PDI<\/td>\r\n            <td>Outubro\/2024<\/td>\r\n            <td>dezembro\/2024<\/td>\r\n            <td>-<\/td>\r\n            <td>Conclu\u00edda<\/td>\r\n        <\/tr>\r\n        \r\n        <tr>\r\n            <td>A\u00e7\u00e3o 5 - Cria\u00e7\u00e3o de\r\n            cursos novos\r\n            regulares<\/td>\r\n            <td>Ao longo do\r\n            per\u00edodo 2025-\r\n            2029<\/td>\r\n            <td>Ao longo do\r\n            per\u00edodo 2025-\r\n            2029<\/td>\r\n            <td>-<\/td>\r\n            <td>Conclu\u00edda<\/td>\r\n        <\/tr>\r\n        \r\n        <tr>\r\n            <td>A\u00e7\u00e3o 6 - Pleito,\r\n            obten\u00e7\u00e3o e\r\n            provimento de<br>\r\n            c\u00f3digos de vagas\r\n            docentes para\r\n            realiza\u00e7\u00e3o<br> de\r\n            concurso p\u00fablico,\r\n            visando \u00e0 expans\u00e3o\r\n            e <br>interioriza\u00e7\u00e3o da\r\n            gradua\u00e7\u00e3o na\r\n            UFAC.<\/td>\r\n            <td>Ao longo do\r\n            per\u00edodo 2025-\r\n            2029<\/td>\r\n            <td>Ao longo do\r\n            per\u00edodo 2025-\r\n            2029<\/td>\r\n            <td>Cada curso demanda\r\n            custeio espec\u00edfico<br>\r\n            conforme sua natureza\r\n            (te\u00f3rica\/pr\u00e1tica),<br>\r\n            complexidade,\r\n            infraestrutura requerida\r\n            e dimensionamento de\r\n            pessoal.<\/td>\r\n            <td>Em\r\n            execu\u00e7\u00e3o<\/td>\r\n        <\/tr>\r\n        \r\n        <tr>\r\n            <td>A\u00e7\u00e3o 7 - Cria\u00e7\u00e3o\r\n            de cursos novos\r\n            especiais<\/td>\r\n            <td>2025<\/td>\r\n            <td>2029<\/td>\r\n            <td>N\u00e3o mensur\u00e1vel no\r\n            \u00e2mbito do custeio<br> da\r\n            PROGRAD, por se tratar\r\n            de a\u00e7\u00e3o de <br>pol\u00edtica de\r\n            pessoal condicionada \u00e0<br>\r\n            autoriza\u00e7\u00e3o de c\u00f3digos\r\n            de vagas pelo <br>MEC e ao\r\n            provimento via concurso,\r\n            com <br>impacto em despesa\r\n            obrigat\u00f3ria de pessoal\r\n            (folha).<\/td>\r\n            <td>Em\r\n            execu\u00e7\u00e3o<\/td>\r\n        <\/tr>\r\n        \r\n        <tr>\r\n            <td>A\u00e7\u00e3o 7 \u2013 Expans\u00e3o\r\n            do Programa de\r\n            Interioriza\u00e7\u00e3o<br> da\r\n            Gradua\u00e7\u00e3o, com\r\n            oferta de turmas\r\n            especiais e <br>vagas\r\n            adicionais\r\n            vinculadas a cursos\r\n            regulares dos<Br>\r\n            campi Sede e\r\n            Floresta,\r\n            destinadas a\r\n            munic\u00edpios do\r\n            interior.<\/td>\r\n            <td>2025<\/td>\r\n            <td>2026<\/td>\r\n            <td>A definir (custo vari\u00e1vel\r\n            conforme <br>desenho da\r\n            oferta: no de turmas,<br>\r\n            vagas, carga hor\u00e1ria,\r\n            munic\u00edpio <br>atendido e\r\n            log\u00edstica). Execu\u00e7\u00e3o<br>\r\n            condicionada \u00e0\r\n            capta\u00e7\u00e3o\/garantia <Br>de\r\n            fonte (programa federal\r\n            e\/ou emenda\r\n            parlamentar).<\/td>\r\n            <td>Em\r\n            execu\u00e7\u00e3o<\/td>\r\n        <\/tr>\r\n    <\/tbody>\r\n<\/table>\r\n\t\t\t\t<\/div>\n\t\t\t\t<\/div>\n\t\t\t\t\t<\/div>\n\t\t\t\t<\/div>\n\t\t<div class=\"elementor-element elementor-element-2f7f6dc e-flex e-con-boxed e-con e-parent\" data-id=\"2f7f6dc\" data-element_type=\"container\" data-e-type=\"container\">\n\t\t\t\t\t<div class=\"e-con-inner\">\n\t\t\t\t<div class=\"elementor-element elementor-element-45d5087 elementor-widget elementor-widget-spacer\" data-id=\"45d5087\" data-element_type=\"widget\" data-e-type=\"widget\" data-widget_type=\"spacer.default\">\n\t\t\t\t<div class=\"elementor-widget-container\">\n\t\t\t\t\t\t\t<div class=\"elementor-spacer\">\n\t\t\t<div class=\"elementor-spacer-inner\"><\/div>\n\t\t<\/div>\n\t\t\t\t\t\t<\/div>\n\t\t\t\t<\/div>\n\t\t\t\t<div class=\"elementor-element elementor-element-67ae9dc elementor-widget elementor-widget-html\" data-id=\"67ae9dc\" data-element_type=\"widget\" data-e-type=\"widget\" data-widget_type=\"html.default\">\n\t\t\t\t<div class=\"elementor-widget-container\">\n\t\t\t\t\t<style>\r\n\r\n        .cartao {\r\n            background: #fff;\r\n            padding: 20px;\r\n            border-radius: 12px;\r\n            width: 400px;\r\n            box-shadow: 0 4px 15px rgba(0,0,0,0.3);\r\n        }\r\n\r\n        .titulo {\r\n            font-weight: bold;\r\n            font-size: 14px;\r\n            color: #333;\r\n            margin-bottom: 5px;\r\n            display: block;\r\n        }\r\n\r\n\r\n        .fundo-barra {\r\n            background: #eee;\r\n            height: 10px;\r\n            border-radius: 5px;\r\n            overflow: hidden;\r\n            margin-bottom: 10px;\r\n        }\r\n\r\n        .progresso {\r\n            background: #000080;\r\n            height: 100%;\r\n            width: 100%; \r\n            animation: carregar 1.5s ease-out;\r\n        }\r\n\r\n        .valor {\r\n            text-align: right;\r\n            font-size: 24px;\r\n            font-weight: 800;\r\n            color: #000080;\r\n        }\r\n\r\n        @keyframes carregar {\r\n            from { width: 0; }\r\n        }\r\n    <\/style>\r\n\r\n<div>\r\n\r\n    <div class=\"cartao\">\r\n        <div class=\"titulo\">EVOLU\u00c7\u00c3O DA INICIATIVA<\/div>\r\n        <div class=\"fundo-barra\">\r\n            <div class=\"progresso\"><\/div>\r\n        <\/div>\r\n\r\n        <div class=\"valor\">100%<\/div>\r\n    <\/div>\r\n\r\n<\/div>\t\t\t\t<\/div>\n\t\t\t\t<\/div>\n\t\t\t\t\t<\/div>\n\t\t\t\t<\/div>\n\t\t\t\t<\/div>\n\t\t","protected":false},"excerpt":{"rendered":"<p>Unidade Respons\u00e1vel PROGRAD &#8211; Pr\u00f3-Reitoria de Gradua\u00e7\u00e3o Expans\u00e3o dos cursos de gradua\u00e7\u00e3o nos campi da Ufac Expans\u00e3o dos cursos de gradua\u00e7\u00e3o nos campi da Ufac, em especial, do processo de interioriza\u00e7\u00e3o da Ufac\u200b Respons\u00e1vel pelo preenchimento Profa. Dra. Ednacel\u00ed Abreu Damasceno Data preenchimento 26\/02\/2026 A\u00e7\u00f5es realizadas em 2025 A\u00c7\u00c3O PRAZO INICIO PRAZO FIM CUSTO STATUS&hellip; <a class=\"more-link\" href=\"https:\/\/estrategia.ufac.br\/?page_id=2463\">Continue lendo <span class=\"screen-reader-text\">Expans\u00e3o dos cursos de gradua\u00e7\u00e3o nos campi da Ufac<\/span><\/a><\/p>\n","protected":false},"author":1,"featured_media":0,"parent":0,"menu_order":0,"comment_status":"closed","ping_status":"closed","template":"","meta":{"footnotes":""},"class_list":["post-2463","page","type-page","status-publish","hentry","entry"],"_links":{"self":[{"href":"https:\/\/estrategia.ufac.br\/index.php?rest_route=\/wp\/v2\/pages\/2463"}],"collection":[{"href":"https:\/\/estrategia.ufac.br\/index.php?rest_route=\/wp\/v2\/pages"}],"about":[{"href":"https:\/\/estrategia.ufac.br\/index.php?rest_route=\/wp\/v2\/types\/page"}],"author":[{"embeddable":true,"href":"https:\/\/estrategia.ufac.br\/index.php?rest_route=\/wp\/v2\/users\/1"}],"replies":[{"embeddable":true,"href":"https:\/\/estrategia.ufac.br\/index.php?rest_route=%2Fwp%2Fv2%2Fcomments&post=2463"}],"version-history":[{"count":13,"href":"https:\/\/estrategia.ufac.br\/index.php?rest_route=\/wp\/v2\/pages\/2463\/revisions"}],"predecessor-version":[{"id":3240,"href":"https:\/\/estrategia.ufac.br\/index.php?rest_route=\/wp\/v2\/pages\/2463\/revisions\/3240"}],"wp:attachment":[{"href":"https:\/\/estrategia.ufac.br\/index.php?rest_route=%2Fwp%2Fv2%2Fmedia&parent=2463"}],"curies":[{"name":"wp","href":"https:\/\/api.w.org\/{rel}","templated":true}]}}