{"id":2458,"date":"2026-04-27T20:35:57","date_gmt":"2026-04-28T01:35:57","guid":{"rendered":"https:\/\/estrategia.ufac.br\/?page_id=2458"},"modified":"2026-05-11T23:34:43","modified_gmt":"2026-05-12T04:34:43","slug":"prograd-iniciativas-estrategicas","status":"publish","type":"page","link":"https:\/\/estrategia.ufac.br\/?page_id=2458","title":{"rendered":"PROGRAD &#8211; Iniciativas Estrat\u00e9gicas"},"content":{"rendered":"\t\t<div data-elementor-type=\"wp-page\" data-elementor-id=\"2458\" class=\"elementor elementor-2458\">\n\t\t\t\t<div class=\"elementor-element elementor-element-0a77a0a e-flex e-con-boxed e-con e-parent\" data-id=\"0a77a0a\" data-element_type=\"container\" data-e-type=\"container\">\n\t\t\t\t\t<div class=\"e-con-inner\">\n\t\t\t\t<div class=\"elementor-element elementor-element-a3ce701 elementor-widget__width-inherit elementor-widget elementor-widget-heading\" data-id=\"a3ce701\" data-element_type=\"widget\" data-e-type=\"widget\" data-widget_type=\"heading.default\">\n\t\t\t\t<div class=\"elementor-widget-container\">\n\t\t\t\t\t<h2 class=\"elementor-heading-title elementor-size-default\">PROGRAD - Iniciativas Estrat\u00e9gicas<\/h2>\t\t\t\t<\/div>\n\t\t\t\t<\/div>\n\t\t\t\t<div class=\"elementor-element elementor-element-635aa08 elementor-widget elementor-widget-spacer\" data-id=\"635aa08\" data-element_type=\"widget\" data-e-type=\"widget\" data-widget_type=\"spacer.default\">\n\t\t\t\t<div class=\"elementor-widget-container\">\n\t\t\t\t\t\t\t<div class=\"elementor-spacer\">\n\t\t\t<div class=\"elementor-spacer-inner\"><\/div>\n\t\t<\/div>\n\t\t\t\t\t\t<\/div>\n\t\t\t\t<\/div>\n\t\t\t\t\t<\/div>\n\t\t\t\t<\/div>\n\t\t<div class=\"elementor-element elementor-element-2e4b9b9 e-flex e-con-boxed e-con e-parent\" data-id=\"2e4b9b9\" data-element_type=\"container\" data-e-type=\"container\">\n\t\t\t\t\t<div class=\"e-con-inner\">\n\t\t\t\t<div class=\"elementor-element elementor-element-a7a56f0 elementor-widget elementor-widget-html\" data-id=\"a7a56f0\" data-element_type=\"widget\" data-e-type=\"widget\" data-widget_type=\"html.default\">\n\t\t\t\t<div class=\"elementor-widget-container\">\n\t\t\t\t\t<style>\n    :root {\n        --cor-borda-fina: #e0e0e0;\n        --cor-texto-principal: #333;\n        --cor-texto-secundario: #999;\n        --cor-azul-destaque: #000080;\n        --cor-fundo-barra: #f0f0f0;\n    }\n\n    .container-indicador {\n        background-color: #fff;\n        width: 100%;\n        border: 1px solid var(--cor-borda-fina);\n        border-radius: 8px;\n        padding: 20px 25px;\n        margin-bottom: 15px;\n        display: flex;\n        align-items: center;\n        position: relative;\n        box-shadow: 0 2px 4px rgba(0,0,0,0.05);\n        font-family: Rawline, Raleway, sans-serif;\n        transition: transform 0.3s ease, box-shadow 0.3s ease;\n    }\n    .container-indicador:hover {\n    transform: scale(1.02); \n    box-shadow: 0 8px 16px rgba(0,0,0,0.1);\n    z-index: 10; \n}\n\n    \/* A linha azul lateral na esquerda *\/\n    .container-indicador::before {\n        content: \"\";\n        position: absolute;\n        left: 0;\n        height: 100%;\n        width: 4px;\n        background-color: var(--cor-azul-destaque);\n        border-radius: 0 4px 4px 0;\n    }\n\n    .codigo-item {\n        color: var(--cor-texto-secundario);\n        font-size: 14px;\n        margin-right: 20px;\n        min-width: 30px;\n    }\n\n    .titulo-item {\n        flex-grow: 1;\n        color: var(--cor-texto-principal);\n        font-weight: 600;\n        font-size: 16px;\n    }\n\n    .secao-progresso {\n        display: flex;\n        align-items: center;\n        gap: 15px;\n        min-width: 200px;\n    }\n\n    .barra-fundo {\n        width: 100px;\n        height: 8px;\n        background-color: var(--cor-fundo-barra);\n        border-radius: 4px;\n        overflow: hidden;\n    }\n\n    .barra-preenchimento {\n        height: 100%;\n        background-color: var(--cor-azul-destaque);\n        border-radius: 4px;\n    }\n\n    .porcentagem {\n        color: var(--cor-texto-secundario);\n        font-size: 14px;\n        width: 35px;\n        text-align: right;\n    }\n\n    .icone-seta {\n        color: var(--cor-texto-secundario);\n        margin-left: 15px;\n        cursor: pointer;\n        font-size: 12px;\n        transition: transform 0.3s;\n    }\n\n    .icone-seta:hover {\n        transform: translateY(2px);\n    }\n    a{text-decoration:none;}\n<\/style>\n\n\n\n \n\n\n\n <!--IE3-->\n<a href=\"https:\/\/estrategia.ufac.br\/?page_id=2565\" style=\"text-decoration:none;\">\n    <div class=\"container-indicador\">\n        <span class=\"codigo-item\">IE3<\/span>\n        <div class=\"titulo-item\">Implanta\u00e7\u00e3o do observat\u00f3rio de dados da gradua\u00e7\u00e3o \u2013 ODG<\/div>\n        \n        <div class=\"secao-progresso\">\n            <div class=\"barra-fundo\">\n                <div class=\"barra-preenchimento\" style=\"width: 86%;\"><\/div>\n            <\/div>\n            <span class=\"porcentagem\">86%<\/span>\n        <\/div>\n    <\/div>\n<\/a>\n     <!--IE4-->\n<a href=\"https:\/\/estrategia.ufac.br\/?page_id=2551\" style=\"text-decoration:none;\">\n     <div class=\"container-indicador\">\n        <span class=\"codigo-item\">IE4<\/span>\n        <div class=\"titulo-item\">Implanta\u00e7\u00e3o do programa de acompanhamento de cursos de gradua\u00e7\u00e3o<\/div>\n        \n        <div class=\"secao-progresso\">\n            <div class=\"barra-fundo\">\n                <div class=\"barra-preenchimento\" style=\"width: 58%;\"><\/div>\n            <\/div>\n            <span class=\"porcentagem\">58%<\/span>\n        <\/div>\n    <\/div>\n<\/a>\n    <!--IE5-->\n<a href=\"https:\/\/estrategia.ufac.br\/?page_id=2537\" style=\"text-decoration:none;\">\n    <div class=\"container-indicador\">\n        <span class=\"codigo-item\">IE5<\/span>\n        <div class=\"titulo-item\">Fortalecimento do programa de forma\u00e7\u00e3o continuada de professores (Escola de Forma\u00e7\u00e3o da Doc\u00eancia Universit\u00e1ria)<\/div>\n        \n        <div class=\"secao-progresso\">\n            <div class=\"barra-fundo\">\n                <div class=\"barra-preenchimento\" style=\"width: 71%;\"><\/div>\n            <\/div>\n            <span class=\"porcentagem\">71%<\/span>\n        <\/div>\n    <\/div>\n<\/a>\n     <!--IE6-->\n<a href=\"https:\/\/estrategia.ufac.br\/?page_id=2499\" style=\"text-decoration:none;\">\n    <div class=\"container-indicador\">\n        <span class=\"codigo-item\">IE6<\/span>\n        <div class=\"titulo-item\">Fortalecimento das atividades pr\u00e1ticas, das ACEX e dos internatos rurais, viabilizando aquisi\u00e7\u00e3o de transportes pr\u00f3prios<\/div>\n        \n        <div class=\"secao-progresso\">\n            <div class=\"barra-fundo\">\n                <div class=\"barra-preenchimento\" style=\"width: 50%;\"><\/div>\n            <\/div>\n            <span class=\"porcentagem\">50%<\/span>\n        <\/div>\n    <\/div>\n<\/a>\n    <!--IE7-->\n<a href=\"https:\/\/estrategia.ufac.br\/?page_id=2502\" style=\"text-decoration:none;\">\n    <div class=\"container-indicador\">\n        <span class=\"codigo-item\">IE7<\/span>\n        <div class=\"titulo-item\">Cria\u00e7\u00e3o do portal de egressos da Ufac<\/div>\n        \n        <div class=\"secao-progresso\">\n            <div class=\"barra-fundo\">\n                <div class=\"barra-preenchimento\" style=\"width: 20%;\"><\/div>\n            <\/div>\n            <span class=\"porcentagem\">20%<\/span>\n        <\/div>\n    <\/div>\n<\/a>\n    <!--IE8-->\n<a href=\"https:\/\/estrategia.ufac.br\/?page_id=2422\" style=\"text-decoration:none;\">\n    <div class=\"container-indicador\">\n        <span class=\"codigo-item\">IE8<\/span>\n        <div class=\"titulo-item\">Realiza\u00e7\u00e3o anual da jornada das profiss\u00f5es<\/div>\n        \n        <div class=\"secao-progresso\">\n            <div class=\"barra-fundo\">\n                <div class=\"barra-preenchimento\" style=\"width: 100%;\"><\/div>\n            <\/div>\n            <span class=\"porcentagem\">100%<\/span>\n        <\/div>\n    <\/div>\n<\/a>\n     <!--IE9-->\n    <a style=\"text-decoration:none;\" href=\"https:\/\/estrategia.ufac.br\/?page_id=2463\">\n    <div class=\"container-indicador\">\n        <span class=\"codigo-item\">IE9<\/span>\n        <div class=\"titulo-item\">Expans\u00e3o dos cursos de gradua\u00e7\u00e3o nos campi da Ufac, em especial, do processo de interioriza\u00e7\u00e3o da Ufac<\/div>\n        \n        <div class=\"secao-progresso\">\n            <div class=\"barra-fundo\">\n                <div class=\"barra-preenchimento\" style=\"width: 100%;\"><\/div>\n            <\/div>\n            <span class=\"porcentagem\">100%<\/span>\n        <\/div>\n    <\/div>\n<\/a>\n\n\n\t\t\t\t<\/div>\n\t\t\t\t<\/div>\n\t\t\t\t\t<\/div>\n\t\t\t\t<\/div>\n\t\t\t\t<\/div>\n\t\t","protected":false},"excerpt":{"rendered":"<p>PROGRAD &#8211; Iniciativas Estrat\u00e9gicas IE3 Implanta\u00e7\u00e3o do observat\u00f3rio de dados da gradua\u00e7\u00e3o \u2013 ODG 86% IE4 Implanta\u00e7\u00e3o do programa de acompanhamento de cursos de gradua\u00e7\u00e3o 58% IE5 Fortalecimento do programa de forma\u00e7\u00e3o continuada de professores (Escola de Forma\u00e7\u00e3o da Doc\u00eancia Universit\u00e1ria) 71% IE6 Fortalecimento das atividades pr\u00e1ticas, das ACEX e dos internatos rurais, viabilizando aquisi\u00e7\u00e3o&hellip; <a class=\"more-link\" href=\"https:\/\/estrategia.ufac.br\/?page_id=2458\">Continue lendo <span class=\"screen-reader-text\">PROGRAD &#8211; Iniciativas Estrat\u00e9gicas<\/span><\/a><\/p>\n","protected":false},"author":1,"featured_media":0,"parent":0,"menu_order":0,"comment_status":"closed","ping_status":"closed","template":"","meta":{"footnotes":""},"class_list":["post-2458","page","type-page","status-publish","hentry","entry"],"_links":{"self":[{"href":"https:\/\/estrategia.ufac.br\/index.php?rest_route=\/wp\/v2\/pages\/2458"}],"collection":[{"href":"https:\/\/estrategia.ufac.br\/index.php?rest_route=\/wp\/v2\/pages"}],"about":[{"href":"https:\/\/estrategia.ufac.br\/index.php?rest_route=\/wp\/v2\/types\/page"}],"author":[{"embeddable":true,"href":"https:\/\/estrategia.ufac.br\/index.php?rest_route=\/wp\/v2\/users\/1"}],"replies":[{"embeddable":true,"href":"https:\/\/estrategia.ufac.br\/index.php?rest_route=%2Fwp%2Fv2%2Fcomments&post=2458"}],"version-history":[{"count":40,"href":"https:\/\/estrategia.ufac.br\/index.php?rest_route=\/wp\/v2\/pages\/2458\/revisions"}],"predecessor-version":[{"id":3212,"href":"https:\/\/estrategia.ufac.br\/index.php?rest_route=\/wp\/v2\/pages\/2458\/revisions\/3212"}],"wp:attachment":[{"href":"https:\/\/estrategia.ufac.br\/index.php?rest_route=%2Fwp%2Fv2%2Fmedia&parent=2458"}],"curies":[{"name":"wp","href":"https:\/\/api.w.org\/{rel}","templated":true}]}}