{"id":2422,"date":"2026-04-29T11:37:42","date_gmt":"2026-04-29T16:37:42","guid":{"rendered":"https:\/\/estrategia.ufac.br\/?page_id=2422"},"modified":"2026-05-11T23:39:28","modified_gmt":"2026-05-12T04:39:28","slug":"realizacao-anual-da-jornada-das-profissoes","status":"publish","type":"page","link":"https:\/\/estrategia.ufac.br\/?page_id=2422","title":{"rendered":"Realiza\u00e7\u00e3o anual da Jornada das Profiss\u00f5es"},"content":{"rendered":"\t\t<div data-elementor-type=\"wp-post\" data-elementor-id=\"2422\" class=\"elementor elementor-2422\">\n\t\t\t\t<div class=\"elementor-element elementor-element-6ca2ae0 e-flex e-con-boxed e-con e-parent\" data-id=\"6ca2ae0\" data-element_type=\"container\" data-e-type=\"container\">\n\t\t\t\t\t<div class=\"e-con-inner\">\n\t\t\t\t<div class=\"elementor-element elementor-element-0ae4e9e elementor-widget elementor-widget-heading\" data-id=\"0ae4e9e\" data-element_type=\"widget\" data-e-type=\"widget\" data-widget_type=\"heading.default\">\n\t\t\t\t<div class=\"elementor-widget-container\">\n\t\t\t\t\t<h2 class=\"elementor-heading-title elementor-size-default\">Unidade Respons\u00e1vel<\/h2>\t\t\t\t<\/div>\n\t\t\t\t<\/div>\n\t\t\t\t<div class=\"elementor-element elementor-element-1165af6 elementor-widget elementor-widget-text-editor\" data-id=\"1165af6\" data-element_type=\"widget\" data-e-type=\"widget\" data-widget_type=\"text-editor.default\">\n\t\t\t\t<div class=\"elementor-widget-container\">\n\t\t\t\t\t\t\t\t\t<p>PROGRAD &#8211; Pr\u00f3-Reitoria de Gradua\u00e7\u00e3o<\/p>\t\t\t\t\t\t\t\t<\/div>\n\t\t\t\t<\/div>\n\t\t\t\t<div class=\"elementor-element elementor-element-add486f elementor-widget elementor-widget-heading\" data-id=\"add486f\" data-element_type=\"widget\" data-e-type=\"widget\" data-widget_type=\"heading.default\">\n\t\t\t\t<div class=\"elementor-widget-container\">\n\t\t\t\t\t<h2 class=\"elementor-heading-title elementor-size-default\">Realiza\u00e7\u00e3o anual da Jornada das Profiss\u00f5es<\/h2>\t\t\t\t<\/div>\n\t\t\t\t<\/div>\n\t\t\t\t<div class=\"elementor-element elementor-element-a985ec1 elementor-widget elementor-widget-text-editor\" data-id=\"a985ec1\" data-element_type=\"widget\" data-e-type=\"widget\" data-widget_type=\"text-editor.default\">\n\t\t\t\t<div class=\"elementor-widget-container\">\n\t\t\t\t\t\t\t\t\t<p>A referida Iniciativa tem que tem por finalidade a apresenta\u00e7\u00e3o dos cursos de gradua\u00e7\u00e3o oferecidos pela universidade, fornecendo informa\u00e7\u00f5es aos jovens do Ensino M\u00e9dio, especialmente aqueles do terceiro ano, tanto da rede p\u00fablica quanto privada, sobre suas futuras escolhas profissionais, al\u00e9m de integrar a comunidade acad\u00eamica e a sociedade e tem rela\u00e7\u00e3o direta com os Indicadores:<\/p><p>\u2022 <strong>OE1<\/strong>. AMPLIAR O N\u00daMERO DE PROFISSIONAIS FORMADOS E QUALIFICADOS<\/p><p>\u2022 <strong>OE5<\/strong>. PROMOVER A MELHORIA DA QUALIDADE E A ADEQUA\u00c7\u00c3O DA OFERTA DE CURSOS<\/p>\t\t\t\t\t\t\t\t<\/div>\n\t\t\t\t<\/div>\n\t\t\t\t\t<\/div>\n\t\t\t\t<\/div>\n\t\t<div class=\"elementor-element elementor-element-6c8eaf4 e-grid e-con-boxed e-con e-parent\" data-id=\"6c8eaf4\" data-element_type=\"container\" data-e-type=\"container\">\n\t\t\t\t\t<div class=\"e-con-inner\">\n\t\t<div class=\"elementor-element elementor-element-7f9aad0 e-con-full e-flex e-con e-child\" data-id=\"7f9aad0\" data-element_type=\"container\" data-e-type=\"container\">\n\t\t\t\t<div class=\"elementor-element elementor-element-a12b3ce elementor-widget elementor-widget-heading\" data-id=\"a12b3ce\" data-element_type=\"widget\" data-e-type=\"widget\" data-widget_type=\"heading.default\">\n\t\t\t\t<div class=\"elementor-widget-container\">\n\t\t\t\t\t<h2 class=\"elementor-heading-title elementor-size-default\">Respons\u00e1vel pelo preenchimento <\/h2>\t\t\t\t<\/div>\n\t\t\t\t<\/div>\n\t\t\t\t<div class=\"elementor-element elementor-element-86cb96b elementor-widget elementor-widget-text-editor\" data-id=\"86cb96b\" data-element_type=\"widget\" data-e-type=\"widget\" data-widget_type=\"text-editor.default\">\n\t\t\t\t<div class=\"elementor-widget-container\">\n\t\t\t\t\t\t\t\t\t<p>Profa. Dra. Ednacel\u00ed Abreu Damasceno<\/p>\t\t\t\t\t\t\t\t<\/div>\n\t\t\t\t<\/div>\n\t\t\t\t<\/div>\n\t\t<div class=\"elementor-element elementor-element-61e750f e-con-full e-flex e-con e-child\" data-id=\"61e750f\" data-element_type=\"container\" data-e-type=\"container\">\n\t\t\t\t<div class=\"elementor-element elementor-element-52ed810 elementor-widget elementor-widget-heading\" data-id=\"52ed810\" data-element_type=\"widget\" data-e-type=\"widget\" data-widget_type=\"heading.default\">\n\t\t\t\t<div class=\"elementor-widget-container\">\n\t\t\t\t\t<h2 class=\"elementor-heading-title elementor-size-default\">Data preenchimento<\/h2>\t\t\t\t<\/div>\n\t\t\t\t<\/div>\n\t\t\t\t<div class=\"elementor-element elementor-element-e3cb3e2 elementor-widget elementor-widget-text-editor\" data-id=\"e3cb3e2\" data-element_type=\"widget\" data-e-type=\"widget\" data-widget_type=\"text-editor.default\">\n\t\t\t\t<div class=\"elementor-widget-container\">\n\t\t\t\t\t\t\t\t\t<p>26\/02\/2026<\/p>\t\t\t\t\t\t\t\t<\/div>\n\t\t\t\t<\/div>\n\t\t\t\t<\/div>\n\t\t\t\t\t<\/div>\n\t\t\t\t<\/div>\n\t\t<div class=\"elementor-element elementor-element-11f19c6 e-flex e-con-boxed e-con e-parent\" data-id=\"11f19c6\" data-element_type=\"container\" data-e-type=\"container\">\n\t\t\t\t\t<div class=\"e-con-inner\">\n\t\t<div class=\"elementor-element elementor-element-ec54401 e-con-full e-flex e-con e-child\" data-id=\"ec54401\" data-element_type=\"container\" data-e-type=\"container\">\n\t\t\t\t<div class=\"elementor-element elementor-element-e707aa1 elementor-widget elementor-widget-heading\" data-id=\"e707aa1\" data-element_type=\"widget\" data-e-type=\"widget\" data-widget_type=\"heading.default\">\n\t\t\t\t<div class=\"elementor-widget-container\">\n\t\t\t\t\t<h2 class=\"elementor-heading-title elementor-size-default\">A\u00e7\u00f5es realizadas em 2025<\/h2>\t\t\t\t<\/div>\n\t\t\t\t<\/div>\n\t\t\t\t<\/div>\n\t\t\t\t\t<\/div>\n\t\t\t\t<\/div>\n\t\t<div class=\"elementor-element elementor-element-cbacb91 e-flex e-con-boxed e-con e-parent\" data-id=\"cbacb91\" data-element_type=\"container\" data-e-type=\"container\">\n\t\t\t\t\t<div class=\"e-con-inner\">\n\t\t\t\t<div class=\"elementor-element elementor-element-33c271f elementor-widget elementor-widget-html\" data-id=\"33c271f\" data-element_type=\"widget\" data-e-type=\"widget\" data-widget_type=\"html.default\">\n\t\t\t\t<div class=\"elementor-widget-container\">\n\t\t\t\t\t\r\n<style>\r\n  \r\n    table {\r\n        border-collapse: collapse;\r\n        width: 100%;\r\n        color: #333;\r\n        font-size: 14px;\r\n        text-align: left;\r\n    }\r\n\r\n    th {\r\n        font-weight: 600;\r\n        text-transform: uppercase;\r\n        letter-spacing: 0.05em;\r\n        border-bottom: 2px solid #eee;\r\n        padding: 12px 15px;\r\n    }\r\n\r\n    td {\r\n        padding: 12px 15px;\r\n        border-bottom: 1px solid #f0f0f0;\r\n    }\r\n\r\n    tr:last-child td {\r\n        border-bottom: none;\r\n    }\r\n\r\n    tr:hover {\r\n        background-color: #fafafa;\r\n    }\r\n<\/style>\r\n\r\n\r\n<table>\r\n    <thead>\r\n        <tr>\r\n            <th>A\u00c7\u00c3O<\/th>\r\n            <th>PRAZO INICIO<\/th>\r\n            <th>PRAZO FIM<\/th>\r\n            <th>CUSTO<\/th>\r\n            <th>STATUS<\/th>\r\n        <\/tr>\r\n    <\/thead>\r\n    <tbody>\r\n        <tr>\r\n            <td>A\u00e7\u00e3o 1 - Definir escopo e\r\n            metas da edi\u00e7\u00e3o<br> (data,\r\n            locais a serem reservados,\r\n            locais a <br>serem visitados,\r\n            p\u00fablico-alvo, estimativa<br> de\r\n            escolas\/visitantes, cursos\r\n            participantes)<\/td>\r\n            <td>janeiro\/2025<\/td>\r\n            <td>mar\u00e7o\/\r\n            2025<\/td>\r\n            <td>-<\/td>\r\n            <td>Conclu\u00edda<\/td>\r\n        <\/tr>\r\n\r\n        <tr>\r\n            <td>A\u00e7\u00e3o 2 - Articula\u00e7\u00e3o com\r\n            redes de ensino<br> p\u00fablica e\r\n            privada<\/td>\r\n            <td>janeiro\/2025<\/td>\r\n            <td>mar\u00e7o\/\r\n            2025<\/td>\r\n            <td>-<\/td>\r\n            <td>Conclu\u00edda<\/td>\r\n        <\/tr>\r\n        \r\n        <tr>\r\n            <td>A\u00e7\u00e3o 3 - Instituir Comiss\u00e3o\r\n                Organizadora e<br> governan\u00e7a\r\n                (portaria, pap\u00e9is, pontos\r\n                focais<br> por unidade, fluxo de\r\n                decis\u00f5es)e<\/td>\r\n            <td>janeiro\/2025<\/td>\r\n            <td>maio\/\r\n\r\n2025<\/td>\r\n            <td>-<\/td>\r\n            <td>Conclu\u00edda<\/td>\r\n        <\/tr>\r\n        \r\n        <tr>\r\n            <td>A\u00e7\u00e3o 4 - Elaborar Plano de\r\n                Trabalho e Or\u00e7amento<\/td>\r\n            <td>janeiro\/2025<\/td>\r\n            <td>maio\/\r\n             2025<\/td>\r\n            <td>-<\/td>\r\n            <td>Conclu\u00edda<\/td>\r\n        <\/tr>\r\n        \r\n        <tr>\r\n            <td>A\u00e7\u00e3o 4 - Constru\u00e7\u00e3o da\r\n            programa\u00e7\u00e3o<\/td>\r\n            <td>maio\/2025<\/td>\r\n            <td>junho\/\r\n            2025<\/td>\r\n            <td>-<\/td>\r\n            <td>Conclu\u00edda<\/td>\r\n        <\/tr>\r\n        \r\n        <tr>\r\n            <td>A\u00e7\u00e3o 5 - Mobiliza\u00e7\u00e3o interna dos cursos<\/td>\r\n            <td>maio\/2025<\/td>\r\n            <td>outubro\/\r\n            2025<\/td>\r\n            <td>-<\/td>\r\n            <td>Conclu\u00edda<\/td>\r\n        <\/tr>\r\n        \r\n        <tr>\r\n            <td>A\u00e7\u00e3o 6 - Identidade visual e plano de comunica\u00e7\u00e3o<\/td>\r\n            <td>maio\/2025<\/td>\r\n            <td>agosto\/\r\n            2025<\/td>\r\n            <td>-<\/td>\r\n            <td>Conclu\u00edda<\/td>\r\n        <\/tr>\r\n        \r\n        <tr>\r\n            <td>A\u00e7\u00e3o 7 \u2013 Defini\u00e7\u00e3o da\r\n            Log\u00edstica e infraestrutura<br>\r\n            (tendas\/stands, som,\r\n            projetor\/telas, internet,<br>\r\n            sinaliza\u00e7\u00e3o, banheiros,\r\n            limpeza, seguran\u00e7a)<\/td>\r\n            <td>maio\/2025<\/td>\r\n            <td>setembro\/\r\n            2025<\/td>\r\n            <td>-<\/td>\r\n            <td>Conclu\u00edda<\/td>\r\n        <\/tr>\r\n        <tr>\r\n            <td>A\u00e7\u00e3o 8 - Acessibilidade e\r\n            inclus\u00e3o (Libras<br> quando\r\n            necess\u00e1rio, rotas acess\u00edveis,<br>\r\n            acolhimento\/NAI, materiais\r\n            em formatos acess\u00edveis)<\/td>\r\n            <td>setembro\/2025<\/td>\r\n            <td>novembro\/\r\n            2025<\/td>\r\n            <td>-<\/td>\r\n            <td>Conclu\u00edda<\/td>\r\n        <\/tr>\r\n        <tr>\r\n            <td>A\u00e7\u00e3o 9 - Forma\u00e7\u00e3o r\u00e1pida de\r\n                monitores\/guia de<BR>\r\n                atendimento (recep\u00e7\u00e3o,\r\n                roteiro de visita, conduta,<br>\r\n                primeiros socorros\/fluxo de\r\n                apoio)<\/td>\r\n            <td>junlho\/2025<\/td>\r\n            <td>setembro\/\r\n            2025<\/td>\r\n            <td>-<\/td>\r\n            <td>Conclu\u00edda<\/td>\r\n        <\/tr>\r\n        <tr>\r\n            <td>A\u00e7\u00e3o 10 - Execu\u00e7\u00e3o da\r\n            Jornada <br>(operacional +\r\n            cobertura ao vivo)<\/td>\r\n            <td>outubro\/2025<\/td>\r\n            <td>outubro\/2025<\/td>\r\n            <td>R$\r\n\r\n            300.000,00<\/td>\r\n            <td>Conclu\u00edda<\/td>\r\n        <\/tr>\r\n        <tr>\r\n            <td>A\u00e7\u00e3o 11 - Avalia\u00e7\u00e3o p\u00f3s-\r\n            evento e relat\u00f3rio<br> (pesquisa\r\n            \r\n            com estudantes e escolas,\r\n            indicadores,<br> li\u00e7\u00f5es\r\n            aprendidas, recomenda\u00e7\u00f5es\r\n            para a pr\u00f3xima edi\u00e7\u00e3o)<\/td>\r\n            <td>novembro\/2025<\/td>\r\n            <td>dezembro\/2025<\/td>\r\n            <td>-<\/td>\r\n            <td>Conclu\u00edda<\/td>\r\n        <\/tr>\r\n        <tr>\r\n            <td>A\u00e7\u00e3o 12 - Devolutiva\r\n                institucional e plano de<br>\r\n                melhoria da edi\u00e7\u00e3o seguinte\r\n                (reuni\u00e3o com<br> unidades +\r\n                ajustes de formato,\r\n                programa\u00e7\u00e3o e log\u00edstica)<\/td>\r\n            <td>novembro\/2025<\/td>\r\n            <td>dezembro\/2025<\/td>\r\n            <td>-<\/td>\r\n            <td>Conclu\u00edda<\/td>\r\n        <\/tr>\r\n    <\/tbody>\r\n<\/table>\r\n\t\t\t\t<\/div>\n\t\t\t\t<\/div>\n\t\t\t\t<div class=\"elementor-element elementor-element-ab1944e elementor-widget elementor-widget-spacer\" data-id=\"ab1944e\" data-element_type=\"widget\" data-e-type=\"widget\" data-widget_type=\"spacer.default\">\n\t\t\t\t<div class=\"elementor-widget-container\">\n\t\t\t\t\t\t\t<div class=\"elementor-spacer\">\n\t\t\t<div class=\"elementor-spacer-inner\"><\/div>\n\t\t<\/div>\n\t\t\t\t\t\t<\/div>\n\t\t\t\t<\/div>\n\t\t\t\t\t<\/div>\n\t\t\t\t<\/div>\n\t\t<div class=\"elementor-element elementor-element-db001d4 e-flex e-con-boxed e-con e-parent\" data-id=\"db001d4\" data-element_type=\"container\" data-e-type=\"container\">\n\t\t\t\t\t<div class=\"e-con-inner\">\n\t\t\t\t<div class=\"elementor-element elementor-element-9240d95 elementor-widget elementor-widget-html\" data-id=\"9240d95\" data-element_type=\"widget\" data-e-type=\"widget\" data-widget_type=\"html.default\">\n\t\t\t\t<div class=\"elementor-widget-container\">\n\t\t\t\t\t<style>\r\n\r\n        .cartao {\r\n            background: #fff;\r\n            padding: 20px;\r\n            border-radius: 12px;\r\n            width: 400px;\r\n            box-shadow: 0 4px 15px rgba(0,0,0,0.3);\r\n        }\r\n\r\n        .titulo {\r\n            font-weight: bold;\r\n            font-size: 14px;\r\n            color: #333;\r\n            margin-bottom: 5px;\r\n            display: block;\r\n        }\r\n\r\n\r\n        .fundo-barra {\r\n            background: #eee;\r\n            height: 10px;\r\n            border-radius: 5px;\r\n            overflow: hidden;\r\n            margin-bottom: 10px;\r\n        }\r\n\r\n        .progresso {\r\n            background: #000080;\r\n            height: 100%;\r\n            width: 100%; \r\n            animation: carregar 1.5s ease-out;\r\n        }\r\n\r\n        .valor {\r\n            text-align: right;\r\n            font-size: 24px;\r\n            font-weight: 800;\r\n            color: #000080;\r\n        }\r\n\r\n        @keyframes carregar {\r\n            from { width: 0; }\r\n        }\r\n    <\/style>\r\n\r\n<div>\r\n\r\n    <div class=\"cartao\">\r\n        <div class=\"titulo\">EVOLU\u00c7\u00c3O DA INICIATIVA<\/div>\r\n        <div class=\"fundo-barra\">\r\n            <div class=\"progresso\"><\/div>\r\n        <\/div>\r\n\r\n        <div class=\"valor\">100%<\/div>\r\n    <\/div>\r\n\r\n<\/div>\t\t\t\t<\/div>\n\t\t\t\t<\/div>\n\t\t\t\t\t<\/div>\n\t\t\t\t<\/div>\n\t\t\t\t<\/div>\n\t\t","protected":false},"excerpt":{"rendered":"<p>Unidade Respons\u00e1vel PROGRAD &#8211; Pr\u00f3-Reitoria de Gradua\u00e7\u00e3o Realiza\u00e7\u00e3o anual da Jornada das Profiss\u00f5es A referida Iniciativa tem que tem por finalidade a apresenta\u00e7\u00e3o dos cursos de gradua\u00e7\u00e3o oferecidos pela universidade, fornecendo informa\u00e7\u00f5es aos jovens do Ensino M\u00e9dio, especialmente aqueles do terceiro ano, tanto da rede p\u00fablica quanto privada, sobre suas futuras escolhas profissionais, al\u00e9m de&hellip; <a class=\"more-link\" href=\"https:\/\/estrategia.ufac.br\/?page_id=2422\">Continue lendo <span class=\"screen-reader-text\">Realiza\u00e7\u00e3o anual da Jornada das Profiss\u00f5es<\/span><\/a><\/p>\n","protected":false},"author":1,"featured_media":0,"parent":0,"menu_order":0,"comment_status":"closed","ping_status":"closed","template":"","meta":{"footnotes":""},"class_list":["post-2422","page","type-page","status-publish","hentry","entry"],"_links":{"self":[{"href":"https:\/\/estrategia.ufac.br\/index.php?rest_route=\/wp\/v2\/pages\/2422"}],"collection":[{"href":"https:\/\/estrategia.ufac.br\/index.php?rest_route=\/wp\/v2\/pages"}],"about":[{"href":"https:\/\/estrategia.ufac.br\/index.php?rest_route=\/wp\/v2\/types\/page"}],"author":[{"embeddable":true,"href":"https:\/\/estrategia.ufac.br\/index.php?rest_route=\/wp\/v2\/users\/1"}],"replies":[{"embeddable":true,"href":"https:\/\/estrategia.ufac.br\/index.php?rest_route=%2Fwp%2Fv2%2Fcomments&post=2422"}],"version-history":[{"count":13,"href":"https:\/\/estrategia.ufac.br\/index.php?rest_route=\/wp\/v2\/pages\/2422\/revisions"}],"predecessor-version":[{"id":3264,"href":"https:\/\/estrategia.ufac.br\/index.php?rest_route=\/wp\/v2\/pages\/2422\/revisions\/3264"}],"wp:attachment":[{"href":"https:\/\/estrategia.ufac.br\/index.php?rest_route=%2Fwp%2Fv2%2Fmedia&parent=2422"}],"curies":[{"name":"wp","href":"https:\/\/api.w.org\/{rel}","templated":true}]}}