{"id":1265,"date":"2024-10-21T17:09:54","date_gmt":"2024-10-21T22:09:54","guid":{"rendered":"http:\/\/estrategia.ufac.br\/?page_id=1265"},"modified":"2025-11-06T10:29:27","modified_gmt":"2025-11-06T15:29:27","slug":"criacao-do-centro-de-educacao-a-distancia","status":"publish","type":"page","link":"https:\/\/estrategia.ufac.br\/?page_id=1265","title":{"rendered":"Cria\u00e7\u00e3o do Centro de Educa\u00e7\u00e3o a Dist\u00e2ncia"},"content":{"rendered":"\n<p>O objetivo deste projeto \u00e9 a<span class=\"OYPEnA font-feature-liga-off font-feature-clig-off font-feature-calt-off text-decoration-none text-strikethrough-none\">mpliar a forma\u00e7\u00e3o de egressos da educa\u00e7\u00e3o b\u00e1sica nos munic\u00edpios onde a Ufac n\u00e3o possui campus.<\/span><\/p>\n\n\n\n<h2 class=\"wp-block-heading\"><span class=\"OYPEnA font-feature-liga-off font-feature-clig-off font-feature-calt-off text-decoration-none text-strikethrough-none\">Unidade Respons\u00e1vel<\/span><\/h2>\n\n\n\n<p>N\u00facleo de Interioriza\u00e7\u00e3o e Educa\u00e7\u00e3o \u00e0 Dist\u00e2ncia<\/p>\n\n\n\n<h2 class=\"wp-block-heading\"><span class=\"OYPEnA font-feature-liga-off font-feature-clig-off font-feature-calt-off text-decoration-none text-strikethrough-none\">L\u00edder do Projeto<\/span><\/h2>\n\n\n\n<p>Sandro Ricardo Pinto da Silva<\/p>\n\n\n\n<h2 class=\"wp-block-heading\"><span class=\"OYPEnA font-feature-liga-off font-feature-clig-off font-feature-calt-off text-decoration-none text-strikethrough-none\">Tempo Estimado<\/span><\/h2>\n\n\n\n<p><span class=\"OYPEnA font-feature-liga-off font-feature-clig-off font-feature-calt-off text-decoration-none text-strikethrough-none\">24&nbsp;meses<\/span><\/p>\n\n\n\n<h2 class=\"wp-block-heading\"><span class=\"OYPEnA font-feature-liga-off font-feature-clig-off font-feature-calt-off text-decoration-none text-strikethrough-none\">Custo Estimado<\/span><\/h2>\n\n\n\n<p><span class=\"OYPEnA font-feature-liga-off font-feature-clig-off font-feature-calt-off text-decoration-none text-strikethrough-none\">R$<\/span> <span class=\"OYPEnA font-feature-liga-off font-feature-clig-off font-feature-calt-off text-decoration-none text-strikethrough-none\">630.000,00<\/span><\/p>\n\n\n\n<h2 class=\"wp-block-heading\"><span class=\"OYPEnA font-feature-liga-off font-feature-clig-off font-feature-calt-off text-decoration-none text-strikethrough-none\">A\u00e7\u00f5es do Projeto<\/span><\/h2>\n\n\n\n<ul class=\"wp-block-list\">\n<li><span class=\"OYPEnA font-feature-liga-off font-feature-clig-off font-feature-calt-off text-decoration-none text-strikethrough-none\">An\u00e1lise dos munic\u00edpios do interior do acre que podem receber cursos existentes na ufac, com recursos pr\u00f3prios da institui\u00e7\u00e3o, por meio da modalidade educa\u00e7\u00e3o a dist\u00e2ncia, bem como an\u00e1lise do tempo de dura\u00e7\u00e3o m\u00e9dia de cada curso em cada polo de educa\u00e7\u00e3o presencial<\/span><\/li>\n\n\n\n<li><span class=\"OYPEnA font-feature-liga-off font-feature-clig-off font-feature-calt-off text-decoration-none text-strikethrough-none\">An\u00e1lise dos recursos financeiros necess\u00e1rios para a execu\u00e7\u00e3o de tais cursos na modalidade educa\u00e7\u00e3o a dist\u00e2ncia<\/span><\/li>\n\n\n\n<li><span class=\"OYPEnA font-feature-liga-off font-feature-clig-off font-feature-calt-off text-decoration-none text-strikethrough-none\">Avalia\u00e7\u00e3o t\u00e9cnica e pedag\u00f3gica para a execu\u00e7\u00e3o de tais cursos nos munic\u00edpios do interior do Acre<\/span><\/li>\n\n\n\n<li><span class=\"OYPEnA font-feature-liga-off font-feature-clig-off font-feature-calt-off text-decoration-none text-strikethrough-none\">Implementa\u00e7\u00e3o dos primeiros cursos EAD institucionalizados da UFAC nos munic\u00edpios do interior do estado<\/span><\/li>\n<\/ul>\n\n\n\n<h2 class=\"wp-block-heading\">Evolu\u00e7\u00e3o do Projeto<\/h2>\n\n\n\n<p>Projeto n\u00e3o iniciado.<\/p>\n","protected":false},"excerpt":{"rendered":"<p>O objetivo deste projeto \u00e9 ampliar a forma\u00e7\u00e3o de egressos da educa\u00e7\u00e3o b\u00e1sica nos munic\u00edpios onde a Ufac n\u00e3o possui campus. Unidade Respons\u00e1vel N\u00facleo de Interioriza\u00e7\u00e3o e Educa\u00e7\u00e3o \u00e0 Dist\u00e2ncia L\u00edder do Projeto Sandro Ricardo Pinto da Silva Tempo Estimado 24&nbsp;meses Custo Estimado R$ 630.000,00 A\u00e7\u00f5es do Projeto Evolu\u00e7\u00e3o do Projeto Projeto n\u00e3o iniciado.<\/p>\n","protected":false},"author":1,"featured_media":0,"parent":960,"menu_order":0,"comment_status":"closed","ping_status":"closed","template":"","meta":{"footnotes":""},"class_list":["post-1265","page","type-page","status-publish","hentry","entry"],"_links":{"self":[{"href":"https:\/\/estrategia.ufac.br\/index.php?rest_route=\/wp\/v2\/pages\/1265"}],"collection":[{"href":"https:\/\/estrategia.ufac.br\/index.php?rest_route=\/wp\/v2\/pages"}],"about":[{"href":"https:\/\/estrategia.ufac.br\/index.php?rest_route=\/wp\/v2\/types\/page"}],"author":[{"embeddable":true,"href":"https:\/\/estrategia.ufac.br\/index.php?rest_route=\/wp\/v2\/users\/1"}],"replies":[{"embeddable":true,"href":"https:\/\/estrategia.ufac.br\/index.php?rest_route=%2Fwp%2Fv2%2Fcomments&post=1265"}],"version-history":[{"count":7,"href":"https:\/\/estrategia.ufac.br\/index.php?rest_route=\/wp\/v2\/pages\/1265\/revisions"}],"predecessor-version":[{"id":2306,"href":"https:\/\/estrategia.ufac.br\/index.php?rest_route=\/wp\/v2\/pages\/1265\/revisions\/2306"}],"up":[{"embeddable":true,"href":"https:\/\/estrategia.ufac.br\/index.php?rest_route=\/wp\/v2\/pages\/960"}],"wp:attachment":[{"href":"https:\/\/estrategia.ufac.br\/index.php?rest_route=%2Fwp%2Fv2%2Fmedia&parent=1265"}],"curies":[{"name":"wp","href":"https:\/\/api.w.org\/{rel}","templated":true}]}}