{"id":1262,"date":"2024-10-21T17:07:39","date_gmt":"2024-10-21T22:07:39","guid":{"rendered":"http:\/\/estrategia.ufac.br\/?page_id=1262"},"modified":"2025-06-24T15:35:55","modified_gmt":"2025-06-24T20:35:55","slug":"autofinanciamento-da-comunicacao","status":"publish","type":"page","link":"https:\/\/estrategia.ufac.br\/?page_id=1262","title":{"rendered":"Autofinanciamento da Comunica\u00e7\u00e3o"},"content":{"rendered":"\n<p>E<span class=\"OYPEnA font-feature-liga-off font-feature-clig-off font-feature-calt-off text-decoration-none text-strikethrough-none\">sse projeto visa buscar autofinanciamento para fortalecer as a\u00e7\u00f5es de divulga\u00e7\u00e3o cient\u00edfica na Ufac. Esta proposta envolve a cria\u00e7\u00e3o de espa\u00e7os para divulga\u00e7\u00e3o de eventos e a\u00e7\u00f5es institucionais por meio de telas de LED, mas com inser\u00e7\u00f5es de comerciais pagos, cujo valor arrecadado possa contribuir com o fortalecimento das atividades de comunica\u00e7\u00e3o e editora\u00e7\u00e3o.<\/span><\/p>\n\n\n\n<h2 class=\"wp-block-heading\"><span class=\"OYPEnA font-feature-liga-off font-feature-clig-off font-feature-calt-off text-decoration-none text-strikethrough-none\">Unidade Respons\u00e1vel<\/span><\/h2>\n\n\n\n<p>Assessoria de Comunica\u00e7\u00e3o Social<\/p>\n\n\n\n<h2 class=\"wp-block-heading\">L\u00edder do Projeto<\/h2>\n\n\n\n<p>Gilberto Mendes da Silveira Lobo<\/p>\n\n\n\n<h2 class=\"wp-block-heading\"><span class=\"OYPEnA font-feature-liga-off font-feature-clig-off font-feature-calt-off text-decoration-none text-strikethrough-none\">Tempo Estimado<\/span><\/h2>\n\n\n\n<p><span class=\"OYPEnA font-feature-liga-off font-feature-clig-off font-feature-calt-off text-decoration-none text-strikethrough-none\">4 meses<\/span><\/p>\n\n\n\n<h2 class=\"wp-block-heading\"><span class=\"OYPEnA font-feature-liga-off font-feature-clig-off font-feature-calt-off text-decoration-none text-strikethrough-none\">Custo Estimado<\/span><\/h2>\n\n\n\n<p><span class=\"OYPEnA font-feature-liga-off font-feature-clig-off font-feature-calt-off text-decoration-none text-strikethrough-none\">R$ 480.000,00<\/span><\/p>\n\n\n\n<h2 class=\"wp-block-heading\"><span class=\"OYPEnA font-feature-liga-off font-feature-clig-off font-feature-calt-off text-decoration-none text-strikethrough-none\">A\u00e7\u00f5es Previstas no Projeto<\/span><\/h2>\n\n\n\n<ul class=\"wp-block-list\">\n<li><span class=\"OYPEnA font-feature-liga-off font-feature-clig-off font-feature-calt-off text-decoration-none text-strikethrough-none\">Elaborar o projeto<\/span><\/li>\n\n\n\n<li><span class=\"OYPEnA font-feature-liga-off font-feature-clig-off font-feature-calt-off text-decoration-none text-strikethrough-none\">Apresentar o projeto<\/span><\/li>\n\n\n\n<li><span class=\"OYPEnA font-feature-liga-off font-feature-clig-off font-feature-calt-off text-decoration-none text-strikethrough-none\">Firmar parceria com a Fundape<\/span><\/li>\n\n\n\n<li><span class=\"OYPEnA font-feature-liga-off font-feature-clig-off font-feature-calt-off text-decoration-none text-strikethrough-none\">Realizar processo licitat\u00f3rio<\/span><\/li>\n\n\n\n<li><span class=\"OYPEnA font-feature-liga-off font-feature-clig-off font-feature-calt-off text-decoration-none text-strikethrough-none\">Contratar equipe<\/span><\/li>\n\n\n\n<li><span class=\"OYPEnA font-feature-liga-off font-feature-clig-off font-feature-calt-off text-decoration-none text-strikethrough-none\">Realizar capacita\u00e7\u00e3o equipe<\/span><\/li>\n\n\n\n<li>I<span class=\"OYPEnA font-feature-liga-off font-feature-clig-off font-feature-calt-off text-decoration-none text-strikethrough-none\">nvestir em estrutura f\u00edsica<\/span><\/li>\n\n\n\n<li><span class=\"OYPEnA font-feature-liga-off font-feature-clig-off font-feature-calt-off text-decoration-none text-strikethrough-none\">Desenvolver materiais de apoio aos usu\u00e1rios para suporte e d\u00favidas<\/span><\/li>\n\n\n\n<li><span class=\"OYPEnA font-feature-liga-off font-feature-clig-off font-feature-calt-off text-decoration-none text-strikethrough-none\">Elaborar plano de investimento e a\u00e7\u00e3o<\/span><\/li>\n<\/ul>\n\n\n\n<h2 class=\"wp-block-heading\">Evolu\u00e7\u00e3o do Projeto<\/h2>\n\n\n\n<figure class=\"wp-block-table is-style-regular\"><table class=\"has-fixed-layout\"><thead><tr><th><strong>Principais Realiza\u00e7\u00f5es<\/strong><\/th><th class=\"has-text-align-center\" data-align=\"center\"><strong>Pr\u00f3ximos Passos<\/strong><\/th><\/tr><\/thead><tbody><tr><td>Elabora\u00e7\u00e3o do projeto.<\/td><td class=\"has-text-align-center\" data-align=\"center\">Compra dos pain\u00e9is de LED.<\/td><\/tr><tr><td>In\u00edcio da apresenta\u00e7\u00e3o do projeto &#8211; parte I.<\/td><td class=\"has-text-align-center\" data-align=\"center\">Finaliza\u00e7\u00e3o da parceria com a Fundape.<\/td><\/tr><tr><td>In\u00edcio de estabelecimento de parceria com a Fundape.<\/td><td class=\"has-text-align-center\" data-align=\"center\"><\/td><\/tr><tr><td>In\u00edcio do processo de licita\u00e7\u00e3o.<\/td><td class=\"has-text-align-center\" data-align=\"center\"><\/td><\/tr><\/tbody><\/table><\/figure>\n\n\n\n<p class=\"has-scale-down-01-font-size\"><\/p>\n\n\n\n<p class=\"has-scale-down-01-font-size\"><\/p>\n\n\n\n<figure class=\"wp-block-table is-style-regular\"><table class=\"has-fixed-layout\"><thead><tr><th class=\"has-text-align-center\" data-align=\"center\"><strong>Evolu\u00e7\u00e3o Or\u00e7ament\u00e1ria<\/strong><\/th><\/tr><\/thead><tbody><tr><td class=\"has-text-align-center\" data-align=\"center\">Investido em 2024: R$ 0,00<\/td><\/tr><\/tbody><\/table><\/figure>\n\n\n\n<p class=\"has-scale-down-01-font-size\"><\/p>\n\n\n\n<div class=\"wp-block-group is-vertical is-layout-flex wp-container-core-group-is-layout-4 wp-block-group-is-layout-flex\">\n<div class=\"wp-block-group is-nowrap is-layout-flex wp-container-core-group-is-layout-3 wp-block-group-is-layout-flex\">\n<div class=\"wp-block-group is-vertical is-layout-flex wp-container-core-group-is-layout-2 wp-block-group-is-layout-flex\">\n<div class=\"wp-block-group is-nowrap is-layout-flex wp-container-core-group-is-layout-1 wp-block-group-is-layout-flex\">\n<figure class=\"wp-block-image size-full is-resized\"><a href=\"https:\/\/estrategia.ufac.br\/wp-content\/uploads\/2025\/04\/image-19.png\"><img fetchpriority=\"high\" decoding=\"async\" width=\"470\" height=\"261\" src=\"https:\/\/estrategia.ufac.br\/wp-content\/uploads\/2025\/04\/image-19.png\" alt=\"\" class=\"wp-image-2100\" style=\"width:219px;height:auto\" srcset=\"https:\/\/estrategia.ufac.br\/wp-content\/uploads\/2025\/04\/image-19.png 470w, https:\/\/estrategia.ufac.br\/wp-content\/uploads\/2025\/04\/image-19-300x167.png 300w\" sizes=\"(max-width: 470px) 100vw, 470px\" \/><\/a><figcaption class=\"wp-element-caption\">Evolu\u00e7\u00e3o do Projeto<\/figcaption><\/figure>\n\n\n\n<p class=\"has-scale-up-02-font-size\"><\/p>\n<\/div>\n<\/div>\n<\/div>\n<\/div>\n\n\n\n<p class=\"has-text-align-left has-scale-down-01-font-size\"><strong>\u00daltima Atualiza\u00e7\u00e3o:<\/strong> 11\/03\/2025<\/p>\n\n\n\n<p class=\"has-text-align-left\">&nbsp;<\/p>\n","protected":false},"excerpt":{"rendered":"<p>Esse projeto visa buscar autofinanciamento para fortalecer as a\u00e7\u00f5es de divulga\u00e7\u00e3o cient\u00edfica na Ufac. Esta proposta envolve a cria\u00e7\u00e3o de espa\u00e7os para divulga\u00e7\u00e3o de eventos e a\u00e7\u00f5es institucionais por meio de telas de LED, mas com inser\u00e7\u00f5es de comerciais pagos, cujo valor arrecadado possa contribuir com o fortalecimento das atividades de comunica\u00e7\u00e3o e editora\u00e7\u00e3o. Unidade&hellip; <a class=\"more-link\" href=\"https:\/\/estrategia.ufac.br\/?page_id=1262\">Continue lendo <span class=\"screen-reader-text\">Autofinanciamento da Comunica\u00e7\u00e3o<\/span><\/a><\/p>\n","protected":false},"author":1,"featured_media":0,"parent":960,"menu_order":0,"comment_status":"closed","ping_status":"closed","template":"","meta":{"footnotes":""},"class_list":["post-1262","page","type-page","status-publish","hentry","entry"],"_links":{"self":[{"href":"https:\/\/estrategia.ufac.br\/index.php?rest_route=\/wp\/v2\/pages\/1262"}],"collection":[{"href":"https:\/\/estrategia.ufac.br\/index.php?rest_route=\/wp\/v2\/pages"}],"about":[{"href":"https:\/\/estrategia.ufac.br\/index.php?rest_route=\/wp\/v2\/types\/page"}],"author":[{"embeddable":true,"href":"https:\/\/estrategia.ufac.br\/index.php?rest_route=\/wp\/v2\/users\/1"}],"replies":[{"embeddable":true,"href":"https:\/\/estrategia.ufac.br\/index.php?rest_route=%2Fwp%2Fv2%2Fcomments&post=1262"}],"version-history":[{"count":5,"href":"https:\/\/estrategia.ufac.br\/index.php?rest_route=\/wp\/v2\/pages\/1262\/revisions"}],"predecessor-version":[{"id":2253,"href":"https:\/\/estrategia.ufac.br\/index.php?rest_route=\/wp\/v2\/pages\/1262\/revisions\/2253"}],"up":[{"embeddable":true,"href":"https:\/\/estrategia.ufac.br\/index.php?rest_route=\/wp\/v2\/pages\/960"}],"wp:attachment":[{"href":"https:\/\/estrategia.ufac.br\/index.php?rest_route=%2Fwp%2Fv2%2Fmedia&parent=1262"}],"curies":[{"name":"wp","href":"https:\/\/api.w.org\/{rel}","templated":true}]}}