{"id":1259,"date":"2024-10-21T17:05:03","date_gmt":"2024-10-21T22:05:03","guid":{"rendered":"http:\/\/estrategia.ufac.br\/?page_id=1259"},"modified":"2026-04-08T12:18:34","modified_gmt":"2026-04-08T17:18:34","slug":"adequacao-da-conectividade","status":"publish","type":"page","link":"https:\/\/estrategia.ufac.br\/?page_id=1259","title":{"rendered":"Adequa\u00e7\u00e3o da Conectividade"},"content":{"rendered":"\n<p>O objetivo deste projeto \u00e9 a<span class=\"OYPEnA font-feature-liga-off font-feature-clig-off font-feature-calt-off text-decoration-none text-strikethrough-none\">mpliar e modernizar a infraestrutura de conectividade dos campi e n\u00facleos da Universidade Federal do Acre, fazendo frente \u00e0s demandas de transforma\u00e7\u00e3o digital e oferecendo o acesso \u00e0 conectividade compat\u00edvel com as demandas atuais de toda a Comunidade Acad\u00eamica.<\/span><\/p>\n\n\n\n<h2 class=\"wp-block-heading\"><span class=\"OYPEnA font-feature-liga-off font-feature-clig-off font-feature-calt-off text-decoration-none text-strikethrough-none\">Unidade Respons\u00e1vel<\/span><\/h2>\n\n\n\n<p><span class=\"OYPEnA font-feature-liga-off font-feature-clig-off font-feature-calt-off text-decoration-none text-strikethrough-none\">N\u00facleo de Tecnologia da Informa\u00e7\u00e3o<\/span><\/p>\n\n\n\n<h2 class=\"wp-block-heading\">L\u00edder do Projeto<\/h2>\n\n\n\n<p>Jerbisclei de Souza Silva<\/p>\n\n\n\n<h2 class=\"wp-block-heading\"><span class=\"OYPEnA font-feature-liga-off font-feature-clig-off font-feature-calt-off text-decoration-none text-strikethrough-none\">Tempo Estimado<\/span><\/h2>\n\n\n\n<p><span class=\"OYPEnA font-feature-liga-off font-feature-clig-off font-feature-calt-off text-decoration-none text-strikethrough-none\">24&nbsp;meses<\/span><\/p>\n\n\n\n<h2 class=\"wp-block-heading\"><span class=\"OYPEnA font-feature-liga-off font-feature-clig-off font-feature-calt-off text-decoration-none text-strikethrough-none\">Custo Estimado<\/span><\/h2>\n\n\n\n<p><span class=\"OYPEnA font-feature-liga-off font-feature-clig-off font-feature-calt-off text-decoration-none text-strikethrough-none\">R$ 5.200.000,00<\/span><\/p>\n\n\n\n<h2 class=\"wp-block-heading\">A\u00e7\u00f5es do Projeto<\/h2>\n\n\n\n<ul class=\"wp-block-list\">\n<li><span class=\"OYPEnA font-feature-liga-off font-feature-clig-off font-feature-calt-off text-decoration-none text-strikethrough-none\">Defini\u00e7\u00e3o de equipe respons\u00e1vel por gerenciar o Projeto de implementa\u00e7\u00e3o da Transforma\u00e7\u00e3o Digital<\/span><\/li>\n\n\n\n<li><span class=\"OYPEnA font-feature-liga-off font-feature-clig-off font-feature-calt-off text-decoration-none text-strikethrough-none\">Emiss\u00e3o de Portaria contendo equipe respons\u00e1vel pelo gerenciamento do Projeto<\/span><\/li>\n\n\n\n<li><span class=\"OYPEnA font-feature-liga-off font-feature-clig-off font-feature-calt-off text-decoration-none text-strikethrough-none\">Defini\u00e7\u00e3o da tecnologia a ser utilizada<\/span><\/li>\n\n\n\n<li><span class=\"OYPEnA font-feature-liga-off font-feature-clig-off font-feature-calt-off text-decoration-none text-strikethrough-none\">Levantamento de edifica\u00e7\u00f5es e suas plantas base<\/span><\/li>\n\n\n\n<li><span class=\"OYPEnA font-feature-liga-off font-feature-clig-off font-feature-calt-off text-decoration-none text-strikethrough-none\">Acompanhamento dos servi\u00e7os<\/span><\/li>\n\n\n\n<li><span class=\"OYPEnA font-feature-liga-off font-feature-clig-off font-feature-calt-off text-decoration-none text-strikethrough-none\">Realiza\u00e7\u00e3o de site survey para dimensionamento de quantitativo de equipamentos de rede sem fio<\/span><\/li>\n\n\n\n<li><span class=\"OYPEnA font-feature-liga-off font-feature-clig-off font-feature-calt-off text-decoration-none text-strikethrough-none\">Levantamento de poss\u00edveis provedores de internet que atendam a demanda<\/span><\/li>\n\n\n\n<li><span class=\"OYPEnA font-feature-liga-off font-feature-clig-off font-feature-calt-off text-decoration-none text-strikethrough-none\">Estudo de altera\u00e7\u00f5es significativas em nosso ambiente computacional para comportar a adi\u00e7\u00e3o de outro links<\/span><\/li>\n\n\n\n<li><span class=\"OYPEnA font-feature-liga-off font-feature-clig-off font-feature-calt-off text-decoration-none text-strikethrough-none\">Processo de aquisi\u00e7\u00e3o ou contrata\u00e7\u00e3o de fornecedores para a execu\u00e7\u00e3o do Objeto do Projeto<\/span><\/li>\n\n\n\n<li><span class=\"OYPEnA font-feature-liga-off font-feature-clig-off font-feature-calt-off text-decoration-none text-strikethrough-none\">Autua\u00e7\u00e3o de processo licitat\u00f3rio de contrata\u00e7\u00e3o<\/span><\/li>\n\n\n\n<li><span class=\"OYPEnA font-feature-liga-off font-feature-clig-off font-feature-calt-off text-decoration-none text-strikethrough-none\">Contratos vigentes<\/span><\/li>\n\n\n\n<li><span class=\"OYPEnA font-feature-liga-off font-feature-clig-off font-feature-calt-off text-decoration-none text-strikethrough-none\">Portaria de nomea\u00e7\u00e3o de respons\u00e1vel pelo contrato<\/span><\/li>\n\n\n\n<li><span class=\"OYPEnA font-feature-liga-off font-feature-clig-off font-feature-calt-off text-decoration-none text-strikethrough-none\">Defini\u00e7\u00e3o da estrat\u00e9gia para implementa\u00e7\u00e3o da nova infraestrutura<\/span><\/li>\n\n\n\n<li><span class=\"OYPEnA font-feature-liga-off font-feature-clig-off font-feature-calt-off text-decoration-none text-strikethrough-none\">Monitoramento do desempenho da nova infraestrutura<\/span><\/li>\n<\/ul>\n\n\n\n<h2 class=\"wp-block-heading\">Evolu\u00e7\u00e3o do Projeto<\/h2>\n\n\n\n<figure class=\"wp-block-table is-style-regular\"><table class=\"has-fixed-layout\"><thead><tr><th><strong>Principais Realiza\u00e7\u00f5es<\/strong><\/th><th class=\"has-text-align-center\" data-align=\"center\"><strong>Pr\u00f3ximos Passos<\/strong><\/th><\/tr><\/thead><tbody><tr><td>Processo em fase final para contrata\u00e7\u00e3o de link de backup via Starlink para os campi e n\u00facleos da UFAC.<\/td><td class=\"has-text-align-center\" data-align=\"center\">Conclus\u00e3o da contrata\u00e7\u00e3o do link de backup via Starlink.<\/td><\/tr><tr><td>Processos em andamento para compra de switches e solu\u00e7\u00e3o Wi-Fi para moderniza\u00e7\u00e3o da rede.<\/td><td class=\"has-text-align-center\" data-align=\"center\">Conclus\u00e3o do termo de refer\u00eancia para demais contrata\u00e7\u00f5es de equipamentos e infraestrutura e publica\u00e7\u00e3o do Edital.<\/td><\/tr><tr><td>Instala\u00e7\u00e3o dos Links via sat\u00e9lite (Stalink) na reserva Humait\u00e1, Fazenda Esperimental Catuaba e Campus Floresta<\/td><td class=\"has-text-align-center\" data-align=\"center\">Conclus\u00e3o do processo de aquisi\u00e7\u00e3o dos 260 switches<\/td><\/tr><tr><td>Disponibiliza\u00e7\u00e3o de antenas para a acesso \u00e0 internet via sat\u00e9lite para pesquisadores<\/td><td class=\"has-text-align-center\" data-align=\"center\">Conclus\u00e3o da contrata\u00e7\u00e3o da solu\u00e7\u00e3o de rede sem fio<\/td><\/tr><tr><td>Aquisi\u00e7\u00e3o de 20 switches de 48 portas a fim de garantir a continuidade e a qualidade dos servi\u00e7os de conectividade<\/td><td class=\"has-text-align-center\" data-align=\"center\">Renova\u00e7\u00e3o do contrato de manuten\u00e7\u00e3o da rede l\u00f3gica cabeada e de fibra \u00f3ptica<\/td><\/tr><tr><td>Publica\u00e7\u00e3o do Edital para aquisi\u00e7\u00e3o de mais 260 Switches para amplia\u00e7\u00e3o da capacidade da rede l\u00f3gica<\/td><td class=\"has-text-align-center\" data-align=\"center\">Solicita\u00e7\u00e3o da portaria para equipe do projeto<\/td><\/tr><tr><td>Finaliza\u00e7\u00e3o da fase interna do processo para contrata\u00e7\u00e3o de nova solu\u00e7\u00e3o de rede sem fio com 1000 pontos de acesso<\/td><td class=\"has-text-align-center\" data-align=\"center\"><\/td><\/tr><\/tbody><\/table><\/figure>\n\n\n\n<p class=\"has-scale-down-01-font-size\"><\/p>\n\n\n\n<p class=\"has-scale-down-01-font-size\"><\/p>\n\n\n\n<figure class=\"wp-block-table is-style-regular\"><table class=\"has-fixed-layout\"><thead><tr><th class=\"has-text-align-center\" data-align=\"center\"><strong>Evolu\u00e7\u00e3o Or\u00e7ament\u00e1ria<\/strong><\/th><\/tr><\/thead><tbody><tr><td class=\"has-text-align-center\" data-align=\"center\">Investido em 2026: R$ 0,00<\/td><\/tr><\/tbody><\/table><\/figure>\n\n\n\n<p class=\"has-scale-down-01-font-size\"><\/p>\n\n\n\n<div class=\"wp-block-group is-vertical is-layout-flex wp-container-core-group-is-layout-4 wp-block-group-is-layout-flex\">\n<div class=\"wp-block-group is-layout-flex wp-block-group-is-layout-flex\">\n<div class=\"wp-block-group is-vertical is-layout-flex wp-container-core-group-is-layout-2 wp-block-group-is-layout-flex\">\n<div class=\"wp-block-group is-layout-flex wp-block-group-is-layout-flex\">\n<figure class=\"wp-block-image size-full is-resized\"><a href=\"https:\/\/estrategia.ufac.br\/wp-content\/uploads\/2026\/04\/53percent.png\"><img fetchpriority=\"high\" decoding=\"async\" width=\"393\" height=\"197\" src=\"https:\/\/estrategia.ufac.br\/wp-content\/uploads\/2026\/04\/53percent.png\" alt=\"\" class=\"wp-image-2357\" style=\"width:221px;height:auto\" srcset=\"https:\/\/estrategia.ufac.br\/wp-content\/uploads\/2026\/04\/53percent.png 393w, https:\/\/estrategia.ufac.br\/wp-content\/uploads\/2026\/04\/53percent-300x150.png 300w\" sizes=\"(max-width: 393px) 100vw, 393px\" \/><\/a><figcaption class=\"wp-element-caption\">Evolu\u00e7\u00e3o do Projeto<\/figcaption><\/figure>\n\n\n\n<p class=\"has-scale-up-02-font-size\"><\/p>\n<\/div>\n<\/div>\n<\/div>\n<\/div>\n\n\n\n<p><strong>\u00daltima Atualiza\u00e7\u00e3o:<\/strong> 31\/03\/2026<\/p>\n\n\n\n<p><\/p>\n","protected":false},"excerpt":{"rendered":"<p>O objetivo deste projeto \u00e9 ampliar e modernizar a infraestrutura de conectividade dos campi e n\u00facleos da Universidade Federal do Acre, fazendo frente \u00e0s demandas de transforma\u00e7\u00e3o digital e oferecendo o acesso \u00e0 conectividade compat\u00edvel com as demandas atuais de toda a Comunidade Acad\u00eamica. Unidade Respons\u00e1vel N\u00facleo de Tecnologia da Informa\u00e7\u00e3o L\u00edder do Projeto Jerbisclei&hellip; <a class=\"more-link\" href=\"https:\/\/estrategia.ufac.br\/?page_id=1259\">Continue lendo <span class=\"screen-reader-text\">Adequa\u00e7\u00e3o da Conectividade<\/span><\/a><\/p>\n","protected":false},"author":1,"featured_media":0,"parent":960,"menu_order":0,"comment_status":"closed","ping_status":"closed","template":"","meta":{"footnotes":""},"class_list":["post-1259","page","type-page","status-publish","hentry","entry"],"_links":{"self":[{"href":"https:\/\/estrategia.ufac.br\/index.php?rest_route=\/wp\/v2\/pages\/1259"}],"collection":[{"href":"https:\/\/estrategia.ufac.br\/index.php?rest_route=\/wp\/v2\/pages"}],"about":[{"href":"https:\/\/estrategia.ufac.br\/index.php?rest_route=\/wp\/v2\/types\/page"}],"author":[{"embeddable":true,"href":"https:\/\/estrategia.ufac.br\/index.php?rest_route=\/wp\/v2\/users\/1"}],"replies":[{"embeddable":true,"href":"https:\/\/estrategia.ufac.br\/index.php?rest_route=%2Fwp%2Fv2%2Fcomments&post=1259"}],"version-history":[{"count":11,"href":"https:\/\/estrategia.ufac.br\/index.php?rest_route=\/wp\/v2\/pages\/1259\/revisions"}],"predecessor-version":[{"id":2359,"href":"https:\/\/estrategia.ufac.br\/index.php?rest_route=\/wp\/v2\/pages\/1259\/revisions\/2359"}],"up":[{"embeddable":true,"href":"https:\/\/estrategia.ufac.br\/index.php?rest_route=\/wp\/v2\/pages\/960"}],"wp:attachment":[{"href":"https:\/\/estrategia.ufac.br\/index.php?rest_route=%2Fwp%2Fv2%2Fmedia&parent=1259"}],"curies":[{"name":"wp","href":"https:\/\/api.w.org\/{rel}","templated":true}]}}