{"id":1256,"date":"2024-10-21T17:02:51","date_gmt":"2024-10-21T22:02:51","guid":{"rendered":"http:\/\/estrategia.ufac.br\/?page_id=1256"},"modified":"2025-06-24T15:34:30","modified_gmt":"2025-06-24T20:34:30","slug":"transformacao-digital-na-ufac","status":"publish","type":"page","link":"https:\/\/estrategia.ufac.br\/?page_id=1256","title":{"rendered":"Transforma\u00e7\u00e3o Digital"},"content":{"rendered":"\n<p><span class=\"OYPEnA font-feature-liga-off font-feature-clig-off font-feature-calt-off text-decoration-none text-strikethrough-none\">N\u00facleo de Tecnologia da Informa\u00e7\u00e3o<\/span><\/p>\n\n\n\n<h2 class=\"wp-block-heading\">L\u00edder do Projeto<\/h2>\n\n\n\n<p>Jerbisclei de Souza Silva<\/p>\n\n\n\n<h2 class=\"wp-block-heading\"><span class=\"OYPEnA font-feature-liga-off font-feature-clig-off font-feature-calt-off text-decoration-none text-strikethrough-none\">Tempo Estimado<\/span><\/h2>\n\n\n\n<p><span class=\"OYPEnA font-feature-liga-off font-feature-clig-off font-feature-calt-off text-decoration-none text-strikethrough-none\">60&nbsp;meses<\/span><\/p>\n\n\n\n<h2 class=\"wp-block-heading\"><span class=\"OYPEnA font-feature-liga-off font-feature-clig-off font-feature-calt-off text-decoration-none text-strikethrough-none\">Custo Estimado<\/span><\/h2>\n\n\n\n<p><span class=\"OYPEnA font-feature-liga-off font-feature-clig-off font-feature-calt-off text-decoration-none text-strikethrough-none\">R$<\/span> <span class=\"OYPEnA font-feature-liga-off font-feature-clig-off font-feature-calt-off text-decoration-none text-strikethrough-none\">10.675.000,00<\/span><\/p>\n\n\n\n<h2 class=\"wp-block-heading\"><span class=\"OYPEnA font-feature-liga-off font-feature-clig-off font-feature-calt-off text-decoration-none text-strikethrough-none\">A\u00e7\u00f5es Previstas no Projeto<\/span><\/h2>\n\n\n\n<ul class=\"wp-block-list\">\n<li><span class=\"OYPEnA font-feature-liga-off font-feature-clig-off font-feature-calt-off text-decoration-none text-strikethrough-none\">Defini\u00e7\u00e3o de equipe respons\u00e1vel por gerenciar o Projeto de implementa\u00e7\u00e3o da Transforma\u00e7\u00e3o Digital<\/span><\/li>\n\n\n\n<li><span class=\"OYPEnA font-feature-liga-off font-feature-clig-off font-feature-calt-off text-decoration-none text-strikethrough-none\">Emiss\u00e3o de Portaria contendo equipe respons\u00e1vel pelo gerenciamento do Projeto<\/span><\/li>\n\n\n\n<li><span class=\"OYPEnA font-feature-liga-off font-feature-clig-off font-feature-calt-off text-decoration-none text-strikethrough-none\">Levantamento dos principais servi\u00e7os p\u00fablicos prestados pela UFAC com potencial para migrar para o \u00e2mbito digital<\/span><\/li>\n\n\n\n<li><span class=\"OYPEnA font-feature-liga-off font-feature-clig-off font-feature-calt-off text-decoration-none text-strikethrough-none\">Triagem dos servi\u00e7os p\u00fablicos que passar\u00e3o por processo de Transforma\u00e7\u00e3o ou Integra\u00e7\u00e3o Digital (CGD)<\/span><\/li>\n\n\n\n<li><span class=\"OYPEnA font-feature-liga-off font-feature-clig-off font-feature-calt-off text-decoration-none text-strikethrough-none\">Rela\u00e7\u00e3o final dos servi\u00e7os a serem transformados ou integrados<\/span><\/li>\n\n\n\n<li><span class=\"OYPEnA font-feature-liga-off font-feature-clig-off font-feature-calt-off text-decoration-none text-strikethrough-none\">Documento do CGD demandando ao NTI a implementa\u00e7\u00e3o da Transforma\u00e7\u00e3o dos servi\u00e7os inventariados<\/span><\/li>\n\n\n\n<li><span class=\"OYPEnA font-feature-liga-off font-feature-clig-off font-feature-calt-off text-decoration-none text-strikethrough-none\">Estudo T\u00e9cnico de Viabilidade da implementa\u00e7\u00e3o da Transforma\u00e7\u00e3o Digital demandada<\/span><\/li>\n\n\n\n<li><span class=\"OYPEnA font-feature-liga-off font-feature-clig-off font-feature-calt-off text-decoration-none text-strikethrough-none\">Documento informando os recursos tecnol\u00f3gicos e humanos para realiza\u00e7\u00e3o da implementa\u00e7\u00e3o da Transforma\u00e7\u00e3o Digital<\/span><\/li>\n\n\n\n<li><span class=\"OYPEnA font-feature-liga-off font-feature-clig-off font-feature-calt-off text-decoration-none text-strikethrough-none\">Processo de aquisi\u00e7\u00e3o ou contrata\u00e7\u00e3o de servi\u00e7os para execu\u00e7\u00e3o do Objeto do Projeto<\/span><\/li>\n<\/ul>\n\n\n\n<h2 class=\"wp-block-heading\">Evolu\u00e7\u00e3o do Projeto<\/h2>\n\n\n\n<figure class=\"wp-block-table is-style-regular\"><table class=\"has-fixed-layout\"><thead><tr><th><strong>Principais Realiza\u00e7\u00f5es<\/strong><\/th><th class=\"has-text-align-center\" data-align=\"center\"><strong>Pr\u00f3ximos Passos<\/strong><\/th><\/tr><\/thead><tbody><tr><td>An\u00e1lise e filtragem para identificar servi\u00e7os a serem digitalizados.<br><br><br>Prioriza\u00e7\u00e3o dos servi\u00e7os.<\/td><td class=\"has-text-align-center\" data-align=\"center\">Revis\u00e3o da equipe do projeto.<br><br>Revis\u00e3o do escopo do projeto.<br><br>Revis\u00e3o dos servi\u00e7os j\u00e1 listados em planilha.<br><br>Adequa\u00e7\u00e3o ao novo decreto 12.198 de 24\/09\/2024.<\/td><\/tr><\/tbody><\/table><\/figure>\n\n\n\n<p class=\"has-scale-down-01-font-size\"><\/p>\n\n\n\n<p class=\"has-scale-down-01-font-size\"><\/p>\n\n\n\n<figure class=\"wp-block-table is-style-regular\"><table class=\"has-fixed-layout\"><thead><tr><th class=\"has-text-align-center\" data-align=\"center\"><strong>Evolu\u00e7\u00e3o Or\u00e7ament\u00e1ria<\/strong><\/th><\/tr><\/thead><tbody><tr><td class=\"has-text-align-center\" data-align=\"center\">Investido em 2024: R$ 0,00<\/td><\/tr><\/tbody><\/table><\/figure>\n\n\n\n<p class=\"has-scale-down-01-font-size\"><\/p>\n\n\n\n<div class=\"wp-block-group is-vertical is-layout-flex wp-container-core-group-is-layout-4 wp-block-group-is-layout-flex\">\n<div class=\"wp-block-group is-nowrap is-layout-flex wp-container-core-group-is-layout-3 wp-block-group-is-layout-flex\">\n<div class=\"wp-block-group is-vertical is-layout-flex wp-container-core-group-is-layout-2 wp-block-group-is-layout-flex\">\n<div class=\"wp-block-group is-nowrap is-layout-flex wp-container-core-group-is-layout-1 wp-block-group-is-layout-flex\">\n<figure class=\"wp-block-image size-full is-resized\"><a href=\"https:\/\/estrategia.ufac.br\/wp-content\/uploads\/2025\/04\/image-18.png\"><img decoding=\"async\" width=\"250\" height=\"152\" src=\"https:\/\/estrategia.ufac.br\/wp-content\/uploads\/2025\/04\/image-18.png\" alt=\"\" class=\"wp-image-2097\" style=\"width:211px;height:auto\"\/><\/a><figcaption class=\"wp-element-caption\">Evolu\u00e7\u00e3o do Projeto<\/figcaption><\/figure>\n\n\n\n<p class=\"has-scale-up-02-font-size\"><\/p>\n<\/div>\n<\/div>\n<\/div>\n<\/div>\n\n\n\n<p class=\"has-scale-down-01-font-size\"><strong>\u00daltima Atualiza\u00e7\u00e3o:<\/strong> 11\/03\/2025<\/p>\n\n\n\n<p><\/p>\n","protected":false},"excerpt":{"rendered":"<p>N\u00facleo de Tecnologia da Informa\u00e7\u00e3o L\u00edder do Projeto Jerbisclei de Souza Silva Tempo Estimado 60&nbsp;meses Custo Estimado R$ 10.675.000,00 A\u00e7\u00f5es Previstas no Projeto Evolu\u00e7\u00e3o do Projeto Principais Realiza\u00e7\u00f5es Pr\u00f3ximos Passos An\u00e1lise e filtragem para identificar servi\u00e7os a serem digitalizados. Prioriza\u00e7\u00e3o dos servi\u00e7os. Revis\u00e3o da equipe do projeto. Revis\u00e3o do escopo do projeto. Revis\u00e3o dos servi\u00e7os&hellip; <a class=\"more-link\" href=\"https:\/\/estrategia.ufac.br\/?page_id=1256\">Continue lendo <span class=\"screen-reader-text\">Transforma\u00e7\u00e3o Digital<\/span><\/a><\/p>\n","protected":false},"author":1,"featured_media":0,"parent":960,"menu_order":0,"comment_status":"closed","ping_status":"closed","template":"","meta":{"footnotes":""},"class_list":["post-1256","page","type-page","status-publish","hentry","entry"],"_links":{"self":[{"href":"https:\/\/estrategia.ufac.br\/index.php?rest_route=\/wp\/v2\/pages\/1256"}],"collection":[{"href":"https:\/\/estrategia.ufac.br\/index.php?rest_route=\/wp\/v2\/pages"}],"about":[{"href":"https:\/\/estrategia.ufac.br\/index.php?rest_route=\/wp\/v2\/types\/page"}],"author":[{"embeddable":true,"href":"https:\/\/estrategia.ufac.br\/index.php?rest_route=\/wp\/v2\/users\/1"}],"replies":[{"embeddable":true,"href":"https:\/\/estrategia.ufac.br\/index.php?rest_route=%2Fwp%2Fv2%2Fcomments&post=1256"}],"version-history":[{"count":5,"href":"https:\/\/estrategia.ufac.br\/index.php?rest_route=\/wp\/v2\/pages\/1256\/revisions"}],"predecessor-version":[{"id":2252,"href":"https:\/\/estrategia.ufac.br\/index.php?rest_route=\/wp\/v2\/pages\/1256\/revisions\/2252"}],"up":[{"embeddable":true,"href":"https:\/\/estrategia.ufac.br\/index.php?rest_route=\/wp\/v2\/pages\/960"}],"wp:attachment":[{"href":"https:\/\/estrategia.ufac.br\/index.php?rest_route=%2Fwp%2Fv2%2Fmedia&parent=1256"}],"curies":[{"name":"wp","href":"https:\/\/api.w.org\/{rel}","templated":true}]}}