{"id":1252,"date":"2024-10-21T16:56:16","date_gmt":"2024-10-21T21:56:16","guid":{"rendered":"http:\/\/estrategia.ufac.br\/?page_id=1252"},"modified":"2025-11-06T10:25:26","modified_gmt":"2025-11-06T15:25:26","slug":"constituicao-do-instituto-do-parque-zoobotanico-da-ufac","status":"publish","type":"page","link":"https:\/\/estrategia.ufac.br\/?page_id=1252","title":{"rendered":"Constitui\u00e7\u00e3o do Instituto do Parque Zoobot\u00e2nico"},"content":{"rendered":"\n<p>O objetivo deste projeto \u00e9 c<span class=\"OYPEnA font-feature-liga-off font-feature-clig-off font-feature-calt-off text-decoration-none text-strikethrough-none\">riar o Instituto para fortalecer o desenvolvimento sustent\u00e1vel da regi\u00e3o amaz\u00f4nica por meio da capta\u00e7\u00e3o de recursos e forma\u00e7\u00e3o continuada dos povos tradicionais da floresta e produtores rurais.<\/span><\/p>\n\n\n\n<h2 class=\"wp-block-heading\"><span class=\"OYPEnA font-feature-liga-off font-feature-clig-off font-feature-calt-off text-decoration-none text-strikethrough-none\">Unidade Respons\u00e1vel<\/span><\/h2>\n\n\n\n<p><span class=\"OYPEnA font-feature-liga-off font-feature-clig-off font-feature-calt-off text-decoration-none text-strikethrough-none\">Parque Zoobot\u00e2nico<\/span><\/p>\n\n\n\n<h2 class=\"wp-block-heading\"><span class=\"OYPEnA font-feature-liga-off font-feature-clig-off font-feature-calt-off text-decoration-none text-strikethrough-none\">L\u00edder do Projeto<\/span><\/h2>\n\n\n\n<p>Francisca Cristina Moura de Lima Boaventura<\/p>\n\n\n\n<h2 class=\"wp-block-heading\"><span class=\"OYPEnA font-feature-liga-off font-feature-clig-off font-feature-calt-off text-decoration-none text-strikethrough-none\">Tempo Estimado<\/span><\/h2>\n\n\n\n<p><span class=\"OYPEnA font-feature-liga-off font-feature-clig-off font-feature-calt-off text-decoration-none text-strikethrough-none\">22 meses<\/span><\/p>\n\n\n\n<h2 class=\"wp-block-heading\"><span class=\"OYPEnA font-feature-liga-off font-feature-clig-off font-feature-calt-off text-decoration-none text-strikethrough-none\">Custo Estimado<\/span><\/h2>\n\n\n\n<p><span class=\"OYPEnA font-feature-liga-off font-feature-clig-off font-feature-calt-off text-decoration-none text-strikethrough-none\">R$ 3.370.000,00<\/span><\/p>\n\n\n\n<h2 class=\"wp-block-heading\"><span class=\"OYPEnA font-feature-liga-off font-feature-clig-off font-feature-calt-off text-decoration-none text-strikethrough-none\">A\u00e7\u00f5es do Projeto<\/span><\/h2>\n\n\n\n<ul class=\"wp-block-list\">\n<li><span class=\"OYPEnA font-feature-liga-off font-feature-clig-off font-feature-calt-off text-decoration-none text-strikethrough-none\">Alinhamento com a gest\u00e3o UFAC para cria\u00e7\u00e3o do instituto com garantia de vincula\u00e7\u00e3o administrativa \u00e0 Reitoria<\/span><\/li>\n\n\n\n<li><span class=\"OYPEnA font-feature-liga-off font-feature-clig-off font-feature-calt-off text-decoration-none text-strikethrough-none\">Contrata\u00e7\u00e3o de consultoria especializada para realizar a an\u00e1lise de viabilidade da cria\u00e7\u00e3o do instituto considerando aspectos como  infraestrutura, recursos humanos, custos operacionais e fontes de financiamento<\/span><\/li>\n\n\n\n<li><span class=\"OYPEnA font-feature-liga-off font-feature-clig-off font-feature-calt-off text-decoration-none text-strikethrough-none\">Contrata\u00e7\u00e3o de consultoria especializada na cria\u00e7\u00e3o de institutos e planejamentos estrat\u00e9gicos<\/span><\/li>\n\n\n\n<li><span class=\"OYPEnA font-feature-liga-off font-feature-clig-off font-feature-calt-off text-decoration-none text-strikethrough-none\">Realiza\u00e7\u00e3o de um diagn\u00f3stico detalhado do Parque Zoobot\u00e2nico, identificando potencialidades, fragilidades, oportunidades e amea\u00e7as para a cria\u00e7\u00e3o do instituto<\/span><\/li>\n\n\n\n<li><span class=\"OYPEnA font-feature-liga-off font-feature-clig-off font-feature-calt-off text-decoration-none text-strikethrough-none\">Elabora\u00e7\u00e3o de um plano estrat\u00e9gico com objetivos, metas, prazos e indicadores de desempenho para a transi\u00e7\u00e3o do PZ para um instituto de pesquisa<\/span><\/li>\n\n\n\n<li><span class=\"OYPEnA font-feature-liga-off font-feature-clig-off font-feature-calt-off text-decoration-none text-strikethrough-none\">Defini\u00e7\u00e3o de um modelo de gest\u00e3o adequado, incluindo estrutura organizacional, governan\u00e7a e integra\u00e7\u00e3o com a UFAC e outros parceiros<\/span><\/li>\n\n\n\n<li><span class=\"OYPEnA font-feature-liga-off font-feature-clig-off font-feature-calt-off text-decoration-none text-strikethrough-none\">Defini\u00e7\u00e3o da estrutura organizacional do instituto junto \u00e0 UFAC<\/span><\/li>\n\n\n\n<li><span class=\"OYPEnA font-feature-liga-off font-feature-clig-off font-feature-calt-off text-decoration-none text-strikethrough-none\">Elabora\u00e7\u00e3o dos princ\u00edpios, pilares e objetivos do instituto<\/span><\/li>\n\n\n\n<li><span class=\"OYPEnA font-feature-liga-off font-feature-clig-off font-feature-calt-off text-decoration-none text-strikethrough-none\">Defini\u00e7\u00e3o das linhas de ensino, pesquisa e extens\u00e3o priorit\u00e1rias<\/span><\/li>\n\n\n\n<li><span class=\"OYPEnA font-feature-liga-off font-feature-clig-off font-feature-calt-off text-decoration-none text-strikethrough-none\">Elabora\u00e7\u00e3o dos programas norteadores do instituto<\/span><\/li>\n\n\n\n<li>Defini\u00e7\u00e3o e dimensionamento da equipe administrativa e t\u00e9cnica<\/li>\n\n\n\n<li>Capacita\u00e7\u00e3o dos membros da equipe fixa em elabora\u00e7\u00e3o de projetos para capta\u00e7\u00e3o de recursos para sustentabilidade financeira<\/li>\n\n\n\n<li>Articula\u00e7\u00e3o com os demais setores para o desenvolvimento das atividades do instituto dentro do PZ<\/li>\n\n\n\n<li>Encaminhar a proposta de cria\u00e7\u00e3o do instituto para aprova\u00e7\u00e3o pelos \u00f3rg\u00e3os competentes da UFAC<\/li>\n\n\n\n<li>Aquisi\u00e7\u00e3o de material permanente para desenvolvimento das atividades do instituto<\/li>\n<\/ul>\n\n\n\n<h2 class=\"wp-block-heading\">Evolu\u00e7\u00e3o do Projeto<\/h2>\n\n\n\n<p>Projeto n\u00e3o iniciado.<\/p>\n","protected":false},"excerpt":{"rendered":"<p>O objetivo deste projeto \u00e9 criar o Instituto para fortalecer o desenvolvimento sustent\u00e1vel da regi\u00e3o amaz\u00f4nica por meio da capta\u00e7\u00e3o de recursos e forma\u00e7\u00e3o continuada dos povos tradicionais da floresta e produtores rurais. Unidade Respons\u00e1vel Parque Zoobot\u00e2nico L\u00edder do Projeto Francisca Cristina Moura de Lima Boaventura Tempo Estimado 22 meses Custo Estimado R$ 3.370.000,00 A\u00e7\u00f5es&hellip; <a class=\"more-link\" href=\"https:\/\/estrategia.ufac.br\/?page_id=1252\">Continue lendo <span class=\"screen-reader-text\">Constitui\u00e7\u00e3o do Instituto do Parque Zoobot\u00e2nico<\/span><\/a><\/p>\n","protected":false},"author":1,"featured_media":0,"parent":960,"menu_order":0,"comment_status":"closed","ping_status":"closed","template":"","meta":{"footnotes":""},"class_list":["post-1252","page","type-page","status-publish","hentry","entry"],"_links":{"self":[{"href":"https:\/\/estrategia.ufac.br\/index.php?rest_route=\/wp\/v2\/pages\/1252"}],"collection":[{"href":"https:\/\/estrategia.ufac.br\/index.php?rest_route=\/wp\/v2\/pages"}],"about":[{"href":"https:\/\/estrategia.ufac.br\/index.php?rest_route=\/wp\/v2\/types\/page"}],"author":[{"embeddable":true,"href":"https:\/\/estrategia.ufac.br\/index.php?rest_route=\/wp\/v2\/users\/1"}],"replies":[{"embeddable":true,"href":"https:\/\/estrategia.ufac.br\/index.php?rest_route=%2Fwp%2Fv2%2Fcomments&post=1252"}],"version-history":[{"count":12,"href":"https:\/\/estrategia.ufac.br\/index.php?rest_route=\/wp\/v2\/pages\/1252\/revisions"}],"predecessor-version":[{"id":2304,"href":"https:\/\/estrategia.ufac.br\/index.php?rest_route=\/wp\/v2\/pages\/1252\/revisions\/2304"}],"up":[{"embeddable":true,"href":"https:\/\/estrategia.ufac.br\/index.php?rest_route=\/wp\/v2\/pages\/960"}],"wp:attachment":[{"href":"https:\/\/estrategia.ufac.br\/index.php?rest_route=%2Fwp%2Fv2%2Fmedia&parent=1252"}],"curies":[{"name":"wp","href":"https:\/\/api.w.org\/{rel}","templated":true}]}}