{"id":1246,"date":"2024-10-21T16:52:02","date_gmt":"2024-10-21T21:52:02","guid":{"rendered":"http:\/\/estrategia.ufac.br\/?page_id=1246"},"modified":"2026-04-10T10:11:47","modified_gmt":"2026-04-10T15:11:47","slug":"acreditacao-do-laboratorio-de-analise-de-sementes-florestais-do-acre-fase-ii","status":"publish","type":"page","link":"https:\/\/estrategia.ufac.br\/?page_id=1246","title":{"rendered":"Acredita\u00e7\u00e3o do Laborat\u00f3rio de An\u00e1lise de Sementes Florestais do Acre &#8211; FASE II"},"content":{"rendered":"\n<p>O objetivo deste projeto \u00e9 e<span class=\"OYPEnA font-feature-liga-off font-feature-clig-off font-feature-calt-off text-decoration-none text-strikethrough-none\">quipar o laborat\u00f3rio, manter as calibra\u00e7\u00f5es RBC, a acredita\u00e7\u00e3o junto ao Inmetro e credenciamento ao MAPA.<\/span><\/p>\n\n\n\n<h2 class=\"wp-block-heading\"><span class=\"OYPEnA font-feature-liga-off font-feature-clig-off font-feature-calt-off text-decoration-none text-strikethrough-none\">Unidade Respons\u00e1vel<\/span><\/h2>\n\n\n\n<p><span class=\"OYPEnA font-feature-liga-off font-feature-clig-off font-feature-calt-off text-decoration-none text-strikethrough-none\">Parque Zoobot\u00e2nico<\/span><\/p>\n\n\n\n<h2 class=\"wp-block-heading\"><span class=\"OYPEnA font-feature-liga-off font-feature-clig-off font-feature-calt-off text-decoration-none text-strikethrough-none\">L\u00edder do Projeto<\/span><\/h2>\n\n\n\n<p><span class=\"OYPEnA font-feature-liga-off font-feature-clig-off font-feature-calt-off text-decoration-none text-strikethrough-none\">Joseane Oliveira Jacome<\/span><\/p>\n\n\n\n<h2 class=\"wp-block-heading\"><span class=\"OYPEnA font-feature-liga-off font-feature-clig-off font-feature-calt-off text-decoration-none text-strikethrough-none\">Tempo Estimado<\/span><\/h2>\n\n\n\n<p><span class=\"OYPEnA font-feature-liga-off font-feature-clig-off font-feature-calt-off text-decoration-none text-strikethrough-none\">9&nbsp;meses<\/span><\/p>\n\n\n\n<h2 class=\"wp-block-heading\"><span class=\"OYPEnA font-feature-liga-off font-feature-clig-off font-feature-calt-off text-decoration-none text-strikethrough-none\">Custo Estimado<\/span><\/h2>\n\n\n\n<p><span class=\"OYPEnA font-feature-liga-off font-feature-clig-off font-feature-calt-off text-decoration-none text-strikethrough-none\">R$ R$ 662.000,00<\/span><\/p>\n\n\n\n<h2 class=\"wp-block-heading\"><span class=\"OYPEnA font-feature-liga-off font-feature-clig-off font-feature-calt-off text-decoration-none text-strikethrough-none\">A\u00e7\u00f5es do Projeto<\/span><\/h2>\n\n\n\n<ul class=\"wp-block-list\">\n<li><span class=\"OYPEnA font-feature-liga-off font-feature-clig-off font-feature-calt-off text-decoration-none text-strikethrough-none\">Aquisi\u00e7\u00e3o de equipamentos e material permanente<\/span><\/li>\n\n\n\n<li><span class=\"OYPEnA font-feature-liga-off font-feature-clig-off font-feature-calt-off text-decoration-none text-strikethrough-none\">Material de consumo<\/span><\/li>\n\n\n\n<li><span class=\"OYPEnA font-feature-liga-off font-feature-clig-off font-feature-calt-off text-decoration-none text-strikethrough-none\">Manuten\u00e7\u00e3o e calibra\u00e7\u00e3o de equipamentos<\/span><\/li>\n\n\n\n<li><span class=\"OYPEnA font-feature-liga-off font-feature-clig-off font-feature-calt-off text-decoration-none text-strikethrough-none\">Implanta\u00e7\u00e3o e manuten\u00e7\u00e3o de software de gest\u00e3o da qualidade<\/span><\/li>\n\n\n\n<li>Realiza\u00e7\u00e3o do processo da acredita\u00e7\u00e3o&nbsp;<span class=\"OYPEnA font-feature-liga-off font-feature-clig-off font-feature-calt-off text-decoration-none text-strikethrough-none\">e log\u00edstica dos avaliadores<\/span><\/li>\n\n\n\n<li><span class=\"OYPEnA font-feature-liga-off font-feature-clig-off font-feature-calt-off text-decoration-none text-strikethrough-none\">Divulga\u00e7\u00e3o dos resultados do projeto<\/span><\/li>\n<\/ul>\n\n\n\n<h2 class=\"wp-block-heading has-text-align-left\">Evolu\u00e7\u00e3o do Projeto<\/h2>\n\n\n\n<p class=\"has-text-align-left\"><\/p>\n\n\n\n<figure class=\"wp-block-table is-style-regular\"><table class=\"has-fixed-layout\"><thead><tr><th><strong>Principais Realiza\u00e7\u00f5es<\/strong><\/th><th class=\"has-text-align-center\" data-align=\"center\"><strong>Pr\u00f3ximos Passos<\/strong><\/th><\/tr><\/thead><tbody><tr><td>Elabora\u00e7\u00e3o de lista detalhada dos equipamentos e materiais necess\u00e1rios para o funcionamento do LASFAC<\/td><td class=\"has-text-align-center\" data-align=\"center\" rowspan=\"3\">Ap\u00f3s disponibiliza\u00e7\u00e3o de equipamentos e materiais de consumo, ser\u00e3o iniciadas as a\u00e7\u00f5es de manuten\u00e7\u00e3o e calibra\u00e7\u00e3o dos equipamentos, bem como as despesas relacionadas ao processo de credenciamento.<\/td><\/tr><tr><td>Inclus\u00e3o da lista de equipamentos no Calend\u00e1rio de Compras da Ufac 2025<\/td><\/tr><tr><td>Submiss\u00e3o de projeto no MMA para capta\u00e7\u00e3o de recursos para aquisi\u00e7\u00e3o de equipamentos laboratoriais, elabora\u00e7\u00e3o do projeto para constru\u00e7\u00e3o de um galp\u00e3o, instala\u00e7\u00e3o de uma c\u00e2mara climatizada seca e implanta\u00e7\u00e3o de um sistema de energia solar. O investimento estimado \u00e9 de R$ 1.215.000,00 e a proposta encontra-se atualmente em tramita\u00e7\u00e3o no MMA para an\u00e1lise e poss\u00edvel libera\u00e7\u00e3o dos recursos<\/td><\/tr><\/tbody><\/table><\/figure>\n\n\n\n<p class=\"has-text-align-left\"><\/p>\n\n\n\n<figure class=\"wp-block-table is-style-regular\"><table class=\"has-fixed-layout\"><thead><tr><th><strong>Evolu\u00e7\u00e3o Or\u00e7ament\u00e1ria<\/strong><\/th><\/tr><\/thead><tbody><tr><td>Investido em 2026: R$ 186.104,84<\/td><\/tr><\/tbody><\/table><\/figure>\n\n\n\n<p class=\"has-text-align-left\"><\/p>\n\n\n\n<div class=\"wp-block-group is-nowrap is-layout-flex wp-container-core-group-is-layout-1 wp-block-group-is-layout-flex\">\n<figure class=\"wp-block-image size-full is-resized\"><a href=\"https:\/\/estrategia.ufac.br\/wp-content\/uploads\/2025\/04\/image-19.png\"><img fetchpriority=\"high\" decoding=\"async\" width=\"470\" height=\"261\" src=\"https:\/\/estrategia.ufac.br\/wp-content\/uploads\/2025\/04\/image-19.png\" alt=\"\" class=\"wp-image-2100\" style=\"width:230px;height:auto\" srcset=\"https:\/\/estrategia.ufac.br\/wp-content\/uploads\/2025\/04\/image-19.png 470w, https:\/\/estrategia.ufac.br\/wp-content\/uploads\/2025\/04\/image-19-300x167.png 300w\" sizes=\"(max-width: 470px) 100vw, 470px\" \/><\/a><figcaption class=\"wp-element-caption\">Evolu\u00e7\u00e3o do Projeto<\/figcaption><\/figure>\n\n\n\n<p class=\"has-scale-up-02-font-size\"><\/p>\n<\/div>\n\n\n\n<p class=\"has-text-align-left\"><strong>\u00daltima Atualiza\u00e7\u00e3o:<\/strong>&nbsp;31\/03\/2026<\/p>\n\n\n\n<p><\/p>\n","protected":false},"excerpt":{"rendered":"<p>O objetivo deste projeto \u00e9 equipar o laborat\u00f3rio, manter as calibra\u00e7\u00f5es RBC, a acredita\u00e7\u00e3o junto ao Inmetro e credenciamento ao MAPA. Unidade Respons\u00e1vel Parque Zoobot\u00e2nico L\u00edder do Projeto Joseane Oliveira Jacome Tempo Estimado 9&nbsp;meses Custo Estimado R$ R$ 662.000,00 A\u00e7\u00f5es do Projeto Evolu\u00e7\u00e3o do Projeto Principais Realiza\u00e7\u00f5es Pr\u00f3ximos Passos Elabora\u00e7\u00e3o de lista detalhada dos equipamentos&hellip; <a class=\"more-link\" href=\"https:\/\/estrategia.ufac.br\/?page_id=1246\">Continue lendo <span class=\"screen-reader-text\">Acredita\u00e7\u00e3o do Laborat\u00f3rio de An\u00e1lise de Sementes Florestais do Acre &#8211; FASE II<\/span><\/a><\/p>\n","protected":false},"author":1,"featured_media":0,"parent":960,"menu_order":0,"comment_status":"closed","ping_status":"closed","template":"","meta":{"footnotes":""},"class_list":["post-1246","page","type-page","status-publish","hentry","entry"],"_links":{"self":[{"href":"https:\/\/estrategia.ufac.br\/index.php?rest_route=\/wp\/v2\/pages\/1246"}],"collection":[{"href":"https:\/\/estrategia.ufac.br\/index.php?rest_route=\/wp\/v2\/pages"}],"about":[{"href":"https:\/\/estrategia.ufac.br\/index.php?rest_route=\/wp\/v2\/types\/page"}],"author":[{"embeddable":true,"href":"https:\/\/estrategia.ufac.br\/index.php?rest_route=\/wp\/v2\/users\/1"}],"replies":[{"embeddable":true,"href":"https:\/\/estrategia.ufac.br\/index.php?rest_route=%2Fwp%2Fv2%2Fcomments&post=1246"}],"version-history":[{"count":11,"href":"https:\/\/estrategia.ufac.br\/index.php?rest_route=\/wp\/v2\/pages\/1246\/revisions"}],"predecessor-version":[{"id":2385,"href":"https:\/\/estrategia.ufac.br\/index.php?rest_route=\/wp\/v2\/pages\/1246\/revisions\/2385"}],"up":[{"embeddable":true,"href":"https:\/\/estrategia.ufac.br\/index.php?rest_route=\/wp\/v2\/pages\/960"}],"wp:attachment":[{"href":"https:\/\/estrategia.ufac.br\/index.php?rest_route=%2Fwp%2Fv2%2Fmedia&parent=1246"}],"curies":[{"name":"wp","href":"https:\/\/api.w.org\/{rel}","templated":true}]}}