{"id":1243,"date":"2024-10-21T16:49:57","date_gmt":"2024-10-21T21:49:57","guid":{"rendered":"http:\/\/estrategia.ufac.br\/?page_id=1243"},"modified":"2025-11-06T10:13:17","modified_gmt":"2025-11-06T15:13:17","slug":"reformulacao-do-estatuto-e-regimento-geral-da-ufac","status":"publish","type":"page","link":"https:\/\/estrategia.ufac.br\/?page_id=1243","title":{"rendered":"Reformula\u00e7\u00e3o do Estatuto e Regimento Geral da UFAC"},"content":{"rendered":"\n<p>O objetivo deste projeto \u00e9 p<span class=\"OYPEnA font-feature-liga-off font-feature-clig-off font-feature-calt-off text-decoration-none text-strikethrough-none\">romover a reforma nos diplomas normativos da Ufac (Estatuto e Regimento Geral) com a finalidade de moderniza\u00e7\u00e3o da gest\u00e3o administrativa e acad\u00eamica com reestrutura\u00e7\u00e3o organizacional, desburocratiza\u00e7\u00e3o de processos e fortalecimento institucional.<\/span><\/p>\n\n\n\n<h2 class=\"wp-block-heading\"><span class=\"OYPEnA font-feature-liga-off font-feature-clig-off font-feature-calt-off text-decoration-none text-strikethrough-none\">Unidade Respons\u00e1vel<\/span><\/h2>\n\n\n\n<p><span class=\"OYPEnA font-feature-liga-off font-feature-clig-off font-feature-calt-off text-decoration-none text-strikethrough-none\">Reitoria<\/span><\/p>\n\n\n\n<h2 class=\"wp-block-heading\">L\u00edder do Projeto<\/h2>\n\n\n\n<p>Isla Maria Amorim de Souza Mansour<\/p>\n\n\n\n<h2 class=\"wp-block-heading\"><span class=\"OYPEnA font-feature-liga-off font-feature-clig-off font-feature-calt-off text-decoration-none text-strikethrough-none\">Tempo Estimado<\/span><\/h2>\n\n\n\n<p><span class=\"OYPEnA font-feature-liga-off font-feature-clig-off font-feature-calt-off text-decoration-none text-strikethrough-none\">14 meses<\/span><\/p>\n\n\n\n<h2 class=\"wp-block-heading\"><span class=\"OYPEnA font-feature-liga-off font-feature-clig-off font-feature-calt-off text-decoration-none text-strikethrough-none\">Custo Estimado<\/span><\/h2>\n\n\n\n<p><span class=\"OYPEnA font-feature-liga-off font-feature-clig-off font-feature-calt-off text-decoration-none text-strikethrough-none\">R$ 0,00<\/span><\/p>\n\n\n\n<h2 class=\"wp-block-heading\">A\u00e7\u00f5es do Projeto<\/h2>\n\n\n\n<ul class=\"wp-block-list\">\n<li><span class=\"OYPEnA font-feature-liga-off font-feature-clig-off font-feature-calt-off text-decoration-none text-strikethrough-none\">Constituir comiss\u00e3o especial respons\u00e1vel pela elabora\u00e7\u00e3o da proposta dos novos diplomas normativos<\/span><\/li>\n\n\n\n<li><span class=\"OYPEnA font-feature-liga-off font-feature-clig-off font-feature-calt-off text-decoration-none text-strikethrough-none\">Reuni\u00f5es para debater a reformula\u00e7\u00e3o com os diversos setores da Ufac e atores da comunidade universit\u00e1ria<\/span><\/li>\n\n\n\n<li><span class=\"OYPEnA font-feature-liga-off font-feature-clig-off font-feature-calt-off text-decoration-none text-strikethrough-none\">Elabora\u00e7\u00e3o de proposta de nova estrutura organizacional da Ufac<\/span><\/li>\n\n\n\n<li><span class=\"OYPEnA font-feature-liga-off font-feature-clig-off font-feature-calt-off text-decoration-none text-strikethrough-none\">Elabora\u00e7\u00e3o de proposta de novo estatuto e regimento geral da Ufac<\/span><\/li>\n\n\n\n<li><span class=\"OYPEnA font-feature-liga-off font-feature-clig-off font-feature-calt-off text-decoration-none text-strikethrough-none\">Apresenta\u00e7\u00e3o e novas rodadas de discuss\u00f5es sobre as propostas elaboradas com os setores da Ufac e comunidade universit\u00e1ria<\/span><\/li>\n\n\n\n<li><span class=\"OYPEnA font-feature-liga-off font-feature-clig-off font-feature-calt-off text-decoration-none text-strikethrough-none\">Reorganiza\u00e7\u00e3o das propostas a partir das sugest\u00f5es das unidades e comunidade universit\u00e1ria<\/span><\/li>\n\n\n\n<li><span class=\"OYPEnA font-feature-liga-off font-feature-clig-off font-feature-calt-off text-decoration-none text-strikethrough-none\">Apresenta\u00e7\u00e3o de proposta finalizada de novo estatuto e regimento geral para a administra\u00e7\u00e3o superior<\/span><\/li>\n\n\n\n<li><span class=\"OYPEnA font-feature-liga-off font-feature-clig-off font-feature-calt-off text-decoration-none text-strikethrough-none\">Adapta\u00e7\u00f5es das propostas a partir da an\u00e1lise da gest\u00e3o superior<\/span><\/li>\n\n\n\n<li><span class=\"OYPEnA font-feature-liga-off font-feature-clig-off font-feature-calt-off text-decoration-none text-strikethrough-none\">Apresenta\u00e7\u00e3o e aprecia\u00e7\u00e3o dos novos diplomas normativos no conselho universit\u00e1rio<\/span><\/li>\n\n\n\n<li><span class=\"OYPEnA font-feature-liga-off font-feature-clig-off font-feature-calt-off text-decoration-none text-strikethrough-none\">Aprova\u00e7\u00e3o dos novos Estatuto e Regimento Geral da Ufac<\/span><\/li>\n<\/ul>\n\n\n\n<h2 class=\"wp-block-heading\">Evolu\u00e7\u00e3o do Projeto<\/h2>\n\n\n\n<p>Projeto n\u00e3o iniciado.<\/p>\n","protected":false},"excerpt":{"rendered":"<p>O objetivo deste projeto \u00e9 promover a reforma nos diplomas normativos da Ufac (Estatuto e Regimento Geral) com a finalidade de moderniza\u00e7\u00e3o da gest\u00e3o administrativa e acad\u00eamica com reestrutura\u00e7\u00e3o organizacional, desburocratiza\u00e7\u00e3o de processos e fortalecimento institucional. Unidade Respons\u00e1vel Reitoria L\u00edder do Projeto Isla Maria Amorim de Souza Mansour Tempo Estimado 14 meses Custo Estimado R$&hellip; <a class=\"more-link\" href=\"https:\/\/estrategia.ufac.br\/?page_id=1243\">Continue lendo <span class=\"screen-reader-text\">Reformula\u00e7\u00e3o do Estatuto e Regimento Geral da UFAC<\/span><\/a><\/p>\n","protected":false},"author":1,"featured_media":0,"parent":960,"menu_order":0,"comment_status":"closed","ping_status":"closed","template":"","meta":{"footnotes":""},"class_list":["post-1243","page","type-page","status-publish","hentry","entry"],"_links":{"self":[{"href":"https:\/\/estrategia.ufac.br\/index.php?rest_route=\/wp\/v2\/pages\/1243"}],"collection":[{"href":"https:\/\/estrategia.ufac.br\/index.php?rest_route=\/wp\/v2\/pages"}],"about":[{"href":"https:\/\/estrategia.ufac.br\/index.php?rest_route=\/wp\/v2\/types\/page"}],"author":[{"embeddable":true,"href":"https:\/\/estrategia.ufac.br\/index.php?rest_route=\/wp\/v2\/users\/1"}],"replies":[{"embeddable":true,"href":"https:\/\/estrategia.ufac.br\/index.php?rest_route=%2Fwp%2Fv2%2Fcomments&post=1243"}],"version-history":[{"count":8,"href":"https:\/\/estrategia.ufac.br\/index.php?rest_route=\/wp\/v2\/pages\/1243\/revisions"}],"predecessor-version":[{"id":2300,"href":"https:\/\/estrategia.ufac.br\/index.php?rest_route=\/wp\/v2\/pages\/1243\/revisions\/2300"}],"up":[{"embeddable":true,"href":"https:\/\/estrategia.ufac.br\/index.php?rest_route=\/wp\/v2\/pages\/960"}],"wp:attachment":[{"href":"https:\/\/estrategia.ufac.br\/index.php?rest_route=%2Fwp%2Fv2%2Fmedia&parent=1243"}],"curies":[{"name":"wp","href":"https:\/\/api.w.org\/{rel}","templated":true}]}}