{"id":1240,"date":"2024-10-21T16:45:13","date_gmt":"2024-10-21T21:45:13","guid":{"rendered":"http:\/\/estrategia.ufac.br\/?page_id=1240"},"modified":"2025-06-25T15:25:34","modified_gmt":"2025-06-25T20:25:34","slug":"ufac-sustentavel","status":"publish","type":"page","link":"https:\/\/estrategia.ufac.br\/?page_id=1240","title":{"rendered":"Ufac Sustent\u00e1vel"},"content":{"rendered":"\n<p>O objetivo deste projeto \u00e9 a e<span class=\"OYPEnA font-feature-liga-off font-feature-clig-off font-feature-calt-off text-decoration-none text-strikethrough-none\">labora\u00e7\u00e3o do plano de sustentabilidade da Ufac com a finalidade de promover a redu\u00e7\u00e3o do impacto ambiental, atender as normas de sustentabilidade vigentes e promover uso racional dos recursos p\u00fablicos atrelados \u00e0 educa\u00e7\u00e3o ambiental e a economia, a fim de ser refer\u00eancia no estado enquanto \u00f3rg\u00e3o p\u00fablico.<\/span><\/p>\n\n\n\n<h2 class=\"wp-block-heading\"><span class=\"OYPEnA font-feature-liga-off font-feature-clig-off font-feature-calt-off text-decoration-none text-strikethrough-none\">Unidade Respons\u00e1vel<\/span><\/h2>\n\n\n\n<p>Pr\u00f3-Reitoria de Planejamento<\/p>\n\n\n\n<h2 class=\"wp-block-heading\"><span class=\"OYPEnA font-feature-liga-off font-feature-clig-off font-feature-calt-off text-decoration-none text-strikethrough-none\">Tempo Estimado<\/span><\/h2>\n\n\n\n<p><span class=\"OYPEnA font-feature-liga-off font-feature-clig-off font-feature-calt-off text-decoration-none text-strikethrough-none\">12 meses<\/span><\/p>\n\n\n\n<h2 class=\"wp-block-heading\"><span class=\"OYPEnA font-feature-liga-off font-feature-clig-off font-feature-calt-off text-decoration-none text-strikethrough-none\">Custo Estimado<\/span><\/h2>\n\n\n\n<p><span class=\"OYPEnA font-feature-liga-off font-feature-clig-off font-feature-calt-off text-decoration-none text-strikethrough-none\">R$ 0,00<\/span><\/p>\n\n\n\n<h2 class=\"wp-block-heading\">A\u00e7\u00f5es do Projeto<\/h2>\n\n\n\n<ul class=\"wp-block-list\">\n<li><span class=\"OYPEnA font-feature-liga-off font-feature-clig-off font-feature-calt-off text-decoration-none text-strikethrough-none\">Mapear junto \u00e0s unidades os pontos que precisam ser melhorados para que a institui\u00e7\u00e3o se torne sustent\u00e1vel<\/span><\/li>\n\n\n\n<li><span class=\"OYPEnA font-feature-liga-off font-feature-clig-off font-feature-calt-off text-decoration-none text-strikethrough-none\">Definir os eixos priorit\u00e1rios de atua\u00e7\u00e3o com base na Agenda 2030 e alinhado ao Planejamento Estrat\u00e9gico 2024-2033<\/span><\/li>\n\n\n\n<li><span class=\"OYPEnA font-feature-liga-off font-feature-clig-off font-feature-calt-off text-decoration-none text-strikethrough-none\">Estabelecer as a\u00e7\u00f5es a serem desenvolvidas no \u00e2mbito institucional<\/span><\/li>\n\n\n\n<li><span class=\"OYPEnA font-feature-liga-off font-feature-clig-off font-feature-calt-off text-decoration-none text-strikethrough-none\">Definir as unidades respons\u00e1veis pela execu\u00e7\u00e3o das a\u00e7\u00f5es estabelecidas<\/span><\/li>\n\n\n\n<li><span class=\"OYPEnA font-feature-liga-off font-feature-clig-off font-feature-calt-off text-decoration-none text-strikethrough-none\">Definir junto aos respons\u00e1veis os indicadores de evolu\u00e7\u00e3o do plano e as metas para o per\u00edodo de vig\u00eancia<\/span><\/li>\n<\/ul>\n\n\n\n<h2 class=\"wp-block-heading\">Evolu\u00e7\u00e3o do Projeto<\/h2>\n\n\n\n<p>Projeto n\u00e3o iniciado.<\/p>\n\n\n\n<p><\/p>\n","protected":false},"excerpt":{"rendered":"<p>O objetivo deste projeto \u00e9 a elabora\u00e7\u00e3o do plano de sustentabilidade da Ufac com a finalidade de promover a redu\u00e7\u00e3o do impacto ambiental, atender as normas de sustentabilidade vigentes e promover uso racional dos recursos p\u00fablicos atrelados \u00e0 educa\u00e7\u00e3o ambiental e a economia, a fim de ser refer\u00eancia no estado enquanto \u00f3rg\u00e3o p\u00fablico. Unidade Respons\u00e1vel&hellip; <a class=\"more-link\" href=\"https:\/\/estrategia.ufac.br\/?page_id=1240\">Continue lendo <span class=\"screen-reader-text\">Ufac Sustent\u00e1vel<\/span><\/a><\/p>\n","protected":false},"author":1,"featured_media":0,"parent":960,"menu_order":0,"comment_status":"closed","ping_status":"closed","template":"","meta":{"footnotes":""},"class_list":["post-1240","page","type-page","status-publish","hentry","entry"],"_links":{"self":[{"href":"https:\/\/estrategia.ufac.br\/index.php?rest_route=\/wp\/v2\/pages\/1240"}],"collection":[{"href":"https:\/\/estrategia.ufac.br\/index.php?rest_route=\/wp\/v2\/pages"}],"about":[{"href":"https:\/\/estrategia.ufac.br\/index.php?rest_route=\/wp\/v2\/types\/page"}],"author":[{"embeddable":true,"href":"https:\/\/estrategia.ufac.br\/index.php?rest_route=\/wp\/v2\/users\/1"}],"replies":[{"embeddable":true,"href":"https:\/\/estrategia.ufac.br\/index.php?rest_route=%2Fwp%2Fv2%2Fcomments&post=1240"}],"version-history":[{"count":11,"href":"https:\/\/estrategia.ufac.br\/index.php?rest_route=\/wp\/v2\/pages\/1240\/revisions"}],"predecessor-version":[{"id":2284,"href":"https:\/\/estrategia.ufac.br\/index.php?rest_route=\/wp\/v2\/pages\/1240\/revisions\/2284"}],"up":[{"embeddable":true,"href":"https:\/\/estrategia.ufac.br\/index.php?rest_route=\/wp\/v2\/pages\/960"}],"wp:attachment":[{"href":"https:\/\/estrategia.ufac.br\/index.php?rest_route=%2Fwp%2Fv2%2Fmedia&parent=1240"}],"curies":[{"name":"wp","href":"https:\/\/api.w.org\/{rel}","templated":true}]}}