{"id":1234,"date":"2024-10-21T16:43:26","date_gmt":"2024-10-21T21:43:26","guid":{"rendered":"http:\/\/estrategia.ufac.br\/?page_id=1234"},"modified":"2026-04-08T11:44:54","modified_gmt":"2026-04-08T16:44:54","slug":"projeto-13","status":"publish","type":"page","link":"https:\/\/estrategia.ufac.br\/?page_id=1234","title":{"rendered":"Implementa\u00e7\u00e3o da Governan\u00e7a de Processos"},"content":{"rendered":"\n<p>O objetivo deste projeto \u00e9 d<span class=\"OYPEnA font-feature-liga-off font-feature-clig-off font-feature-calt-off text-decoration-none text-strikethrough-none\">esenvolver o modelo de governan\u00e7a de processos por meio da defini\u00e7\u00e3o de diretrizes e da consolida\u00e7\u00e3o da metodologia que padronizem a gest\u00e3o de processos na Ufac.<\/span><\/p>\n\n\n\n<h2 class=\"wp-block-heading\"><span class=\"OYPEnA font-feature-liga-off font-feature-clig-off font-feature-calt-off text-decoration-none text-strikethrough-none\">Unidade Respons\u00e1vel<\/span><\/h2>\n\n\n\n<p><span class=\"OYPEnA font-feature-liga-off font-feature-clig-off font-feature-calt-off text-decoration-none text-strikethrough-none\">Pr\u00f3-Reitoria de Planejamento<\/span><\/p>\n\n\n\n<h2 class=\"wp-block-heading\">L\u00edder do Projeto<\/h2>\n\n\n\n<p>Edvandro Reckziegel<\/p>\n\n\n\n<h2 class=\"wp-block-heading\"><span class=\"OYPEnA font-feature-liga-off font-feature-clig-off font-feature-calt-off text-decoration-none text-strikethrough-none\">Tempo Estimado<\/span><\/h2>\n\n\n\n<p><span class=\"OYPEnA font-feature-liga-off font-feature-clig-off font-feature-calt-off text-decoration-none text-strikethrough-none\">11 meses<\/span><\/p>\n\n\n\n<h2 class=\"wp-block-heading\"><span class=\"OYPEnA font-feature-liga-off font-feature-clig-off font-feature-calt-off text-decoration-none text-strikethrough-none\">Custo Estimado<\/span><\/h2>\n\n\n\n<p><span class=\"OYPEnA font-feature-liga-off font-feature-clig-off font-feature-calt-off text-decoration-none text-strikethrough-none\">R$ 18.000,00<\/span><\/p>\n\n\n\n<h2 class=\"wp-block-heading\">A\u00e7\u00f5es Previstas no Projeto<\/h2>\n\n\n\n<ul class=\"wp-block-list\">\n<li><span class=\"OYPEnA font-feature-liga-off font-feature-clig-off font-feature-calt-off text-decoration-none text-strikethrough-none\">Levantamento do material te\u00f3rico relacionado a gest\u00e3o de processos e das experi\u00eancias em outras institui\u00e7\u00f5es de ensino<\/span><\/li>\n\n\n\n<li><span class=\"OYPEnA font-feature-liga-off font-feature-clig-off font-feature-calt-off text-decoration-none text-strikethrough-none\">Aquisi\u00e7\u00e3o de licen\u00e7as do software Bizagi<\/span><\/li>\n\n\n\n<li><span class=\"OYPEnA font-feature-liga-off font-feature-clig-off font-feature-calt-off text-decoration-none text-strikethrough-none\">Levantamento de todas as informa\u00e7\u00f5es relativas ao processo para modelagem AS-IS<\/span><\/li>\n\n\n\n<li><span class=\"OYPEnA font-feature-liga-off font-feature-clig-off font-feature-calt-off text-decoration-none text-strikethrough-none\">Valida\u00e7\u00e3o e divulga\u00e7\u00e3o do resultado do mapeamento do processo piloto<\/span><\/li>\n\n\n\n<li><span class=\"OYPEnA font-feature-liga-off font-feature-clig-off font-feature-calt-off text-decoration-none text-strikethrough-none\">Publica\u00e7\u00e3o de portaria que torne formal as diretrizes e procedimentos do manual<\/span><\/li>\n\n\n\n<li><span class=\"OYPEnA font-feature-liga-off font-feature-clig-off font-feature-calt-off text-decoration-none text-strikethrough-none\">Capacita\u00e7\u00e3o da equipe para mapeamento dos processos com BPMN e Bizagi<\/span><\/li>\n\n\n\n<li><span class=\"OYPEnA font-feature-liga-off font-feature-clig-off font-feature-calt-off text-decoration-none text-strikethrough-none\">Organizar as opera\u00e7\u00f5es da equipe, definir componentes e atribui\u00e7\u00f5es<\/span><\/li>\n\n\n\n<li><span class=\"OYPEnA font-feature-liga-off font-feature-clig-off font-feature-calt-off text-decoration-none text-strikethrough-none\">Proposta de modelagem TO BE<\/span><\/li>\n\n\n\n<li>Produ\u00e7\u00e3o dos documentos que formalizem as diretrizes para a gest\u00e3o&nbsp;<span class=\"OYPEnA font-feature-liga-off font-feature-clig-off font-feature-calt-off text-decoration-none text-strikethrough-none\">e mapeamento de processos na institui\u00e7\u00e3o<\/span><\/li>\n\n\n\n<li><span class=\"OYPEnA font-feature-liga-off font-feature-clig-off font-feature-calt-off text-decoration-none text-strikethrough-none\">Organizar e formalizar a metodologia que ser\u00e1 utilizada. (ferramentas, m\u00e9todos, documenta\u00e7\u00e3o)<\/span><\/li>\n\n\n\n<li><span class=\"OYPEnA font-feature-liga-off font-feature-clig-off font-feature-calt-off text-decoration-none text-strikethrough-none\">Identificar os principais processos com base na Cadeia de Valor e definir crit\u00e9rios de escolha do processo piloto<\/span><\/li>\n\n\n\n<li><span class=\"OYPEnA font-feature-liga-off font-feature-clig-off font-feature-calt-off text-decoration-none text-strikethrough-none\">Elaborar um plano de a\u00e7\u00e3o de melhoria do processo, com defini\u00e7\u00e3o de indicadores para monitoramento do processo melhorado<\/span><\/li>\n\n\n\n<li><span class=\"OYPEnA font-feature-liga-off font-feature-clig-off font-feature-calt-off text-decoration-none text-strikethrough-none\">Realizar a capacita\u00e7\u00e3o dos servidores que ir\u00e3o atuar com processos nas unidades<\/span><\/li>\n<\/ul>\n\n\n\n<h2 class=\"wp-block-heading\">Evolu\u00e7\u00e3o do Projeto<\/h2>\n\n\n\n<figure class=\"wp-block-table is-style-regular\"><table class=\"has-fixed-layout\"><thead><tr><th><strong>Principais Realiza\u00e7\u00f5es<\/strong><\/th><th class=\"has-text-align-center\" data-align=\"center\"><strong>Pr\u00f3ximos Passos<\/strong><\/th><\/tr><\/thead><tbody><tr><td>An\u00e1lise do Guia BPM CBOK<\/td><td class=\"has-text-align-center\" data-align=\"center\">Contrata\u00e7\u00e3o de profissionais para capacita\u00e7\u00e3o da equipe<\/td><\/tr><tr><td>Pesquisa de metodologias de refer\u00eancia<\/td><td class=\"has-text-align-center\" data-align=\"center\">Formaliza\u00e7\u00e3o da metodologia de gest\u00e3o de processos<\/td><\/tr><tr><td>Pesquisa de mercado de capacita\u00e7\u00e3o na \u00e1rea<\/td><td class=\"has-text-align-center\" data-align=\"center\">Aquisi\u00e7\u00e3o de licen\u00e7as do software Bizagi<\/td><\/tr><tr><td>Contrata\u00e7\u00e3o de profissionais para capacita\u00e7\u00e3o da equipe<\/td><td class=\"has-text-align-center\" data-align=\"center\">Publica\u00e7\u00e3o de portaria que formalize as diretrizes e procedimentos do manual<\/td><\/tr><tr><td>Realiza\u00e7\u00e3o da capacita\u00e7\u00e3o em Gest\u00e3o de Processos de Neg\u00f3cio com a empresa Weprocess<\/td><td class=\"has-text-align-center\" data-align=\"center\"><\/td><\/tr><tr><td>Elabora\u00e7\u00e3o da metodologia de gest\u00e3o de processos da Ufac<\/td><td class=\"has-text-align-center\" data-align=\"center\"><\/td><\/tr><\/tbody><\/table><\/figure>\n\n\n\n<p class=\"has-scale-down-01-font-size\"><\/p>\n\n\n\n<figure class=\"wp-block-table is-style-regular\"><table class=\"has-fixed-layout\"><thead><tr><th class=\"has-text-align-center\" data-align=\"center\"><strong>Evolu\u00e7\u00e3o Or\u00e7ament\u00e1ria<\/strong><\/th><\/tr><\/thead><tbody><tr><td class=\"has-text-align-center\" data-align=\"center\">Investido em 2026: R$ 28.000,00<\/td><\/tr><\/tbody><\/table><\/figure>\n\n\n\n<p class=\"has-scale-down-01-font-size\"><\/p>\n\n\n\n<div class=\"wp-block-group is-vertical is-layout-flex wp-container-core-group-is-layout-4 wp-block-group-is-layout-flex\">\n<div class=\"wp-block-group is-nowrap is-layout-flex wp-container-core-group-is-layout-3 wp-block-group-is-layout-flex\">\n<div class=\"wp-block-group is-vertical is-layout-flex wp-container-core-group-is-layout-2 wp-block-group-is-layout-flex\">\n<div class=\"wp-block-group is-nowrap is-layout-flex wp-container-core-group-is-layout-1 wp-block-group-is-layout-flex\">\n<figure class=\"wp-block-image size-full is-resized\"><a href=\"https:\/\/estrategia.ufac.br\/wp-content\/uploads\/2026\/04\/86percent.png\"><img fetchpriority=\"high\" decoding=\"async\" width=\"393\" height=\"197\" src=\"https:\/\/estrategia.ufac.br\/wp-content\/uploads\/2026\/04\/86percent.png\" alt=\"\" class=\"wp-image-2350\" style=\"width:214px;height:auto\" srcset=\"https:\/\/estrategia.ufac.br\/wp-content\/uploads\/2026\/04\/86percent.png 393w, https:\/\/estrategia.ufac.br\/wp-content\/uploads\/2026\/04\/86percent-300x150.png 300w\" sizes=\"(max-width: 393px) 100vw, 393px\" \/><\/a><figcaption class=\"wp-element-caption\">Evolu\u00e7\u00e3o do Projeto<\/figcaption><\/figure>\n\n\n\n<p class=\"has-scale-up-02-font-size\"><\/p>\n<\/div>\n<\/div>\n<\/div>\n<\/div>\n\n\n\n<p class=\"has-scale-down-01-font-size\"><strong>\u00daltima Atualiza\u00e7\u00e3o:<\/strong> 31\/03\/2026<\/p>\n\n\n\n<p><\/p>\n","protected":false},"excerpt":{"rendered":"<p>O objetivo deste projeto \u00e9 desenvolver o modelo de governan\u00e7a de processos por meio da defini\u00e7\u00e3o de diretrizes e da consolida\u00e7\u00e3o da metodologia que padronizem a gest\u00e3o de processos na Ufac. Unidade Respons\u00e1vel Pr\u00f3-Reitoria de Planejamento L\u00edder do Projeto Edvandro Reckziegel Tempo Estimado 11 meses Custo Estimado R$ 18.000,00 A\u00e7\u00f5es Previstas no Projeto Evolu\u00e7\u00e3o do&hellip; <a class=\"more-link\" href=\"https:\/\/estrategia.ufac.br\/?page_id=1234\">Continue lendo <span class=\"screen-reader-text\">Implementa\u00e7\u00e3o da Governan\u00e7a de Processos<\/span><\/a><\/p>\n","protected":false},"author":1,"featured_media":0,"parent":960,"menu_order":0,"comment_status":"closed","ping_status":"closed","template":"","meta":{"footnotes":""},"class_list":["post-1234","page","type-page","status-publish","hentry","entry"],"_links":{"self":[{"href":"https:\/\/estrategia.ufac.br\/index.php?rest_route=\/wp\/v2\/pages\/1234"}],"collection":[{"href":"https:\/\/estrategia.ufac.br\/index.php?rest_route=\/wp\/v2\/pages"}],"about":[{"href":"https:\/\/estrategia.ufac.br\/index.php?rest_route=\/wp\/v2\/types\/page"}],"author":[{"embeddable":true,"href":"https:\/\/estrategia.ufac.br\/index.php?rest_route=\/wp\/v2\/users\/1"}],"replies":[{"embeddable":true,"href":"https:\/\/estrategia.ufac.br\/index.php?rest_route=%2Fwp%2Fv2%2Fcomments&post=1234"}],"version-history":[{"count":11,"href":"https:\/\/estrategia.ufac.br\/index.php?rest_route=\/wp\/v2\/pages\/1234\/revisions"}],"predecessor-version":[{"id":2351,"href":"https:\/\/estrategia.ufac.br\/index.php?rest_route=\/wp\/v2\/pages\/1234\/revisions\/2351"}],"up":[{"embeddable":true,"href":"https:\/\/estrategia.ufac.br\/index.php?rest_route=\/wp\/v2\/pages\/960"}],"wp:attachment":[{"href":"https:\/\/estrategia.ufac.br\/index.php?rest_route=%2Fwp%2Fv2%2Fmedia&parent=1234"}],"curies":[{"name":"wp","href":"https:\/\/api.w.org\/{rel}","templated":true}]}}