{"id":1207,"date":"2024-10-21T16:32:58","date_gmt":"2024-10-21T21:32:58","guid":{"rendered":"http:\/\/estrategia.ufac.br\/?page_id=1207"},"modified":"2026-04-08T11:07:45","modified_gmt":"2026-04-08T16:07:45","slug":"implantacao-do-cadastro-de-assistencia-estudantil","status":"publish","type":"page","link":"https:\/\/estrategia.ufac.br\/?page_id=1207","title":{"rendered":"Implanta\u00e7\u00e3o do Cadastro de Assist\u00eancia Estudantil"},"content":{"rendered":"\n<p>O objetivo deste projeto \u00e9 <span class=\"OYPEnA font-feature-liga-off font-feature-clig-off font-feature-calt-off text-decoration-none text-strikethrough-none\">desenvolver um sistema informatizado &#8211; identificado como Cadastro de Assist\u00eancia Estudantil &#8211; para redu\u00e7\u00e3o da <\/span><span class=\"OYPEnA font-feature-liga-off font-feature-clig-off font-feature-calt-off text-decoration-none text-strikethrough-none\">acia dos processos seletivos de bolsas e aux\u00edlios de perman\u00eancia, tornando mais \u00e1gil o processo de inscri\u00e7\u00e3o dos estudantes e evitando a redund\u00e2ncia no envio da documenta\u00e7\u00e3o socioecon\u00f4mica.<\/span><\/p>\n\n\n\n<h2 class=\"wp-block-heading\"><span class=\"OYPEnA font-feature-liga-off font-feature-clig-off font-feature-calt-off text-decoration-none text-strikethrough-none\">Unidade Respons\u00e1vel<\/span><\/h2>\n\n\n\n<p>Pr\u00f3-Reitoria de Assuntos Estudantis<\/p>\n\n\n\n<h2 class=\"wp-block-heading\">L\u00edder do Projeto<\/h2>\n\n\n\n<p>Cydia de Menezes Furtado<\/p>\n\n\n\n<h2 class=\"wp-block-heading\"><span class=\"OYPEnA font-feature-liga-off font-feature-clig-off font-feature-calt-off text-decoration-none text-strikethrough-none\">Tempo Estimado<\/span><\/h2>\n\n\n\n<p><span class=\"OYPEnA font-feature-liga-off font-feature-clig-off font-feature-calt-off text-decoration-none text-strikethrough-none\">24&nbsp;meses<\/span><\/p>\n\n\n\n<h2 class=\"wp-block-heading\"><span class=\"OYPEnA font-feature-liga-off font-feature-clig-off font-feature-calt-off text-decoration-none text-strikethrough-none\">Custo Estimado<\/span><\/h2>\n\n\n\n<p><span class=\"OYPEnA font-feature-liga-off font-feature-clig-off font-feature-calt-off text-decoration-none text-strikethrough-none\">Sem custo.<\/span><\/p>\n\n\n\n<h2 class=\"wp-block-heading\"><span class=\"OYPEnA font-feature-liga-off font-feature-clig-off font-feature-calt-off text-decoration-none text-strikethrough-none\">A\u00e7\u00f5es Previstas no Projeto<\/span><\/h2>\n\n\n\n<ul class=\"wp-block-list\">\n<li><span class=\"OYPEnA font-feature-liga-off font-feature-clig-off font-feature-calt-off text-decoration-none text-strikethrough-none\">Elaborar plano de utiliza\u00e7\u00e3o do Sistema<\/span><\/li>\n\n\n\n<li><span class=\"OYPEnA font-feature-liga-off font-feature-clig-off font-feature-calt-off text-decoration-none text-strikethrough-none\">Reuni\u00f5es de planejamento e detalhamento dos requisitos do Sistema<\/span><\/li>\n\n\n\n<li><span class=\"OYPEnA font-feature-liga-off font-feature-clig-off font-feature-calt-off text-decoration-none text-strikethrough-none\">Aprovar aquisi\u00e7\u00f5es no Comit\u00ea de Governan\u00e7a Digital (CGD)<\/span><\/li>\n\n\n\n<li><span class=\"OYPEnA font-feature-liga-off font-feature-clig-off font-feature-calt-off text-decoration-none text-strikethrough-none\">Iniciar o Desenvolvimento do Sistema<\/span><\/li>\n\n\n\n<li><span class=\"OYPEnA font-feature-liga-off font-feature-clig-off font-feature-calt-off text-decoration-none text-strikethrough-none\">An\u00e1lise do prot\u00f3tipo do Sistema pela Proaes<\/span><\/li>\n\n\n\n<li><span class=\"OYPEnA font-feature-liga-off font-feature-clig-off font-feature-calt-off text-decoration-none text-strikethrough-none\">Desenvolvimento da segunda fase do Sistema<\/span><\/li>\n\n\n\n<li><span class=\"OYPEnA font-feature-liga-off font-feature-clig-off font-feature-calt-off text-decoration-none text-strikethrough-none\">An\u00e1lise do Sistema \u2013 fase 2 pela Proaes<\/span><\/li>\n\n\n\n<li><span class=\"OYPEnA font-feature-liga-off font-feature-clig-off font-feature-calt-off text-decoration-none text-strikethrough-none\">Realizar capacita\u00e7\u00e3o aos usu\u00e1rios-chave do sistema<\/span><\/li>\n\n\n\n<li>Desenvolver materiais de apoio aos usu\u00e1rios para suporte e d\u00favidas<\/li>\n<\/ul>\n\n\n\n<h2 class=\"wp-block-heading\">Evolu\u00e7\u00e3o do Projeto<\/h2>\n\n\n\n<figure class=\"wp-block-table is-style-regular\"><table class=\"has-fixed-layout\"><thead><tr><th><strong>Principais Realiza\u00e7\u00f5es<\/strong><\/th><th class=\"has-text-align-center\" data-align=\"center\"><strong>Pr\u00f3ximos Passos<\/strong><\/th><\/tr><\/thead><tbody><tr><td>Reuni\u00f5es internas \u00e0 Proaes para defini\u00e7\u00e3o das necessidades do novo sistema.<\/td><td class=\"has-text-align-center\" data-align=\"center\">In\u00edcio do Desenvolvimento do Sistema.<\/td><\/tr><tr><td>Reuni\u00f5es com o NTI para defini\u00e7\u00e3o de requisitos do sistema.<\/td><td class=\"has-text-align-center\" data-align=\"center\">An\u00e1lise do &#8220;Esqueleto&#8221; do Sistema.<\/td><\/tr><tr><td>Abertura de Processo no sistema GLPI.<\/td><td class=\"has-text-align-center\" data-align=\"center\"><\/td><\/tr><\/tbody><\/table><\/figure>\n\n\n\n<p class=\"has-scale-down-01-font-size\"><\/p>\n\n\n\n<figure class=\"wp-block-table is-style-regular\"><table class=\"has-fixed-layout\"><thead><tr><th class=\"has-text-align-center\" data-align=\"center\"><strong>Evolu\u00e7\u00e3o Or\u00e7ament\u00e1ria<\/strong><\/th><\/tr><\/thead><tbody><tr><td class=\"has-text-align-center\" data-align=\"center\">Investido em 2026: R$ 0,00<\/td><\/tr><\/tbody><\/table><\/figure>\n\n\n\n<p class=\"has-scale-down-01-font-size\"><\/p>\n\n\n\n<div class=\"wp-block-group is-vertical is-layout-flex wp-container-core-group-is-layout-4 wp-block-group-is-layout-flex\">\n<div class=\"wp-block-group is-nowrap is-layout-flex wp-container-core-group-is-layout-3 wp-block-group-is-layout-flex\">\n<div class=\"wp-block-group is-vertical is-layout-flex wp-container-core-group-is-layout-2 wp-block-group-is-layout-flex\">\n<div class=\"wp-block-group is-nowrap is-layout-flex wp-container-core-group-is-layout-1 wp-block-group-is-layout-flex\">\n<figure class=\"wp-block-image size-full is-resized\"><a href=\"https:\/\/estrategia.ufac.br\/wp-content\/uploads\/2025\/04\/image-1.png\"><img fetchpriority=\"high\" decoding=\"async\" width=\"540\" height=\"306\" src=\"https:\/\/estrategia.ufac.br\/wp-content\/uploads\/2025\/04\/image-1.png\" alt=\"\" class=\"wp-image-1998\" style=\"width:230px;height:auto\" srcset=\"https:\/\/estrategia.ufac.br\/wp-content\/uploads\/2025\/04\/image-1.png 540w, https:\/\/estrategia.ufac.br\/wp-content\/uploads\/2025\/04\/image-1-300x170.png 300w\" sizes=\"(max-width: 540px) 100vw, 540px\" \/><\/a><figcaption class=\"wp-element-caption\">Evolu\u00e7\u00e3o do Projeto<\/figcaption><\/figure>\n\n\n\n<p class=\"has-scale-up-02-font-size\"><\/p>\n<\/div>\n\n\n\n<p class=\"has-scale-down-01-font-size\"><strong>\u00daltima Atualiza\u00e7\u00e3o:<\/strong> 31\/03\/2026<\/p>\n<\/div>\n<\/div>\n<\/div>\n\n\n\n<p><\/p>\n","protected":false},"excerpt":{"rendered":"<p>O objetivo deste projeto \u00e9 desenvolver um sistema informatizado &#8211; identificado como Cadastro de Assist\u00eancia Estudantil &#8211; para redu\u00e7\u00e3o da acia dos processos seletivos de bolsas e aux\u00edlios de perman\u00eancia, tornando mais \u00e1gil o processo de inscri\u00e7\u00e3o dos estudantes e evitando a redund\u00e2ncia no envio da documenta\u00e7\u00e3o socioecon\u00f4mica. Unidade Respons\u00e1vel Pr\u00f3-Reitoria de Assuntos Estudantis L\u00edder&hellip; <a class=\"more-link\" href=\"https:\/\/estrategia.ufac.br\/?page_id=1207\">Continue lendo <span class=\"screen-reader-text\">Implanta\u00e7\u00e3o do Cadastro de Assist\u00eancia Estudantil<\/span><\/a><\/p>\n","protected":false},"author":1,"featured_media":0,"parent":960,"menu_order":0,"comment_status":"closed","ping_status":"closed","template":"","meta":{"footnotes":""},"class_list":["post-1207","page","type-page","status-publish","hentry","entry"],"_links":{"self":[{"href":"https:\/\/estrategia.ufac.br\/index.php?rest_route=\/wp\/v2\/pages\/1207"}],"collection":[{"href":"https:\/\/estrategia.ufac.br\/index.php?rest_route=\/wp\/v2\/pages"}],"about":[{"href":"https:\/\/estrategia.ufac.br\/index.php?rest_route=\/wp\/v2\/types\/page"}],"author":[{"embeddable":true,"href":"https:\/\/estrategia.ufac.br\/index.php?rest_route=\/wp\/v2\/users\/1"}],"replies":[{"embeddable":true,"href":"https:\/\/estrategia.ufac.br\/index.php?rest_route=%2Fwp%2Fv2%2Fcomments&post=1207"}],"version-history":[{"count":12,"href":"https:\/\/estrategia.ufac.br\/index.php?rest_route=\/wp\/v2\/pages\/1207\/revisions"}],"predecessor-version":[{"id":2343,"href":"https:\/\/estrategia.ufac.br\/index.php?rest_route=\/wp\/v2\/pages\/1207\/revisions\/2343"}],"up":[{"embeddable":true,"href":"https:\/\/estrategia.ufac.br\/index.php?rest_route=\/wp\/v2\/pages\/960"}],"wp:attachment":[{"href":"https:\/\/estrategia.ufac.br\/index.php?rest_route=%2Fwp%2Fv2%2Fmedia&parent=1207"}],"curies":[{"name":"wp","href":"https:\/\/api.w.org\/{rel}","templated":true}]}}