{"id":1191,"date":"2024-10-21T16:26:38","date_gmt":"2024-10-21T21:26:38","guid":{"rendered":"http:\/\/estrategia.ufac.br\/?page_id=1191"},"modified":"2026-04-08T10:47:04","modified_gmt":"2026-04-08T15:47:04","slug":"ufac-e-comunidades-vulneraveis","status":"publish","type":"page","link":"https:\/\/estrategia.ufac.br\/?page_id=1191","title":{"rendered":"Ufac e Comunidades Vulner\u00e1veis"},"content":{"rendered":"\n<p>O objetivo deste projeto \u00e9 v<span class=\"OYPEnA font-feature-liga-off font-feature-clig-off font-feature-calt-off text-decoration-none text-strikethrough-none\">iabilizar a implanta\u00e7\u00e3o e fomento da curriculariza\u00e7\u00e3o da Extens\u00e3o para proporcionar a\u00e7\u00f5es junto \u00e0s comunidades <\/span>O objetivo deste projeto \u00e9 v<span class=\"OYPEnA font-feature-liga-off font-feature-clig-off font-feature-calt-off text-decoration-none text-strikethrough-none\">iabilizar a implanta\u00e7\u00e3o e fomento da curriculariza\u00e7\u00e3o da Extens\u00e3o para proporcionar a\u00e7\u00f5es junto \u00e0s comunidades vulner\u00e1veis visando a inova\u00e7\u00e3o social.<\/span><\/p>\n\n\n\n<h2 class=\"wp-block-heading\"><span class=\"OYPEnA font-feature-liga-off font-feature-clig-off font-feature-calt-off text-decoration-none text-strikethrough-none\">Unidade Respons\u00e1vel<\/span><\/h2>\n\n\n\n<p>Pr\u00f3-Reitoria de Extens\u00e3o e Cultura<\/p>\n\n\n\n<h2 class=\"wp-block-heading\">L\u00edder do Projeto<\/h2>\n\n\n\n<p>Francisco Gilvan Martins do Nascimento<\/p>\n\n\n\n<h2 class=\"wp-block-heading\"><span class=\"OYPEnA font-feature-liga-off font-feature-clig-off font-feature-calt-off text-decoration-none text-strikethrough-none\">Tempo Estimado<\/span><\/h2>\n\n\n\n<p><span class=\"OYPEnA font-feature-liga-off font-feature-clig-off font-feature-calt-off text-decoration-none text-strikethrough-none\">11&nbsp;meses<\/span><\/p>\n\n\n\n<h2 class=\"wp-block-heading\"><span class=\"OYPEnA font-feature-liga-off font-feature-clig-off font-feature-calt-off text-decoration-none text-strikethrough-none\">Custo Estimado<\/span><\/h2>\n\n\n\n<p><span class=\"OYPEnA font-feature-liga-off font-feature-clig-off font-feature-calt-off text-decoration-none text-strikethrough-none\">R$ 5.466.000,00<\/span><\/p>\n\n\n\n<h2 class=\"wp-block-heading\"><span class=\"OYPEnA font-feature-liga-off font-feature-clig-off font-feature-calt-off text-decoration-none text-strikethrough-none\">A\u00e7\u00f5es Previstas no Projeto<\/span><\/h2>\n\n\n\n<ul class=\"wp-block-list\">\n<li><span class=\"OYPEnA font-feature-liga-off font-feature-clig-off font-feature-calt-off text-decoration-none text-strikethrough-none\">Aux\u00edlio Acex para o custeio de transporte coletivo a estudantes de gradua\u00e7\u00e3o &#8211; Edital de Aux\u00edlio Acex 2024-2026<\/span><\/li>\n\n\n\n<li><span class=\"OYPEnA font-feature-liga-off font-feature-clig-off font-feature-calt-off text-decoration-none text-strikethrough-none\">Implanta\u00e7\u00e3o e alimenta\u00e7\u00e3o da Plataforma de Capta\u00e7\u00e3o de Recursos para o desenvolvimento de a\u00e7\u00f5es de extens\u00e3o em \u00e1reas de vulnerabilidade social<\/span><\/li>\n\n\n\n<li><span class=\"OYPEnA font-feature-liga-off font-feature-clig-off font-feature-calt-off text-decoration-none text-strikethrough-none\">Cria\u00e7\u00e3o do Cart\u00e3o Acex para as coordena\u00e7\u00f5es dos cursos de gradua\u00e7\u00e3o para aquisi\u00e7\u00e3o de insumos necess\u00e1rios para execu\u00e7\u00e3o das Acex<\/span><\/li>\n\n\n\n<li>Apoio na adequa\u00e7\u00e3o dos Projetos Pedag\u00f3gicos de Curso (PPC) para inclus\u00e3o dos Regulamentos das A\u00e7\u00f5es Curriculares de Extens\u00e3o (Acex) em 100% dos cursos de gradua\u00e7\u00e3o &#8211; F\u00f3rum Permanente de Curriculariza\u00e7\u00e3o 2024-2026 + Adequa\u00e7\u00e3o e atualiza\u00e7\u00f5es na Plataforma de A\u00e7\u00f5es de Extens\u00e3o para atender \u00e0s necessidades relacionadas ao cadastro, monitoramento, certifica\u00e7\u00e3o e registro no Hist\u00f3rico Escolar dos alunos que realizam Acex.<\/li>\n\n\n\n<li>Fortalecimento da Central de Empresas Juniores com a finalidade de fomentar a inova\u00e7\u00e3o social\n<ul class=\"wp-block-list\">\n<li>Levantamento junto aos Cursos de Gradua\u00e7\u00e3o das Empresas Juniores abertas regulares ou em situa\u00e7\u00e3o de regulariza\u00e7\u00e3o e planejamento e execu\u00e7\u00e3o do III Workshop de Empresas Juniores da Ufac;<\/li>\n\n\n\n<li>IV Workshop de Empresas Juniores da Ufac + V Workshop de Empresas Juniores da Ufac.<\/li>\n<\/ul>\n<\/li>\n<\/ul>\n\n\n\n<h2 class=\"wp-block-heading\">Evolu\u00e7\u00e3o do Projeto<\/h2>\n\n\n\n<figure class=\"wp-block-table is-style-regular\"><table class=\"has-fixed-layout\"><thead><tr><th><strong>Principais Realiza\u00e7\u00f5es<\/strong><\/th><th class=\"has-text-align-center\" data-align=\"center\"><strong>Pr\u00f3ximos Passos<\/strong><\/th><\/tr><\/thead><tbody><tr><td>Elabora\u00e7\u00e3o de uma primeira minuta de Edital do Aux\u00edlio Acex.<\/td><td class=\"has-text-align-center\" data-align=\"center\">Planejamento do 1\u00ba F\u00f3rum de Curriculariza\u00e7\u00e3o da Ufac.<\/td><\/tr><tr><td>Realiza\u00e7\u00e3o do III Workshop de Empresas Juniores da Ufac em Dez\/2024.<\/td><td class=\"has-text-align-center\" data-align=\"center\">Finaliza\u00e7\u00e3o dos ajustes para receber os relat\u00f3rios finais das Acex realizadas em 2023 e 2024.<\/td><\/tr><tr><td>Emiss\u00e3o de Ordem de Servi\u00e7o para execu\u00e7\u00e3o de manuten\u00e7\u00e3o onde funcionar\u00e1 a sede da Central de Empresas Juniores.<\/td><td class=\"has-text-align-center\" data-align=\"center\"><\/td><\/tr><tr><td>Publica\u00e7\u00e3o da primeira edi\u00e7\u00e3o do Edital de Aux\u00edlio Acex, contemplando 238 discentes dos diversos cursos de gradua\u00e7\u00e3o da Ufac<\/td><td class=\"has-text-align-center\" data-align=\"center\">Realiza\u00e7\u00e3o do IV Workshop de Empresas Juniores em Rio Branco<\/td><\/tr><tr><td>Realiza\u00e7\u00e3o do IV Workshop de Empresas Juniores da Ufac em novembro\/2025 pela primeira vez na cidade de Cruzeiro do Sul<\/td><td class=\"has-text-align-center\" data-align=\"center\">Emiss\u00e3o do Cart\u00e3o Acex para os representantes de cada Centro<\/td><\/tr><tr><td>Entrega da manuten\u00e7\u00e3o predial e inaugura\u00e7\u00e3o da Central de Empresas Juniores<\/td><td class=\"has-text-align-center\" data-align=\"center\"><\/td><\/tr><\/tbody><\/table><\/figure>\n\n\n\n<p class=\"has-scale-down-01-font-size\"><\/p>\n\n\n\n<figure class=\"wp-block-table is-style-regular\"><table class=\"has-fixed-layout\"><thead><tr><th class=\"has-text-align-center\" data-align=\"center\"><strong>Evolu\u00e7\u00e3o Or\u00e7ament\u00e1ria<\/strong><\/th><\/tr><\/thead><tbody><tr><td class=\"has-text-align-center\" data-align=\"center\">Estimado em 2026:<strong> <\/strong>R$ 300.000,00<\/td><\/tr><\/tbody><\/table><\/figure>\n\n\n\n<p class=\"has-scale-down-01-font-size\"><\/p>\n\n\n\n<div class=\"wp-block-group is-nowrap is-layout-flex wp-container-core-group-is-layout-3 wp-block-group-is-layout-flex\">\n<div class=\"wp-block-group is-vertical is-layout-flex wp-container-core-group-is-layout-2 wp-block-group-is-layout-flex\">\n<div class=\"wp-block-group is-nowrap is-layout-flex wp-container-core-group-is-layout-1 wp-block-group-is-layout-flex\">\n<figure class=\"wp-block-image size-full is-resized\"><a href=\"https:\/\/estrategia.ufac.br\/wp-content\/uploads\/2026\/04\/50percent.png\"><img fetchpriority=\"high\" decoding=\"async\" width=\"393\" height=\"197\" src=\"https:\/\/estrategia.ufac.br\/wp-content\/uploads\/2026\/04\/50percent.png\" alt=\"\" class=\"wp-image-2334\" style=\"width:243px;height:auto\" srcset=\"https:\/\/estrategia.ufac.br\/wp-content\/uploads\/2026\/04\/50percent.png 393w, https:\/\/estrategia.ufac.br\/wp-content\/uploads\/2026\/04\/50percent-300x150.png 300w\" sizes=\"(max-width: 393px) 100vw, 393px\" \/><\/a><figcaption class=\"wp-element-caption\">Evolu\u00e7\u00e3o do Projeto<\/figcaption><\/figure>\n\n\n\n<p class=\"has-scale-up-02-font-size\"><\/p>\n<\/div>\n<\/div>\n<\/div>\n\n\n\n<p class=\"has-text-align-left has-scale-down-01-font-size\"><strong>\u00daltima Atualiza\u00e7\u00e3o:<\/strong> 31\/03\/2026<\/p>\n\n\n\n<p><\/p>\n","protected":false},"excerpt":{"rendered":"<p>O objetivo deste projeto \u00e9 viabilizar a implanta\u00e7\u00e3o e fomento da curriculariza\u00e7\u00e3o da Extens\u00e3o para proporcionar a\u00e7\u00f5es junto \u00e0s comunidades O objetivo deste projeto \u00e9 viabilizar a implanta\u00e7\u00e3o e fomento da curriculariza\u00e7\u00e3o da Extens\u00e3o para proporcionar a\u00e7\u00f5es junto \u00e0s comunidades vulner\u00e1veis visando a inova\u00e7\u00e3o social. Unidade Respons\u00e1vel Pr\u00f3-Reitoria de Extens\u00e3o e Cultura L\u00edder do Projeto&hellip; <a class=\"more-link\" href=\"https:\/\/estrategia.ufac.br\/?page_id=1191\">Continue lendo <span class=\"screen-reader-text\">Ufac e Comunidades Vulner\u00e1veis<\/span><\/a><\/p>\n","protected":false},"author":1,"featured_media":0,"parent":960,"menu_order":0,"comment_status":"closed","ping_status":"closed","template":"","meta":{"footnotes":""},"class_list":["post-1191","page","type-page","status-publish","hentry","entry"],"_links":{"self":[{"href":"https:\/\/estrategia.ufac.br\/index.php?rest_route=\/wp\/v2\/pages\/1191"}],"collection":[{"href":"https:\/\/estrategia.ufac.br\/index.php?rest_route=\/wp\/v2\/pages"}],"about":[{"href":"https:\/\/estrategia.ufac.br\/index.php?rest_route=\/wp\/v2\/types\/page"}],"author":[{"embeddable":true,"href":"https:\/\/estrategia.ufac.br\/index.php?rest_route=\/wp\/v2\/users\/1"}],"replies":[{"embeddable":true,"href":"https:\/\/estrategia.ufac.br\/index.php?rest_route=%2Fwp%2Fv2%2Fcomments&post=1191"}],"version-history":[{"count":21,"href":"https:\/\/estrategia.ufac.br\/index.php?rest_route=\/wp\/v2\/pages\/1191\/revisions"}],"predecessor-version":[{"id":2335,"href":"https:\/\/estrategia.ufac.br\/index.php?rest_route=\/wp\/v2\/pages\/1191\/revisions\/2335"}],"up":[{"embeddable":true,"href":"https:\/\/estrategia.ufac.br\/index.php?rest_route=\/wp\/v2\/pages\/960"}],"wp:attachment":[{"href":"https:\/\/estrategia.ufac.br\/index.php?rest_route=%2Fwp%2Fv2%2Fmedia&parent=1191"}],"curies":[{"name":"wp","href":"https:\/\/api.w.org\/{rel}","templated":true}]}}