{"id":1188,"date":"2024-10-21T16:22:22","date_gmt":"2024-10-21T21:22:22","guid":{"rendered":"http:\/\/estrategia.ufac.br\/?page_id=1188"},"modified":"2025-06-25T15:26:06","modified_gmt":"2025-06-25T20:26:06","slug":"empreendedorismo-e-inovacao-na-ufac","status":"publish","type":"page","link":"https:\/\/estrategia.ufac.br\/?page_id=1188","title":{"rendered":"Empreendedorismo e Inova\u00e7\u00e3o na Ufac"},"content":{"rendered":"\n<p>O objetivo deste projeto \u00e9 c<span class=\"OYPEnA font-feature-liga-off font-feature-clig-off font-feature-calt-off text-decoration-none text-strikethrough-none\">riar ambiente institucional e difus\u00e3o da cultura de inova\u00e7\u00e3o e empreendedorismo na UFAC.<\/span><\/p>\n\n\n\n<h2 class=\"wp-block-heading\"><span class=\"OYPEnA font-feature-liga-off font-feature-clig-off font-feature-calt-off text-decoration-none text-strikethrough-none\">Unidade Respons\u00e1vel<\/span><\/h2>\n\n\n\n<p>Pr\u00f3-Reitoria de Pesquisa e P\u00f3s-Gradua\u00e7\u00e3o<\/p>\n\n\n\n<h2 class=\"wp-block-heading\">L\u00edder do Projeto<\/h2>\n\n\n\n<p>Gilberto Mendes da Silveira Lobo<\/p>\n\n\n\n<h2 class=\"wp-block-heading\"><span class=\"OYPEnA font-feature-liga-off font-feature-clig-off font-feature-calt-off text-decoration-none text-strikethrough-none\">Tempo Estimado<\/span><\/h2>\n\n\n\n<p><span class=\"OYPEnA font-feature-liga-off font-feature-clig-off font-feature-calt-off text-decoration-none text-strikethrough-none\">28 meses<\/span><\/p>\n\n\n\n<h2 class=\"wp-block-heading\"><span class=\"OYPEnA font-feature-liga-off font-feature-clig-off font-feature-calt-off text-decoration-none text-strikethrough-none\">Custo Estimado<\/span><\/h2>\n\n\n\n<p><span class=\"OYPEnA font-feature-liga-off font-feature-clig-off font-feature-calt-off text-decoration-none text-strikethrough-none\">R$ 5.520.000,00<\/span><\/p>\n\n\n\n<h2 class=\"wp-block-heading\"><span class=\"OYPEnA font-feature-liga-off font-feature-clig-off font-feature-calt-off text-decoration-none text-strikethrough-none\">A\u00e7\u00f5es Previstas no Projeto<\/span><\/h2>\n\n\n\n<p class=\"cvGsUA direction-ltr align-justify para-style-body\"><strong><span class=\"OYPEnA font-feature-liga-off font-feature-clig-off font-feature-calt-off text-decoration-none text-strikethrough-none\">Estabelecimento da Pol\u00edtica de Inova\u00e7\u00e3o e Empreendedorismo:<\/span><\/strong><\/p>\n\n\n\n<ul class=\"wp-block-list\">\n<li><span class=\"OYPEnA font-feature-liga-off font-feature-clig-off font-feature-calt-off text-decoration-none text-strikethrough-none\">Elabora\u00e7\u00e3o e aprova\u00e7\u00e3o da Pol\u00edtica de Inova\u00e7\u00e3o e Empreendedorismo da UFAC<\/span><\/li>\n<\/ul>\n\n\n\n<p class=\"cvGsUA direction-ltr align-justify para-style-body\"><strong><span class=\"OYPEnA font-feature-liga-off font-feature-clig-off font-feature-calt-off text-decoration-none text-strikethrough-none\">Cria\u00e7\u00e3o e Implanta\u00e7\u00e3o do Centro de Inova\u00e7\u00e3o e Empreendedorismo:<\/span><\/strong><\/p>\n\n\n\n<ul class=\"wp-block-list\">\n<li><span class=\"OYPEnA font-feature-liga-off font-feature-clig-off font-feature-calt-off text-decoration-none text-strikethrough-none\">Constru\u00e7\u00e3o do Centro de Inova\u00e7\u00e3o<\/span><\/li>\n\n\n\n<li><span class=\"OYPEnA font-feature-liga-off font-feature-clig-off font-feature-calt-off text-decoration-none text-strikethrough-none\">Regulamenta\u00e7\u00e3o do uso do Centro de Inova\u00e7\u00e3o<\/span><\/li>\n<\/ul>\n\n\n\n<p class=\"cvGsUA direction-ltr align-justify para-style-body\"><strong><span class=\"OYPEnA font-feature-liga-off font-feature-clig-off font-feature-calt-off text-decoration-none text-strikethrough-none\">Elabora\u00e7\u00e3o do Plano de A\u00e7\u00e3o para o desenvolvimento e ativa\u00e7\u00e3o do ecossistema e inova\u00e7\u00e3o:<\/span><\/strong><\/p>\n\n\n\n<ul class=\"wp-block-list\">\n<li><span class=\"OYPEnA font-feature-liga-off font-feature-clig-off font-feature-calt-off text-decoration-none text-strikethrough-none\">Contrata\u00e7\u00e3o de uma consultoria para elabora\u00e7\u00e3o de projetos, planos avalia\u00e7\u00e3o e acompanhamento relacionado a empreendedorismo e inova\u00e7\u00e3o<\/span><\/li>\n\n\n\n<li><span class=\"OYPEnA font-feature-liga-off font-feature-clig-off font-feature-calt-off text-decoration-none text-strikethrough-none\">An\u00e1lise das voca\u00e7\u00f5es e potencial oportunidades e ativos locais e regionais<\/span><\/li>\n\n\n\n<li><span class=\"OYPEnA font-feature-liga-off font-feature-clig-off font-feature-calt-off text-decoration-none text-strikethrough-none\">Elabora\u00e7\u00e3o de portf\u00f3lio de a\u00e7\u00f5es para o fomento da cultura de inova\u00e7\u00e3o e empreendedorismo<\/span><\/li>\n\n\n\n<li><span class=\"OYPEnA font-feature-liga-off font-feature-clig-off font-feature-calt-off text-decoration-none text-strikethrough-none\">Forma\u00e7\u00e3o e capacita\u00e7\u00e3o de servidores para o desenvolvimento de a\u00e7\u00f5es de inova\u00e7\u00e3o e empreendedorismo<\/span><\/li>\n<\/ul>\n\n\n\n<p class=\"cvGsUA direction-ltr align-justify para-style-body\"><strong><span class=\"OYPEnA font-feature-liga-off font-feature-clig-off font-feature-calt-off text-decoration-none text-strikethrough-none\">Fortalecimento das parcerias para o desenvolvimento de projetos de inova\u00e7\u00e3o e empreendedorismo:<\/span><\/strong><\/p>\n\n\n\n<ul class=\"wp-block-list\">\n<li><span class=\"OYPEnA font-feature-liga-off font-feature-clig-off font-feature-calt-off text-decoration-none text-strikethrough-none\">Realiza\u00e7\u00e3o de um workshop para a divulga\u00e7\u00e3o das a\u00e7\u00f5es de inova\u00e7\u00e3o e empreendedorismo da Ufac<\/span><\/li>\n\n\n\n<li><span class=\"OYPEnA font-feature-liga-off font-feature-clig-off font-feature-calt-off text-decoration-none text-strikethrough-none\">Defini\u00e7\u00e3o de parcerias para o desenvolvimento de projetos de inova\u00e7\u00e3o e empreendedorismo<\/span><\/li>\n\n\n\n<li><span class=\"OYPEnA font-feature-liga-off font-feature-clig-off font-feature-calt-off text-decoration-none text-strikethrough-none\">Elabora\u00e7\u00e3o dos projetos e a\u00e7\u00f5es de inova\u00e7\u00e3o e empreendedorismo em parcerias com os setores p\u00fablico e privado<\/span><\/li>\n<\/ul>\n\n\n\n<h2 class=\"wp-block-heading\">Evolu\u00e7\u00e3o do Projeto<\/h2>\n\n\n\n<figure class=\"wp-block-table is-style-regular\"><table class=\"has-fixed-layout\"><thead><tr><th><strong>Principais Realiza\u00e7\u00f5es<\/strong><\/th><th class=\"has-text-align-center\" data-align=\"center\"><strong>Pr\u00f3ximos Passos<\/strong><\/th><\/tr><\/thead><tbody><tr><td>Conclus\u00e3o da elabora\u00e7\u00e3o e aprova\u00e7\u00e3o da Pol\u00edtica de Inova\u00e7\u00e3o e Empreendedorismo.<\/td><td class=\"has-text-align-center\" data-align=\"center\">Realizar revis\u00f5es peri\u00f3dicas da pol\u00edtica para adapt\u00e1-la a novas demandas e contextos.<\/td><\/tr><tr><td>In\u00edcio da contrata\u00e7\u00e3o de consultoria especializada.<\/td><td class=\"has-text-align-center\" data-align=\"center\">Constru\u00e7\u00e3o do Centro de Inova\u00e7\u00e3o.<\/td><\/tr><tr><td>Defini\u00e7\u00e3o de parcerias estrat\u00e9gicas com setores p\u00fablico e privado.<\/td><td class=\"has-text-align-center\" data-align=\"center\">Forma\u00e7\u00e3o e capacita\u00e7\u00e3o de servidores.<\/td><\/tr><\/tbody><\/table><\/figure>\n\n\n\n<p class=\"has-scale-down-01-font-size\"><\/p>\n\n\n\n<p class=\"has-scale-down-01-font-size\"><\/p>\n\n\n\n<figure class=\"wp-block-table is-style-regular\"><table class=\"has-fixed-layout\"><thead><tr><th class=\"has-text-align-center\" data-align=\"center\"><strong>Evolu\u00e7\u00e3o Or\u00e7ament\u00e1ria<\/strong><\/th><\/tr><\/thead><tbody><tr><td class=\"has-text-align-center\" data-align=\"center\">Investido em 2024: R$ 0,00<\/td><\/tr><\/tbody><\/table><\/figure>\n\n\n\n<p class=\"has-scale-down-01-font-size\"><\/p>\n\n\n\n<div class=\"wp-block-group is-vertical is-layout-flex wp-container-core-group-is-layout-4 wp-block-group-is-layout-flex\">\n<div class=\"wp-block-group is-nowrap is-layout-flex wp-container-core-group-is-layout-3 wp-block-group-is-layout-flex\">\n<div class=\"wp-block-group is-vertical is-layout-flex wp-container-core-group-is-layout-2 wp-block-group-is-layout-flex\">\n<div class=\"wp-block-group is-nowrap is-layout-flex wp-container-core-group-is-layout-1 wp-block-group-is-layout-flex\">\n<figure class=\"wp-block-image size-full is-resized\"><a href=\"https:\/\/estrategia.ufac.br\/wp-content\/uploads\/2025\/04\/image-9.png\"><img fetchpriority=\"high\" decoding=\"async\" width=\"512\" height=\"285\" src=\"https:\/\/estrategia.ufac.br\/wp-content\/uploads\/2025\/04\/image-9.png\" alt=\"\" class=\"wp-image-2073\" style=\"width:236px;height:auto\" srcset=\"https:\/\/estrategia.ufac.br\/wp-content\/uploads\/2025\/04\/image-9.png 512w, https:\/\/estrategia.ufac.br\/wp-content\/uploads\/2025\/04\/image-9-300x167.png 300w\" sizes=\"(max-width: 512px) 100vw, 512px\" \/><\/a><figcaption class=\"wp-element-caption\">Evolu\u00e7\u00e3o do Projeto<\/figcaption><\/figure>\n\n\n\n<p class=\"has-scale-down-01-font-size\"><\/p>\n<\/div>\n<\/div>\n<\/div>\n<\/div>\n\n\n\n<p class=\"has-scale-down-01-font-size\"><strong>\u00daltima Atualiza\u00e7\u00e3o:<\/strong> 11\/03\/2025<\/p>\n\n\n\n<p><\/p>\n","protected":false},"excerpt":{"rendered":"<p>O objetivo deste projeto \u00e9 criar ambiente institucional e difus\u00e3o da cultura de inova\u00e7\u00e3o e empreendedorismo na UFAC. Unidade Respons\u00e1vel Pr\u00f3-Reitoria de Pesquisa e P\u00f3s-Gradua\u00e7\u00e3o L\u00edder do Projeto Gilberto Mendes da Silveira Lobo Tempo Estimado 28 meses Custo Estimado R$ 5.520.000,00 A\u00e7\u00f5es Previstas no Projeto Estabelecimento da Pol\u00edtica de Inova\u00e7\u00e3o e Empreendedorismo: Cria\u00e7\u00e3o e Implanta\u00e7\u00e3o&hellip; <a class=\"more-link\" href=\"https:\/\/estrategia.ufac.br\/?page_id=1188\">Continue lendo <span class=\"screen-reader-text\">Empreendedorismo e Inova\u00e7\u00e3o na Ufac<\/span><\/a><\/p>\n","protected":false},"author":1,"featured_media":0,"parent":960,"menu_order":0,"comment_status":"closed","ping_status":"closed","template":"","meta":{"footnotes":""},"class_list":["post-1188","page","type-page","status-publish","hentry","entry"],"_links":{"self":[{"href":"https:\/\/estrategia.ufac.br\/index.php?rest_route=\/wp\/v2\/pages\/1188"}],"collection":[{"href":"https:\/\/estrategia.ufac.br\/index.php?rest_route=\/wp\/v2\/pages"}],"about":[{"href":"https:\/\/estrategia.ufac.br\/index.php?rest_route=\/wp\/v2\/types\/page"}],"author":[{"embeddable":true,"href":"https:\/\/estrategia.ufac.br\/index.php?rest_route=\/wp\/v2\/users\/1"}],"replies":[{"embeddable":true,"href":"https:\/\/estrategia.ufac.br\/index.php?rest_route=%2Fwp%2Fv2%2Fcomments&post=1188"}],"version-history":[{"count":5,"href":"https:\/\/estrategia.ufac.br\/index.php?rest_route=\/wp\/v2\/pages\/1188\/revisions"}],"predecessor-version":[{"id":2285,"href":"https:\/\/estrategia.ufac.br\/index.php?rest_route=\/wp\/v2\/pages\/1188\/revisions\/2285"}],"up":[{"embeddable":true,"href":"https:\/\/estrategia.ufac.br\/index.php?rest_route=\/wp\/v2\/pages\/960"}],"wp:attachment":[{"href":"https:\/\/estrategia.ufac.br\/index.php?rest_route=%2Fwp%2Fv2%2Fmedia&parent=1188"}],"curies":[{"name":"wp","href":"https:\/\/api.w.org\/{rel}","templated":true}]}}