{"id":1185,"date":"2024-10-21T16:16:22","date_gmt":"2024-10-21T21:16:22","guid":{"rendered":"http:\/\/estrategia.ufac.br\/?page_id=1185"},"modified":"2026-04-10T07:43:52","modified_gmt":"2026-04-10T12:43:52","slug":"pos-graduacao-e-sociedade","status":"publish","type":"page","link":"https:\/\/estrategia.ufac.br\/?page_id=1185","title":{"rendered":"P\u00f3s-Gradua\u00e7\u00e3o e Sociedade"},"content":{"rendered":"\n<p>O objetivo deste projeto \u00e9 a<span class=\"OYPEnA font-feature-liga-off font-feature-clig-off font-feature-calt-off text-decoration-none text-strikethrough-none\">proximar a a\u00e7\u00e3o dos programas de P\u00f3s-Gradua\u00e7\u00e3o aos anseios e demandas da sociedade.<\/span><\/p>\n\n\n\n<h2 class=\"wp-block-heading\"><span class=\"OYPEnA font-feature-liga-off font-feature-clig-off font-feature-calt-off text-decoration-none text-strikethrough-none\">Unidade Respons\u00e1vel<\/span><\/h2>\n\n\n\n<p>Pr\u00f3-Reitoria de Pesquisa e P\u00f3s-Gradua\u00e7\u00e3o<\/p>\n\n\n\n<h2 class=\"wp-block-heading\">L\u00edder do Projeto<\/h2>\n\n\n\n<p>Lisandro Juno Soares Vieira<\/p>\n\n\n\n<h2 class=\"wp-block-heading\"><span class=\"OYPEnA font-feature-liga-off font-feature-clig-off font-feature-calt-off text-decoration-none text-strikethrough-none\">Tempo Estimado<\/span><\/h2>\n\n\n\n<p><span class=\"OYPEnA font-feature-liga-off font-feature-clig-off font-feature-calt-off text-decoration-none text-strikethrough-none\">36 meses<\/span><\/p>\n\n\n\n<h2 class=\"wp-block-heading\"><span class=\"OYPEnA font-feature-liga-off font-feature-clig-off font-feature-calt-off text-decoration-none text-strikethrough-none\">Custo Estimado<\/span><\/h2>\n\n\n\n<p><span class=\"OYPEnA font-feature-liga-off font-feature-clig-off font-feature-calt-off text-decoration-none text-strikethrough-none\">R$ 1.040.000,00<\/span><\/p>\n\n\n\n<h2 class=\"wp-block-heading\"><span class=\"OYPEnA font-feature-liga-off font-feature-clig-off font-feature-calt-off text-decoration-none text-strikethrough-none\">A\u00e7\u00f5es Previstas no Projeto<\/span><\/h2>\n\n\n\n<p class=\"cvGsUA direction-ltr align-justify para-style-body\"><strong><span class=\"OYPEnA font-feature-liga-off font-feature-clig-off font-feature-calt-off text-decoration-none text-strikethrough-none\">Elabora\u00e7\u00e3o e Aprova\u00e7\u00e3o de Projetos Estruturantes:<\/span><\/strong><\/p>\n\n\n\n<ul class=\"wp-block-list\">\n<li><span class=\"OYPEnA font-feature-liga-off font-feature-clig-off font-feature-calt-off text-decoration-none text-strikethrough-none\">Realiza\u00e7\u00e3o de um workshop de pesquisa e extens\u00e3o na p\u00f3s-gradua\u00e7\u00e3o<\/span><\/li>\n\n\n\n<li><span class=\"OYPEnA font-feature-liga-off font-feature-clig-off font-feature-calt-off text-decoration-none text-strikethrough-none\">Elabora\u00e7\u00e3o dos projetos estruturantes<\/span><\/li>\n\n\n\n<li><span class=\"OYPEnA font-feature-liga-off font-feature-clig-off font-feature-calt-off text-decoration-none text-strikethrough-none\">Elabora\u00e7\u00e3o do portf\u00f3lio de projetos estruturantes<\/span><\/li>\n<\/ul>\n\n\n\n<p class=\"cvGsUA direction-ltr align-justify para-style-body\"><strong><span class=\"OYPEnA font-feature-liga-off font-feature-clig-off font-feature-calt-off text-decoration-none text-strikethrough-none\">Execu\u00e7\u00e3o e Avalia\u00e7\u00e3o de Projetos:<\/span><\/strong><\/p>\n\n\n\n<ul class=\"wp-block-list\">\n<li><span class=\"OYPEnA font-feature-liga-off font-feature-clig-off font-feature-calt-off text-decoration-none text-strikethrough-none\">Execu\u00e7\u00e3o dos projetos de pesquisa e extens\u00e3o da p\u00f3s-gradua\u00e7\u00e3o<\/span><\/li>\n\n\n\n<li><span class=\"OYPEnA font-feature-liga-off font-feature-clig-off font-feature-calt-off text-decoration-none text-strikethrough-none\">Realiza\u00e7\u00e3o de semin\u00e1rio anual de avalia\u00e7\u00e3o de projetos da p\u00f3s-gradua\u00e7\u00e3o<\/span><\/li>\n\n\n\n<li><span class=\"OYPEnA font-feature-liga-off font-feature-clig-off font-feature-calt-off text-decoration-none text-strikethrough-none\">Publica\u00e7\u00e3o de resultados dos projetos executados<\/span><\/li>\n<\/ul>\n\n\n\n<p class=\"cvGsUA direction-ltr align-justify para-style-body\"><strong><span class=\"OYPEnA font-feature-liga-off font-feature-clig-off font-feature-calt-off text-decoration-none text-strikethrough-none\">Acompanhamento de Inser\u00e7\u00e3o de Egresso no Mercado de Trabalho:<\/span><\/strong><\/p>\n\n\n\n<ul class=\"wp-block-list\">\n<li><span class=\"OYPEnA font-feature-liga-off font-feature-clig-off font-feature-calt-off text-decoration-none text-strikethrough-none\">Aplica\u00e7\u00e3o de ferramentas de diagn\u00f3stico de atua\u00e7\u00e3o de egresso no mercado de trabalho<\/span><\/li>\n\n\n\n<li><span class=\"OYPEnA font-feature-liga-off font-feature-clig-off font-feature-calt-off text-decoration-none text-strikethrough-none\">Avalia\u00e7\u00e3o dos resultados de diagn\u00f3stico de atua\u00e7\u00e3o de egresso no mercado de trabalho<\/span><\/li>\n<\/ul>\n\n\n\n<h2 class=\"wp-block-heading\">Evolu\u00e7\u00e3o do Projeto<\/h2>\n\n\n\n<figure class=\"wp-block-table is-style-regular\"><table class=\"has-fixed-layout\"><thead><tr><th><strong>Principais Realiza\u00e7\u00f5es<\/strong><\/th><th class=\"has-text-align-center\" data-align=\"center\"><strong>Pr\u00f3ximos Passos<\/strong><\/th><\/tr><\/thead><tbody><tr><td>A\u00e7\u00f5es realizadas na fase 2 &#8211; Execu\u00e7\u00e3o dos projetos de pesquisa e extens\u00e3o da p\u00f3s-gradua\u00e7\u00e3o<\/td><td class=\"has-text-align-center\" data-align=\"center\">Realiza\u00e7\u00e3o de um workshop de pesquisa e extens\u00e3o na p\u00f3s-gradua\u00e7\u00e3o &#8211; fase 1<\/td><\/tr><tr><td>A\u00e7\u00f5es realizadas na fase 3 &#8211; Avalia\u00e7\u00e3o dos resultados de diagn\u00f3stico de atua\u00e7\u00e3o de egresso no mercado de trabalho<\/td><td class=\"has-text-align-center\" data-align=\"center\">Realiza\u00e7\u00e3o de semin\u00e1rio anual de avalia\u00e7\u00e3o de projetos da p\u00f3s-gradua\u00e7\u00e3o e Publica\u00e7\u00e3o de resultados dos projetos executados &#8211; fase 2<\/td><\/tr><\/tbody><\/table><\/figure>\n\n\n\n<p class=\"has-scale-down-01-font-size\"><\/p>\n\n\n\n<p class=\"has-scale-down-01-font-size\"><\/p>\n\n\n\n<figure class=\"wp-block-table is-style-regular\"><table class=\"has-fixed-layout\"><thead><tr><th class=\"has-text-align-center\" data-align=\"center\"><strong>Evolu\u00e7\u00e3o Or\u00e7ament\u00e1ria<\/strong><\/th><\/tr><\/thead><tbody><tr><td class=\"has-text-align-center\" data-align=\"center\">Investido em 2026: R$ 0,00<\/td><\/tr><\/tbody><\/table><\/figure>\n\n\n\n<p class=\"has-scale-down-01-font-size\"><\/p>\n\n\n\n<div class=\"wp-block-group is-vertical is-layout-flex wp-container-core-group-is-layout-4 wp-block-group-is-layout-flex\">\n<div class=\"wp-block-group is-nowrap is-layout-flex wp-container-core-group-is-layout-3 wp-block-group-is-layout-flex\">\n<div class=\"wp-block-group is-vertical is-layout-flex wp-container-core-group-is-layout-2 wp-block-group-is-layout-flex\">\n<div class=\"wp-block-group is-nowrap is-layout-flex wp-container-core-group-is-layout-1 wp-block-group-is-layout-flex\">\n<figure class=\"wp-block-image size-full is-resized\"><img fetchpriority=\"high\" decoding=\"async\" width=\"393\" height=\"197\" src=\"https:\/\/estrategia.ufac.br\/wp-content\/uploads\/2026\/04\/36percent.png\" alt=\"\" class=\"wp-image-2331\" style=\"width:223px;height:auto\" srcset=\"https:\/\/estrategia.ufac.br\/wp-content\/uploads\/2026\/04\/36percent.png 393w, https:\/\/estrategia.ufac.br\/wp-content\/uploads\/2026\/04\/36percent-300x150.png 300w\" sizes=\"(max-width: 393px) 100vw, 393px\" \/><figcaption class=\"wp-element-caption\">Evolu\u00e7\u00e3o do Projeto<\/figcaption><\/figure>\n\n\n\n<p class=\"has-scale-up-02-font-size\"><\/p>\n<\/div>\n<\/div>\n<\/div>\n<\/div>\n\n\n\n<p class=\"has-scale-down-01-font-size\"><strong>\u00daltima Atualiza\u00e7\u00e3o:<\/strong> 31\/03\/2026<\/p>\n\n\n\n<p><\/p>\n","protected":false},"excerpt":{"rendered":"<p>O objetivo deste projeto \u00e9 aproximar a a\u00e7\u00e3o dos programas de P\u00f3s-Gradua\u00e7\u00e3o aos anseios e demandas da sociedade. Unidade Respons\u00e1vel Pr\u00f3-Reitoria de Pesquisa e P\u00f3s-Gradua\u00e7\u00e3o L\u00edder do Projeto Lisandro Juno Soares Vieira Tempo Estimado 36 meses Custo Estimado R$ 1.040.000,00 A\u00e7\u00f5es Previstas no Projeto Elabora\u00e7\u00e3o e Aprova\u00e7\u00e3o de Projetos Estruturantes: Execu\u00e7\u00e3o e Avalia\u00e7\u00e3o de Projetos:&hellip; <a class=\"more-link\" href=\"https:\/\/estrategia.ufac.br\/?page_id=1185\">Continue lendo <span class=\"screen-reader-text\">P\u00f3s-Gradua\u00e7\u00e3o e Sociedade<\/span><\/a><\/p>\n","protected":false},"author":1,"featured_media":0,"parent":960,"menu_order":0,"comment_status":"closed","ping_status":"closed","template":"","meta":{"footnotes":""},"class_list":["post-1185","page","type-page","status-publish","hentry","entry"],"_links":{"self":[{"href":"https:\/\/estrategia.ufac.br\/index.php?rest_route=\/wp\/v2\/pages\/1185"}],"collection":[{"href":"https:\/\/estrategia.ufac.br\/index.php?rest_route=\/wp\/v2\/pages"}],"about":[{"href":"https:\/\/estrategia.ufac.br\/index.php?rest_route=\/wp\/v2\/types\/page"}],"author":[{"embeddable":true,"href":"https:\/\/estrategia.ufac.br\/index.php?rest_route=\/wp\/v2\/users\/1"}],"replies":[{"embeddable":true,"href":"https:\/\/estrategia.ufac.br\/index.php?rest_route=%2Fwp%2Fv2%2Fcomments&post=1185"}],"version-history":[{"count":11,"href":"https:\/\/estrategia.ufac.br\/index.php?rest_route=\/wp\/v2\/pages\/1185\/revisions"}],"predecessor-version":[{"id":2374,"href":"https:\/\/estrategia.ufac.br\/index.php?rest_route=\/wp\/v2\/pages\/1185\/revisions\/2374"}],"up":[{"embeddable":true,"href":"https:\/\/estrategia.ufac.br\/index.php?rest_route=\/wp\/v2\/pages\/960"}],"wp:attachment":[{"href":"https:\/\/estrategia.ufac.br\/index.php?rest_route=%2Fwp%2Fv2%2Fmedia&parent=1185"}],"curies":[{"name":"wp","href":"https:\/\/api.w.org\/{rel}","templated":true}]}}